{"id":8102,"date":"2022-04-21T11:06:00","date_gmt":"2022-04-21T09:06:00","guid":{"rendered":"https:\/\/www.kwu-entsorgung.de\/?page_id=8102"},"modified":"2026-03-16T09:54:05","modified_gmt":"2026-03-16T08:54:05","slug":"repair-cafes","status":"publish","type":"page","link":"https:\/\/www.kwu-entsorgung.de\/?page_id=8102","title":{"rendered":"Repair-Caf\u00e9s"},"content":{"rendered":"\t\t<div data-elementor-type=\"wp-page\" data-elementor-id=\"8102\" class=\"elementor elementor-8102\">\n\t\t\t\t\t\t<section class=\"elementor-section elementor-top-section elementor-element elementor-element-22ec483 elementor-section-boxed elementor-section-height-default elementor-section-height-default\" data-id=\"22ec483\" data-element_type=\"section\">\n\t\t\t\t\t\t<div class=\"elementor-container elementor-column-gap-default\">\n\t\t\t\t\t<div class=\"elementor-column elementor-col-100 elementor-top-column elementor-element elementor-element-075fdf4\" data-id=\"075fdf4\" data-element_type=\"column\">\n\t\t\t<div class=\"elementor-widget-wrap elementor-element-populated\">\n\t\t\t\t\t\t<div class=\"elementor-element elementor-element-caf51b9 elementor-widget elementor-widget-text-editor\" data-id=\"caf51b9\" data-element_type=\"widget\" data-widget_type=\"text-editor.default\">\n\t\t\t\t<div class=\"elementor-widget-container\">\n\t\t\t\t\t\t\t<p>Der eine oder die andere m\u00f6chte sich gar nicht von liebgewordenen Gegenst\u00e4nden oder Kleidungsst\u00fccken trennen. Was tun, wenn die Dinge nicht mehr richtig ihren Dienst erf\u00fcllen? Auf jeden Fall, nicht gleich wegwerfen! Wir bef\u00fcrworten jegliche Initiativen weg von der Wegwerfgesellschaft hin zur Reparaturgesellschaft und m\u00f6chten aus diesem Grund Reparaturwerkst\u00e4tten im Landkreis Oder-Spree hier eine Plattform bieten.<\/p><p>Wenn Sie Interesse daran haben, dass auch Ihr Repair-Caf\u00e9 oder \u00c4hnliches auf dieser Seite genannt werden soll, melden Sie sich bei uns: post(at)kwu-entsorgung.de<\/p><p>Mehr Informationen zu <strong>Repair-Caf\u00e9s<\/strong> finden Sie auf den Seiten der <a href=\"https:\/\/www.verbraucherzentrale.de\/wissen\/umwelt-haushalt\/nachhaltigkeit\/repaircafes-8208\">Verbraucherzentrale Deutschland.<\/a><\/p>\t\t\t\t\t\t<\/div>\n\t\t\t\t<\/div>\n\t\t\t\t\t<\/div>\n\t\t<\/div>\n\t\t\t\t\t<\/div>\n\t\t<\/section>\n\t\t\t\t<section class=\"elementor-section elementor-top-section elementor-element elementor-element-2a7e91b9 elementor-section-boxed elementor-section-height-default elementor-section-height-default\" data-id=\"2a7e91b9\" data-element_type=\"section\">\n\t\t\t\t\t\t<div class=\"elementor-container elementor-column-gap-default\">\n\t\t\t\t\t<div class=\"elementor-column elementor-col-100 elementor-top-column elementor-element elementor-element-66041e1e\" data-id=\"66041e1e\" data-element_type=\"column\">\n\t\t\t<div class=\"elementor-widget-wrap elementor-element-populated\">\n\t\t\t\t\t\t<div class=\"elementor-element elementor-element-219a9195 elementor-widget elementor-widget-accordion\" data-id=\"219a9195\" data-element_type=\"widget\" data-widget_type=\"accordion.default\">\n\t\t\t\t<div class=\"elementor-widget-container\">\n\t\t\t\t\t<div class=\"elementor-accordion\">\n\t\t\t\t\t\t\t<div class=\"elementor-accordion-item\">\n\t\t\t\t\t<div id=\"elementor-tab-title-5631\" class=\"elementor-tab-title\" data-tab=\"1\" role=\"button\" aria-controls=\"elementor-tab-content-5631\" aria-expanded=\"false\">\n\t\t\t\t\t\t\t\t\t\t\t\t\t<span class=\"elementor-accordion-icon elementor-accordion-icon-left\" aria-hidden=\"true\">\n\t\t\t\t\t\t\t\t\t\t\t\t\t\t\t<span class=\"elementor-accordion-icon-closed\"><i class=\"fas fa-chevron-right\"><\/i><\/span>\n\t\t\t\t\t\t\t\t<span class=\"elementor-accordion-icon-opened\"><i class=\"fas fa-chevron-down\"><\/i><\/span>\n\t\t\t\t\t\t\t\t\t\t\t\t\t\t<\/span>\n\t\t\t\t\t\t\t\t\t\t\t\t<a class=\"elementor-accordion-title\" tabindex=\"0\">Repaircaf\u00e9 Beeskow<\/a>\n\t\t\t\t\t<\/div>\n\t\t\t\t\t<div id=\"elementor-tab-content-5631\" class=\"elementor-tab-content elementor-clearfix\" data-tab=\"1\" role=\"region\" aria-labelledby=\"elementor-tab-title-5631\"><p>Das Repair-Caf\u00e9 Beeskow ist jeden <strong>dritten Samstag<\/strong> im Monat von 14 bis 17 Uhr ge\u00f6ffnet.<\/p><p>Die Termine f\u00fcr <strong>2026<\/strong>: <strong>21.3. \/ 18.4.\/ 16.5.\/ 20.6.\/ 18.7.\/ 15.8.\/ 19.9.\/ 17.10.\/ 21.11.<\/strong><\/p><p>Ehrenamtszentrum Beeskow<br \/>Bumerang e.V.<br \/>im H\u00fcfnerhaus<br \/>Adrianstra\u00dfe 11 <br \/>15848 Beeskow<\/p><p>Mobil: 0152 09418177<br \/>buhrke.bumerang@gmx.de<\/p><\/div>\n\t\t\t\t<\/div>\n\t\t\t\t\t\t\t<div class=\"elementor-accordion-item\">\n\t\t\t\t\t<div id=\"elementor-tab-title-5632\" class=\"elementor-tab-title\" data-tab=\"2\" role=\"button\" aria-controls=\"elementor-tab-content-5632\" aria-expanded=\"false\">\n\t\t\t\t\t\t\t\t\t\t\t\t\t<span class=\"elementor-accordion-icon elementor-accordion-icon-left\" aria-hidden=\"true\">\n\t\t\t\t\t\t\t\t\t\t\t\t\t\t\t<span class=\"elementor-accordion-icon-closed\"><i class=\"fas fa-chevron-right\"><\/i><\/span>\n\t\t\t\t\t\t\t\t<span class=\"elementor-accordion-icon-opened\"><i class=\"fas fa-chevron-down\"><\/i><\/span>\n\t\t\t\t\t\t\t\t\t\t\t\t\t\t<\/span>\n\t\t\t\t\t\t\t\t\t\t\t\t<a class=\"elementor-accordion-title\" tabindex=\"0\">Reparatur-Treff Eisenh\u00fcttenstadt<\/a>\n\t\t\t\t\t<\/div>\n\t\t\t\t\t<div id=\"elementor-tab-content-5632\" class=\"elementor-tab-content elementor-clearfix\" data-tab=\"2\" role=\"region\" aria-labelledby=\"elementor-tab-title-5632\"><p><a href=\"https:\/\/www.volkssolidaritaet-brandenburg.de\/beitraege\/oderland-reparatur-treff-eisenhuettenstadt\/\">Reparatur-Treff in der Begegnungsst\u00e4tte &#8222;Br\u00e4ust\u00fcbl&#8220;<\/a><\/p><p><strong>Annahme und Werkstatt:<\/strong><\/p><p>Karl-Liebknecht-Str. 3, 15890 Eisenh\u00fcttenstadt<\/p><p>Ansprechpartner: Herr Roloff<\/p><p>E-Mail: <a href=\"mailto:reptreff2019@gmail.com\">reptreff2019@gmail.com<\/a><\/p><p>\u00d6ffnungszeiten:<\/p><p>Dienstag:\u00a0\u00a0\u00a0\u00a0\u00a0 15:00 &#8211; 17:00 Uhr<br \/>Donnerstag: 15:00 &#8211; 17:00 Uhr<\/p><p>Es werden noch ehrenamtliche Mitbastler gesucht.<\/p><\/div>\n\t\t\t\t<\/div>\n\t\t\t\t\t\t\t<div class=\"elementor-accordion-item\">\n\t\t\t\t\t<div id=\"elementor-tab-title-5633\" class=\"elementor-tab-title\" data-tab=\"3\" role=\"button\" aria-controls=\"elementor-tab-content-5633\" aria-expanded=\"false\">\n\t\t\t\t\t\t\t\t\t\t\t\t\t<span class=\"elementor-accordion-icon elementor-accordion-icon-left\" aria-hidden=\"true\">\n\t\t\t\t\t\t\t\t\t\t\t\t\t\t\t<span class=\"elementor-accordion-icon-closed\"><i class=\"fas fa-chevron-right\"><\/i><\/span>\n\t\t\t\t\t\t\t\t<span class=\"elementor-accordion-icon-opened\"><i class=\"fas fa-chevron-down\"><\/i><\/span>\n\t\t\t\t\t\t\t\t\t\t\t\t\t\t<\/span>\n\t\t\t\t\t\t\t\t\t\t\t\t<a class=\"elementor-accordion-title\" tabindex=\"0\">Repair-Caf\u00e9 F\u00fcrstenwalde\/Spree<\/a>\n\t\t\t\t\t<\/div>\n\t\t\t\t\t<div id=\"elementor-tab-content-5633\" class=\"elementor-tab-content elementor-clearfix\" data-tab=\"3\" role=\"region\" aria-labelledby=\"elementor-tab-title-5633\"><p><strong><a href=\"https:\/\/repaircafe-fuerstenwalde.de\/\">Repair-Caf\u00e9 F\u00fcrstenwalde\/Spree<\/a> <br \/><\/strong><\/p><p>JuSeV Verein f\u00fcr Jugendhilfe und Sozialarbeit e.V.<\/p><p>Geschwister-Scholl-Stra\u00dfe 16<\/p><p>Das Repair-Caf\u00e9 in F\u00fcrstenwalde\/Spree hat einmal im Monat ge\u00f6ffnet und zwar immer am <strong>vierten Samstag<\/strong> des Monats von 14:00 bis 17:00 Uhr.<\/p><p>Genaueres, zum Beispiel sich <strong>kurzfristig<\/strong> ergebene Nicht-\u00d6ffnungen,\u00a0 finden Sie unter: <a href=\"https:\/\/repaircafe-fuerstenwalde.de\/\"><strong>Repair-Caf\u00e9 F\u00fcrstenwalde<\/strong><\/a>.<\/p><p><strong>Ansprechpartner:<\/strong> Dr. Henning Klau\u00df, E-Mail: heklauss@gmail.com, Telefon: 03361 \/ 307287<\/p><p><span style=\"color: #ff0000;\"><strong>Hinweis:<\/strong><\/span> Es werden noch ehrenamtliche Mitbastler und Mitbastlerinnen gesucht.<\/p><\/div>\n\t\t\t\t<\/div>\n\t\t\t\t\t\t\t<div class=\"elementor-accordion-item\">\n\t\t\t\t\t<div id=\"elementor-tab-title-5634\" class=\"elementor-tab-title\" data-tab=\"4\" role=\"button\" aria-controls=\"elementor-tab-content-5634\" aria-expanded=\"false\">\n\t\t\t\t\t\t\t\t\t\t\t\t\t<span class=\"elementor-accordion-icon elementor-accordion-icon-left\" aria-hidden=\"true\">\n\t\t\t\t\t\t\t\t\t\t\t\t\t\t\t<span class=\"elementor-accordion-icon-closed\"><i class=\"fas fa-chevron-right\"><\/i><\/span>\n\t\t\t\t\t\t\t\t<span class=\"elementor-accordion-icon-opened\"><i class=\"fas fa-chevron-down\"><\/i><\/span>\n\t\t\t\t\t\t\t\t\t\t\t\t\t\t<\/span>\n\t\t\t\t\t\t\t\t\t\t\t\t<a class=\"elementor-accordion-title\" tabindex=\"0\">Repair-Caf\u00e9 Storkow<\/a>\n\t\t\t\t\t<\/div>\n\t\t\t\t\t<div id=\"elementor-tab-content-5634\" class=\"elementor-tab-content elementor-clearfix\" data-tab=\"4\" role=\"region\" aria-labelledby=\"elementor-tab-title-5634\"><p>Das <strong><a href=\"https:\/\/storkowplus.de\/repair-cafe-in-storkow-hier-wird-nichts-weggeworfen\/\">Repair-Caf\u00e9 Storkow<\/a><\/strong> hat einmal im Monat ge\u00f6ffnet und zwar immer am <strong>zweiten Samstag<\/strong> des Monats von 14.00 bis 17.00 Uhr. Au\u00dfer feiertags.<\/p><p><strong>Es werden noch ehrenamtliche Mitbastler gesucht.<\/strong><\/p><p>Kontakt: Petra Hintze<\/p><p>Haus der Begegnung<\/p><p>Am Markt 4<\/p><p>15859 Storkow (Mark)<\/p><p>Telefon: 0151 222 372 31<\/p><p>E-Mail: <a href=\"mailto:petra.hintze@gmx.de\">petra.hintze@gmx.de<\/a><\/p><\/div>\n\t\t\t\t<\/div>\n\t\t\t\t\t\t\t<div class=\"elementor-accordion-item\">\n\t\t\t\t\t<div id=\"elementor-tab-title-5635\" class=\"elementor-tab-title\" data-tab=\"5\" role=\"button\" aria-controls=\"elementor-tab-content-5635\" aria-expanded=\"false\">\n\t\t\t\t\t\t\t\t\t\t\t\t\t<span class=\"elementor-accordion-icon elementor-accordion-icon-left\" aria-hidden=\"true\">\n\t\t\t\t\t\t\t\t\t\t\t\t\t\t\t<span class=\"elementor-accordion-icon-closed\"><i class=\"fas fa-chevron-right\"><\/i><\/span>\n\t\t\t\t\t\t\t\t<span class=\"elementor-accordion-icon-opened\"><i class=\"fas fa-chevron-down\"><\/i><\/span>\n\t\t\t\t\t\t\t\t\t\t\t\t\t\t<\/span>\n\t\t\t\t\t\t\t\t\t\t\t\t<a class=\"elementor-accordion-title\" tabindex=\"0\">Reparatur-Caf\u00e9 Erkner\/Woltersdorf<\/a>\n\t\t\t\t\t<\/div>\n\t\t\t\t\t<div id=\"elementor-tab-content-5635\" class=\"elementor-tab-content elementor-clearfix\" data-tab=\"5\" role=\"region\" aria-labelledby=\"elementor-tab-title-5635\"><p>Ge\u00f6ffnet hat das <a href=\"https:\/\/www.reparaturcafe-erkner.de\/\"><strong>Reparatur-Caf\u00e9 Erkner\/Woltersdorf : <\/strong><\/a><\/p><p>-jeden ersten Mittwoch im Monat im Kulturhaus Alte Schule in Woltersdorf in der Rudolf-Breitscheid-Stra\u00dfe 27<\/p><p>-und jeden zweiten Mittwoch im Monat im KIEZKLUB Rahnsdorf in der F\u00fcrstenwalder Allee 362 in 12589 Berlin.<\/p><p>Nach vorheriger Anmeldung per Telefon, E-Mail oder <a href=\"https:\/\/www.terminland.de\/reparaturcafeerkner\/\">Online-Terminbuchung<\/a> stehen die Reparateure in der Zeit von 15:00 bis 18:00 Uhr zur Verf\u00fcgung.<\/p><p>Organisator: Markus S\u00e4nger<\/p><p>Telefon: 03362 \/ 932 94 32<\/p><p>E-Mail: <a href=\"mailto:markus@reparaturcafe-erkner.de\">markus@reparaturcafe-erkner.de<\/a><\/p><\/div>\n\t\t\t\t<\/div>\n\t\t\t\t\t\t\t\t<\/div>\n\t\t\t\t<\/div>\n\t\t\t\t<\/div>\n\t\t\t\t\t<\/div>\n\t\t<\/div>\n\t\t\t\t\t<\/div>\n\t\t<\/section>\n\t\t\t\t<\/div>\n\t\t","protected":false},"excerpt":{"rendered":"<p>Der eine oder die andere m\u00f6chte sich gar nicht von liebgewordenen Gegenst\u00e4nden oder Kleidungsst\u00fccken trennen. Was tun, wenn die Dinge nicht mehr richtig ihren Dienst erf\u00fcllen? Auf jeden Fall, nicht gleich wegwerfen! Wir bef\u00fcrworten jegliche Initiativen weg von der Wegwerfgesellschaft hin zur Reparaturgesellschaft und m\u00f6chten aus diesem Grund Reparaturwerkst\u00e4tten im Landkreis Oder-Spree hier eine Plattform&#8230;<\/p>\n","protected":false},"author":3,"featured_media":0,"parent":0,"menu_order":0,"comment_status":"closed","ping_status":"closed","template":"","meta":{"footnotes":""},"publishpress_future_action":{"enabled":false,"date":"2026-04-23 02:49:15","action":"change-status","newStatus":"draft","terms":[],"taxonomy":""},"_links":{"self":[{"href":"https:\/\/www.kwu-entsorgung.de\/index.php?rest_route=\/wp\/v2\/pages\/8102"}],"collection":[{"href":"https:\/\/www.kwu-entsorgung.de\/index.php?rest_route=\/wp\/v2\/pages"}],"about":[{"href":"https:\/\/www.kwu-entsorgung.de\/index.php?rest_route=\/wp\/v2\/types\/page"}],"author":[{"embeddable":true,"href":"https:\/\/www.kwu-entsorgung.de\/index.php?rest_route=\/wp\/v2\/users\/3"}],"replies":[{"embeddable":true,"href":"https:\/\/www.kwu-entsorgung.de\/index.php?rest_route=%2Fwp%2Fv2%2Fcomments&post=8102"}],"version-history":[{"count":146,"href":"https:\/\/www.kwu-entsorgung.de\/index.php?rest_route=\/wp\/v2\/pages\/8102\/revisions"}],"predecessor-version":[{"id":69723,"href":"https:\/\/www.kwu-entsorgung.de\/index.php?rest_route=\/wp\/v2\/pages\/8102\/revisions\/69723"}],"wp:attachment":[{"href":"https:\/\/www.kwu-entsorgung.de\/index.php?rest_route=%2Fwp%2Fv2%2Fmedia&parent=8102"}],"curies":[{"name":"wp","href":"https:\/\/api.w.org\/{rel}","templated":true}]}}