{"id":8090,"date":"2022-04-21T10:48:00","date_gmt":"2022-04-21T08:48:00","guid":{"rendered":"https:\/\/www.kwu-entsorgung.de\/?page_id=8090"},"modified":"2025-11-06T14:27:03","modified_gmt":"2025-11-06T13:27:03","slug":"gemeinnuetzige-einrichtungen","status":"publish","type":"page","link":"https:\/\/www.kwu-entsorgung.de\/?page_id=8090","title":{"rendered":"Gemeinn\u00fctzige Einrichtungen"},"content":{"rendered":"\t\t<div data-elementor-type=\"wp-page\" data-elementor-id=\"8090\" class=\"elementor elementor-8090\">\n\t\t\t\t\t\t<section class=\"elementor-section elementor-top-section elementor-element elementor-element-5fe7ffe elementor-section-boxed elementor-section-height-default elementor-section-height-default\" data-id=\"5fe7ffe\" data-element_type=\"section\">\n\t\t\t\t\t\t<div class=\"elementor-container elementor-column-gap-default\">\n\t\t\t\t\t<div class=\"elementor-column elementor-col-100 elementor-top-column elementor-element elementor-element-4002900\" data-id=\"4002900\" data-element_type=\"column\">\n\t\t\t<div class=\"elementor-widget-wrap elementor-element-populated\">\n\t\t\t\t\t\t<div class=\"elementor-element elementor-element-712213d elementor-widget elementor-widget-text-editor\" data-id=\"712213d\" data-element_type=\"widget\" data-widget_type=\"text-editor.default\">\n\t\t\t\t<div class=\"elementor-widget-container\">\n\t\t\t\t\t\t\t<p>Es gibt in unserem Landkreis Oder-Spree verschiedene gemeinn\u00fctzige Einrichtungen, bei denen Sie noch gut erhaltene Einrichtungsgegenst\u00e4nde, funktionsf\u00e4hige Haushaltsger\u00e4te und tragbare Kleidung nach <strong>vorheriger Absprache<\/strong> abgeben k\u00f6nnen. Hier eine Auswahl (diese Aufz\u00e4hlung erhebt keinen Anspruch auf Vollst\u00e4ndigkeit). <span style=\"color: #000000;\"><strong>Alle Angaben ohne Gew\u00e4hr.<\/strong><\/span><\/p>\t\t\t\t\t\t<\/div>\n\t\t\t\t<\/div>\n\t\t\t\t\t<\/div>\n\t\t<\/div>\n\t\t\t\t\t<\/div>\n\t\t<\/section>\n\t\t\t\t<section class=\"elementor-section elementor-top-section elementor-element elementor-element-ebaa291 elementor-section-boxed elementor-section-height-default elementor-section-height-default\" data-id=\"ebaa291\" data-element_type=\"section\">\n\t\t\t\t\t\t<div class=\"elementor-container elementor-column-gap-default\">\n\t\t\t\t\t<div class=\"elementor-column elementor-col-100 elementor-top-column elementor-element elementor-element-eb9d625\" data-id=\"eb9d625\" data-element_type=\"column\">\n\t\t\t<div class=\"elementor-widget-wrap elementor-element-populated\">\n\t\t\t\t\t\t<div class=\"elementor-element elementor-element-8afdc1c elementor-widget elementor-widget-accordion\" data-id=\"8afdc1c\" data-element_type=\"widget\" data-widget_type=\"accordion.default\">\n\t\t\t\t<div class=\"elementor-widget-container\">\n\t\t\t\t\t<div class=\"elementor-accordion\">\n\t\t\t\t\t\t\t<div class=\"elementor-accordion-item\">\n\t\t\t\t\t<div id=\"elementor-tab-title-1451\" class=\"elementor-tab-title\" data-tab=\"1\" role=\"button\" aria-controls=\"elementor-tab-content-1451\" aria-expanded=\"false\">\n\t\t\t\t\t\t\t\t\t\t\t\t\t<span class=\"elementor-accordion-icon elementor-accordion-icon-left\" aria-hidden=\"true\">\n\t\t\t\t\t\t\t\t\t\t\t\t\t\t\t<span class=\"elementor-accordion-icon-closed\"><i class=\"fas fa-chevron-right\"><\/i><\/span>\n\t\t\t\t\t\t\t\t<span class=\"elementor-accordion-icon-opened\"><i class=\"fas fa-chevron-down\"><\/i><\/span>\n\t\t\t\t\t\t\t\t\t\t\t\t\t\t<\/span>\n\t\t\t\t\t\t\t\t\t\t\t\t<a class=\"elementor-accordion-title\" tabindex=\"0\">Bumerang e.V.<\/a>\n\t\t\t\t\t<\/div>\n\t\t\t\t\t<div id=\"elementor-tab-content-1451\" class=\"elementor-tab-content elementor-clearfix\" data-tab=\"1\" role=\"region\" aria-labelledby=\"elementor-tab-title-1451\"><p><strong>M\u00f6belb\u00f6rsen Beeskow und Eisenh\u00fcttenstadt<\/strong><\/p><p>Annahme von:<\/p><ul><li>Anbauw\u00e4nden (rustikal bis modern)<\/li><li>Couchgarnituren (verschiedene Modelle)<\/li><li>K\u00fcchen (von Einzelschr\u00e4nken bis Einbauk\u00fcchen)<\/li><li>Kleiderschr\u00e4nke (verschiedene Ausf\u00fchrungen)<\/li><li>Betten oder Liegen<\/li><li>elektrische Haushaltsger\u00e4te<\/li><li>weitere Bedarfsgegenst\u00e4nde wie zum Beispiel Geschirr, Besteck, Gl\u00e4ser, Vasen<\/li><\/ul><p><strong>Kontakt:<\/strong><\/p><p><strong>M\u00f6belb\u00f6rse Beeskow<\/strong><\/p><p>Ansprechpartner: Herr Ziegler<\/p><p>Radinkendorfer Str. 18<\/p><p>15848 Beeskow<\/p><p>Telefon: 03366\/338580<\/p><p>E-Mail: <a href=\"mailto:bumerang.beeskow@ewetel.net\">bumerang.beeskow@ewetel.net<\/a><\/p><p>\u00d6ffnungszeiten:<\/p><table><tbody><tr><td><p>Mo bis Mi<\/p><\/td><td><p>09:30 &#8211; 15.30 Uhr<\/p><\/td><\/tr><tr><td><p>Do<\/p><\/td><td><p>09.30 &#8211; 17.30 Uhr<\/p><\/td><\/tr><tr><td><p>Fr<\/p><\/td><td><p>09.30 &#8211; 13.30 Uhr<\/p><\/td><\/tr><\/tbody><\/table><p><strong>M\u00f6belb\u00f6rse Eisenh\u00fcttenstadt<\/strong><\/p><p>Ansprechpartner: Herr Thiel<\/p><p>F\u00e4hrstr. 34<\/p><p>15890 Eisenh\u00fcttenstadt<\/p><p>Telefon: 03364\/7749994<\/p><p>(au\u00dferhalb der \u00d6ffnungszeiten: Anrufbeantworter)<\/p><p>E-Mail: <a href=\"mailto:bumerang.beeskow@ewetel.net\">bumerang.beeskow@ewetel.net<\/a><\/p><p>\u00d6ffnungszeiten:<\/p><p>Mo bis Fr: \u00a008.00 &#8211; 14.00 Uhr<\/p><p>Mehr Informationen zu den M\u00f6belb\u00f6rsen von Bumerang e.V. <a href=\"http:\/\/www.bumerangev.de\/index.php\/de\/moebelboersen\">&gt;&gt;&gt; hier<\/a>.<\/p><\/div>\n\t\t\t\t<\/div>\n\t\t\t\t\t\t\t<div class=\"elementor-accordion-item\">\n\t\t\t\t\t<div id=\"elementor-tab-title-1452\" class=\"elementor-tab-title\" data-tab=\"2\" role=\"button\" aria-controls=\"elementor-tab-content-1452\" aria-expanded=\"false\">\n\t\t\t\t\t\t\t\t\t\t\t\t\t<span class=\"elementor-accordion-icon elementor-accordion-icon-left\" aria-hidden=\"true\">\n\t\t\t\t\t\t\t\t\t\t\t\t\t\t\t<span class=\"elementor-accordion-icon-closed\"><i class=\"fas fa-chevron-right\"><\/i><\/span>\n\t\t\t\t\t\t\t\t<span class=\"elementor-accordion-icon-opened\"><i class=\"fas fa-chevron-down\"><\/i><\/span>\n\t\t\t\t\t\t\t\t\t\t\t\t\t\t<\/span>\n\t\t\t\t\t\t\t\t\t\t\t\t<a class=\"elementor-accordion-title\" tabindex=\"0\">Deutsches Rotes Kreuz - Kreisverband<\/a>\n\t\t\t\t\t<\/div>\n\t\t\t\t\t<div id=\"elementor-tab-content-1452\" class=\"elementor-tab-content elementor-clearfix\" data-tab=\"2\" role=\"region\" aria-labelledby=\"elementor-tab-title-1452\"><p><strong>Kleiderkammer Beeskow<\/strong><\/p><p>DRK Kreisverband M\u00e4rkisch-Oder-Havel-Spree e.V.<\/p><p>Rouanetstra\u00dfe 10<\/p><p>15848 Beeskow<\/p><p>Telefon: 03366\/15209-0<\/p><p>\u00d6ffnungszeiten:<\/p><p>Mo bis Do 08:00 \u2013 15:00 Uhr<\/p><p><strong>Kleiderkammer Erkner<\/strong><\/p><p>DRK Kreisverband M\u00e4rkisch-Oder-Havel-Spree e.V.<\/p><p>Hohenbinder Stra\u00dfe (ohne Hausnummer)<\/p><p>15537 Erkner<\/p><p>Telefon: 03362 \/ 3961<\/p><p>\u00d6ffnungszeiten:<\/p><p>Dienstag von 8:00 Uhr bis 14:00 Uhr<br \/>Donnerstag von 10:00 Uhr bis 16:00 Uhr<\/p><p><strong>Kleiderkammer F\u00fcrstenwalde<\/strong><\/p><p>DRK Kreisverband M\u00e4rkisch-Oder-Havel-Spree e.V.<\/p><p>Dr.-Wilhelm-K\u00fclz-Stra\u00dfe 37-38<\/p><p>15517 F\u00fcrstenwalde<\/p><p>Telefon: 03361\/5967-23<\/p><p>\u00d6ffnungszeiten:<\/p><p>Die und Do 08:00 \u2013 14:00 Uhr<\/p><p>Mehr Informationen zu den Kleiderkammern vom DRK Kreisverband M\u00e4rkisch-Oder-Havel-Spree e.V. <a href=\"https:\/\/www.drk-mohs.de\/angebote\/s3\/kleiderkammern\/standorte.html\">&gt;&gt;&gt; hier<\/a>.<\/p><\/div>\n\t\t\t\t<\/div>\n\t\t\t\t\t\t\t<div class=\"elementor-accordion-item\">\n\t\t\t\t\t<div id=\"elementor-tab-title-1453\" class=\"elementor-tab-title\" data-tab=\"3\" role=\"button\" aria-controls=\"elementor-tab-content-1453\" aria-expanded=\"false\">\n\t\t\t\t\t\t\t\t\t\t\t\t\t<span class=\"elementor-accordion-icon elementor-accordion-icon-left\" aria-hidden=\"true\">\n\t\t\t\t\t\t\t\t\t\t\t\t\t\t\t<span class=\"elementor-accordion-icon-closed\"><i class=\"fas fa-chevron-right\"><\/i><\/span>\n\t\t\t\t\t\t\t\t<span class=\"elementor-accordion-icon-opened\"><i class=\"fas fa-chevron-down\"><\/i><\/span>\n\t\t\t\t\t\t\t\t\t\t\t\t\t\t<\/span>\n\t\t\t\t\t\t\t\t\t\t\t\t<a class=\"elementor-accordion-title\" tabindex=\"0\">GefAS e.V.<\/a>\n\t\t\t\t\t<\/div>\n\t\t\t\t\t<div id=\"elementor-tab-content-1453\" class=\"elementor-tab-content elementor-clearfix\" data-tab=\"3\" role=\"region\" aria-labelledby=\"elementor-tab-title-1453\"><p><strong>M\u00f6belkammer Erkner<\/strong><\/p><p>Ansprechpartner: Herr Liehmann<\/p><p>Fichtenauer Weg 44<\/p><p>15537 Erkner<\/p><p>Telefon: 03362\/887690<\/p><p>\u00d6ffnungszeiten:<\/p><p>Mo\u00a0\u00a0 09:00 \u2013 15:00 Uhr<\/p><p>Mi\u00a0\u00a0\u00a0\u00a0 09:00 &#8211; 15:00 Uhr<\/p><p>Fr\u00a0\u00a0\u00a0\u00a0\u00a0 09:00 \u2013 13:30 Uhr<\/p><p><strong>B\u00fccherb\u00f6rse Erkner<\/strong><\/p><p>Ansprechpartner: Herr Liehmann<\/p><p>Fichtenauer Weg 44<\/p><p>15537 Erkner<\/p><p>\u00d6ffnungszeiten:<\/p><p>Mo\u00a0\u00a0\u00a0 09:00 \u2013 15:00 Uhr<\/p><p>Mi\u00a0\u00a0\u00a0\u00a0\u00a0 09:00 &#8211; 15:00 Uhr<\/p><p>Fr\u00a0\u00a0\u00a0\u00a0\u00a0\u00a0 09:00 \u2013 13:30 Uhr<\/p><p><strong>Kleiderkammer Erkner<\/strong><\/p><p>Ansprechpartnerin: Frau Nadine Thiele<\/p><p>Seestra\u00dfe 2<\/p><p>15537 Erkner<\/p><p>Telefon: 0163\/8921730<\/p><p>\u00d6ffnungszeiten:<\/p><p>Mo \u2013 Mi &#8211; Do\u00a0\u00a0 09:00 \u2013 16:00 Uhr<\/p><p>Di\u00a0\u00a0\u00a0\u00a0\u00a0\u00a0\u00a0\u00a0\u00a0\u00a0\u00a0\u00a0\u00a0\u00a0\u00a0\u00a0\u00a0\u00a0\u00a0\u00a0\u00a0\u00a0\u00a0 09:00 \u2013 17:00 Uhr<\/p><p>Fr\u00a0\u00a0\u00a0\u00a0\u00a0\u00a0\u00a0\u00a0\u00a0\u00a0\u00a0\u00a0\u00a0\u00a0\u00a0\u00a0\u00a0\u00a0\u00a0\u00a0\u00a0 \u00a0 09:00 \u2013 14:00 Uhr<\/p><p><strong>Kleiderkammer Beeskow<\/strong><\/p><p>Ansprechpartnerin: Frau Marita Schwarz<\/p><p>Radinkendorfer Stra\u00dfe 4a<\/p><p>15848 Beeskow<\/p><p>Telefon: 03366\/520599<\/p><p>Mobil: 0163\/8921738<\/p><p>\u00d6ffnungszeiten:<\/p><p>Mo \u2013\u00a0 Fr 08:00 \u2013 14:00 Uhr<\/p><p>Mehr Informationen zu den M\u00f6bel- und Kleiderkammern von GefAS e.V. <a href=\"https:\/\/gefas-ev.de\/unsere-arbeit\/aktivitaeten-gegen-armut\/moebelkammern-kleiderkammern\/\">&gt;&gt;&gt; hier<\/a>.<\/p><\/div>\n\t\t\t\t<\/div>\n\t\t\t\t\t\t\t<div class=\"elementor-accordion-item\">\n\t\t\t\t\t<div id=\"elementor-tab-title-1454\" class=\"elementor-tab-title\" data-tab=\"4\" role=\"button\" aria-controls=\"elementor-tab-content-1454\" aria-expanded=\"false\">\n\t\t\t\t\t\t\t\t\t\t\t\t\t<span class=\"elementor-accordion-icon elementor-accordion-icon-left\" aria-hidden=\"true\">\n\t\t\t\t\t\t\t\t\t\t\t\t\t\t\t<span class=\"elementor-accordion-icon-closed\"><i class=\"fas fa-chevron-right\"><\/i><\/span>\n\t\t\t\t\t\t\t\t<span class=\"elementor-accordion-icon-opened\"><i class=\"fas fa-chevron-down\"><\/i><\/span>\n\t\t\t\t\t\t\t\t\t\t\t\t\t\t<\/span>\n\t\t\t\t\t\t\t\t\t\t\t\t<a class=\"elementor-accordion-title\" tabindex=\"0\">Samariteranstalten B\u00fcchertandem<\/a>\n\t\t\t\t\t<\/div>\n\t\t\t\t\t<div id=\"elementor-tab-content-1454\" class=\"elementor-tab-content elementor-clearfix\" data-tab=\"4\" role=\"region\" aria-labelledby=\"elementor-tab-title-1454\"><p><a href=\"https:\/\/christophorus-werkstaetten.de\/buechertandem\">Spenden Sie Ihre B\u00fccher &#8211; B\u00fcchertandem<\/a><\/p><p>Sie k\u00f6nnen B\u00fccher idealerweise in der Tandem-Werkstatt \u2013 Alte Neuendorfer Stra\u00dfe 4a in F\u00fcrstenwalde &#8211; oder alternativ in allen anderen Bereichen der Werkst\u00e4tten (auch im Christophorus-Shop) zu den Gesch\u00e4ftszeiten abgeben.\u200b<\/p><\/div>\n\t\t\t\t<\/div>\n\t\t\t\t\t\t\t\t<\/div>\n\t\t\t\t<\/div>\n\t\t\t\t<\/div>\n\t\t\t\t\t<\/div>\n\t\t<\/div>\n\t\t\t\t\t<\/div>\n\t\t<\/section>\n\t\t\t\t<\/div>\n\t\t","protected":false},"excerpt":{"rendered":"<p>Es gibt in unserem Landkreis Oder-Spree verschiedene gemeinn\u00fctzige Einrichtungen, bei denen Sie noch gut erhaltene Einrichtungsgegenst\u00e4nde, funktionsf\u00e4hige Haushaltsger\u00e4te und tragbare Kleidung nach vorheriger Absprache abgeben k\u00f6nnen. Hier eine Auswahl (diese Aufz\u00e4hlung erhebt keinen Anspruch auf Vollst\u00e4ndigkeit). Alle Angaben ohne Gew\u00e4hr. Bumerang e.V. M\u00f6belb\u00f6rsen Beeskow und Eisenh\u00fcttenstadt Annahme von: Anbauw\u00e4nden (rustikal bis modern) Couchgarnituren (verschiedene Modelle)&#8230;<\/p>\n","protected":false},"author":3,"featured_media":0,"parent":0,"menu_order":0,"comment_status":"closed","ping_status":"closed","template":"","meta":{"footnotes":""},"publishpress_future_action":{"enabled":false,"date":"2026-04-23 00:44:00","action":"change-status","newStatus":"draft","terms":[],"taxonomy":""},"_links":{"self":[{"href":"https:\/\/www.kwu-entsorgung.de\/index.php?rest_route=\/wp\/v2\/pages\/8090"}],"collection":[{"href":"https:\/\/www.kwu-entsorgung.de\/index.php?rest_route=\/wp\/v2\/pages"}],"about":[{"href":"https:\/\/www.kwu-entsorgung.de\/index.php?rest_route=\/wp\/v2\/types\/page"}],"author":[{"embeddable":true,"href":"https:\/\/www.kwu-entsorgung.de\/index.php?rest_route=\/wp\/v2\/users\/3"}],"replies":[{"embeddable":true,"href":"https:\/\/www.kwu-entsorgung.de\/index.php?rest_route=%2Fwp%2Fv2%2Fcomments&post=8090"}],"version-history":[{"count":47,"href":"https:\/\/www.kwu-entsorgung.de\/index.php?rest_route=\/wp\/v2\/pages\/8090\/revisions"}],"predecessor-version":[{"id":68319,"href":"https:\/\/www.kwu-entsorgung.de\/index.php?rest_route=\/wp\/v2\/pages\/8090\/revisions\/68319"}],"wp:attachment":[{"href":"https:\/\/www.kwu-entsorgung.de\/index.php?rest_route=%2Fwp%2Fv2%2Fmedia&parent=8090"}],"curies":[{"name":"wp","href":"https:\/\/api.w.org\/{rel}","templated":true}]}}