{"id":8058,"date":"2022-04-21T11:20:00","date_gmt":"2022-04-21T09:20:00","guid":{"rendered":"https:\/\/www.kwu-entsorgung.de\/?page_id=8058"},"modified":"2022-07-20T09:39:16","modified_gmt":"2022-07-20T07:39:16","slug":"abfallvermeidung","status":"publish","type":"page","link":"https:\/\/www.kwu-entsorgung.de\/?page_id=8058","title":{"rendered":"Abfallvermeidung"},"content":{"rendered":"\t\t<div data-elementor-type=\"wp-page\" data-elementor-id=\"8058\" class=\"elementor elementor-8058\">\n\t\t\t\t\t\t<section class=\"elementor-section elementor-top-section elementor-element elementor-element-731d4d62 elementor-section-boxed elementor-section-height-default elementor-section-height-default\" data-id=\"731d4d62\" data-element_type=\"section\">\n\t\t\t\t\t\t<div class=\"elementor-container elementor-column-gap-default\">\n\t\t\t\t\t<div class=\"elementor-column elementor-col-100 elementor-top-column elementor-element elementor-element-2a3d1820\" data-id=\"2a3d1820\" data-element_type=\"column\">\n\t\t\t<div class=\"elementor-widget-wrap elementor-element-populated\">\n\t\t\t\t\t\t<div class=\"elementor-element elementor-element-66dee5ff elementor-position-left elementor-vertical-align-top elementor-widget elementor-widget-image-box\" data-id=\"66dee5ff\" data-element_type=\"widget\" data-widget_type=\"image-box.default\">\n\t\t\t\t<div class=\"elementor-widget-container\">\n\t\t\t<div class=\"elementor-image-box-wrapper\"><figure class=\"elementor-image-box-img\"><a href=\"https:\/\/www.kwu-entsorgung.de\/?page_id=1075\" tabindex=\"-1\"><img decoding=\"async\" width=\"150\" height=\"150\" src=\"https:\/\/www.kwu-entsorgung.de\/wp-content\/uploads\/2019\/11\/verschenk-1-150x150.png\" class=\"attachment-thumbnail size-thumbnail wp-image-2654\" alt=\"Zwei Strandk\u00f6rbe, KWU Verschenkb\u00f6rse\" \/><\/a><\/figure><div class=\"elementor-image-box-content\"><h4 class=\"elementor-image-box-title\"><a href=\"https:\/\/www.kwu-entsorgung.de\/?page_id=1075\">Verschenkb\u00f6rse<\/a><\/h4><p class=\"elementor-image-box-description\">Sie haben M\u00f6bel, Elektroger\u00e4te oder Kleidungsst\u00fccke, die Sie nicht mehr gebrauchen k\u00f6nnen, jedoch viel zu schade zum Wegwerfen sind? Mit unserer Verschenkb\u00f6rse m\u00f6chten wir einen Beitrag zur Abfallvermeidung leisten. Wir freuen uns, wenn Sie daran teilhaben wollen. \u00dcber unser Online-Angebot k\u00f6nnen Sie kostenlos gut erhaltene Haushaltsgegenst\u00e4nde und M\u00f6bel anbieten. Die Verschenkb\u00f6rse ist \u2013 wie der Name sagt \u2013 ausschlie\u00dflich f\u00fcr Angebote gedacht, die verschenkt werden sollen. Den eigentlichen Verschenkvorgang wickeln Sie dann direkt \u00fcber die im Inserat angegebenen Kontaktdaten ab.\n<\/p><\/div><\/div>\t\t<\/div>\n\t\t\t\t<\/div>\n\t\t\t\t\t<\/div>\n\t\t<\/div>\n\t\t\t\t\t<\/div>\n\t\t<\/section>\n\t\t\t\t<section class=\"elementor-section elementor-top-section elementor-element elementor-element-09a46e9 elementor-section-boxed elementor-section-height-default elementor-section-height-default\" data-id=\"09a46e9\" data-element_type=\"section\">\n\t\t\t\t\t\t<div class=\"elementor-container elementor-column-gap-default\">\n\t\t\t\t\t<div class=\"elementor-column elementor-col-100 elementor-top-column elementor-element elementor-element-b732f7f\" data-id=\"b732f7f\" data-element_type=\"column\">\n\t\t\t<div class=\"elementor-widget-wrap elementor-element-populated\">\n\t\t\t\t\t\t<div class=\"elementor-element elementor-element-f27b77f elementor-position-left elementor-vertical-align-top elementor-widget elementor-widget-image-box\" data-id=\"f27b77f\" data-element_type=\"widget\" data-widget_type=\"image-box.default\">\n\t\t\t\t<div class=\"elementor-widget-container\">\n\t\t\t<div class=\"elementor-image-box-wrapper\"><figure class=\"elementor-image-box-img\"><a href=\"https:\/\/www.kwu-entsorgung.de\/?page_id=8090\" tabindex=\"-1\"><img decoding=\"async\" width=\"150\" height=\"150\" src=\"https:\/\/www.kwu-entsorgung.de\/wp-content\/uploads\/2022\/04\/Kleiderkammer-150x150.jpg\" class=\"attachment-thumbnail size-thumbnail wp-image-8115\" alt=\"\" srcset=\"https:\/\/www.kwu-entsorgung.de\/wp-content\/uploads\/2022\/04\/Kleiderkammer-150x150.jpg 150w, https:\/\/www.kwu-entsorgung.de\/wp-content\/uploads\/2022\/04\/Kleiderkammer-300x300.jpg 300w, https:\/\/www.kwu-entsorgung.de\/wp-content\/uploads\/2022\/04\/Kleiderkammer-768x768.jpg 768w, https:\/\/www.kwu-entsorgung.de\/wp-content\/uploads\/2022\/04\/Kleiderkammer.jpg 787w\" sizes=\"(max-width: 150px) 100vw, 150px\" \/><\/a><\/figure><div class=\"elementor-image-box-content\"><h4 class=\"elementor-image-box-title\"><a href=\"https:\/\/www.kwu-entsorgung.de\/?page_id=8090\">Gemeinn\u00fctzige Einrichtungen<\/a><\/h4><p class=\"elementor-image-box-description\">Es gibt in unserem Landkreis Oder-Spree auch verschiedene gemeinn\u00fctzige Einrichtungen, bei denen Sie noch gut erhaltene Einrichtungsgegenst\u00e4nde, funktionsf\u00e4hige Haushaltsger\u00e4te und tragbare Kleidung nach vorheriger Absprache abgeben k\u00f6nnen. Hier finden Sie eine Auswahl.<\/p><\/div><\/div>\t\t<\/div>\n\t\t\t\t<\/div>\n\t\t\t\t\t<\/div>\n\t\t<\/div>\n\t\t\t\t\t<\/div>\n\t\t<\/section>\n\t\t\t\t<section class=\"elementor-section elementor-top-section elementor-element elementor-element-4148940 elementor-section-boxed elementor-section-height-default elementor-section-height-default\" data-id=\"4148940\" data-element_type=\"section\">\n\t\t\t\t\t\t<div class=\"elementor-container elementor-column-gap-default\">\n\t\t\t\t\t<div class=\"elementor-column elementor-col-100 elementor-top-column elementor-element elementor-element-ec60898\" data-id=\"ec60898\" data-element_type=\"column\">\n\t\t\t<div class=\"elementor-widget-wrap elementor-element-populated\">\n\t\t\t\t\t\t<div class=\"elementor-element elementor-element-a28d55c elementor-position-left elementor-vertical-align-top elementor-widget elementor-widget-image-box\" data-id=\"a28d55c\" data-element_type=\"widget\" data-widget_type=\"image-box.default\">\n\t\t\t\t<div class=\"elementor-widget-container\">\n\t\t\t<div class=\"elementor-image-box-wrapper\"><figure class=\"elementor-image-box-img\"><a href=\"https:\/\/www.kwu-entsorgung.de\/?page_id=8102\" tabindex=\"-1\"><img decoding=\"async\" width=\"150\" height=\"150\" src=\"https:\/\/www.kwu-entsorgung.de\/wp-content\/uploads\/2022\/04\/Repaircafe-150x150.jpg\" class=\"attachment-thumbnail size-thumbnail wp-image-8112\" alt=\"\" \/><\/a><\/figure><div class=\"elementor-image-box-content\"><h4 class=\"elementor-image-box-title\"><a href=\"https:\/\/www.kwu-entsorgung.de\/?page_id=8102\">Repair-Caf\u00e9s<\/a><\/h4><p class=\"elementor-image-box-description\">Der eine oder die andere m\u00f6chte sich jedoch gar nicht von liebgewordenen Gegenst\u00e4nden oder Kleidungsst\u00fccken trennen. Was tun, wenn die Dinge nicht mehr richtig ihren Dienst erf\u00fcllen? Auf jeden Fall, nicht gleich wegwerfen! \nWir bef\u00fcrworten jegliche Initiativen weg von der Wegwerfgesellschaft hin zur Reparaturgesellschaft und m\u00f6chten aus diesem Grund Reparaturwerkst\u00e4tten im Landkreis Oder-Spree hier eine Plattform bieten. Wenn Sie Interesse daran haben, dass auch Ihr Repair-Caf\u00e9 oder \u00c4hnliches auf dieser Seite genannt werden soll, melden Sie sich bei uns: post(at)kwu-entsorgung.de\n\n<\/p><\/div><\/div>\t\t<\/div>\n\t\t\t\t<\/div>\n\t\t\t\t\t<\/div>\n\t\t<\/div>\n\t\t\t\t\t<\/div>\n\t\t<\/section>\n\t\t\t\t<section class=\"elementor-section elementor-top-section elementor-element elementor-element-12661064 elementor-section-boxed elementor-section-height-default elementor-section-height-default\" data-id=\"12661064\" data-element_type=\"section\">\n\t\t\t\t\t\t<div class=\"elementor-container elementor-column-gap-default\">\n\t\t\t\t\t<div class=\"elementor-column elementor-col-100 elementor-top-column elementor-element elementor-element-700acb01\" data-id=\"700acb01\" data-element_type=\"column\">\n\t\t\t<div class=\"elementor-widget-wrap elementor-element-populated\">\n\t\t\t\t\t\t<div class=\"elementor-element elementor-element-53ae9102 elementor-position-left elementor-vertical-align-top elementor-widget elementor-widget-image-box\" data-id=\"53ae9102\" data-element_type=\"widget\" data-widget_type=\"image-box.default\">\n\t\t\t\t<div class=\"elementor-widget-container\">\n\t\t\t<div class=\"elementor-image-box-wrapper\"><figure class=\"elementor-image-box-img\"><a href=\"https:\/\/www.kwu-entsorgung.de\/?page_id=7662\" tabindex=\"-1\"><img loading=\"lazy\" decoding=\"async\" width=\"150\" height=\"150\" src=\"https:\/\/www.kwu-entsorgung.de\/wp-content\/uploads\/2022\/02\/Filmrolle-150x150.jpg\" class=\"attachment-thumbnail size-thumbnail wp-image-7681\" alt=\"\" \/><\/a><\/figure><div class=\"elementor-image-box-content\"><h4 class=\"elementor-image-box-title\"><a href=\"https:\/\/www.kwu-entsorgung.de\/?page_id=7662\">Erkl\u00e4rfilme<\/a><\/h4><p class=\"elementor-image-box-description\">Hier finden Sie diverse Entsorgungsthemen filmisch erkl\u00e4rt.<\/p><\/div><\/div>\t\t<\/div>\n\t\t\t\t<\/div>\n\t\t\t\t\t<\/div>\n\t\t<\/div>\n\t\t\t\t\t<\/div>\n\t\t<\/section>\n\t\t\t\t<section class=\"elementor-section elementor-top-section elementor-element elementor-element-5cc96339 elementor-section-boxed elementor-section-height-default elementor-section-height-default\" data-id=\"5cc96339\" data-element_type=\"section\">\n\t\t\t\t\t\t<div class=\"elementor-container elementor-column-gap-default\">\n\t\t\t\t\t<div class=\"elementor-column elementor-col-100 elementor-top-column elementor-element elementor-element-29d16aa5\" data-id=\"29d16aa5\" data-element_type=\"column\">\n\t\t\t<div class=\"elementor-widget-wrap elementor-element-populated\">\n\t\t\t\t\t\t<div class=\"elementor-element elementor-element-76f43aab elementor-position-left elementor-vertical-align-top elementor-widget elementor-widget-image-box\" data-id=\"76f43aab\" data-element_type=\"widget\" data-widget_type=\"image-box.default\">\n\t\t\t\t<div class=\"elementor-widget-container\">\n\t\t\t<div class=\"elementor-image-box-wrapper\"><figure class=\"elementor-image-box-img\"><a href=\"https:\/\/www.kwu-entsorgung.de\/?page_id=8757\" tabindex=\"-1\"><img loading=\"lazy\" decoding=\"async\" width=\"150\" height=\"150\" src=\"https:\/\/www.kwu-entsorgung.de\/wp-content\/uploads\/2022\/07\/Screenshot_2022-07-19-Elementor-KWU-Mini-Movies1-150x150.png\" class=\"attachment-thumbnail size-thumbnail wp-image-8765\" alt=\"\" \/><\/a><\/figure><div class=\"elementor-image-box-content\"><h4 class=\"elementor-image-box-title\"><a href=\"https:\/\/www.kwu-entsorgung.de\/?page_id=8757\">KWU Mini Movies<\/a><\/h4><p class=\"elementor-image-box-description\">Von sprechenden TetraPaks und Dosen im Wald bis zu Socken aus dem Karton. Bei den KWU Mini Movies gibt es Filme zum Schmunzeln.<\/p><\/div><\/div>\t\t<\/div>\n\t\t\t\t<\/div>\n\t\t\t\t\t<\/div>\n\t\t<\/div>\n\t\t\t\t\t<\/div>\n\t\t<\/section>\n\t\t\t\t<\/div>\n\t\t","protected":false},"excerpt":{"rendered":"<p>Verschenkb\u00f6rse Sie haben M\u00f6bel, Elektroger\u00e4te oder Kleidungsst\u00fccke, die Sie nicht mehr gebrauchen k\u00f6nnen, jedoch viel zu schade zum Wegwerfen sind? Mit unserer Verschenkb\u00f6rse m\u00f6chten wir einen Beitrag zur Abfallvermeidung leisten. Wir freuen uns, wenn Sie daran teilhaben wollen. \u00dcber unser Online-Angebot k\u00f6nnen Sie kostenlos gut erhaltene Haushaltsgegenst\u00e4nde und M\u00f6bel anbieten. Die Verschenkb\u00f6rse ist \u2013 wie&#8230;<\/p>\n","protected":false},"author":2,"featured_media":0,"parent":0,"menu_order":0,"comment_status":"closed","ping_status":"closed","template":"","meta":{"footnotes":""},"publishpress_future_action":{"enabled":false,"date":"2026-05-19 11:47:09","action":"change-status","newStatus":"draft","terms":[],"taxonomy":""},"_links":{"self":[{"href":"https:\/\/www.kwu-entsorgung.de\/index.php?rest_route=\/wp\/v2\/pages\/8058"}],"collection":[{"href":"https:\/\/www.kwu-entsorgung.de\/index.php?rest_route=\/wp\/v2\/pages"}],"about":[{"href":"https:\/\/www.kwu-entsorgung.de\/index.php?rest_route=\/wp\/v2\/types\/page"}],"author":[{"embeddable":true,"href":"https:\/\/www.kwu-entsorgung.de\/index.php?rest_route=\/wp\/v2\/users\/2"}],"replies":[{"embeddable":true,"href":"https:\/\/www.kwu-entsorgung.de\/index.php?rest_route=%2Fwp%2Fv2%2Fcomments&post=8058"}],"version-history":[{"count":39,"href":"https:\/\/www.kwu-entsorgung.de\/index.php?rest_route=\/wp\/v2\/pages\/8058\/revisions"}],"predecessor-version":[{"id":8826,"href":"https:\/\/www.kwu-entsorgung.de\/index.php?rest_route=\/wp\/v2\/pages\/8058\/revisions\/8826"}],"wp:attachment":[{"href":"https:\/\/www.kwu-entsorgung.de\/index.php?rest_route=%2Fwp%2Fv2%2Fmedia&parent=8058"}],"curies":[{"name":"wp","href":"https:\/\/api.w.org\/{rel}","templated":true}]}}