{"id":710,"date":"2019-06-05T12:55:02","date_gmt":"2019-06-05T10:55:02","guid":{"rendered":"http:\/\/debian-015.kwu.lokal\/wordpress\/?page_id=710"},"modified":"2022-09-16T14:18:47","modified_gmt":"2022-09-16T12:18:47","slug":"oeffentlichkeitsarbeit","status":"publish","type":"page","link":"https:\/\/www.kwu-entsorgung.de\/?page_id=710","title":{"rendered":"Umweltp\u00e4dagogik"},"content":{"rendered":"\t\t<div data-elementor-type=\"wp-post\" data-elementor-id=\"710\" class=\"elementor elementor-710\">\n\t\t\t\t\t\t<section class=\"elementor-section elementor-top-section elementor-element elementor-element-193c1c6 elementor-section-boxed elementor-section-height-default elementor-section-height-default\" data-id=\"193c1c6\" data-element_type=\"section\">\n\t\t\t\t\t\t<div class=\"elementor-container elementor-column-gap-default\">\n\t\t\t\t\t<div class=\"elementor-column elementor-col-100 elementor-top-column elementor-element elementor-element-8baa35a\" data-id=\"8baa35a\" data-element_type=\"column\">\n\t\t\t<div class=\"elementor-widget-wrap elementor-element-populated\">\n\t\t\t\t\t\t<div class=\"elementor-element elementor-element-3a85776 elementor-widget elementor-widget-text-editor\" data-id=\"3a85776\" data-element_type=\"widget\" data-widget_type=\"text-editor.default\">\n\t\t\t\t<div class=\"elementor-widget-container\">\n\t\t\t\t\t\t\t<article id=\"c601\">Die Abfallberatung des KWU-Entsorgung bietet f\u00fcr Kinderg\u00e4rten, Grundschulen und Horteinrichtungen umfangreiche Informationen und Aktionen zu den Themen Abfallvermeidung, Verwertung und Kompostierung an.<\/article><article><\/article><article>Schauen Sie bitte auch auf unsere Seiten <a href=\"https:\/\/www.kwu-entsorgung.de\/?page_id=6190\"><strong>Tipps<\/strong> <strong>f\u00fcr<\/strong> <strong>Kids<\/strong><\/a> und <a href=\"https:\/\/www.kwu-entsorgung.de\/?page_id=8757\"><strong>KWU<\/strong> <strong>Mini<\/strong> <strong>Movies<\/strong><\/a>.<\/article><article><\/article><article><p><strong>Nachstehende Angebote der Abfallberatung k\u00f6nnen nach vorheriger Abstimmung kostenfrei in Anspruch genommen werden:<\/strong><\/p><\/article>\t\t\t\t\t\t<\/div>\n\t\t\t\t<\/div>\n\t\t\t\t\t<\/div>\n\t\t<\/div>\n\t\t\t\t\t<\/div>\n\t\t<\/section>\n\t\t\t\t<section class=\"elementor-section elementor-top-section elementor-element elementor-element-b637abb elementor-section-boxed elementor-section-height-default elementor-section-height-default\" data-id=\"b637abb\" data-element_type=\"section\">\n\t\t\t\t\t\t<div class=\"elementor-container elementor-column-gap-default\">\n\t\t\t\t\t<div class=\"elementor-column elementor-col-100 elementor-top-column elementor-element elementor-element-266c9bc\" data-id=\"266c9bc\" data-element_type=\"column\">\n\t\t\t<div class=\"elementor-widget-wrap elementor-element-populated\">\n\t\t\t\t\t\t<div class=\"elementor-element elementor-element-a7e1e5a elementor-widget-divider--view-line elementor-widget elementor-widget-divider\" data-id=\"a7e1e5a\" data-element_type=\"widget\" data-widget_type=\"divider.default\">\n\t\t\t\t<div class=\"elementor-widget-container\">\n\t\t\t\t\t<div class=\"elementor-divider\">\n\t\t\t<span class=\"elementor-divider-separator\">\n\t\t\t\t\t\t<\/span>\n\t\t<\/div>\n\t\t\t\t<\/div>\n\t\t\t\t<\/div>\n\t\t\t\t\t<\/div>\n\t\t<\/div>\n\t\t\t\t\t<\/div>\n\t\t<\/section>\n\t\t\t\t<section class=\"elementor-section elementor-top-section elementor-element elementor-element-2b78cbd elementor-section-boxed elementor-section-height-default elementor-section-height-default\" data-id=\"2b78cbd\" data-element_type=\"section\">\n\t\t\t\t\t\t<div class=\"elementor-container elementor-column-gap-default\">\n\t\t\t\t\t<div class=\"elementor-column elementor-col-100 elementor-top-column elementor-element elementor-element-8621d4e\" data-id=\"8621d4e\" data-element_type=\"column\">\n\t\t\t<div class=\"elementor-widget-wrap elementor-element-populated\">\n\t\t\t\t\t\t<div class=\"elementor-element elementor-element-4341a46 elementor-position-left elementor-vertical-align-top elementor-widget elementor-widget-image-box\" data-id=\"4341a46\" data-element_type=\"widget\" data-widget_type=\"image-box.default\">\n\t\t\t\t<div class=\"elementor-widget-container\">\n\t\t\t<div class=\"elementor-image-box-wrapper\"><figure class=\"elementor-image-box-img\"><img fetchpriority=\"high\" decoding=\"async\" width=\"427\" height=\"600\" src=\"https:\/\/www.kwu-entsorgung.de\/wp-content\/uploads\/2019\/06\/Stoffbeutel.png\" class=\"attachment-full size-full wp-image-768\" alt=\"Kinder bemalen mit Textilstiften Stoffbeutel\" srcset=\"https:\/\/www.kwu-entsorgung.de\/wp-content\/uploads\/2019\/06\/Stoffbeutel.png 427w, https:\/\/www.kwu-entsorgung.de\/wp-content\/uploads\/2019\/06\/Stoffbeutel-214x300.png 214w\" sizes=\"(max-width: 427px) 100vw, 427px\" \/><\/figure><div class=\"elementor-image-box-content\"><h4 class=\"elementor-image-box-title\">Stoffbeutel bemalen<\/h4><p class=\"elementor-image-box-description\">Die Abfallberatung bringt Stoffmalfarben und Stoffbeutel mit. Die Kinder bemalen diese mit Umweltmotiven, die als Vordruck zum Durchzeichnen in die Beutel gelegt werden oder verwirklichen ihre Ideen auf dem Stoff.<\/p><\/div><\/div>\t\t<\/div>\n\t\t\t\t<\/div>\n\t\t\t\t\t<\/div>\n\t\t<\/div>\n\t\t\t\t\t<\/div>\n\t\t<\/section>\n\t\t\t\t<section class=\"elementor-section elementor-top-section elementor-element elementor-element-7707d49 elementor-section-boxed elementor-section-height-default elementor-section-height-default\" data-id=\"7707d49\" data-element_type=\"section\">\n\t\t\t\t\t\t<div class=\"elementor-container elementor-column-gap-default\">\n\t\t\t\t\t<div class=\"elementor-column elementor-col-100 elementor-top-column elementor-element elementor-element-f349c4a\" data-id=\"f349c4a\" data-element_type=\"column\">\n\t\t\t<div class=\"elementor-widget-wrap elementor-element-populated\">\n\t\t\t\t\t\t<div class=\"elementor-element elementor-element-2aa7196 elementor-widget elementor-widget-alert\" data-id=\"2aa7196\" data-element_type=\"widget\" data-widget_type=\"alert.default\">\n\t\t\t\t<div class=\"elementor-widget-container\">\n\t\t\t\t\t<div class=\"elementor-alert elementor-alert-warning\" role=\"alert\">\n\t\t\t<span class=\"elementor-alert-title\">Empfehlung:<\/span>\n\t\t\t\t\t\t\t<span class=\"elementor-alert-description\">Geeignet f\u00fcr Kinder ab drei Jahren.\nMaximal 20 Kinder pro Durchgang.<\/span>\n\t\t\t\t\t\t\t\t<\/div>\n\t\t\t\t<\/div>\n\t\t\t\t<\/div>\n\t\t\t\t\t<\/div>\n\t\t<\/div>\n\t\t\t\t\t<\/div>\n\t\t<\/section>\n\t\t\t\t<section class=\"elementor-section elementor-top-section elementor-element elementor-element-fd00e0a elementor-section-boxed elementor-section-height-default elementor-section-height-default\" data-id=\"fd00e0a\" data-element_type=\"section\">\n\t\t\t\t\t\t<div class=\"elementor-container elementor-column-gap-default\">\n\t\t\t\t\t<div class=\"elementor-column elementor-col-100 elementor-top-column elementor-element elementor-element-183328c\" data-id=\"183328c\" data-element_type=\"column\">\n\t\t\t<div class=\"elementor-widget-wrap elementor-element-populated\">\n\t\t\t\t\t\t<div class=\"elementor-element elementor-element-a755734 elementor-widget-divider--view-line elementor-widget elementor-widget-divider\" data-id=\"a755734\" data-element_type=\"widget\" data-widget_type=\"divider.default\">\n\t\t\t\t<div class=\"elementor-widget-container\">\n\t\t\t\t\t<div class=\"elementor-divider\">\n\t\t\t<span class=\"elementor-divider-separator\">\n\t\t\t\t\t\t<\/span>\n\t\t<\/div>\n\t\t\t\t<\/div>\n\t\t\t\t<\/div>\n\t\t\t\t\t<\/div>\n\t\t<\/div>\n\t\t\t\t\t<\/div>\n\t\t<\/section>\n\t\t\t\t<section class=\"elementor-section elementor-top-section elementor-element elementor-element-aa44704 elementor-section-boxed elementor-section-height-default elementor-section-height-default\" data-id=\"aa44704\" data-element_type=\"section\">\n\t\t\t\t\t\t<div class=\"elementor-container elementor-column-gap-default\">\n\t\t\t\t\t<div class=\"elementor-column elementor-col-100 elementor-top-column elementor-element elementor-element-32b64c0\" data-id=\"32b64c0\" data-element_type=\"column\">\n\t\t\t<div class=\"elementor-widget-wrap elementor-element-populated\">\n\t\t\t\t\t\t<div class=\"elementor-element elementor-element-a8661eb elementor-position-left elementor-vertical-align-top elementor-widget elementor-widget-image-box\" data-id=\"a8661eb\" data-element_type=\"widget\" data-widget_type=\"image-box.default\">\n\t\t\t\t<div class=\"elementor-widget-container\">\n\t\t\t<div class=\"elementor-image-box-wrapper\"><figure class=\"elementor-image-box-img\"><img decoding=\"async\" width=\"405\" height=\"600\" src=\"https:\/\/www.kwu-entsorgung.de\/wp-content\/uploads\/2019\/06\/Papierschoepfen.png\" class=\"attachment-full size-full wp-image-771\" alt=\"Kinder sch\u00f6pfen Papier\" srcset=\"https:\/\/www.kwu-entsorgung.de\/wp-content\/uploads\/2019\/06\/Papierschoepfen.png 405w, https:\/\/www.kwu-entsorgung.de\/wp-content\/uploads\/2019\/06\/Papierschoepfen-203x300.png 203w\" sizes=\"(max-width: 405px) 100vw, 405px\" \/><\/figure><div class=\"elementor-image-box-content\"><h4 class=\"elementor-image-box-title\">Papiersch\u00f6pfen<\/h4><p class=\"elementor-image-box-description\">Altpapier muss nicht immer entsorgt werden. Die Kinder versuchen sich im Papiersch\u00f6pfen und erlernen dabei, welcher Aufwand notwendig ist, um selbst ein Blatt Papier herzustellen.\u00a0\n\n<\/p><\/div><\/div>\t\t<\/div>\n\t\t\t\t<\/div>\n\t\t\t\t\t<\/div>\n\t\t<\/div>\n\t\t\t\t\t<\/div>\n\t\t<\/section>\n\t\t\t\t<section class=\"elementor-section elementor-top-section elementor-element elementor-element-73be80d elementor-section-boxed elementor-section-height-default elementor-section-height-default\" data-id=\"73be80d\" data-element_type=\"section\">\n\t\t\t\t\t\t<div class=\"elementor-container elementor-column-gap-default\">\n\t\t\t\t\t<div class=\"elementor-column elementor-col-100 elementor-top-column elementor-element elementor-element-f1ec7e2\" data-id=\"f1ec7e2\" data-element_type=\"column\">\n\t\t\t<div class=\"elementor-widget-wrap elementor-element-populated\">\n\t\t\t\t\t\t<div class=\"elementor-element elementor-element-eae7470 elementor-widget elementor-widget-alert\" data-id=\"eae7470\" data-element_type=\"widget\" data-widget_type=\"alert.default\">\n\t\t\t\t<div class=\"elementor-widget-container\">\n\t\t\t\t\t<div class=\"elementor-alert elementor-alert-warning\" role=\"alert\">\n\t\t\t<span class=\"elementor-alert-title\">Empfehlung:<\/span>\n\t\t\t\t\t\t\t<span class=\"elementor-alert-description\">Geeignet f\u00fcr Kinder ab sechs Jahren.\nMaximal 15 Kinder pro Durchgang.<\/span>\n\t\t\t\t\t\t\t\t<\/div>\n\t\t\t\t<\/div>\n\t\t\t\t<\/div>\n\t\t\t\t\t<\/div>\n\t\t<\/div>\n\t\t\t\t\t<\/div>\n\t\t<\/section>\n\t\t\t\t<section class=\"elementor-section elementor-top-section elementor-element elementor-element-02b78a6 elementor-section-boxed elementor-section-height-default elementor-section-height-default\" data-id=\"02b78a6\" data-element_type=\"section\">\n\t\t\t\t\t\t<div class=\"elementor-container elementor-column-gap-default\">\n\t\t\t\t\t<div class=\"elementor-column elementor-col-100 elementor-top-column elementor-element elementor-element-7e64645\" data-id=\"7e64645\" data-element_type=\"column\">\n\t\t\t<div class=\"elementor-widget-wrap elementor-element-populated\">\n\t\t\t\t\t\t<div class=\"elementor-element elementor-element-4b862bc elementor-widget-divider--view-line elementor-widget elementor-widget-divider\" data-id=\"4b862bc\" data-element_type=\"widget\" data-widget_type=\"divider.default\">\n\t\t\t\t<div class=\"elementor-widget-container\">\n\t\t\t\t\t<div class=\"elementor-divider\">\n\t\t\t<span class=\"elementor-divider-separator\">\n\t\t\t\t\t\t<\/span>\n\t\t<\/div>\n\t\t\t\t<\/div>\n\t\t\t\t<\/div>\n\t\t\t\t\t<\/div>\n\t\t<\/div>\n\t\t\t\t\t<\/div>\n\t\t<\/section>\n\t\t\t\t<section class=\"elementor-section elementor-top-section elementor-element elementor-element-f10635a elementor-section-boxed elementor-section-height-default elementor-section-height-default\" data-id=\"f10635a\" data-element_type=\"section\">\n\t\t\t\t\t\t<div class=\"elementor-container elementor-column-gap-default\">\n\t\t\t\t\t<div class=\"elementor-column elementor-col-100 elementor-top-column elementor-element elementor-element-83ec5bd\" data-id=\"83ec5bd\" data-element_type=\"column\">\n\t\t\t<div class=\"elementor-widget-wrap elementor-element-populated\">\n\t\t\t\t\t\t<div class=\"elementor-element elementor-element-b7d602f elementor-position-left elementor-vertical-align-top elementor-widget elementor-widget-image-box\" data-id=\"b7d602f\" data-element_type=\"widget\" data-widget_type=\"image-box.default\">\n\t\t\t\t<div class=\"elementor-widget-container\">\n\t\t\t<div class=\"elementor-image-box-wrapper\"><figure class=\"elementor-image-box-img\"><img decoding=\"async\" width=\"450\" height=\"600\" src=\"https:\/\/www.kwu-entsorgung.de\/wp-content\/uploads\/2019\/06\/Sortieren.png\" class=\"attachment-full size-full wp-image-773\" alt=\"Kinder Sortieren im Rahmen eines Spiels verschiedene Abfallarten\" srcset=\"https:\/\/www.kwu-entsorgung.de\/wp-content\/uploads\/2019\/06\/Sortieren.png 450w, https:\/\/www.kwu-entsorgung.de\/wp-content\/uploads\/2019\/06\/Sortieren-225x300.png 225w\" sizes=\"(max-width: 450px) 100vw, 450px\" \/><\/figure><div class=\"elementor-image-box-content\"><h4 class=\"elementor-image-box-title\">LOSi, der Abfalldetektiv<\/h4><p class=\"elementor-image-box-description\">Ein M\u00fcllsortierspiel - auf dem Boden werden verschiedene Abf\u00e4lle (nat\u00fcrlich nur saubere) ausgebreitet und die Kinder sortieren die Abf\u00e4lle in farbige M\u00fclleimer (bringen die Abfallberater mit). Als Belohnung f\u00fcr das richtige Sortieren winken kleine Preise.\n\n<\/p><\/div><\/div>\t\t<\/div>\n\t\t\t\t<\/div>\n\t\t\t\t\t<\/div>\n\t\t<\/div>\n\t\t\t\t\t<\/div>\n\t\t<\/section>\n\t\t\t\t<section class=\"elementor-section elementor-top-section elementor-element elementor-element-a13f4d0 elementor-section-boxed elementor-section-height-default elementor-section-height-default\" data-id=\"a13f4d0\" data-element_type=\"section\">\n\t\t\t\t\t\t<div class=\"elementor-container elementor-column-gap-default\">\n\t\t\t\t\t<div class=\"elementor-column elementor-col-100 elementor-top-column elementor-element elementor-element-079ae89\" data-id=\"079ae89\" data-element_type=\"column\">\n\t\t\t<div class=\"elementor-widget-wrap elementor-element-populated\">\n\t\t\t\t\t\t<div class=\"elementor-element elementor-element-e4d70a1 elementor-widget elementor-widget-alert\" data-id=\"e4d70a1\" data-element_type=\"widget\" data-widget_type=\"alert.default\">\n\t\t\t\t<div class=\"elementor-widget-container\">\n\t\t\t\t\t<div class=\"elementor-alert elementor-alert-warning\" role=\"alert\">\n\t\t\t<span class=\"elementor-alert-title\">Empfehlung:<\/span>\n\t\t\t\t\t\t\t<span class=\"elementor-alert-description\">Geeignet f\u00fcr Kinder ab f\u00fcnf Jahren. Projekt f\u00fcr eine Gruppe\/Klasse<\/span>\n\t\t\t\t\t\t\t\t<\/div>\n\t\t\t\t<\/div>\n\t\t\t\t<\/div>\n\t\t\t\t\t<\/div>\n\t\t<\/div>\n\t\t\t\t\t<\/div>\n\t\t<\/section>\n\t\t\t\t<section class=\"elementor-section elementor-top-section elementor-element elementor-element-bde88f9 elementor-section-boxed elementor-section-height-default elementor-section-height-default\" data-id=\"bde88f9\" data-element_type=\"section\">\n\t\t\t\t\t\t<div class=\"elementor-container elementor-column-gap-default\">\n\t\t\t\t\t<div class=\"elementor-column elementor-col-100 elementor-top-column elementor-element elementor-element-b27c2e0\" data-id=\"b27c2e0\" data-element_type=\"column\">\n\t\t\t<div class=\"elementor-widget-wrap elementor-element-populated\">\n\t\t\t\t\t\t<div class=\"elementor-element elementor-element-c0502f7 elementor-widget-divider--view-line elementor-widget elementor-widget-divider\" data-id=\"c0502f7\" data-element_type=\"widget\" data-widget_type=\"divider.default\">\n\t\t\t\t<div class=\"elementor-widget-container\">\n\t\t\t\t\t<div class=\"elementor-divider\">\n\t\t\t<span class=\"elementor-divider-separator\">\n\t\t\t\t\t\t<\/span>\n\t\t<\/div>\n\t\t\t\t<\/div>\n\t\t\t\t<\/div>\n\t\t\t\t\t<\/div>\n\t\t<\/div>\n\t\t\t\t\t<\/div>\n\t\t<\/section>\n\t\t\t\t<section class=\"elementor-section elementor-top-section elementor-element elementor-element-5dd2ae7 elementor-section-boxed elementor-section-height-default elementor-section-height-default\" data-id=\"5dd2ae7\" data-element_type=\"section\">\n\t\t\t\t\t\t<div class=\"elementor-container elementor-column-gap-default\">\n\t\t\t\t\t<div class=\"elementor-column elementor-col-100 elementor-top-column elementor-element elementor-element-1f42886\" data-id=\"1f42886\" data-element_type=\"column\">\n\t\t\t<div class=\"elementor-widget-wrap elementor-element-populated\">\n\t\t\t\t\t\t<div class=\"elementor-element elementor-element-2565fb8 elementor-position-left elementor-vertical-align-top elementor-widget elementor-widget-image-box\" data-id=\"2565fb8\" data-element_type=\"widget\" data-widget_type=\"image-box.default\">\n\t\t\t\t<div class=\"elementor-widget-container\">\n\t\t\t<div class=\"elementor-image-box-wrapper\"><figure class=\"elementor-image-box-img\"><img loading=\"lazy\" decoding=\"async\" width=\"424\" height=\"600\" src=\"https:\/\/www.kwu-entsorgung.de\/wp-content\/uploads\/2019\/06\/csm_Bioheft_Titelseite_168fdc1e50.gif\" class=\"attachment-full size-full wp-image-774\" alt=\"Titelblatt des Lernheftes \u00fcber Biom\u00fcll des KWU-Entsorgung\" \/><\/figure><div class=\"elementor-image-box-content\"><h4 class=\"elementor-image-box-title\">So geht das mit dem Biom\u00fcll - Unterrichtsideen zur Bioabfallsammlung<\/h4><p class=\"elementor-image-box-description\">\n\nDas Arbeits- und Aufgabenheft ist sofort im Unterricht in der dritten und vierten Klasse einsetzbar. Es enth\u00e4lt komplett ausgearbeitete Aufgabenstellungen und Arbeitsbl\u00e4tter f\u00fcr Einzel- und Gruppenarbeiten, Texte, Malvorlagen und R\u00e4tsel. Die Kinder k\u00f6nnen zu Hause und in der Schule auch selbst auf Spurensuche gehen und eigene Ideen entwickeln, wie man Biom\u00fcll am besten sortieren und entsorgen kann.\n\nDas Arbeits- und Aufgabenheft ist als gedruckte Ausgabe im Klassensatz bei uns erh\u00e4ltlich. \n\n\n<\/p><\/div><\/div>\t\t<\/div>\n\t\t\t\t<\/div>\n\t\t\t\t<div class=\"elementor-element elementor-element-3106c0c elementor-widget elementor-widget-alert\" data-id=\"3106c0c\" data-element_type=\"widget\" data-widget_type=\"alert.default\">\n\t\t\t\t<div class=\"elementor-widget-container\">\n\t\t\t\t\t<div class=\"elementor-alert elementor-alert-warning\" role=\"alert\">\n\t\t\t<span class=\"elementor-alert-title\">Empfehlung:<\/span>\n\t\t\t\t\t\t\t<span class=\"elementor-alert-description\">Geeignet f\u00fcr Sch\u00fclerinnen und Sch\u00fcler ab der dritten Klasse. Projekt f\u00fcr eine Gruppe\/Klasse.\n<\/span>\n\t\t\t\t\t\t\t\t<\/div>\n\t\t\t\t<\/div>\n\t\t\t\t<\/div>\n\t\t\t\t<div class=\"elementor-element elementor-element-bc1df04 elementor-widget-divider--view-line elementor-widget elementor-widget-divider\" data-id=\"bc1df04\" data-element_type=\"widget\" data-widget_type=\"divider.default\">\n\t\t\t\t<div class=\"elementor-widget-container\">\n\t\t\t\t\t<div class=\"elementor-divider\">\n\t\t\t<span class=\"elementor-divider-separator\">\n\t\t\t\t\t\t<\/span>\n\t\t<\/div>\n\t\t\t\t<\/div>\n\t\t\t\t<\/div>\n\t\t\t\t\t<\/div>\n\t\t<\/div>\n\t\t\t\t\t<\/div>\n\t\t<\/section>\n\t\t\t\t<section class=\"elementor-section elementor-top-section elementor-element elementor-element-650fd12 elementor-section-boxed elementor-section-height-default elementor-section-height-default\" data-id=\"650fd12\" data-element_type=\"section\">\n\t\t\t\t\t\t<div class=\"elementor-container elementor-column-gap-default\">\n\t\t\t\t\t<div class=\"elementor-column elementor-col-100 elementor-top-column elementor-element elementor-element-f62ac14\" data-id=\"f62ac14\" data-element_type=\"column\">\n\t\t\t<div class=\"elementor-widget-wrap elementor-element-populated\">\n\t\t\t\t\t\t<div class=\"elementor-element elementor-element-2559d07 elementor-position-left elementor-vertical-align-top elementor-widget elementor-widget-image-box\" data-id=\"2559d07\" data-element_type=\"widget\" data-widget_type=\"image-box.default\">\n\t\t\t\t<div class=\"elementor-widget-container\">\n\t\t\t<div class=\"elementor-image-box-wrapper\"><figure class=\"elementor-image-box-img\"><img loading=\"lazy\" decoding=\"async\" width=\"787\" height=\"1048\" src=\"https:\/\/www.kwu-entsorgung.de\/wp-content\/uploads\/2022\/08\/Umweltpaedagogik_Seedballs.jpg\" class=\"attachment-full size-full wp-image-9072\" alt=\"\" srcset=\"https:\/\/www.kwu-entsorgung.de\/wp-content\/uploads\/2022\/08\/Umweltpaedagogik_Seedballs.jpg 787w, https:\/\/www.kwu-entsorgung.de\/wp-content\/uploads\/2022\/08\/Umweltpaedagogik_Seedballs-225x300.jpg 225w, https:\/\/www.kwu-entsorgung.de\/wp-content\/uploads\/2022\/08\/Umweltpaedagogik_Seedballs-769x1024.jpg 769w, https:\/\/www.kwu-entsorgung.de\/wp-content\/uploads\/2022\/08\/Umweltpaedagogik_Seedballs-768x1023.jpg 768w\" sizes=\"(max-width: 787px) 100vw, 787px\" \/><\/figure><div class=\"elementor-image-box-content\"><h4 class=\"elementor-image-box-title\">Nachhaltiges Basteln - Samenkugeln selber machen<\/h4><p class=\"elementor-image-box-description\">\n\nSamenkugeln lassen sich auf einfache Weise selbst herstellen. Die Abfallberater bringen Blumensamen und Lehmpulver mit. Gartenerde sollte von der Schule oder der Kita zur Verf\u00fcgung gestellt werden. Die fertigen Samenkugeln sind dann beispielsweise f\u00fcr Aktionen im Schulgarten nutzbar oder k\u00f6nnen \u2013 sch\u00f6n verpackt \u2013 von den Kindern weiterverschenkt werden. \n\n\n<\/p><\/div><\/div>\t\t<\/div>\n\t\t\t\t<\/div>\n\t\t\t\t\t<\/div>\n\t\t<\/div>\n\t\t\t\t\t<\/div>\n\t\t<\/section>\n\t\t\t\t<section class=\"elementor-section elementor-top-section elementor-element elementor-element-51a9c92 elementor-section-boxed elementor-section-height-default elementor-section-height-default\" data-id=\"51a9c92\" data-element_type=\"section\">\n\t\t\t\t\t\t<div class=\"elementor-container elementor-column-gap-default\">\n\t\t\t\t\t<div class=\"elementor-column elementor-col-100 elementor-top-column elementor-element elementor-element-35ed0ae\" data-id=\"35ed0ae\" data-element_type=\"column\">\n\t\t\t<div class=\"elementor-widget-wrap elementor-element-populated\">\n\t\t\t\t\t\t<div class=\"elementor-element elementor-element-b50d4d5 elementor-widget elementor-widget-alert\" data-id=\"b50d4d5\" data-element_type=\"widget\" data-widget_type=\"alert.default\">\n\t\t\t\t<div class=\"elementor-widget-container\">\n\t\t\t\t\t<div class=\"elementor-alert elementor-alert-warning\" role=\"alert\">\n\t\t\t<span class=\"elementor-alert-title\">Empfehlung:<\/span>\n\t\t\t\t\t\t\t<span class=\"elementor-alert-description\">Geeignet f\u00fcr Kinder ab f\u00fcnf Jahren. Projekt f\u00fcr eine Gruppe\/Klasse.\n<\/span>\n\t\t\t\t\t\t\t\t<\/div>\n\t\t\t\t<\/div>\n\t\t\t\t<\/div>\n\t\t\t\t\t<\/div>\n\t\t<\/div>\n\t\t\t\t\t<\/div>\n\t\t<\/section>\n\t\t\t\t<section class=\"elementor-section elementor-top-section elementor-element elementor-element-f3c1bb9 elementor-section-boxed elementor-section-height-default elementor-section-height-default\" data-id=\"f3c1bb9\" data-element_type=\"section\">\n\t\t\t\t\t\t<div class=\"elementor-container elementor-column-gap-default\">\n\t\t\t\t\t<div class=\"elementor-column elementor-col-100 elementor-top-column elementor-element elementor-element-81703bd\" data-id=\"81703bd\" data-element_type=\"column\">\n\t\t\t<div class=\"elementor-widget-wrap elementor-element-populated\">\n\t\t\t\t\t\t<div class=\"elementor-element elementor-element-bffc33a elementor-widget-divider--view-line elementor-widget elementor-widget-divider\" data-id=\"bffc33a\" data-element_type=\"widget\" data-widget_type=\"divider.default\">\n\t\t\t\t<div class=\"elementor-widget-container\">\n\t\t\t\t\t<div class=\"elementor-divider\">\n\t\t\t<span class=\"elementor-divider-separator\">\n\t\t\t\t\t\t<\/span>\n\t\t<\/div>\n\t\t\t\t<\/div>\n\t\t\t\t<\/div>\n\t\t\t\t\t<\/div>\n\t\t<\/div>\n\t\t\t\t\t<\/div>\n\t\t<\/section>\n\t\t\t\t<section class=\"elementor-section elementor-top-section elementor-element elementor-element-8034092 elementor-section-boxed elementor-section-height-default elementor-section-height-default\" data-id=\"8034092\" data-element_type=\"section\">\n\t\t\t\t\t\t<div class=\"elementor-container elementor-column-gap-default\">\n\t\t\t\t\t<div class=\"elementor-column elementor-col-100 elementor-top-column elementor-element elementor-element-d15f5df\" data-id=\"d15f5df\" data-element_type=\"column\">\n\t\t\t<div class=\"elementor-widget-wrap elementor-element-populated\">\n\t\t\t\t\t\t<div class=\"elementor-element elementor-element-f8d9d0d elementor-widget elementor-widget-alert\" data-id=\"f8d9d0d\" data-element_type=\"widget\" data-widget_type=\"alert.default\">\n\t\t\t\t<div class=\"elementor-widget-container\">\n\t\t\t\t\t<div class=\"elementor-alert elementor-alert-danger\" role=\"alert\">\n\t\t\t<span class=\"elementor-alert-title\">Kontakt \u00d6ffentlichkeitsarbeit<\/span>\n\t\t\t\t\t\t\t<span class=\"elementor-alert-description\">Sie k\u00f6nnen sich telefonisch, schriftlich oder pers\u00f6nlich mit Fragen zur Abfallwirtschaft im Landkreis Oder-Spree und speziell zu den obenstehenden Angeboten an den Abfallberater wenden.<br>\n\nIhr\/e Ansprechpartner\/in ist:<br>\n\nFrau Polster:\nTel.: 03361 7743-52\nMail: mpolster(at)kwu-entsorgung.de<br>\n\nHerr Frank:\nTel.: 03361 7743-45, \nMail: bfrank(at)kwu-entsorgung.de<\/span>\n\t\t\t\t\t\t\t\t<\/div>\n\t\t\t\t<\/div>\n\t\t\t\t<\/div>\n\t\t\t\t\t<\/div>\n\t\t<\/div>\n\t\t\t\t\t<\/div>\n\t\t<\/section>\n\t\t\t\t<\/div>\n\t\t","protected":false},"excerpt":{"rendered":"<p>Die Abfallberatung des KWU-Entsorgung bietet f\u00fcr Kinderg\u00e4rten, Grundschulen und Horteinrichtungen umfangreiche Informationen und Aktionen zu den Themen Abfallvermeidung, Verwertung und Kompostierung an. Schauen Sie bitte auch auf unsere Seiten Tipps f\u00fcr Kids und KWU Mini Movies. Nachstehende Angebote der Abfallberatung k\u00f6nnen nach vorheriger Abstimmung kostenfrei in Anspruch genommen werden: Stoffbeutel bemalen Die Abfallberatung bringt Stoffmalfarben&#8230;<\/p>\n","protected":false},"author":2,"featured_media":0,"parent":0,"menu_order":0,"comment_status":"closed","ping_status":"closed","template":"","meta":{"footnotes":""},"publishpress_future_action":{"enabled":false,"date":"2026-05-22 16:17:11","action":"change-status","newStatus":"draft","terms":[],"taxonomy":""},"_links":{"self":[{"href":"https:\/\/www.kwu-entsorgung.de\/index.php?rest_route=\/wp\/v2\/pages\/710"}],"collection":[{"href":"https:\/\/www.kwu-entsorgung.de\/index.php?rest_route=\/wp\/v2\/pages"}],"about":[{"href":"https:\/\/www.kwu-entsorgung.de\/index.php?rest_route=\/wp\/v2\/types\/page"}],"author":[{"embeddable":true,"href":"https:\/\/www.kwu-entsorgung.de\/index.php?rest_route=\/wp\/v2\/users\/2"}],"replies":[{"embeddable":true,"href":"https:\/\/www.kwu-entsorgung.de\/index.php?rest_route=%2Fwp%2Fv2%2Fcomments&post=710"}],"version-history":[{"count":108,"href":"https:\/\/www.kwu-entsorgung.de\/index.php?rest_route=\/wp\/v2\/pages\/710\/revisions"}],"predecessor-version":[{"id":9311,"href":"https:\/\/www.kwu-entsorgung.de\/index.php?rest_route=\/wp\/v2\/pages\/710\/revisions\/9311"}],"wp:attachment":[{"href":"https:\/\/www.kwu-entsorgung.de\/index.php?rest_route=%2Fwp%2Fv2%2Fmedia&parent=710"}],"curies":[{"name":"wp","href":"https:\/\/api.w.org\/{rel}","templated":true}]}}