{"id":6190,"date":"2021-04-15T14:25:03","date_gmt":"2021-04-15T12:25:03","guid":{"rendered":"https:\/\/www.kwu-entsorgung.de\/?page_id=6190"},"modified":"2025-01-24T14:27:36","modified_gmt":"2025-01-24T13:27:36","slug":"tipps-fuer-kids","status":"publish","type":"page","link":"https:\/\/www.kwu-entsorgung.de\/?page_id=6190","title":{"rendered":"Tipps f\u00fcr Kids"},"content":{"rendered":"\t\t<div data-elementor-type=\"wp-post\" data-elementor-id=\"6190\" class=\"elementor elementor-6190\">\n\t\t\t\t\t\t<section class=\"elementor-section elementor-top-section elementor-element elementor-element-4465fcc elementor-section-boxed elementor-section-height-default elementor-section-height-default\" data-id=\"4465fcc\" data-element_type=\"section\">\n\t\t\t\t\t\t<div class=\"elementor-container elementor-column-gap-default\">\n\t\t\t\t\t<div class=\"elementor-column elementor-col-100 elementor-top-column elementor-element elementor-element-5287c37\" data-id=\"5287c37\" data-element_type=\"column\">\n\t\t\t<div class=\"elementor-widget-wrap elementor-element-populated\">\n\t\t\t\t\t\t<div class=\"elementor-element elementor-element-4e7c00c elementor-widget elementor-widget-image\" data-id=\"4e7c00c\" data-element_type=\"widget\" data-widget_type=\"image.default\">\n\t\t\t\t<div class=\"elementor-widget-container\">\n\t\t\t\t\t\t\t\t\t\t\t\t\t<img fetchpriority=\"high\" decoding=\"async\" width=\"640\" height=\"480\" src=\"https:\/\/www.kwu-entsorgung.de\/wp-content\/uploads\/2021\/04\/Schmetterling_Lisa-768x576.jpg\" class=\"attachment-medium_large size-medium_large wp-image-6285\" alt=\"\" srcset=\"https:\/\/www.kwu-entsorgung.de\/wp-content\/uploads\/2021\/04\/Schmetterling_Lisa-768x576.jpg 768w, https:\/\/www.kwu-entsorgung.de\/wp-content\/uploads\/2021\/04\/Schmetterling_Lisa-300x225.jpg 300w, https:\/\/www.kwu-entsorgung.de\/wp-content\/uploads\/2021\/04\/Schmetterling_Lisa.jpg 1024w\" sizes=\"(max-width: 640px) 100vw, 640px\" \/>\t\t\t\t\t\t\t\t\t\t\t\t\t<\/div>\n\t\t\t\t<\/div>\n\t\t\t\t<div class=\"elementor-element elementor-element-ea3d09f elementor-widget elementor-widget-text-editor\" data-id=\"ea3d09f\" data-element_type=\"widget\" data-widget_type=\"text-editor.default\">\n\t\t\t\t<div class=\"elementor-widget-container\">\n\t\t\t\t\t\t\t<p style=\"text-align: left;\">Wie kann man aus alten Dingen neue Sachen machen? Was verbirgt sich hinter den f\u00fcnf Stufen der Abfallpyramide? Wo stehen Fakten zum Thema M\u00fcll kinderleicht erkl\u00e4rt?<\/p><p style=\"text-align: left;\">Mehr dazu erf\u00e4hrst du hier &#8230;\u200b<\/p>\t\t\t\t\t\t<\/div>\n\t\t\t\t<\/div>\n\t\t\t\t\t<\/div>\n\t\t<\/div>\n\t\t\t\t\t<\/div>\n\t\t<\/section>\n\t\t\t\t<section class=\"elementor-section elementor-top-section elementor-element elementor-element-f498773 elementor-section-boxed elementor-section-height-default elementor-section-height-default\" data-id=\"f498773\" data-element_type=\"section\">\n\t\t\t\t\t\t<div class=\"elementor-container elementor-column-gap-default\">\n\t\t\t\t\t<div class=\"elementor-column elementor-col-100 elementor-top-column elementor-element elementor-element-d9b0291\" data-id=\"d9b0291\" data-element_type=\"column\">\n\t\t\t<div class=\"elementor-widget-wrap elementor-element-populated\">\n\t\t\t\t\t\t<div class=\"elementor-element elementor-element-0ca6c9c elementor-widget elementor-widget-heading\" data-id=\"0ca6c9c\" data-element_type=\"widget\" data-widget_type=\"heading.default\">\n\t\t\t\t<div class=\"elementor-widget-container\">\n\t\t\t<h5 class=\"elementor-heading-title elementor-size-default\">Bastelideen zur Abfallvermeidung<\/h5>\t\t<\/div>\n\t\t\t\t<\/div>\n\t\t\t\t<div class=\"elementor-element elementor-element-8794c60 elementor-widget elementor-widget-toggle\" data-id=\"8794c60\" data-element_type=\"widget\" data-widget_type=\"toggle.default\">\n\t\t\t\t<div class=\"elementor-widget-container\">\n\t\t\t\t\t<div class=\"elementor-toggle\">\n\t\t\t\t\t\t\t<div class=\"elementor-toggle-item\">\n\t\t\t\t\t<div id=\"elementor-tab-title-1421\" class=\"elementor-tab-title\" data-tab=\"1\" role=\"button\" aria-controls=\"elementor-tab-content-1421\" aria-expanded=\"false\">\n\t\t\t\t\t\t\t\t\t\t\t\t<span class=\"elementor-toggle-icon elementor-toggle-icon-left\" aria-hidden=\"true\">\n\t\t\t\t\t\t\t\t\t\t\t\t\t\t\t<span class=\"elementor-toggle-icon-closed\"><i class=\"fas fa-caret-right\"><\/i><\/span>\n\t\t\t\t\t\t\t\t<span class=\"elementor-toggle-icon-opened\"><i class=\"elementor-toggle-icon-opened fas fa-caret-up\"><\/i><\/span>\n\t\t\t\t\t\t\t\t\t\t\t\t\t<\/span>\n\t\t\t\t\t\t\t\t\t\t\t\t<a class=\"elementor-toggle-title\" tabindex=\"0\">Vom alten T-Shirt zur Einkaufstasche<\/a>\n\t\t\t\t\t<\/div>\n\n\t\t\t\t\t<div id=\"elementor-tab-content-1421\" class=\"elementor-tab-content elementor-clearfix\" data-tab=\"1\" role=\"region\" aria-labelledby=\"elementor-tab-title-1421\"><p>Bevor du deine alten T-Shirts in den Altkleidercontainer gibst, \u00fcberlegt doch mal, ob sich daraus nicht noch etwas Neues machen l\u00e4sst. Hier ist eine einfache Anleitung, wie man ein altes T-Shirt in einen praktischen Einkaufsbeutel verwandeln kann.<\/p><p><strong>Das brauchst du daf\u00fcr:<\/strong><\/p><ul><li>eine Schere<\/li><li>ein Lineal<\/li><li>und nat\u00fcrlich ein altes T-Shirt (ohne L\u00f6cher)<\/li><\/ul><p><strong>So gehst du Schritt f\u00fcr Schritt vor:<\/strong><\/p><p><img decoding=\"async\" src=\"https:\/\/www.kwu-entsorgung.de\/wp-content\/uploads\/2021\/04\/Einkaufsbeutel_Schritt-1.jpg\" \/><\/p><p><strong>Schritt 1:<\/strong> Mit der Schere entlang des Ausschnitts des T-Shirts schneiden und den Kragen entfernen. Auf beiden Seiten die \u00c4rmel entlang der Naht abschneiden, sodass eine Art Tanktop entsteht.<\/p><p><img decoding=\"async\" src=\"https:\/\/www.kwu-entsorgung.de\/wp-content\/uploads\/2021\/04\/Einkaufsbeutel_Schritt-2.jpg\" \/><\/p><p><strong>Schritt 2:<\/strong> Den unteren Teil des T-Shirts gleichm\u00e4\u00dfig einschneiden. Dazu den Stoff etwa 10 bis 12 Zentimeter von unten nach oben einschneiden und mit einem Zentimeter Abstand den n\u00e4chsten Schnitt ansetzen. Wiederholen, bis das gesamte T-Shirt unten eingeschnitten ist und viele kleine Streifen entstehen.<\/p><p><img decoding=\"async\" src=\"https:\/\/www.kwu-entsorgung.de\/wp-content\/uploads\/2021\/04\/Einkaufsbeutel_Schritt-3.jpg\" \/><\/p><p><strong>Schritt 3:<\/strong> Jeden Streifen einzeln in die L\u00e4nge ziehen, jedoch nur so stark, dass er nicht abrei\u00dft. Nun die beiden jeweils aufeinanderliegenden Streifen mit einem Doppelknoten fest verknoten.<\/p><p><img decoding=\"async\" src=\"https:\/\/www.kwu-entsorgung.de\/wp-content\/uploads\/2021\/04\/Einkaufsbeutel_Schritt-4.jpg\" \/><\/p><p><strong>Schritt 4:<\/strong> Fertig ist die selbst gemachte Einkaufstasche!<\/p><\/div>\n\t\t\t\t<\/div>\n\t\t\t\t\t\t\t<div class=\"elementor-toggle-item\">\n\t\t\t\t\t<div id=\"elementor-tab-title-1422\" class=\"elementor-tab-title\" data-tab=\"2\" role=\"button\" aria-controls=\"elementor-tab-content-1422\" aria-expanded=\"false\">\n\t\t\t\t\t\t\t\t\t\t\t\t<span class=\"elementor-toggle-icon elementor-toggle-icon-left\" aria-hidden=\"true\">\n\t\t\t\t\t\t\t\t\t\t\t\t\t\t\t<span class=\"elementor-toggle-icon-closed\"><i class=\"fas fa-caret-right\"><\/i><\/span>\n\t\t\t\t\t\t\t\t<span class=\"elementor-toggle-icon-opened\"><i class=\"elementor-toggle-icon-opened fas fa-caret-up\"><\/i><\/span>\n\t\t\t\t\t\t\t\t\t\t\t\t\t<\/span>\n\t\t\t\t\t\t\t\t\t\t\t\t<a class=\"elementor-toggle-title\" tabindex=\"0\">Aus Zeitungspapier Geschenkband machen<\/a>\n\t\t\t\t\t<\/div>\n\n\t\t\t\t\t<div id=\"elementor-tab-content-1422\" class=\"elementor-tab-content elementor-clearfix\" data-tab=\"2\" role=\"region\" aria-labelledby=\"elementor-tab-title-1422\"><p>Aus altem Zeitungspapier kannst du ganz einfach sch\u00f6nes Recycling-Papiergarn herstellen. Damit lassen sich Geschenke umwickeln. Manche schaffen es auch, damit zu h\u00e4keln oder zu stricken.<\/p><p><strong>Das brauchst du daf\u00fcr:<\/strong><\/p><ul><li>Zeitungspapier<\/li><li>Schere<\/li><\/ul><p><strong>So gehst du Schritt f\u00fcr Schritt vor:<\/strong><\/p><p>\u00a0<\/p><p><img decoding=\"async\" src=\"https:\/\/www.kwu-entsorgung.de\/wp-content\/uploads\/2021\/04\/Geschenkband_Schritt-1.jpg\" \/><\/p><p><strong>Schritt 1:<\/strong> Falte eine Zeitungsseite zweimal in der gleichen Richtung, sodass ein l\u00e4ngliches Rechteck mit vier Lagen entsteht.<\/p><p>\u00a0<\/p><p><img decoding=\"async\" src=\"https:\/\/www.kwu-entsorgung.de\/wp-content\/uploads\/2021\/04\/Geschenkband-Schritt-2.jpg\" \/><\/p><p><strong>Schritt 2:<\/strong> Jetzt schneide die gefaltete Zeitung quer zur Schrift mit der Schere in circa ein Zentimeter schmale Streifen.<\/p><p>\u00a0<\/p><p><img decoding=\"async\" src=\"https:\/\/www.kwu-entsorgung.de\/wp-content\/uploads\/2021\/04\/Geschenkband-Schritt-3.jpg\" \/><\/p><p><strong>Schritt 3:<\/strong> Einen von diesen langen Papierstreifen drehst du nun zwischen Daumen und Zeigefinger zu einem d\u00fcnnen Faden. Wichtig dabei ist: immer in die gleiche Richtung drehen. Damit es einfacher geht, kannst du den Anfang des gezwirbelten Fadens fixieren, zum Beispiel zwischen zwei Tischkanten.<\/p><p>\u00a0<\/p><p><img decoding=\"async\" src=\"https:\/\/www.kwu-entsorgung.de\/wp-content\/uploads\/2021\/04\/Geschenkband-Schritt-4.jpg\" \/><\/p><p><strong>Schritt 4:<\/strong> Damit du ein l\u00e4ngeres Geschenkband erh\u00e4ltst, kannst du die einzelnen Papierf\u00e4den miteinander verbinden. Dabei nimmst du das noch nicht verdrehte Ende eines Fadens und verzwirbelst es mit dem Anfang eines neuen Papierstreifens.<\/p><p>Wenn es dir gef\u00e4llt, kannst du auch die einzelnen bereits verdrehten Papierf\u00e4den miteinander verknoten.<\/p><p>\u00a0<\/p><p><img decoding=\"async\" src=\"https:\/\/www.kwu-entsorgung.de\/wp-content\/uploads\/2021\/04\/Geschenkband-Schritt-5.jpg\" \/><\/p><p><strong>Schritt 5:<\/strong> Schlie\u00dflich rollst du das entstandene &#8222;Papiergarn&#8220; auf. Daf\u00fcr eignet sich zum Beispiel ein Bleistift. Nun kannst du das Geschenkband nach Bedarf verwenden.<\/p><p>\u00a0<\/p><\/div>\n\t\t\t\t<\/div>\n\t\t\t\t\t\t\t<div class=\"elementor-toggle-item\">\n\t\t\t\t\t<div id=\"elementor-tab-title-1423\" class=\"elementor-tab-title\" data-tab=\"3\" role=\"button\" aria-controls=\"elementor-tab-content-1423\" aria-expanded=\"false\">\n\t\t\t\t\t\t\t\t\t\t\t\t<span class=\"elementor-toggle-icon elementor-toggle-icon-left\" aria-hidden=\"true\">\n\t\t\t\t\t\t\t\t\t\t\t\t\t\t\t<span class=\"elementor-toggle-icon-closed\"><i class=\"fas fa-caret-right\"><\/i><\/span>\n\t\t\t\t\t\t\t\t<span class=\"elementor-toggle-icon-opened\"><i class=\"elementor-toggle-icon-opened fas fa-caret-up\"><\/i><\/span>\n\t\t\t\t\t\t\t\t\t\t\t\t\t<\/span>\n\t\t\t\t\t\t\t\t\t\t\t\t<a class=\"elementor-toggle-title\" tabindex=\"0\">Vom Tetra Pak zum Blumen\u00fcbertopf oder Beh\u00e4lter f\u00fcr Stifte und andere Dinge<\/a>\n\t\t\t\t\t<\/div>\n\n\t\t\t\t\t<div id=\"elementor-tab-content-1423\" class=\"elementor-tab-content elementor-clearfix\" data-tab=\"3\" role=\"region\" aria-labelledby=\"elementor-tab-title-1423\"><p>Tetra Pak-Getr\u00e4nkekartons kennt jeder. Die praktischen Beh\u00e4lter f\u00fcr Milch oder Saft kommen nach dem Gebrauch in den Gelben Sack. Wer seinen leeren Getr\u00e4nkekarton jedoch nicht wegwerfen, sondern aus ihm noch ein sch\u00f6nes Geschenk machen will, kann sich hier eine Anregung holen.<\/p><p><strong>Das brauchst du daf\u00fcr:<\/strong><\/p><ul><li>einen leeren Getr\u00e4nkekarton<\/li><li>Schere<\/li><li>etwas Sp\u00fclmittel<\/li><li>ein Geschirrtuch<\/li><li>Bunt- oder Filzstifte zum Bemalen<\/li><li>Garn oder Geschenkband zum Verzieren<\/li><\/ul><p><strong>So gehst du Schritt f\u00fcr Schritt vor:<\/strong><\/p><p><img decoding=\"async\" src=\"https:\/\/www.kwu-entsorgung.de\/wp-content\/uploads\/2021\/05\/Tetra-Pak_Schritt-1.jpg\" \/><\/p><p><strong>Schritt 1: <\/strong>Dr\u00fccke den leeren Getr\u00e4nkekarton platt.<\/p><p>\u00a0<\/p><p><img decoding=\"async\" src=\"https:\/\/www.kwu-entsorgung.de\/wp-content\/uploads\/2021\/05\/Tetra-Pak_Schritt-2.jpg\" \/><\/p><p><strong>Schritt 2: <\/strong>Dann schneide oben etwa 10 bis 15 cm ab.<\/p><p>\u00a0<\/p><p><img decoding=\"async\" src=\"https:\/\/www.kwu-entsorgung.de\/wp-content\/uploads\/2021\/05\/Tetra-Pak_Schritt-3.jpg\" \/><\/p><p><strong>Schritt 3: <\/strong>Reinige den offenen Karton mit etwas Wasser und Sp\u00fclmittel und trockne ihn mit einem Geschirrtuch gut ab.<\/p><p>\u00a0<\/p><p><img decoding=\"async\" src=\"https:\/\/www.kwu-entsorgung.de\/wp-content\/uploads\/2021\/05\/Tetra-Pak_Schritt-4.jpg\" \/><\/p><p><strong>Schritt 4:<\/strong> Damit sich die \u00e4u\u00dfere Beschichtung sp\u00e4er gut abl\u00f6st, quetsche und dr\u00fccke den Karton zusammen, damit er weich wird. Wenn dir das schwerf\u00e4llt, frage deine Eltern, ob sie dir dabei helfen k\u00f6nnen.<\/p><p>\u00a0<\/p><p><img decoding=\"async\" src=\"https:\/\/www.kwu-entsorgung.de\/wp-content\/uploads\/2021\/05\/Tetra-Pak_Schritt-5.jpg\" \/><\/p><p><strong>Schritt 5: <\/strong>Jetzt suche auf dem Karton die Nahtstelle und l\u00f6se vorsichtig die bedruckte Beschichtung St\u00fcck f\u00fcr St\u00fcck ab. Daf\u00fcr brauchst du etwas Geduld.<\/p><p>\u00a0<\/p><p><img decoding=\"async\" src=\"https:\/\/www.kwu-entsorgung.de\/wp-content\/uploads\/2021\/05\/Tetra-Pak_Schritt-6.jpg\" \/><\/p><p><strong>Schritt 6:\u00a0<\/strong>Anschlie\u00dfend klappst du den oberen Rand ein- oder zweimal nach au\u00dfen um.<\/p><p>\u00a0<\/p><p><img decoding=\"async\" src=\"https:\/\/www.kwu-entsorgung.de\/wp-content\/uploads\/2021\/05\/Tetra-Pak_Schritt-7.jpg\" \/><\/p><p><strong>Schritt 7:<\/strong> Wenn du m\u00f6chtest, kannst du nun mit Bunt- oder Filzstiften ein kleines Bild, Ornamente oder einen witzigen Spruch auf den Karton malen. Das Verzieren mit Garn, Geschenkband oder Aufklebern ist auch m\u00f6glich. Deiner Phantasie sind keine Grenzen gesetzt.<\/p><p>\u00a0<\/p><p><img decoding=\"async\" src=\"https:\/\/www.kwu-entsorgung.de\/wp-content\/uploads\/2021\/05\/Tetra-Pak_Schritt-8.jpg\" \/><\/p><p><strong>Schritt 8:<\/strong> Fertig ist der Blumen\u00fcbertopf, der Stiftehalter, der Zahnb\u00fcrstenbecher usw. usf..<\/p><p>\u00a0<\/p><\/div>\n\t\t\t\t<\/div>\n\t\t\t\t\t\t\t\t<\/div>\n\t\t\t\t<\/div>\n\t\t\t\t<\/div>\n\t\t\t\t\t<\/div>\n\t\t<\/div>\n\t\t\t\t\t<\/div>\n\t\t<\/section>\n\t\t\t\t<section class=\"elementor-section elementor-top-section elementor-element elementor-element-d28089f elementor-section-boxed elementor-section-height-default elementor-section-height-default\" data-id=\"d28089f\" data-element_type=\"section\">\n\t\t\t\t\t\t<div class=\"elementor-container elementor-column-gap-default\">\n\t\t\t\t\t<div class=\"elementor-column elementor-col-100 elementor-top-column elementor-element elementor-element-4f770a9\" data-id=\"4f770a9\" data-element_type=\"column\">\n\t\t\t<div class=\"elementor-widget-wrap elementor-element-populated\">\n\t\t\t\t\t\t<div class=\"elementor-element elementor-element-078d133 elementor-widget elementor-widget-heading\" data-id=\"078d133\" data-element_type=\"widget\" data-widget_type=\"heading.default\">\n\t\t\t\t<div class=\"elementor-widget-container\">\n\t\t\t<h5 class=\"elementor-heading-title elementor-size-default\">Hier gibt's noch mehr f\u00fcr dich ...<\/h5>\t\t<\/div>\n\t\t\t\t<\/div>\n\t\t\t\t<div class=\"elementor-element elementor-element-7bee1f5 elementor-widget elementor-widget-toggle\" data-id=\"7bee1f5\" data-element_type=\"widget\" data-widget_type=\"toggle.default\">\n\t\t\t\t<div class=\"elementor-widget-container\">\n\t\t\t\t\t<div class=\"elementor-toggle\">\n\t\t\t\t\t\t\t<div class=\"elementor-toggle-item\">\n\t\t\t\t\t<div id=\"elementor-tab-title-1291\" class=\"elementor-tab-title\" data-tab=\"1\" role=\"button\" aria-controls=\"elementor-tab-content-1291\" aria-expanded=\"false\">\n\t\t\t\t\t\t\t\t\t\t\t\t<span class=\"elementor-toggle-icon elementor-toggle-icon-left\" aria-hidden=\"true\">\n\t\t\t\t\t\t\t\t\t\t\t\t\t\t\t<span class=\"elementor-toggle-icon-closed\"><i class=\"fas fa-caret-right\"><\/i><\/span>\n\t\t\t\t\t\t\t\t<span class=\"elementor-toggle-icon-opened\"><i class=\"elementor-toggle-icon-opened fas fa-caret-up\"><\/i><\/span>\n\t\t\t\t\t\t\t\t\t\t\t\t\t<\/span>\n\t\t\t\t\t\t\t\t\t\t\t\t<a class=\"elementor-toggle-title\" tabindex=\"0\">Kinderseite des Umweltministeriums<\/a>\n\t\t\t\t\t<\/div>\n\n\t\t\t\t\t<div id=\"elementor-tab-content-1291\" class=\"elementor-tab-content elementor-clearfix\" data-tab=\"1\" role=\"region\" aria-labelledby=\"elementor-tab-title-1291\"><p>Auf\u00a0 der <a href=\"https:\/\/www.bmu-kids.de\/\">Kinderseite des Umweltministeriums<\/a> findest du eine Menge Tipps zur Abfallvermeidung, interessante Neuigkeiten rund um den Umweltschutz, sch\u00f6ne Malvorlagen, tolle Exmperimente und vieles mehr &#8230;<\/p><ul><li><a href=\"https:\/\/www.bmuv.de\/kids\/details\/9-tipps-zur-abfallvermeidung-im-alltag\">Neun Tipps zur Abfallvermeidung im Alltag<\/a><\/li><li><a href=\"https:\/\/www.bmuv.de\/kids\/details\/abfallpyramide\">F\u00fcnf Stufen der Abfallpyramide<\/a><\/li><li><a href=\"https:\/\/www.bmuv.de\/kids\/selbermachen\">Selbermachen<\/a><\/li><\/ul><figure style=\"width: 991px\" class=\"wp-caption aligncenter\"><a href=\"https:\/\/www.bmu-kids.de\/wissen\/boden-und-wasser\/abfall\/abfallpyramide\/\" target=\"_blank\" rel=\"https:\/\/www.bmu-kids.de\/wissen\/boden-und-wasser\/abfall\/abfallpyramide\/ noopener\"><img decoding=\"async\" src=\"https:\/\/www.kwu-entsorgung.de\/wp-content\/uploads\/2021\/04\/BMU-Kinderseite_Tipps-zur-Abfallvermeidung.jpg\" alt=\"9 Tipps zur Abfallvermeidung im Alltag\" width=\"991\" height=\"727\" \/><\/a><figcaption class=\"wp-caption-text\">BMU Kinderseite<\/figcaption><\/figure><\/div>\n\t\t\t\t<\/div>\n\t\t\t\t\t\t\t<div class=\"elementor-toggle-item\">\n\t\t\t\t\t<div id=\"elementor-tab-title-1292\" class=\"elementor-tab-title\" data-tab=\"2\" role=\"button\" aria-controls=\"elementor-tab-content-1292\" aria-expanded=\"false\">\n\t\t\t\t\t\t\t\t\t\t\t\t<span class=\"elementor-toggle-icon elementor-toggle-icon-left\" aria-hidden=\"true\">\n\t\t\t\t\t\t\t\t\t\t\t\t\t\t\t<span class=\"elementor-toggle-icon-closed\"><i class=\"fas fa-caret-right\"><\/i><\/span>\n\t\t\t\t\t\t\t\t<span class=\"elementor-toggle-icon-opened\"><i class=\"elementor-toggle-icon-opened fas fa-caret-up\"><\/i><\/span>\n\t\t\t\t\t\t\t\t\t\t\t\t\t<\/span>\n\t\t\t\t\t\t\t\t\t\t\t\t<a class=\"elementor-toggle-title\" tabindex=\"0\">Kinderseite des Umweltbundesamtes<\/a>\n\t\t\t\t\t<\/div>\n\n\t\t\t\t\t<div id=\"elementor-tab-content-1292\" class=\"elementor-tab-content elementor-clearfix\" data-tab=\"2\" role=\"region\" aria-labelledby=\"elementor-tab-title-1292\"><p>Du willst mehr \u00fcber die Umwelt erfahren oder wissen, wie man sie sch\u00fctzen kann? Auf der <a href=\"https:\/\/www.umweltbundesamt.de\/mein-uba\/kinder-jugendliche\">Kinderseite des Umweltbundesamtes<\/a> kannst du kostenlos B\u00fccher und Spiele herunterladen.<\/p><ul><li><a href=\"https:\/\/www.umweltbundesamt.de\/publikationen\/nachrichten-aus-der-tonne\">Nachrichten aus der Tonne: Leo und Polly Pop auf den Spuren des Abfalls<\/a><\/li><li><a href=\"https:\/\/www.umweltbundesamt.de\/publikationen\/piwi-die-plastiksuppe\">PIWI und die Plastiksuppe<\/a><\/li><li><a href=\"https:\/\/www.umweltbundesamt.de\/publikationen\/abenteuerliche-reise-von-fridolin-regenwurm\">Die abenteuerliche Reise von Fridolin dem Regenwurm<\/a><\/li><li><a href=\"https:\/\/www.umweltbundesamt.de\/themen\/leihen-tauschen-teilen-0\">Leihen, tauschen, teilen<\/a><\/li><\/ul><p>\u00a0<\/p><figure style=\"width: 812px\" class=\"wp-caption aligncenter\"><a href=\"https:\/\/www.umweltbundesamt.de\/mein-uba\/kinder-jugendliche\" rel=\"https:\/\/www.umweltbundesamt.de\/mein-uba\/kinder-jugendliche\"><img decoding=\"async\" src=\"https:\/\/www.kwu-entsorgung.de\/wp-content\/uploads\/2021\/04\/Kinderseite-Umweltbundesamt.jpg\" alt=\"Kinderseite des Umweltbundesamtes\" width=\"812\" height=\"616\" \/><\/a><figcaption class=\"wp-caption-text\">Kinderseite des Umweltbundesamtes<\/figcaption><\/figure><\/div>\n\t\t\t\t<\/div>\n\t\t\t\t\t\t\t<div class=\"elementor-toggle-item\">\n\t\t\t\t\t<div id=\"elementor-tab-title-1293\" class=\"elementor-tab-title\" data-tab=\"3\" role=\"button\" aria-controls=\"elementor-tab-content-1293\" aria-expanded=\"false\">\n\t\t\t\t\t\t\t\t\t\t\t\t<span class=\"elementor-toggle-icon elementor-toggle-icon-left\" aria-hidden=\"true\">\n\t\t\t\t\t\t\t\t\t\t\t\t\t\t\t<span class=\"elementor-toggle-icon-closed\"><i class=\"fas fa-caret-right\"><\/i><\/span>\n\t\t\t\t\t\t\t\t<span class=\"elementor-toggle-icon-opened\"><i class=\"elementor-toggle-icon-opened fas fa-caret-up\"><\/i><\/span>\n\t\t\t\t\t\t\t\t\t\t\t\t\t<\/span>\n\t\t\t\t\t\t\t\t\t\t\t\t<a class=\"elementor-toggle-title\" tabindex=\"0\">Videos und andere wissenswerte Beitr\u00e4ge zu den Themen Abfall, Recycling, Wertstoffe<\/a>\n\t\t\t\t\t<\/div>\n\n\t\t\t\t\t<div id=\"elementor-tab-content-1293\" class=\"elementor-tab-content elementor-clearfix\" data-tab=\"3\" role=\"region\" aria-labelledby=\"elementor-tab-title-1293\"><p><a href=\"https:\/\/www.ardmediathek.de\/video\/checker-reportagen\/der-recycling-check\/br\/Y3JpZDovL2JyLmRlL3ZpZGVvL2UzY2VkNjdjLTEzNjYtNDhhMi05MjRlLWRmOTViNDNmNTU0NQ?isChildContent=\">KIKA: Checker Can &#8211; Der Recycling-Check<\/a><\/p><p><a href=\"https:\/\/www.youtube.com\/watch?v=WWngxDscWVA\">Quarks: Das passiert mit deinem M\u00fcll &#8211; Recycling &#8211; Gelber Sack<\/a><\/p><p><a href=\"https:\/\/www.quarks.de\/umwelt\/muell\/das-solltest-du-ueber-recycling-wissen\/\">Quarks: Das solltest du \u00fcber Recycling wissen<\/a><\/p><\/div>\n\t\t\t\t<\/div>\n\t\t\t\t\t\t\t\t<\/div>\n\t\t\t\t<\/div>\n\t\t\t\t<\/div>\n\t\t\t\t\t<\/div>\n\t\t<\/div>\n\t\t\t\t\t<\/div>\n\t\t<\/section>\n\t\t\t\t<\/div>\n\t\t","protected":false},"excerpt":{"rendered":"<p>Wie kann man aus alten Dingen neue Sachen machen? Was verbirgt sich hinter den f\u00fcnf Stufen der Abfallpyramide? Wo stehen Fakten zum Thema M\u00fcll kinderleicht erkl\u00e4rt? Mehr dazu erf\u00e4hrst du hier &#8230;\u200b Bastelideen zur Abfallvermeidung Vom alten T-Shirt zur Einkaufstasche Bevor du deine alten T-Shirts in den Altkleidercontainer gibst, \u00fcberlegt doch mal, ob sich daraus&#8230;<\/p>\n","protected":false},"author":3,"featured_media":232,"parent":0,"menu_order":0,"comment_status":"closed","ping_status":"closed","template":"","meta":{"footnotes":""},"publishpress_future_action":{"enabled":false,"date":"2026-04-24 04:22:53","action":"change-status","newStatus":"draft","terms":[],"taxonomy":""},"_links":{"self":[{"href":"https:\/\/www.kwu-entsorgung.de\/index.php?rest_route=\/wp\/v2\/pages\/6190"}],"collection":[{"href":"https:\/\/www.kwu-entsorgung.de\/index.php?rest_route=\/wp\/v2\/pages"}],"about":[{"href":"https:\/\/www.kwu-entsorgung.de\/index.php?rest_route=\/wp\/v2\/types\/page"}],"author":[{"embeddable":true,"href":"https:\/\/www.kwu-entsorgung.de\/index.php?rest_route=\/wp\/v2\/users\/3"}],"replies":[{"embeddable":true,"href":"https:\/\/www.kwu-entsorgung.de\/index.php?rest_route=%2Fwp%2Fv2%2Fcomments&post=6190"}],"version-history":[{"count":175,"href":"https:\/\/www.kwu-entsorgung.de\/index.php?rest_route=\/wp\/v2\/pages\/6190\/revisions"}],"predecessor-version":[{"id":66574,"href":"https:\/\/www.kwu-entsorgung.de\/index.php?rest_route=\/wp\/v2\/pages\/6190\/revisions\/66574"}],"wp:featuredmedia":[{"embeddable":true,"href":"https:\/\/www.kwu-entsorgung.de\/index.php?rest_route=\/wp\/v2\/media\/232"}],"wp:attachment":[{"href":"https:\/\/www.kwu-entsorgung.de\/index.php?rest_route=%2Fwp%2Fv2%2Fmedia&parent=6190"}],"curies":[{"name":"wp","href":"https:\/\/api.w.org\/{rel}","templated":true}]}}