{"id":61,"date":"2019-05-10T10:34:12","date_gmt":"2019-05-10T08:34:12","guid":{"rendered":"http:\/\/debian-015.kwu.lokal\/wordpress\/?page_id=61"},"modified":"2025-01-09T12:55:13","modified_gmt":"2025-01-09T11:55:13","slug":"abfall-abc","status":"publish","type":"page","link":"https:\/\/www.kwu-entsorgung.de\/?page_id=61","title":{"rendered":"Abfall-\u00dcbersicht"},"content":{"rendered":"\t\t<div data-elementor-type=\"wp-post\" data-elementor-id=\"61\" class=\"elementor elementor-61\">\n\t\t\t\t\t\t<section class=\"elementor-section elementor-top-section elementor-element elementor-element-9e71437 elementor-section-boxed elementor-section-height-default elementor-section-height-default\" data-id=\"9e71437\" data-element_type=\"section\">\n\t\t\t\t\t\t<div class=\"elementor-container elementor-column-gap-default\">\n\t\t\t\t\t<div class=\"elementor-column elementor-col-100 elementor-top-column elementor-element elementor-element-60ecce6\" data-id=\"60ecce6\" data-element_type=\"column\">\n\t\t\t<div class=\"elementor-widget-wrap elementor-element-populated\">\n\t\t\t\t\t\t<div class=\"elementor-element elementor-element-8456d12 elementor-position-left elementor-vertical-align-top elementor-widget elementor-widget-image-box\" data-id=\"8456d12\" data-element_type=\"widget\" data-widget_type=\"image-box.default\">\n\t\t\t\t<div class=\"elementor-widget-container\">\n\t\t\t<div class=\"elementor-image-box-wrapper\"><figure class=\"elementor-image-box-img\"><a href=\"https:\/\/www.kwu-entsorgung.de\/?page_id=164\" tabindex=\"-1\"><img decoding=\"async\" width=\"150\" height=\"150\" src=\"https:\/\/www.kwu-entsorgung.de\/wp-content\/uploads\/2019\/12\/P4100051-768x1024-150x150.jpg\" class=\"attachment-thumbnail size-thumbnail wp-image-2893\" alt=\"KWU Restabfallbeh\u00e4lter\" \/><\/a><\/figure><div class=\"elementor-image-box-content\"><h4 class=\"elementor-image-box-title\"><a href=\"https:\/\/www.kwu-entsorgung.de\/?page_id=164\">Restabfall<\/a><\/h4><p class=\"elementor-image-box-description\">Was darf rein und was nicht? Hier finden Sie eine \u00dcbersicht und weitere Tipps zum Thema Restabfall.<\/p><\/div><\/div>\t\t<\/div>\n\t\t\t\t<\/div>\n\t\t\t\t\t<\/div>\n\t\t<\/div>\n\t\t\t\t\t<\/div>\n\t\t<\/section>\n\t\t\t\t<section class=\"elementor-section elementor-top-section elementor-element elementor-element-52b11dd elementor-section-boxed elementor-section-height-default elementor-section-height-default\" data-id=\"52b11dd\" data-element_type=\"section\">\n\t\t\t\t\t\t<div class=\"elementor-container elementor-column-gap-default\">\n\t\t\t\t\t<div class=\"elementor-column elementor-col-100 elementor-top-column elementor-element elementor-element-6712a13\" data-id=\"6712a13\" data-element_type=\"column\">\n\t\t\t<div class=\"elementor-widget-wrap elementor-element-populated\">\n\t\t\t\t\t\t<div class=\"elementor-element elementor-element-401c77d elementor-position-left elementor-vertical-align-top elementor-widget elementor-widget-image-box\" data-id=\"401c77d\" data-element_type=\"widget\" data-widget_type=\"image-box.default\">\n\t\t\t\t<div class=\"elementor-widget-container\">\n\t\t\t<div class=\"elementor-image-box-wrapper\"><figure class=\"elementor-image-box-img\"><a href=\"https:\/\/www.kwu-entsorgung.de\/?page_id=168\" tabindex=\"-1\"><img decoding=\"async\" width=\"150\" height=\"150\" src=\"https:\/\/www.kwu-entsorgung.de\/wp-content\/uploads\/2019\/12\/P4100049-1-768x1024-150x150.jpg\" class=\"attachment-thumbnail size-thumbnail wp-image-2894\" alt=\"KWU Papiertonne\" \/><\/a><\/figure><div class=\"elementor-image-box-content\"><h4 class=\"elementor-image-box-title\"><a href=\"https:\/\/www.kwu-entsorgung.de\/?page_id=168\">Papierabfall<\/a><\/h4><p class=\"elementor-image-box-description\">Was kommt in die Papiertonne und was nicht. Wissenswertes rund um das Thema Papier, Pappe und Karton (PPK).<\/p><\/div><\/div>\t\t<\/div>\n\t\t\t\t<\/div>\n\t\t\t\t\t<\/div>\n\t\t<\/div>\n\t\t\t\t\t<\/div>\n\t\t<\/section>\n\t\t\t\t<section class=\"elementor-section elementor-top-section elementor-element elementor-element-fac8342 elementor-section-boxed elementor-section-height-default elementor-section-height-default\" data-id=\"fac8342\" data-element_type=\"section\">\n\t\t\t\t\t\t<div class=\"elementor-container elementor-column-gap-default\">\n\t\t\t\t\t<div class=\"elementor-column elementor-col-100 elementor-top-column elementor-element elementor-element-58a3720\" data-id=\"58a3720\" data-element_type=\"column\">\n\t\t\t<div class=\"elementor-widget-wrap elementor-element-populated\">\n\t\t\t\t\t\t<div class=\"elementor-element elementor-element-94a5165 elementor-position-left elementor-vertical-align-top elementor-widget elementor-widget-image-box\" data-id=\"94a5165\" data-element_type=\"widget\" data-widget_type=\"image-box.default\">\n\t\t\t\t<div class=\"elementor-widget-container\">\n\t\t\t<div class=\"elementor-image-box-wrapper\"><figure class=\"elementor-image-box-img\"><a href=\"https:\/\/www.kwu-entsorgung.de\/?page_id=7840\" tabindex=\"-1\"><img decoding=\"async\" width=\"150\" height=\"150\" src=\"https:\/\/www.kwu-entsorgung.de\/wp-content\/uploads\/2019\/05\/P4100045-1-150x150.jpg\" class=\"attachment-thumbnail size-thumbnail wp-image-368\" alt=\"Biotonne KWU\" \/><\/a><\/figure><div class=\"elementor-image-box-content\"><h4 class=\"elementor-image-box-title\"><a href=\"https:\/\/www.kwu-entsorgung.de\/?page_id=7840\">Bioabfall<\/a><\/h4><p class=\"elementor-image-box-description\">Was kommt in den Biom\u00fcll? Wie  werde ich die l\u00e4stigen Fliegen im Sommer los? Lohnt sich eine Biotonne trotz Kompost? Hier geben wir Tipps.<\/p><\/div><\/div>\t\t<\/div>\n\t\t\t\t<\/div>\n\t\t\t\t\t<\/div>\n\t\t<\/div>\n\t\t\t\t\t<\/div>\n\t\t<\/section>\n\t\t\t\t<section class=\"elementor-section elementor-top-section elementor-element elementor-element-6ca932c elementor-section-boxed elementor-section-height-default elementor-section-height-default\" data-id=\"6ca932c\" data-element_type=\"section\">\n\t\t\t\t\t\t<div class=\"elementor-container elementor-column-gap-default\">\n\t\t\t\t\t<div class=\"elementor-column elementor-col-100 elementor-top-column elementor-element elementor-element-6e72382\" data-id=\"6e72382\" data-element_type=\"column\">\n\t\t\t<div class=\"elementor-widget-wrap elementor-element-populated\">\n\t\t\t\t\t\t<div class=\"elementor-element elementor-element-9b85cd9 elementor-position-left elementor-vertical-align-top elementor-widget elementor-widget-image-box\" data-id=\"9b85cd9\" data-element_type=\"widget\" data-widget_type=\"image-box.default\">\n\t\t\t\t<div class=\"elementor-widget-container\">\n\t\t\t<div class=\"elementor-image-box-wrapper\"><figure class=\"elementor-image-box-img\"><a href=\"https:\/\/www.kwu-entsorgung.de\/?page_id=12439\" tabindex=\"-1\"><img loading=\"lazy\" decoding=\"async\" width=\"150\" height=\"150\" src=\"https:\/\/www.kwu-entsorgung.de\/wp-content\/uploads\/2023\/09\/Symbolbild-Gewerbeabfall-150x150.jpg\" class=\"attachment-thumbnail size-thumbnail wp-image-12454\" alt=\"\" \/><\/a><\/figure><div class=\"elementor-image-box-content\"><h4 class=\"elementor-image-box-title\"><a href=\"https:\/\/www.kwu-entsorgung.de\/?page_id=12439\">Gewerbeabfall <\/a><\/h4><p class=\"elementor-image-box-description\">Hier finden Sie Informationen und Links rund um die Thematik Gewerbeabfall und Gewerbeabfallverordnung.\n<\/p><\/div><\/div>\t\t<\/div>\n\t\t\t\t<\/div>\n\t\t\t\t\t<\/div>\n\t\t<\/div>\n\t\t\t\t\t<\/div>\n\t\t<\/section>\n\t\t\t\t<section class=\"elementor-section elementor-top-section elementor-element elementor-element-f48fc31 elementor-section-boxed elementor-section-height-default elementor-section-height-default\" data-id=\"f48fc31\" data-element_type=\"section\">\n\t\t\t\t\t\t<div class=\"elementor-container elementor-column-gap-default\">\n\t\t\t\t\t<div class=\"elementor-column elementor-col-100 elementor-top-column elementor-element elementor-element-7142cb7\" data-id=\"7142cb7\" data-element_type=\"column\">\n\t\t\t<div class=\"elementor-widget-wrap elementor-element-populated\">\n\t\t\t\t\t\t<div class=\"elementor-element elementor-element-f1305e3 elementor-position-left elementor-vertical-align-top elementor-widget elementor-widget-image-box\" data-id=\"f1305e3\" data-element_type=\"widget\" data-widget_type=\"image-box.default\">\n\t\t\t\t<div class=\"elementor-widget-container\">\n\t\t\t<div class=\"elementor-image-box-wrapper\"><figure class=\"elementor-image-box-img\"><a href=\"https:\/\/www.kwu-entsorgung.de\/?page_id=15035\" tabindex=\"-1\"><img loading=\"lazy\" decoding=\"async\" width=\"150\" height=\"150\" src=\"https:\/\/www.kwu-entsorgung.de\/wp-content\/uploads\/2024\/07\/E-Schrotthaufen-1-150x150.png\" class=\"attachment-thumbnail size-thumbnail wp-image-15094\" alt=\"\" \/><\/a><\/figure><div class=\"elementor-image-box-content\"><h4 class=\"elementor-image-box-title\"><a href=\"https:\/\/www.kwu-entsorgung.de\/?page_id=15035\">Elektroaltger\u00e4te<\/a><\/h4><p class=\"elementor-image-box-description\">\nWas ist Sinn und Zweck des Elektro- und Elektronikger\u00e4tegesetzes (ElektroG)? Wie steht es um die R\u00fccknahmepflicht des Handels? Was muss bei der R\u00fcckgabe von Elektroaltger\u00e4ten beachtet werden? Antworten auf diese und weitere Fragen zum Thema erhahren Sie hier.\n<\/p><\/div><\/div>\t\t<\/div>\n\t\t\t\t<\/div>\n\t\t\t\t\t<\/div>\n\t\t<\/div>\n\t\t\t\t\t<\/div>\n\t\t<\/section>\n\t\t\t\t<section class=\"elementor-section elementor-top-section elementor-element elementor-element-3fb0600 elementor-section-boxed elementor-section-height-default elementor-section-height-default\" data-id=\"3fb0600\" data-element_type=\"section\">\n\t\t\t\t\t\t<div class=\"elementor-container elementor-column-gap-default\">\n\t\t\t\t\t<div class=\"elementor-column elementor-col-100 elementor-top-column elementor-element elementor-element-70afc20\" data-id=\"70afc20\" data-element_type=\"column\">\n\t\t\t<div class=\"elementor-widget-wrap elementor-element-populated\">\n\t\t\t\t\t\t<div class=\"elementor-element elementor-element-4a4cc3f elementor-position-left elementor-vertical-align-top elementor-widget elementor-widget-image-box\" data-id=\"4a4cc3f\" data-element_type=\"widget\" data-widget_type=\"image-box.default\">\n\t\t\t\t<div class=\"elementor-widget-container\">\n\t\t\t<div class=\"elementor-image-box-wrapper\"><figure class=\"elementor-image-box-img\"><a href=\"https:\/\/www.kwu-entsorgung.de\/?page_id=2994\" tabindex=\"-1\"><img loading=\"lazy\" decoding=\"async\" width=\"150\" height=\"150\" src=\"https:\/\/www.kwu-entsorgung.de\/wp-content\/uploads\/2019\/12\/csm_Schadstoffannahme_c796efbe3a-150x150.png\" class=\"attachment-thumbnail size-thumbnail wp-image-3004\" alt=\"Schadstoffsammlung\" \/><\/a><\/figure><div class=\"elementor-image-box-content\"><h4 class=\"elementor-image-box-title\"><a href=\"https:\/\/www.kwu-entsorgung.de\/?page_id=2994\">Schadstoffe<\/a><\/h4><p class=\"elementor-image-box-description\">\nSchadstoffe, auch als gef\u00e4hrliche Stoffe bezeichnet, kommen keineswegs nur in Betrieben vor - es gibt sie in jedem Haushalt.\n<\/p><\/div><\/div>\t\t<\/div>\n\t\t\t\t<\/div>\n\t\t\t\t\t<\/div>\n\t\t<\/div>\n\t\t\t\t\t<\/div>\n\t\t<\/section>\n\t\t\t\t<section class=\"elementor-section elementor-top-section elementor-element elementor-element-0f7219c elementor-section-boxed elementor-section-height-default elementor-section-height-default\" data-id=\"0f7219c\" data-element_type=\"section\">\n\t\t\t\t\t\t<div class=\"elementor-container elementor-column-gap-default\">\n\t\t\t\t\t<div class=\"elementor-column elementor-col-100 elementor-top-column elementor-element elementor-element-1f3ac51\" data-id=\"1f3ac51\" data-element_type=\"column\">\n\t\t\t<div class=\"elementor-widget-wrap elementor-element-populated\">\n\t\t\t\t\t\t<div class=\"elementor-element elementor-element-26db258 elementor-position-left elementor-vertical-align-top elementor-widget elementor-widget-image-box\" data-id=\"26db258\" data-element_type=\"widget\" data-widget_type=\"image-box.default\">\n\t\t\t\t<div class=\"elementor-widget-container\">\n\t\t\t<div class=\"elementor-image-box-wrapper\"><figure class=\"elementor-image-box-img\"><a href=\"https:\/\/www.kwu-entsorgung.de\/?page_id=1327\" tabindex=\"-1\"><img loading=\"lazy\" decoding=\"async\" width=\"150\" height=\"150\" src=\"https:\/\/www.kwu-entsorgung.de\/wp-content\/uploads\/2019\/11\/DSC00677-150x150.jpg\" class=\"attachment-thumbnail size-thumbnail wp-image-2394\" alt=\"Gelbe S\u00e4cke am Stra\u00dfenrand\" \/><\/a><\/figure><div class=\"elementor-image-box-content\"><h4 class=\"elementor-image-box-title\"><a href=\"https:\/\/www.kwu-entsorgung.de\/?page_id=1327\">Gelber Sack<\/a><\/h4><p class=\"elementor-image-box-description\">Alle Fragen zur Entsorgung oder auch Nichtentsorgung Ihrer Gelben S\u00e4cke sowie zu den Entsorgungsterminen beantworten Ihnen die Mitarbeiter\/-innen der ALBA Berlin GmbH unter der\n\nHotline 030 35182 351<\/p><\/div><\/div>\t\t<\/div>\n\t\t\t\t<\/div>\n\t\t\t\t\t<\/div>\n\t\t<\/div>\n\t\t\t\t\t<\/div>\n\t\t<\/section>\n\t\t\t\t<section class=\"elementor-section elementor-top-section elementor-element elementor-element-b551210 elementor-section-boxed elementor-section-height-default elementor-section-height-default\" data-id=\"b551210\" data-element_type=\"section\">\n\t\t\t\t\t\t<div class=\"elementor-container elementor-column-gap-default\">\n\t\t\t\t\t<div class=\"elementor-column elementor-col-100 elementor-top-column elementor-element elementor-element-d6915c9\" data-id=\"d6915c9\" data-element_type=\"column\">\n\t\t\t<div class=\"elementor-widget-wrap elementor-element-populated\">\n\t\t\t\t\t\t<div class=\"elementor-element elementor-element-aacab14 elementor-position-left elementor-vertical-align-top elementor-widget elementor-widget-image-box\" data-id=\"aacab14\" data-element_type=\"widget\" data-widget_type=\"image-box.default\">\n\t\t\t\t<div class=\"elementor-widget-container\">\n\t\t\t<div class=\"elementor-image-box-wrapper\"><figure class=\"elementor-image-box-img\"><a href=\"https:\/\/www.kwu-entsorgung.de\/?page_id=1292\" tabindex=\"-1\"><img loading=\"lazy\" decoding=\"async\" width=\"150\" height=\"150\" src=\"https:\/\/www.kwu-entsorgung.de\/wp-content\/uploads\/2019\/10\/csm_Altglas3_9978c22a4d-150x150.png\" class=\"attachment-thumbnail size-thumbnail wp-image-1294\" alt=\"Altglas\" \/><\/a><\/figure><div class=\"elementor-image-box-content\"><h4 class=\"elementor-image-box-title\"><a href=\"https:\/\/www.kwu-entsorgung.de\/?page_id=1292\">Altglasentsorgung<\/a><\/h4><p class=\"elementor-image-box-description\">Die Firma Veolia Umweltservice Ost GmbH ist f\u00fcr das Einsammeln von Altglas im Landkreis Oder-Spree zust\u00e4ndig.\n\n<br>Hier finden Sie eine \u00dcbersicht \u00fcber alle Glascontainerstandorte im Landkreis Oder-Spree.<\/p><\/div><\/div>\t\t<\/div>\n\t\t\t\t<\/div>\n\t\t\t\t\t<\/div>\n\t\t<\/div>\n\t\t\t\t\t<\/div>\n\t\t<\/section>\n\t\t\t\t<section class=\"elementor-section elementor-top-section elementor-element elementor-element-3f87195 elementor-section-boxed elementor-section-height-default elementor-section-height-default\" data-id=\"3f87195\" data-element_type=\"section\">\n\t\t\t\t\t\t<div class=\"elementor-container elementor-column-gap-default\">\n\t\t\t\t\t<div class=\"elementor-column elementor-col-100 elementor-top-column elementor-element elementor-element-2147e43\" data-id=\"2147e43\" data-element_type=\"column\">\n\t\t\t<div class=\"elementor-widget-wrap elementor-element-populated\">\n\t\t\t\t\t\t<div class=\"elementor-element elementor-element-7594bbe elementor-widget elementor-widget-spacer\" data-id=\"7594bbe\" data-element_type=\"widget\" data-widget_type=\"spacer.default\">\n\t\t\t\t<div class=\"elementor-widget-container\">\n\t\t\t\t\t<div class=\"elementor-spacer\">\n\t\t\t<div class=\"elementor-spacer-inner\"><\/div>\n\t\t<\/div>\n\t\t\t\t<\/div>\n\t\t\t\t<\/div>\n\t\t\t\t\t<\/div>\n\t\t<\/div>\n\t\t\t\t\t<\/div>\n\t\t<\/section>\n\t\t\t\t<section class=\"elementor-section elementor-top-section elementor-element elementor-element-9090809 elementor-section-boxed elementor-section-height-default elementor-section-height-default\" data-id=\"9090809\" data-element_type=\"section\">\n\t\t\t\t\t\t<div class=\"elementor-container elementor-column-gap-default\">\n\t\t\t\t\t<div class=\"elementor-column elementor-col-100 elementor-top-column elementor-element elementor-element-57ddae9\" data-id=\"57ddae9\" data-element_type=\"column\">\n\t\t\t<div class=\"elementor-widget-wrap elementor-element-populated\">\n\t\t\t\t\t\t<div class=\"elementor-element elementor-element-e7e88a3 elementor-widget elementor-widget-alert\" data-id=\"e7e88a3\" data-element_type=\"widget\" data-widget_type=\"alert.default\">\n\t\t\t\t<div class=\"elementor-widget-container\">\n\t\t\t\t\t<div class=\"elementor-alert elementor-alert-danger\" role=\"alert\">\n\t\t\t<span class=\"elementor-alert-title\">Kontakt Abfallberatung<\/span>\n\t\t\t\t\t\t\t<span class=\"elementor-alert-description\">Gerne k\u00f6nnen Sie sich telefonisch, schriftlich oder pers\u00f6nlich mit Fragen zur Abfallwirtschaft im Landkreis Oder-Spree an unsere Abfallberater wenden.<br>\n\n\n<strong>Tel.: 03361 7743-65 <\/strong><br>\nMail: oeffarbeit(at)kwu-entsorgung.de<br>\n\n<\/span>\n\t\t\t\t\t\t\t\t<\/div>\n\t\t\t\t<\/div>\n\t\t\t\t<\/div>\n\t\t\t\t\t<\/div>\n\t\t<\/div>\n\t\t\t\t\t<\/div>\n\t\t<\/section>\n\t\t\t\t<\/div>\n\t\t","protected":false},"excerpt":{"rendered":"<p>Restabfall Was darf rein und was nicht? Hier finden Sie eine \u00dcbersicht und weitere Tipps zum Thema Restabfall. Papierabfall Was kommt in die Papiertonne und was nicht. Wissenswertes rund um das Thema Papier, Pappe und Karton (PPK). Bioabfall Was kommt in den Biom\u00fcll? Wie werde ich die l\u00e4stigen Fliegen im Sommer los? Lohnt sich eine&#8230;<\/p>\n","protected":false},"author":2,"featured_media":545,"parent":0,"menu_order":0,"comment_status":"closed","ping_status":"closed","template":"","meta":{"footnotes":""},"publishpress_future_action":{"enabled":false,"date":"2026-05-19 20:36:42","action":"change-status","newStatus":"draft","terms":[],"taxonomy":""},"_links":{"self":[{"href":"https:\/\/www.kwu-entsorgung.de\/index.php?rest_route=\/wp\/v2\/pages\/61"}],"collection":[{"href":"https:\/\/www.kwu-entsorgung.de\/index.php?rest_route=\/wp\/v2\/pages"}],"about":[{"href":"https:\/\/www.kwu-entsorgung.de\/index.php?rest_route=\/wp\/v2\/types\/page"}],"author":[{"embeddable":true,"href":"https:\/\/www.kwu-entsorgung.de\/index.php?rest_route=\/wp\/v2\/users\/2"}],"replies":[{"embeddable":true,"href":"https:\/\/www.kwu-entsorgung.de\/index.php?rest_route=%2Fwp%2Fv2%2Fcomments&post=61"}],"version-history":[{"count":81,"href":"https:\/\/www.kwu-entsorgung.de\/index.php?rest_route=\/wp\/v2\/pages\/61\/revisions"}],"predecessor-version":[{"id":66137,"href":"https:\/\/www.kwu-entsorgung.de\/index.php?rest_route=\/wp\/v2\/pages\/61\/revisions\/66137"}],"wp:featuredmedia":[{"embeddable":true,"href":"https:\/\/www.kwu-entsorgung.de\/index.php?rest_route=\/wp\/v2\/media\/545"}],"wp:attachment":[{"href":"https:\/\/www.kwu-entsorgung.de\/index.php?rest_route=%2Fwp%2Fv2%2Fmedia&parent=61"}],"curies":[{"name":"wp","href":"https:\/\/api.w.org\/{rel}","templated":true}]}}