{"id":57,"date":"2019-05-10T10:33:38","date_gmt":"2019-05-10T08:33:38","guid":{"rendered":"http:\/\/debian-015.kwu.lokal\/wordpress\/?page_id=57"},"modified":"2026-03-12T14:38:01","modified_gmt":"2026-03-12T13:38:01","slug":"ueber-uns","status":"publish","type":"page","link":"https:\/\/www.kwu-entsorgung.de\/?page_id=57","title":{"rendered":"\u00dcber uns"},"content":{"rendered":"\t\t<div data-elementor-type=\"wp-post\" data-elementor-id=\"57\" class=\"elementor elementor-57\">\n\t\t\t\t\t\t<section class=\"elementor-section elementor-top-section elementor-element elementor-element-f280ec8 elementor-section-boxed elementor-section-height-default elementor-section-height-default\" data-id=\"f280ec8\" data-element_type=\"section\">\n\t\t\t\t\t\t<div class=\"elementor-container elementor-column-gap-default\">\n\t\t\t\t\t<div class=\"elementor-column elementor-col-100 elementor-top-column elementor-element elementor-element-7d1ddc1\" data-id=\"7d1ddc1\" data-element_type=\"column\">\n\t\t\t<div class=\"elementor-widget-wrap elementor-element-populated\">\n\t\t\t\t\t\t<div class=\"elementor-element elementor-element-3d5b6df elementor-position-left elementor-vertical-align-top elementor-widget elementor-widget-image-box\" data-id=\"3d5b6df\" data-element_type=\"widget\" data-widget_type=\"image-box.default\">\n\t\t\t\t<div class=\"elementor-widget-container\">\n\t\t\t<div class=\"elementor-image-box-wrapper\"><figure class=\"elementor-image-box-img\"><a href=\"https:\/\/www.kwu-entsorgung.de\/?page_id=444\" tabindex=\"-1\"><img fetchpriority=\"high\" decoding=\"async\" width=\"3744\" height=\"5616\" src=\"https:\/\/www.kwu-entsorgung.de\/wp-content\/uploads\/2019\/06\/Frau-\u00e4lter-am-Telefon-2.jpg\" class=\"attachment-full size-full wp-image-801\" alt=\"KWU Frau am Telefon\" srcset=\"https:\/\/www.kwu-entsorgung.de\/wp-content\/uploads\/2019\/06\/Frau-\u00e4lter-am-Telefon-2.jpg 3744w, https:\/\/www.kwu-entsorgung.de\/wp-content\/uploads\/2019\/06\/Frau-\u00e4lter-am-Telefon-2-200x300.jpg 200w, https:\/\/www.kwu-entsorgung.de\/wp-content\/uploads\/2019\/06\/Frau-\u00e4lter-am-Telefon-2-768x1152.jpg 768w, https:\/\/www.kwu-entsorgung.de\/wp-content\/uploads\/2019\/06\/Frau-\u00e4lter-am-Telefon-2-683x1024.jpg 683w\" sizes=\"(max-width: 3744px) 100vw, 3744px\" \/><\/a><\/figure><div class=\"elementor-image-box-content\"><h4 class=\"elementor-image-box-title\"><a href=\"https:\/\/www.kwu-entsorgung.de\/?page_id=444\">Kontakt<\/a><\/h4><p class=\"elementor-image-box-description\">\u00dcber das Kontaktformular k\u00f6nnen Sie uns gerne eine Nachricht zukommen lassen. Bitte nennen Sie uns neben Ihren pers\u00f6nlichen Daten m\u00f6glichst genau den Anlass und eine Beschreibung Ihres Anliegens.\n<br>Oder Sie rufen uns an: Unsere Servicenummer: 03361 7743-0<\/p><\/div><\/div>\t\t<\/div>\n\t\t\t\t<\/div>\n\t\t\t\t\t<\/div>\n\t\t<\/div>\n\t\t\t\t\t<\/div>\n\t\t<\/section>\n\t\t\t\t<section class=\"elementor-section elementor-top-section elementor-element elementor-element-0d13f77 elementor-section-boxed elementor-section-height-default elementor-section-height-default\" data-id=\"0d13f77\" data-element_type=\"section\">\n\t\t\t\t\t\t<div class=\"elementor-container elementor-column-gap-default\">\n\t\t\t\t\t<div class=\"elementor-column elementor-col-100 elementor-top-column elementor-element elementor-element-fb05c6a\" data-id=\"fb05c6a\" data-element_type=\"column\">\n\t\t\t<div class=\"elementor-widget-wrap elementor-element-populated\">\n\t\t\t\t\t\t<div class=\"elementor-element elementor-element-2dbc120 elementor-position-left elementor-vertical-align-top elementor-widget elementor-widget-image-box\" data-id=\"2dbc120\" data-element_type=\"widget\" data-widget_type=\"image-box.default\">\n\t\t\t\t<div class=\"elementor-widget-container\">\n\t\t\t<div class=\"elementor-image-box-wrapper\"><figure class=\"elementor-image-box-img\"><a href=\"https:\/\/www.kwu-entsorgung.de\/?page_id=122\" tabindex=\"-1\"><img decoding=\"async\" width=\"3072\" height=\"2304\" src=\"https:\/\/www.kwu-entsorgung.de\/wp-content\/uploads\/2019\/05\/P6290001.jpg\" class=\"attachment-full size-full wp-image-115\" alt=\"Blick auf das KWU Verwaltungsgeb\u00e4ude in F\u00fcrstenwalde, Frankfurter Stra\u00dfe 81, 15517 F\u00fcrstenwalde\" srcset=\"https:\/\/www.kwu-entsorgung.de\/wp-content\/uploads\/2019\/05\/P6290001.jpg 3072w, https:\/\/www.kwu-entsorgung.de\/wp-content\/uploads\/2019\/05\/P6290001-300x225.jpg 300w, https:\/\/www.kwu-entsorgung.de\/wp-content\/uploads\/2019\/05\/P6290001-768x576.jpg 768w, https:\/\/www.kwu-entsorgung.de\/wp-content\/uploads\/2019\/05\/P6290001-1024x768.jpg 1024w\" sizes=\"(max-width: 3072px) 100vw, 3072px\" \/><\/a><\/figure><div class=\"elementor-image-box-content\"><h4 class=\"elementor-image-box-title\"><a href=\"https:\/\/www.kwu-entsorgung.de\/?page_id=122\">Verwaltung<\/a><\/h4><p class=\"elementor-image-box-description\">Erfahren Sie mehr \u00fcber die Aufgaben der Verwaltung des KWU-Entsorgung.<\/p><\/div><\/div>\t\t<\/div>\n\t\t\t\t<\/div>\n\t\t\t\t\t<\/div>\n\t\t<\/div>\n\t\t\t\t\t<\/div>\n\t\t<\/section>\n\t\t\t\t<section class=\"elementor-section elementor-top-section elementor-element elementor-element-dfc6f63 elementor-section-boxed elementor-section-height-default elementor-section-height-default\" data-id=\"dfc6f63\" data-element_type=\"section\">\n\t\t\t\t\t\t<div class=\"elementor-container elementor-column-gap-default\">\n\t\t\t\t\t<div class=\"elementor-column elementor-col-100 elementor-top-column elementor-element elementor-element-bcca92c\" data-id=\"bcca92c\" data-element_type=\"column\">\n\t\t\t<div class=\"elementor-widget-wrap elementor-element-populated\">\n\t\t\t\t\t\t<div class=\"elementor-element elementor-element-483c8ea elementor-position-left elementor-vertical-align-top elementor-widget elementor-widget-image-box\" data-id=\"483c8ea\" data-element_type=\"widget\" data-widget_type=\"image-box.default\">\n\t\t\t\t<div class=\"elementor-widget-container\">\n\t\t\t<div class=\"elementor-image-box-wrapper\"><figure class=\"elementor-image-box-img\"><a href=\"https:\/\/www.kwu-entsorgung.de\/?page_id=124\" tabindex=\"-1\"><img decoding=\"async\" width=\"300\" height=\"200\" src=\"https:\/\/www.kwu-entsorgung.de\/wp-content\/uploads\/2019\/11\/Fuhrhof-300x200.png\" class=\"attachment-medium size-medium wp-image-2670\" alt=\"Fuhrhof KWU mit Abfallfahrzeugen\" srcset=\"https:\/\/www.kwu-entsorgung.de\/wp-content\/uploads\/2019\/11\/Fuhrhof-300x200.png 300w, https:\/\/www.kwu-entsorgung.de\/wp-content\/uploads\/2019\/11\/Fuhrhof-768x512.png 768w, https:\/\/www.kwu-entsorgung.de\/wp-content\/uploads\/2019\/11\/Fuhrhof-380x252.png 380w, https:\/\/www.kwu-entsorgung.de\/wp-content\/uploads\/2019\/11\/Fuhrhof.png 1000w\" sizes=\"(max-width: 300px) 100vw, 300px\" \/><\/a><\/figure><div class=\"elementor-image-box-content\"><h4 class=\"elementor-image-box-title\"><a href=\"https:\/\/www.kwu-entsorgung.de\/?page_id=124\">Fuhrhof<\/a><\/h4><p class=\"elementor-image-box-description\">Unser Fuhrhof befindet sich in F\u00fcrstenwalde und hat dar\u00fcber hinaus noch eine Au\u00dfenstelle in Eisenh\u00fcttenstadt. <\/p><\/div><\/div>\t\t<\/div>\n\t\t\t\t<\/div>\n\t\t\t\t\t<\/div>\n\t\t<\/div>\n\t\t\t\t\t<\/div>\n\t\t<\/section>\n\t\t\t\t<section class=\"elementor-section elementor-top-section elementor-element elementor-element-28babd0 elementor-section-boxed elementor-section-height-default elementor-section-height-default\" data-id=\"28babd0\" data-element_type=\"section\">\n\t\t\t\t\t\t<div class=\"elementor-container elementor-column-gap-default\">\n\t\t\t\t\t<div class=\"elementor-column elementor-col-100 elementor-top-column elementor-element elementor-element-2064d63\" data-id=\"2064d63\" data-element_type=\"column\">\n\t\t\t<div class=\"elementor-widget-wrap elementor-element-populated\">\n\t\t\t\t\t\t<div class=\"elementor-element elementor-element-756e462 elementor-position-left elementor-vertical-align-top elementor-widget elementor-widget-image-box\" data-id=\"756e462\" data-element_type=\"widget\" data-widget_type=\"image-box.default\">\n\t\t\t\t<div class=\"elementor-widget-container\">\n\t\t\t<div class=\"elementor-image-box-wrapper\"><figure class=\"elementor-image-box-img\"><a href=\"https:\/\/www.kwu-entsorgung.de\/?page_id=126\" tabindex=\"-1\"><img loading=\"lazy\" decoding=\"async\" width=\"3072\" height=\"2304\" src=\"https:\/\/www.kwu-entsorgung.de\/wp-content\/uploads\/2019\/05\/P4100066.jpg\" class=\"attachment-full size-full wp-image-118\" alt=\"Blick auf den Wertstoffhof in Alt-Golm\" srcset=\"https:\/\/www.kwu-entsorgung.de\/wp-content\/uploads\/2019\/05\/P4100066.jpg 3072w, https:\/\/www.kwu-entsorgung.de\/wp-content\/uploads\/2019\/05\/P4100066-300x225.jpg 300w, https:\/\/www.kwu-entsorgung.de\/wp-content\/uploads\/2019\/05\/P4100066-768x576.jpg 768w, https:\/\/www.kwu-entsorgung.de\/wp-content\/uploads\/2019\/05\/P4100066-1024x768.jpg 1024w\" sizes=\"(max-width: 3072px) 100vw, 3072px\" \/><\/a><\/figure><div class=\"elementor-image-box-content\"><h4 class=\"elementor-image-box-title\"><a href=\"https:\/\/www.kwu-entsorgung.de\/?page_id=126\">Wertstoffh\u00f6fe<\/a><\/h4><p class=\"elementor-image-box-description\">Infos zu den Wertstoffh\u00f6fen in Freienbrink, Beeskow, Eisenh\u00fcttenstadt und Alt-Golm.<\/p><\/div><\/div>\t\t<\/div>\n\t\t\t\t<\/div>\n\t\t\t\t\t<\/div>\n\t\t<\/div>\n\t\t\t\t\t<\/div>\n\t\t<\/section>\n\t\t\t\t<section class=\"elementor-section elementor-top-section elementor-element elementor-element-985ec0d elementor-section-boxed elementor-section-height-default elementor-section-height-default\" data-id=\"985ec0d\" data-element_type=\"section\">\n\t\t\t\t\t\t<div class=\"elementor-container elementor-column-gap-default\">\n\t\t\t\t\t<div class=\"elementor-column elementor-col-100 elementor-top-column elementor-element elementor-element-37796b0\" data-id=\"37796b0\" data-element_type=\"column\">\n\t\t\t<div class=\"elementor-widget-wrap elementor-element-populated\">\n\t\t\t\t\t\t<div class=\"elementor-element elementor-element-121a8ce elementor-position-left elementor-vertical-align-top elementor-widget elementor-widget-image-box\" data-id=\"121a8ce\" data-element_type=\"widget\" data-widget_type=\"image-box.default\">\n\t\t\t\t<div class=\"elementor-widget-container\">\n\t\t\t<div class=\"elementor-image-box-wrapper\"><figure class=\"elementor-image-box-img\"><a href=\"https:\/\/www.kwu-entsorgung.de\/?page_id=128\" tabindex=\"-1\"><img loading=\"lazy\" decoding=\"async\" width=\"4000\" height=\"3000\" src=\"https:\/\/www.kwu-entsorgung.de\/wp-content\/uploads\/2019\/11\/AZ.jpg\" class=\"attachment-full size-full wp-image-2555\" alt=\"Luftaufnahme der Deponie &quot;Alte Ziegelei&quot;\" srcset=\"https:\/\/www.kwu-entsorgung.de\/wp-content\/uploads\/2019\/11\/AZ.jpg 4000w, https:\/\/www.kwu-entsorgung.de\/wp-content\/uploads\/2019\/11\/AZ-300x225.jpg 300w, https:\/\/www.kwu-entsorgung.de\/wp-content\/uploads\/2019\/11\/AZ-768x576.jpg 768w, https:\/\/www.kwu-entsorgung.de\/wp-content\/uploads\/2019\/11\/AZ-1024x768.jpg 1024w\" sizes=\"(max-width: 4000px) 100vw, 4000px\" \/><\/a><\/figure><div class=\"elementor-image-box-content\"><h4 class=\"elementor-image-box-title\"><a href=\"https:\/\/www.kwu-entsorgung.de\/?page_id=128\">Deponien<\/a><\/h4><p class=\"elementor-image-box-description\">Infos zu unseren Deponien in Eisenh\u00fcttenstadt, Selchow, Petersdorf, Friedl\u00e4nder Berg und Alt-Golm.<\/p><\/div><\/div>\t\t<\/div>\n\t\t\t\t<\/div>\n\t\t\t\t\t<\/div>\n\t\t<\/div>\n\t\t\t\t\t<\/div>\n\t\t<\/section>\n\t\t\t\t<section class=\"elementor-section elementor-top-section elementor-element elementor-element-c045c38 elementor-section-boxed elementor-section-height-default elementor-section-height-default\" data-id=\"c045c38\" data-element_type=\"section\">\n\t\t\t\t\t\t<div class=\"elementor-container elementor-column-gap-default\">\n\t\t\t\t\t<div class=\"elementor-column elementor-col-100 elementor-top-column elementor-element elementor-element-4fbcf4a\" data-id=\"4fbcf4a\" data-element_type=\"column\">\n\t\t\t<div class=\"elementor-widget-wrap elementor-element-populated\">\n\t\t\t\t\t\t<div class=\"elementor-element elementor-element-e94cd05 elementor-position-left elementor-vertical-align-top elementor-widget elementor-widget-image-box\" data-id=\"e94cd05\" data-element_type=\"widget\" data-widget_type=\"image-box.default\">\n\t\t\t\t<div class=\"elementor-widget-container\">\n\t\t\t<div class=\"elementor-image-box-wrapper\"><figure class=\"elementor-image-box-img\"><a href=\"https:\/\/www.kwu-entsorgung.de\/?page_id=663\" tabindex=\"-1\"><img loading=\"lazy\" decoding=\"async\" width=\"2048\" height=\"1536\" src=\"https:\/\/www.kwu-entsorgung.de\/wp-content\/uploads\/2019\/06\/PA250001.jpg\" class=\"attachment-full size-full wp-image-755\" alt=\"Restabfallbehandlungsanlange, kurz RABA, in Niederlehme\" srcset=\"https:\/\/www.kwu-entsorgung.de\/wp-content\/uploads\/2019\/06\/PA250001.jpg 2048w, https:\/\/www.kwu-entsorgung.de\/wp-content\/uploads\/2019\/06\/PA250001-300x225.jpg 300w, https:\/\/www.kwu-entsorgung.de\/wp-content\/uploads\/2019\/06\/PA250001-768x576.jpg 768w, https:\/\/www.kwu-entsorgung.de\/wp-content\/uploads\/2019\/06\/PA250001-1024x768.jpg 1024w\" sizes=\"(max-width: 2048px) 100vw, 2048px\" \/><\/a><\/figure><div class=\"elementor-image-box-content\"><h4 class=\"elementor-image-box-title\"><a href=\"https:\/\/www.kwu-entsorgung.de\/?page_id=663\">Restabfallbehandlungsanlage (RABA)<\/a><\/h4><p class=\"elementor-image-box-description\">Der Restabfall des Landkreises Oder-Spree wird in der Restabfallbehandlungsanlage des Zweckverbandes Abfallbehandlung Nuthe-Spree (ZAB) in Niederlehme entsorgt.<\/p><\/div><\/div>\t\t<\/div>\n\t\t\t\t<\/div>\n\t\t\t\t\t<\/div>\n\t\t<\/div>\n\t\t\t\t\t<\/div>\n\t\t<\/section>\n\t\t\t\t<section class=\"elementor-section elementor-top-section elementor-element elementor-element-dc48580 elementor-section-boxed elementor-section-height-default elementor-section-height-default\" data-id=\"dc48580\" data-element_type=\"section\">\n\t\t\t\t\t\t<div class=\"elementor-container elementor-column-gap-default\">\n\t\t\t\t\t<div class=\"elementor-column elementor-col-100 elementor-top-column elementor-element elementor-element-715eca0\" data-id=\"715eca0\" data-element_type=\"column\">\n\t\t\t<div class=\"elementor-widget-wrap elementor-element-populated\">\n\t\t\t\t\t\t<div class=\"elementor-element elementor-element-9740ea9 elementor-position-left elementor-vertical-align-top elementor-widget elementor-widget-image-box\" data-id=\"9740ea9\" data-element_type=\"widget\" data-widget_type=\"image-box.default\">\n\t\t\t\t<div class=\"elementor-widget-container\">\n\t\t\t<div class=\"elementor-image-box-wrapper\"><figure class=\"elementor-image-box-img\"><a href=\"https:\/\/www.kwu-entsorgung.de\/?page_id=1078\" tabindex=\"-1\"><img loading=\"lazy\" decoding=\"async\" width=\"640\" height=\"511\" src=\"https:\/\/www.kwu-entsorgung.de\/wp-content\/uploads\/2019\/12\/wa-e1747655800911.png\" class=\"attachment-large size-large wp-image-3050\" alt=\"Werksausschuss Versammlungsraum KWU Entsorgung\" srcset=\"https:\/\/www.kwu-entsorgung.de\/wp-content\/uploads\/2019\/12\/wa-e1747655800911.png 703w, https:\/\/www.kwu-entsorgung.de\/wp-content\/uploads\/2019\/12\/wa-e1747655800911-300x239.png 300w\" sizes=\"(max-width: 640px) 100vw, 640px\" \/><\/a><\/figure><div class=\"elementor-image-box-content\"><h4 class=\"elementor-image-box-title\"><a href=\"https:\/\/www.kwu-entsorgung.de\/?page_id=1078\">Werksausschuss<\/a><\/h4><p class=\"elementor-image-box-description\">Der Werksausschuss entscheidet im Rahmen der Beschl\u00fcsse des Kreistages \u00fcber die grunds\u00e4tzlichen Angelegenheiten des Eigenbetriebes.<\/p><\/div><\/div>\t\t<\/div>\n\t\t\t\t<\/div>\n\t\t\t\t\t<\/div>\n\t\t<\/div>\n\t\t\t\t\t<\/div>\n\t\t<\/section>\n\t\t\t\t<section class=\"elementor-section elementor-top-section elementor-element elementor-element-64d37de elementor-section-boxed elementor-section-height-default elementor-section-height-default\" data-id=\"64d37de\" data-element_type=\"section\">\n\t\t\t\t\t\t<div class=\"elementor-container elementor-column-gap-default\">\n\t\t\t\t\t<div class=\"elementor-column elementor-col-100 elementor-top-column elementor-element elementor-element-16f2002\" data-id=\"16f2002\" data-element_type=\"column\">\n\t\t\t<div class=\"elementor-widget-wrap elementor-element-populated\">\n\t\t\t\t\t\t<div class=\"elementor-element elementor-element-28ffaa2 elementor-position-left elementor-vertical-align-top elementor-widget elementor-widget-image-box\" data-id=\"28ffaa2\" data-element_type=\"widget\" data-widget_type=\"image-box.default\">\n\t\t\t\t<div class=\"elementor-widget-container\">\n\t\t\t<div class=\"elementor-image-box-wrapper\"><figure class=\"elementor-image-box-img\"><a href=\"https:\/\/www.kwu-entsorgung.de\/?page_id=2806\" tabindex=\"-1\"><img loading=\"lazy\" decoding=\"async\" width=\"450\" height=\"136\" src=\"https:\/\/www.kwu-entsorgung.de\/wp-content\/uploads\/2019\/11\/csm_Daten_Fakten_5df5292040.png\" class=\"attachment-full size-full wp-image-2682\" alt=\"Bilanz mit Kugelschreiber KWU\" srcset=\"https:\/\/www.kwu-entsorgung.de\/wp-content\/uploads\/2019\/11\/csm_Daten_Fakten_5df5292040.png 450w, https:\/\/www.kwu-entsorgung.de\/wp-content\/uploads\/2019\/11\/csm_Daten_Fakten_5df5292040-300x91.png 300w\" sizes=\"(max-width: 450px) 100vw, 450px\" \/><\/a><\/figure><div class=\"elementor-image-box-content\"><h4 class=\"elementor-image-box-title\"><a href=\"https:\/\/www.kwu-entsorgung.de\/?page_id=2806\">Abfallbilanz<\/a><\/h4><p class=\"elementor-image-box-description\">Wer mehr \u00fcber das Abfallaufkommen im Landkreis Oder-Spree wissen m\u00f6chte, kann sich hier dar\u00fcber informieren. Nat\u00fcrlich wird jedem Interessierten auch die M\u00f6glichkeit einger\u00e4umt, in unserem Hause Einsicht in die Abfallbilanzen zu nehmen.<\/p><\/div><\/div>\t\t<\/div>\n\t\t\t\t<\/div>\n\t\t\t\t\t<\/div>\n\t\t<\/div>\n\t\t\t\t\t<\/div>\n\t\t<\/section>\n\t\t\t\t<section class=\"elementor-section elementor-top-section elementor-element elementor-element-f0772ba elementor-section-boxed elementor-section-height-default elementor-section-height-default\" data-id=\"f0772ba\" data-element_type=\"section\">\n\t\t\t\t\t\t<div class=\"elementor-container elementor-column-gap-default\">\n\t\t\t\t\t<div class=\"elementor-column elementor-col-100 elementor-top-column elementor-element elementor-element-1c714e9\" data-id=\"1c714e9\" data-element_type=\"column\">\n\t\t\t<div class=\"elementor-widget-wrap elementor-element-populated\">\n\t\t\t\t\t\t<div class=\"elementor-element elementor-element-214e200 elementor-position-left elementor-vertical-align-top elementor-widget elementor-widget-image-box\" data-id=\"214e200\" data-element_type=\"widget\" data-widget_type=\"image-box.default\">\n\t\t\t\t<div class=\"elementor-widget-container\">\n\t\t\t<div class=\"elementor-image-box-wrapper\"><figure class=\"elementor-image-box-img\"><a href=\"https:\/\/www.kwu-entsorgung.de\/?page_id=69694\" tabindex=\"-1\"><img loading=\"lazy\" decoding=\"async\" width=\"745\" height=\"808\" src=\"https:\/\/www.kwu-entsorgung.de\/wp-content\/uploads\/2026\/03\/Screenshot-2026-03-12-at-14-36-18-3.-Fortschreibung-AWIKO-2022-06.12.2023.pdf.png\" class=\"attachment-full size-full wp-image-69711\" alt=\"\" srcset=\"https:\/\/www.kwu-entsorgung.de\/wp-content\/uploads\/2026\/03\/Screenshot-2026-03-12-at-14-36-18-3.-Fortschreibung-AWIKO-2022-06.12.2023.pdf.png 745w, https:\/\/www.kwu-entsorgung.de\/wp-content\/uploads\/2026\/03\/Screenshot-2026-03-12-at-14-36-18-3.-Fortschreibung-AWIKO-2022-06.12.2023.pdf-277x300.png 277w\" sizes=\"(max-width: 745px) 100vw, 745px\" \/><\/a><\/figure><div class=\"elementor-image-box-content\"><h4 class=\"elementor-image-box-title\"><a href=\"https:\/\/www.kwu-entsorgung.de\/?page_id=69694\">Abfallwirtschaftskonzept<\/a><\/h4><p class=\"elementor-image-box-description\">3. Fortschreibung des Integrierten Abfallwirtschaftskonzeptes f\u00fcr den Landkreis Oder-Spree (AWIKO) f\u00fcr den Zeitraum 2022 bis 2027<\/p><\/div><\/div>\t\t<\/div>\n\t\t\t\t<\/div>\n\t\t\t\t\t<\/div>\n\t\t<\/div>\n\t\t\t\t\t<\/div>\n\t\t<\/section>\n\t\t\t\t<section class=\"elementor-section elementor-top-section elementor-element elementor-element-64dac38 elementor-section-boxed elementor-section-height-default elementor-section-height-default\" data-id=\"64dac38\" data-element_type=\"section\">\n\t\t\t\t\t\t<div class=\"elementor-container elementor-column-gap-default\">\n\t\t\t\t\t<div class=\"elementor-column elementor-col-100 elementor-top-column elementor-element elementor-element-406fc45\" data-id=\"406fc45\" data-element_type=\"column\">\n\t\t\t<div class=\"elementor-widget-wrap elementor-element-populated\">\n\t\t\t\t\t\t<div class=\"elementor-element elementor-element-9198dac elementor-position-left elementor-vertical-align-top elementor-widget elementor-widget-image-box\" data-id=\"9198dac\" data-element_type=\"widget\" data-widget_type=\"image-box.default\">\n\t\t\t\t<div class=\"elementor-widget-container\">\n\t\t\t<div class=\"elementor-image-box-wrapper\"><figure class=\"elementor-image-box-img\"><a href=\"https:\/\/www.kwu-entsorgung.de\/?page_id=3061\" tabindex=\"-1\"><img loading=\"lazy\" decoding=\"async\" width=\"447\" height=\"444\" src=\"https:\/\/www.kwu-entsorgung.de\/wp-content\/uploads\/2019\/12\/Emblem-WEB-2.16189758.jpg\" class=\"attachment-full size-full wp-image-3074\" alt=\"Logo EFRE (Europ\u00e4ischer Fonds f\u00fcr Regionale Entwicklung)\" srcset=\"https:\/\/www.kwu-entsorgung.de\/wp-content\/uploads\/2019\/12\/Emblem-WEB-2.16189758.jpg 447w, https:\/\/www.kwu-entsorgung.de\/wp-content\/uploads\/2019\/12\/Emblem-WEB-2.16189758-150x150.jpg 150w, https:\/\/www.kwu-entsorgung.de\/wp-content\/uploads\/2019\/12\/Emblem-WEB-2.16189758-300x298.jpg 300w\" sizes=\"(max-width: 447px) 100vw, 447px\" \/><\/a><\/figure><div class=\"elementor-image-box-content\"><h4 class=\"elementor-image-box-title\"><a href=\"https:\/\/www.kwu-entsorgung.de\/?page_id=3061\">EFRE<\/a><\/h4><p class=\"elementor-image-box-description\">Ein \u00dcberblick \u00fcber die erhaltenen F\u00f6rderungen aus dem Europ\u00e4ischen Fonds f\u00fcr Regionale Entwicklung (EFRE).<\/p><\/div><\/div>\t\t<\/div>\n\t\t\t\t<\/div>\n\t\t\t\t\t<\/div>\n\t\t<\/div>\n\t\t\t\t\t<\/div>\n\t\t<\/section>\n\t\t\t\t<\/div>\n\t\t","protected":false},"excerpt":{"rendered":"<p>Kontakt \u00dcber das Kontaktformular k\u00f6nnen Sie uns gerne eine Nachricht zukommen lassen. Bitte nennen Sie uns neben Ihren pers\u00f6nlichen Daten m\u00f6glichst genau den Anlass und eine Beschreibung Ihres Anliegens. Oder Sie rufen uns an: Unsere Servicenummer: 03361 7743-0 Verwaltung Erfahren Sie mehr \u00fcber die Aufgaben der Verwaltung des KWU-Entsorgung. Fuhrhof Unser Fuhrhof befindet sich in&#8230;<\/p>\n","protected":false},"author":2,"featured_media":0,"parent":0,"menu_order":0,"comment_status":"closed","ping_status":"closed","template":"","meta":{"footnotes":""},"publishpress_future_action":{"enabled":false,"date":"2026-04-17 11:12:06","action":"change-status","newStatus":"draft","terms":[],"taxonomy":""},"_links":{"self":[{"href":"https:\/\/www.kwu-entsorgung.de\/index.php?rest_route=\/wp\/v2\/pages\/57"}],"collection":[{"href":"https:\/\/www.kwu-entsorgung.de\/index.php?rest_route=\/wp\/v2\/pages"}],"about":[{"href":"https:\/\/www.kwu-entsorgung.de\/index.php?rest_route=\/wp\/v2\/types\/page"}],"author":[{"embeddable":true,"href":"https:\/\/www.kwu-entsorgung.de\/index.php?rest_route=\/wp\/v2\/users\/2"}],"replies":[{"embeddable":true,"href":"https:\/\/www.kwu-entsorgung.de\/index.php?rest_route=%2Fwp%2Fv2%2Fcomments&post=57"}],"version-history":[{"count":61,"href":"https:\/\/www.kwu-entsorgung.de\/index.php?rest_route=\/wp\/v2\/pages\/57\/revisions"}],"predecessor-version":[{"id":69714,"href":"https:\/\/www.kwu-entsorgung.de\/index.php?rest_route=\/wp\/v2\/pages\/57\/revisions\/69714"}],"wp:attachment":[{"href":"https:\/\/www.kwu-entsorgung.de\/index.php?rest_route=%2Fwp%2Fv2%2Fmedia&parent=57"}],"curies":[{"name":"wp","href":"https:\/\/api.w.org\/{rel}","templated":true}]}}