{"id":54,"date":"2019-05-10T10:33:22","date_gmt":"2019-05-10T08:33:22","guid":{"rendered":"http:\/\/debian-015.kwu.lokal\/wordpress\/?page_id=54"},"modified":"2026-04-30T13:31:03","modified_gmt":"2026-04-30T11:31:03","slug":"buergerservice","status":"publish","type":"page","link":"https:\/\/www.kwu-entsorgung.de\/?page_id=54","title":{"rendered":"B\u00fcrgerservice"},"content":{"rendered":"\t\t<div data-elementor-type=\"wp-post\" data-elementor-id=\"54\" class=\"elementor elementor-54\">\n\t\t\t\t\t\t<section class=\"elementor-section elementor-top-section elementor-element elementor-element-48b7f99 elementor-section-boxed elementor-section-height-default elementor-section-height-default\" data-id=\"48b7f99\" data-element_type=\"section\">\n\t\t\t\t\t\t<div class=\"elementor-container elementor-column-gap-default\">\n\t\t\t\t\t<div class=\"elementor-column elementor-col-100 elementor-top-column elementor-element elementor-element-84c32de\" data-id=\"84c32de\" data-element_type=\"column\">\n\t\t\t<div class=\"elementor-widget-wrap elementor-element-populated\">\n\t\t\t\t\t\t<div class=\"elementor-element elementor-element-81d53c6 elementor-position-left elementor-vertical-align-top elementor-widget elementor-widget-image-box\" data-id=\"81d53c6\" data-element_type=\"widget\" data-widget_type=\"image-box.default\">\n\t\t\t\t<div class=\"elementor-widget-container\">\n\t\t\t<div class=\"elementor-image-box-wrapper\"><figure class=\"elementor-image-box-img\"><img decoding=\"async\" width=\"150\" height=\"150\" src=\"https:\/\/www.kwu-entsorgung.de\/wp-content\/uploads\/2019\/06\/Frau-\u00e4lter-am-Telefon-2-150x150.jpg\" class=\"attachment-thumbnail size-thumbnail wp-image-801\" alt=\"KWU Frau am Telefon\" \/><\/figure><div class=\"elementor-image-box-content\"><h4 class=\"elementor-image-box-title\">Unser B\u00fcrgerservice<\/h4><p class=\"elementor-image-box-description\">Unser B\u00fcrgerservice hilft Ihnen bei allen Entsorgungsfragen. Ob Restabfall, Altpapier, Gr\u00fcnabfall, Verpackungen, Sperrm\u00fcll, Schadstoffe, Altkleider, Elektronikschrott oder Haushaltsgro\u00dfger\u00e4te.<br> Sprechen Sie uns an: <strong>03361-7743-0<\/strong><\/p><\/div><\/div>\t\t<\/div>\n\t\t\t\t<\/div>\n\t\t\t\t\t<\/div>\n\t\t<\/div>\n\t\t\t\t\t<\/div>\n\t\t<\/section>\n\t\t\t\t<section class=\"elementor-section elementor-top-section elementor-element elementor-element-5b5e716 elementor-section-boxed elementor-section-height-default elementor-section-height-default\" data-id=\"5b5e716\" data-element_type=\"section\">\n\t\t\t\t\t\t<div class=\"elementor-container elementor-column-gap-default\">\n\t\t\t\t\t<div class=\"elementor-column elementor-col-100 elementor-top-column elementor-element elementor-element-f68f6d1\" data-id=\"f68f6d1\" data-element_type=\"column\">\n\t\t\t<div class=\"elementor-widget-wrap elementor-element-populated\">\n\t\t\t\t\t\t<div class=\"elementor-element elementor-element-fccea41 elementor-position-left elementor-vertical-align-top elementor-widget elementor-widget-image-box\" data-id=\"fccea41\" data-element_type=\"widget\" data-widget_type=\"image-box.default\">\n\t\t\t\t<div class=\"elementor-widget-container\">\n\t\t\t<div class=\"elementor-image-box-wrapper\"><figure class=\"elementor-image-box-img\"><a href=\"https:\/\/www.kwu-entsorgung.de\/?page_id=337\" tabindex=\"-1\"><img decoding=\"async\" width=\"150\" height=\"150\" src=\"https:\/\/www.kwu-entsorgung.de\/wp-content\/uploads\/2019\/11\/calendar-1255953_960_720-150x150.png\" class=\"attachment-thumbnail size-thumbnail wp-image-2773\" alt=\"Kalender, eine Zahl (30) ist eingekreist\" \/><\/a><\/figure><div class=\"elementor-image-box-content\"><h4 class=\"elementor-image-box-title\"><a href=\"https:\/\/www.kwu-entsorgung.de\/?page_id=337\">Entsorgungskalender <\/a><\/h4><p class=\"elementor-image-box-description\">Hausnummerngenaue Entsorgungstermine zum Ausdrucken oder Herunterladen.<\/p><\/div><\/div>\t\t<\/div>\n\t\t\t\t<\/div>\n\t\t\t\t\t<\/div>\n\t\t<\/div>\n\t\t\t\t\t<\/div>\n\t\t<\/section>\n\t\t\t\t<section class=\"elementor-section elementor-top-section elementor-element elementor-element-4c43931 elementor-section-boxed elementor-section-height-default elementor-section-height-default\" data-id=\"4c43931\" data-element_type=\"section\">\n\t\t\t\t\t\t<div class=\"elementor-container elementor-column-gap-default\">\n\t\t\t\t\t<div class=\"elementor-column elementor-col-100 elementor-top-column elementor-element elementor-element-72a387f\" data-id=\"72a387f\" data-element_type=\"column\">\n\t\t\t<div class=\"elementor-widget-wrap elementor-element-populated\">\n\t\t\t\t\t\t<div class=\"elementor-element elementor-element-7d812b5 elementor-position-left elementor-vertical-align-top elementor-widget elementor-widget-image-box\" data-id=\"7d812b5\" data-element_type=\"widget\" data-widget_type=\"image-box.default\">\n\t\t\t\t<div class=\"elementor-widget-container\">\n\t\t\t<div class=\"elementor-image-box-wrapper\"><figure class=\"elementor-image-box-img\"><a href=\"https:\/\/www.kwu-entsorgung.de\/?page_id=153\" tabindex=\"-1\"><img decoding=\"async\" width=\"150\" height=\"150\" src=\"https:\/\/www.kwu-entsorgung.de\/wp-content\/uploads\/2019\/11\/Formulare-2-150x150.png\" class=\"attachment-thumbnail size-thumbnail wp-image-2649\" alt=\"KWU Formular und ein Kugelschreiber\" \/><\/a><\/figure><div class=\"elementor-image-box-content\"><h4 class=\"elementor-image-box-title\"><a href=\"https:\/\/www.kwu-entsorgung.de\/?page_id=153\">Formulare<\/a><\/h4><p class=\"elementor-image-box-description\">Die meisten Formulare k\u00f6nnen Sie gleich online ausf\u00fcllen, m\u00fcssen sie aber ausdrucken und unterschrieben an uns senden.<\/p><\/div><\/div>\t\t<\/div>\n\t\t\t\t<\/div>\n\t\t\t\t\t<\/div>\n\t\t<\/div>\n\t\t\t\t\t<\/div>\n\t\t<\/section>\n\t\t\t\t<section class=\"elementor-section elementor-top-section elementor-element elementor-element-8fe61e4 elementor-section-boxed elementor-section-height-default elementor-section-height-default\" data-id=\"8fe61e4\" data-element_type=\"section\">\n\t\t\t\t\t\t<div class=\"elementor-container elementor-column-gap-default\">\n\t\t\t\t\t<div class=\"elementor-column elementor-col-100 elementor-top-column elementor-element elementor-element-cbd1330\" data-id=\"cbd1330\" data-element_type=\"column\">\n\t\t\t<div class=\"elementor-widget-wrap elementor-element-populated\">\n\t\t\t\t\t\t<div class=\"elementor-element elementor-element-994d1d8 elementor-position-left elementor-vertical-align-top elementor-widget elementor-widget-image-box\" data-id=\"994d1d8\" data-element_type=\"widget\" data-widget_type=\"image-box.default\">\n\t\t\t\t<div class=\"elementor-widget-container\">\n\t\t\t<div class=\"elementor-image-box-wrapper\"><figure class=\"elementor-image-box-img\"><a href=\"https:\/\/www.kwu-entsorgung.de\/?page_id=4566\" tabindex=\"-1\"><img loading=\"lazy\" decoding=\"async\" width=\"150\" height=\"150\" src=\"https:\/\/www.kwu-entsorgung.de\/wp-content\/uploads\/2021\/02\/abruf-150x150.png\" class=\"attachment-thumbnail size-thumbnail wp-image-5898\" alt=\"\" srcset=\"https:\/\/www.kwu-entsorgung.de\/wp-content\/uploads\/2021\/02\/abruf-150x150.png 150w, https:\/\/www.kwu-entsorgung.de\/wp-content\/uploads\/2021\/02\/abruf.png 193w\" sizes=\"(max-width: 150px) 100vw, 150px\" \/><\/a><\/figure><div class=\"elementor-image-box-content\"><h4 class=\"elementor-image-box-title\"><a href=\"https:\/\/www.kwu-entsorgung.de\/?page_id=4566\">Biotonne auf Abruf <\/a><\/h4><p class=\"elementor-image-box-description\">Nutzen Sie unser Formular zur Bedarfsmeldung einer Leerung Ihrer Biotonne mindestens zwei Wochentage (Montag - Freitag) vorher.<\/p><\/div><\/div>\t\t<\/div>\n\t\t\t\t<\/div>\n\t\t\t\t\t<\/div>\n\t\t<\/div>\n\t\t\t\t\t<\/div>\n\t\t<\/section>\n\t\t\t\t<section class=\"elementor-section elementor-top-section elementor-element elementor-element-5229da4 elementor-section-boxed elementor-section-height-default elementor-section-height-default\" data-id=\"5229da4\" data-element_type=\"section\">\n\t\t\t\t\t\t<div class=\"elementor-container elementor-column-gap-default\">\n\t\t\t\t\t<div class=\"elementor-column elementor-col-100 elementor-top-column elementor-element elementor-element-512c613\" data-id=\"512c613\" data-element_type=\"column\">\n\t\t\t<div class=\"elementor-widget-wrap elementor-element-populated\">\n\t\t\t\t\t\t<div class=\"elementor-element elementor-element-f779104 elementor-position-left elementor-vertical-align-top elementor-widget elementor-widget-image-box\" data-id=\"f779104\" data-element_type=\"widget\" data-widget_type=\"image-box.default\">\n\t\t\t\t<div class=\"elementor-widget-container\">\n\t\t\t<div class=\"elementor-image-box-wrapper\"><figure class=\"elementor-image-box-img\"><a href=\"https:\/\/www.kwu-entsorgung.de\/?page_id=13927\" tabindex=\"-1\"><img loading=\"lazy\" decoding=\"async\" width=\"150\" height=\"150\" src=\"https:\/\/www.kwu-entsorgung.de\/wp-content\/uploads\/2019\/05\/DSC00773-150x150.jpg\" class=\"attachment-thumbnail size-thumbnail wp-image-535\" alt=\"Sperrm\u00fcll am Stra\u00dfenrand\" \/><\/a><\/figure><div class=\"elementor-image-box-content\"><h4 class=\"elementor-image-box-title\"><a href=\"https:\/\/www.kwu-entsorgung.de\/?page_id=13927\">Sperrm\u00fcll \/ Elektro(nik)-Altger\u00e4te<\/a><\/h4><p class=\"elementor-image-box-description\">Mit Hilfe unseres Sperrm\u00fcll- und Elektro(nik)-Altger\u00e4temoduls k\u00f6nnen Sie direkt online Ihren Abfall anmelden.<\/p><\/div><\/div>\t\t<\/div>\n\t\t\t\t<\/div>\n\t\t\t\t<div class=\"elementor-element elementor-element-21ccfb9 elementor-position-left elementor-vertical-align-top elementor-widget elementor-widget-image-box\" data-id=\"21ccfb9\" data-element_type=\"widget\" data-widget_type=\"image-box.default\">\n\t\t\t\t<div class=\"elementor-widget-container\">\n\t\t\t<div class=\"elementor-image-box-wrapper\"><figure class=\"elementor-image-box-img\"><a href=\"https:\/\/www.kwu-entsorgung.de\/?page_id=2420\" tabindex=\"-1\"><img loading=\"lazy\" decoding=\"async\" width=\"150\" height=\"150\" src=\"https:\/\/www.kwu-entsorgung.de\/wp-content\/uploads\/2019\/06\/Frau-am-Telefon3-150x150.jpg\" class=\"attachment-thumbnail size-thumbnail wp-image-829\" alt=\"KWU Frau am Telefon\" \/><\/a><\/figure><div class=\"elementor-image-box-content\"><h4 class=\"elementor-image-box-title\"><a href=\"https:\/\/www.kwu-entsorgung.de\/?page_id=2420\">R\u00fcckrufservice<\/a><\/h4><p class=\"elementor-image-box-description\">Wir rufen Sie gerne zur\u00fcck. F\u00fcllen Sie einfach das Formular aus und wir setzen uns mit Ihnen in Verbindung. <\/p><\/div><\/div>\t\t<\/div>\n\t\t\t\t<\/div>\n\t\t\t\t\t<\/div>\n\t\t<\/div>\n\t\t\t\t\t<\/div>\n\t\t<\/section>\n\t\t\t\t<section class=\"elementor-section elementor-top-section elementor-element elementor-element-012a7d8 elementor-section-boxed elementor-section-height-default elementor-section-height-default\" data-id=\"012a7d8\" data-element_type=\"section\">\n\t\t\t\t\t\t<div class=\"elementor-container elementor-column-gap-default\">\n\t\t\t\t\t<div class=\"elementor-column elementor-col-100 elementor-top-column elementor-element elementor-element-66e7bef\" data-id=\"66e7bef\" data-element_type=\"column\">\n\t\t\t<div class=\"elementor-widget-wrap elementor-element-populated\">\n\t\t\t\t\t\t<div class=\"elementor-element elementor-element-10f3773 elementor-position-left elementor-vertical-align-top elementor-widget elementor-widget-image-box\" data-id=\"10f3773\" data-element_type=\"widget\" data-widget_type=\"image-box.default\">\n\t\t\t\t<div class=\"elementor-widget-container\">\n\t\t\t<div class=\"elementor-image-box-wrapper\"><figure class=\"elementor-image-box-img\"><a href=\"https:\/\/www.kwu-entsorgung.de\/?page_id=65429\" tabindex=\"-1\"><img loading=\"lazy\" decoding=\"async\" width=\"150\" height=\"150\" src=\"https:\/\/www.kwu-entsorgung.de\/wp-content\/uploads\/2026\/02\/Foto-Remondis-Schadstoffmobil-150x150.jpg\" class=\"attachment-thumbnail size-thumbnail wp-image-69590\" alt=\"\" \/><\/a><\/figure><div class=\"elementor-image-box-content\"><h4 class=\"elementor-image-box-title\"><a href=\"https:\/\/www.kwu-entsorgung.de\/?page_id=65429\">Schadstoffmobil Herbsttour 2026<\/a><\/h4><p class=\"elementor-image-box-description\">Um die umweltgerechte Entsorgung von schadstoffhaltigen Abf\u00e4llen sicher zu stellen, macht das Schadstoffmobil im Herbst 2026 (vom 08.09. bis 30.09.2026) wieder in vielen Ortschaften des Landkreises Oder-Spree Station.<\/p><\/div><\/div>\t\t<\/div>\n\t\t\t\t<\/div>\n\t\t\t\t\t<\/div>\n\t\t<\/div>\n\t\t\t\t\t<\/div>\n\t\t<\/section>\n\t\t\t\t<section class=\"elementor-section elementor-top-section elementor-element elementor-element-5613c01 elementor-section-boxed elementor-section-height-default elementor-section-height-default\" data-id=\"5613c01\" data-element_type=\"section\">\n\t\t\t\t\t\t<div class=\"elementor-container elementor-column-gap-default\">\n\t\t\t\t\t<div class=\"elementor-column elementor-col-100 elementor-top-column elementor-element elementor-element-906bf0f\" data-id=\"906bf0f\" data-element_type=\"column\">\n\t\t\t<div class=\"elementor-widget-wrap\">\n\t\t\t\t\t\t\t<\/div>\n\t\t<\/div>\n\t\t\t\t\t<\/div>\n\t\t<\/section>\n\t\t\t\t<\/div>\n\t\t","protected":false},"excerpt":{"rendered":"<p>Unser B\u00fcrgerservice Unser B\u00fcrgerservice hilft Ihnen bei allen Entsorgungsfragen. Ob Restabfall, Altpapier, Gr\u00fcnabfall, Verpackungen, Sperrm\u00fcll, Schadstoffe, Altkleider, Elektronikschrott oder Haushaltsgro\u00dfger\u00e4te. Sprechen Sie uns an: 03361-7743-0 Entsorgungskalender Hausnummerngenaue Entsorgungstermine zum Ausdrucken oder Herunterladen. Formulare Die meisten Formulare k\u00f6nnen Sie gleich online ausf\u00fcllen, m\u00fcssen sie aber ausdrucken und unterschrieben an uns senden. Biotonne auf Abruf Nutzen Sie&#8230;<\/p>\n","protected":false},"author":2,"featured_media":0,"parent":0,"menu_order":0,"comment_status":"closed","ping_status":"closed","template":"","meta":{"footnotes":""},"publishpress_future_action":{"enabled":false,"date":"2026-05-07 22:33:32","action":"change-status","newStatus":"draft","terms":[],"taxonomy":""},"_links":{"self":[{"href":"https:\/\/www.kwu-entsorgung.de\/index.php?rest_route=\/wp\/v2\/pages\/54"}],"collection":[{"href":"https:\/\/www.kwu-entsorgung.de\/index.php?rest_route=\/wp\/v2\/pages"}],"about":[{"href":"https:\/\/www.kwu-entsorgung.de\/index.php?rest_route=\/wp\/v2\/types\/page"}],"author":[{"embeddable":true,"href":"https:\/\/www.kwu-entsorgung.de\/index.php?rest_route=\/wp\/v2\/users\/2"}],"replies":[{"embeddable":true,"href":"https:\/\/www.kwu-entsorgung.de\/index.php?rest_route=%2Fwp%2Fv2%2Fcomments&post=54"}],"version-history":[{"count":198,"href":"https:\/\/www.kwu-entsorgung.de\/index.php?rest_route=\/wp\/v2\/pages\/54\/revisions"}],"predecessor-version":[{"id":69997,"href":"https:\/\/www.kwu-entsorgung.de\/index.php?rest_route=\/wp\/v2\/pages\/54\/revisions\/69997"}],"wp:attachment":[{"href":"https:\/\/www.kwu-entsorgung.de\/index.php?rest_route=%2Fwp%2Fv2%2Fmedia&parent=54"}],"curies":[{"name":"wp","href":"https:\/\/api.w.org\/{rel}","templated":true}]}}