{"id":4566,"date":"2020-08-21T08:19:53","date_gmt":"2020-08-21T06:19:53","guid":{"rendered":"https:\/\/www.kwu-entsorgung.de\/?page_id=4566"},"modified":"2024-11-13T14:15:01","modified_gmt":"2024-11-13T13:15:01","slug":"biotonne-auf-abruf","status":"publish","type":"page","link":"https:\/\/www.kwu-entsorgung.de\/?page_id=4566","title":{"rendered":"Biotonne auf Abruf"},"content":{"rendered":"\t\t<div data-elementor-type=\"wp-page\" data-elementor-id=\"4566\" class=\"elementor elementor-4566\">\n\t\t\t\t\t\t<section class=\"elementor-section elementor-top-section elementor-element elementor-element-0f5bbae elementor-section-boxed elementor-section-height-default elementor-section-height-default\" data-id=\"0f5bbae\" data-element_type=\"section\">\n\t\t\t\t\t\t<div class=\"elementor-container elementor-column-gap-default\">\n\t\t\t\t\t<div class=\"elementor-column elementor-col-100 elementor-top-column elementor-element elementor-element-4bb12bb\" data-id=\"4bb12bb\" data-element_type=\"column\">\n\t\t\t<div class=\"elementor-widget-wrap elementor-element-populated\">\n\t\t\t\t\t\t<div class=\"elementor-element elementor-element-37435ce elementor-widget elementor-widget-heading\" data-id=\"37435ce\" data-element_type=\"widget\" data-widget_type=\"heading.default\">\n\t\t\t\t<div class=\"elementor-widget-container\">\n\t\t\t<h4 class=\"elementor-heading-title elementor-size-default\">Funktionsweise des Abrufsystems <\/h4>\t\t<\/div>\n\t\t\t\t<\/div>\n\t\t\t\t<div class=\"elementor-element elementor-element-2d20031 elementor-widget elementor-widget-toggle\" data-id=\"2d20031\" data-element_type=\"widget\" data-widget_type=\"toggle.default\">\n\t\t\t\t<div class=\"elementor-widget-container\">\n\t\t\t\t\t<div class=\"elementor-toggle\">\n\t\t\t\t\t\t\t<div class=\"elementor-toggle-item\">\n\t\t\t\t\t<div id=\"elementor-tab-title-4731\" class=\"elementor-tab-title\" data-tab=\"1\" role=\"button\" aria-controls=\"elementor-tab-content-4731\" aria-expanded=\"false\">\n\t\t\t\t\t\t\t\t\t\t\t\t<span class=\"elementor-toggle-icon elementor-toggle-icon-left\" aria-hidden=\"true\">\n\t\t\t\t\t\t\t\t\t\t\t\t\t\t\t<span class=\"elementor-toggle-icon-closed\"><i class=\"fas fa-caret-right\"><\/i><\/span>\n\t\t\t\t\t\t\t\t<span class=\"elementor-toggle-icon-opened\"><i class=\"elementor-toggle-icon-opened fas fa-caret-up\"><\/i><\/span>\n\t\t\t\t\t\t\t\t\t\t\t\t\t<\/span>\n\t\t\t\t\t\t\t\t\t\t\t\t<a class=\"elementor-toggle-title\" tabindex=\"0\">Wenn Sie in einem der nachfolgenden Orte wohnen und eine Biotonne besitzen, erfolgt die Leerung der Biotonnen im Abrufsystem nach vorheriger Bedarfsmeldung.<\/a>\n\t\t\t\t\t<\/div>\n\n\t\t\t\t\t<div id=\"elementor-tab-content-4731\" class=\"elementor-tab-content elementor-clearfix\" data-tab=\"1\" role=\"region\" aria-labelledby=\"elementor-tab-title-4731\"><ul><li>Bad Saarow OT Petersdorf\u00a0<\/li><li>Beeskow OT Bornow, Kohlsdorf, Kr\u00fcgersdorf, Oegeln Schneeberg<\/li><li>Berkenbr\u00fcck<\/li><li>Briesen OT Alt Madlitz, Biegen, Falkenberg, Wilmersdorf<\/li><li>Diensdorf-Radlow<\/li><li>Eisenh\u00fcttenstadt OT Diehlo \u2013 Alleeweg, Am Birkenwald, Birkenring, Dorfstra\u00dfe, Feldweg, F\u00fcnfeichener Weg\u00a0<\/li><li>Friedland mit OT <\/li><li>F\u00fcrstenwalde OT Molkenberg, Trebus<\/li><li>Gosen-Neu Zittau OT Gosen, OT Neu-Zittau, GT Burig, GT St\u00e4bchen, GT Steinfurt (hier jedoch <strong>nur<\/strong> f\u00fcr den Zeitraum 01. Dezember bis 31. M\u00e4rz)<\/li><li>Gro\u00df Lindow\u00a0<\/li><li>Grunow-Dammendorf beide OT\u00a0<\/li><li>Gr\u00fcnheide (Mark) &#8211; die OT Kagel, Kienbaum, GT Finkenstein, GT M\u00f6llensee (hier jedoch <strong>nur<\/strong> f\u00fcr den Zeitraum 01. Dezember bis 31. M\u00e4rz)<\/li><li>Gr\u00fcnheide (Mark) OT M\u00f6nchwinkel, GT Neu M\u00f6nchwinkel, OT Spreeau, GT Spreetal, GT Spreewerder<\/li><li>Jacobsdorf und OT Petersdorf, Pillgram, Sieversdorf<\/li><li>Langewahl\u00a0<\/li><li>Lawitz\u00a0<\/li><li>Mixdorf\u00a0<\/li><li>M\u00fcllrose davon nur die OT Biegenbr\u00fcck, Dubrow, Kaiserm\u00fchl\u00a0<\/li><li>Nei\u00dfem\u00fcnde alle OT<\/li><li>Neuzelle alle OT<\/li><li>Ragow-Merz beide OT\u00a0<\/li><li>Rietz-Neuendorf alle OT\u00a0<\/li><li>Schlaubetal alle OT\u00a0<\/li><li>Siehdichum alle OT<\/li><li>Spreenhagen OT Braunsdorf, OT Hartmannsdorf, OT Markgrafpieske, GT Neuhartmannsdorf<\/li><li>Steinh\u00f6fel und OT Arensdorf, Heinersdorf, Beerfelde, Buchholz, Demnitz, Hasenfelde, J\u00e4nickendorf, Neuendorf im Sande, G\u00f6lsdorf, Sch\u00f6nfelde, Tempelberg<\/li><li>Storkow (Mark) OT Alt Stahnsdorf, Bugk, G\u00f6rsdorf, Gro\u00df Eichholz, Gro\u00df Schauen, Kehrigk, Kummersdorf, Limsdorf, Philadelphia, Rieplos, Schwerin, Selchow, Wochowsee<\/li><li>Tauche und alle OT\u00a0<\/li><li>Vogelsang<\/li><li>Wendisch-Rietz<\/li><li>Wiesenau<\/li><li>Ziltendorf<\/li><\/ul><\/div>\n\t\t\t\t<\/div>\n\t\t\t\t\t\t\t\t<\/div>\n\t\t\t\t<\/div>\n\t\t\t\t<\/div>\n\t\t\t\t<section class=\"elementor-section elementor-inner-section elementor-element elementor-element-c13dddf elementor-section-boxed elementor-section-height-default elementor-section-height-default\" data-id=\"c13dddf\" data-element_type=\"section\">\n\t\t\t\t\t\t<div class=\"elementor-container elementor-column-gap-default\">\n\t\t\t\t\t<div class=\"elementor-column elementor-col-100 elementor-inner-column elementor-element elementor-element-9331aef\" data-id=\"9331aef\" data-element_type=\"column\">\n\t\t\t<div class=\"elementor-widget-wrap elementor-element-populated\">\n\t\t\t\t\t\t<div class=\"elementor-element elementor-element-c9981c7 elementor-widget elementor-widget-text-editor\" data-id=\"c9981c7\" data-element_type=\"widget\" data-widget_type=\"text-editor.default\">\n\t\t\t\t<div class=\"elementor-widget-container\">\n\t\t\t\t\t\t\t<p>Die Biotonne wird in Ihrem Ort <strong>auf Abruf<\/strong> im 14-t\u00e4glichen Rhythmus geleert.<\/p><p>Auf Ihrem Entsorgungskalender finden Sie zu den m\u00f6glichen Entsorgungsterminen ein Symbol mit einem Apfel und einemTelefonh\u00f6rer.<\/p><p>An diesen Tagen besteht die M\u00f6glichkeit, die Biotonne leeren zu lassen.<\/p>\t\t\t\t\t\t<\/div>\n\t\t\t\t<\/div>\n\t\t\t\t\t<\/div>\n\t\t<\/div>\n\t\t\t\t\t<\/div>\n\t\t<\/section>\n\t\t\t\t\t<\/div>\n\t\t<\/div>\n\t\t\t\t\t<\/div>\n\t\t<\/section>\n\t\t\t\t<section class=\"elementor-section elementor-top-section elementor-element elementor-element-9cf9dcf elementor-section-boxed elementor-section-height-default elementor-section-height-default\" data-id=\"9cf9dcf\" data-element_type=\"section\">\n\t\t\t\t\t\t<div class=\"elementor-container elementor-column-gap-default\">\n\t\t\t\t\t<div class=\"elementor-column elementor-col-100 elementor-top-column elementor-element elementor-element-1b07bb2\" data-id=\"1b07bb2\" data-element_type=\"column\">\n\t\t\t<div class=\"elementor-widget-wrap elementor-element-populated\">\n\t\t\t\t\t\t<section class=\"elementor-section elementor-inner-section elementor-element elementor-element-f6554cc elementor-section-boxed elementor-section-height-default elementor-section-height-default\" data-id=\"f6554cc\" data-element_type=\"section\">\n\t\t\t\t\t\t<div class=\"elementor-container elementor-column-gap-default\">\n\t\t\t\t\t<div class=\"elementor-column elementor-col-50 elementor-inner-column elementor-element elementor-element-34fc2d9\" data-id=\"34fc2d9\" data-element_type=\"column\">\n\t\t\t<div class=\"elementor-widget-wrap elementor-element-populated\">\n\t\t\t\t\t\t<div class=\"elementor-element elementor-element-cd1a863 elementor-widget elementor-widget-image\" data-id=\"cd1a863\" data-element_type=\"widget\" data-widget_type=\"image.default\">\n\t\t\t\t<div class=\"elementor-widget-container\">\n\t\t\t\t\t\t\t\t\t\t\t\t\t<img fetchpriority=\"high\" decoding=\"async\" width=\"553\" height=\"913\" src=\"https:\/\/www.kwu-entsorgung.de\/wp-content\/uploads\/2022\/04\/Kal1_neu.png\" class=\"attachment-large size-large wp-image-8200\" alt=\"\" srcset=\"https:\/\/www.kwu-entsorgung.de\/wp-content\/uploads\/2022\/04\/Kal1_neu.png 553w, https:\/\/www.kwu-entsorgung.de\/wp-content\/uploads\/2022\/04\/Kal1_neu-182x300.png 182w\" sizes=\"(max-width: 553px) 100vw, 553px\" \/>\t\t\t\t\t\t\t\t\t\t\t\t\t<\/div>\n\t\t\t\t<\/div>\n\t\t\t\t\t<\/div>\n\t\t<\/div>\n\t\t\t\t<div class=\"elementor-column elementor-col-50 elementor-inner-column elementor-element elementor-element-c6a36bf\" data-id=\"c6a36bf\" data-element_type=\"column\">\n\t\t\t<div class=\"elementor-widget-wrap elementor-element-populated\">\n\t\t\t\t\t\t<div class=\"elementor-element elementor-element-9560b98 elementor-widget elementor-widget-text-editor\" data-id=\"9560b98\" data-element_type=\"widget\" data-widget_type=\"text-editor.default\">\n\t\t\t\t<div class=\"elementor-widget-container\">\n\t\t\t\t\t\t\t<p><strong>Was m\u00fcssen Sie daf\u00fcr tun?<\/strong><\/p><p>Wenn Sie m\u00f6chten, dass Ihre Biotonne an einem der im Kalender abgebildeten Entsorgungstermine geleert werden soll, m\u00fcssen Sie sp\u00e4testens \u2026<\/p><p><strong>zwei <u>Wochen<\/u>tage (Montag &#8211; Freitag) vor der n\u00e4chsten Leerung<\/strong> Ihren Bedarf anmelden bzw. buchen.<\/p><p>z.B. Leerung f\u00fcr den <strong>13.01.<\/strong><\/p><p>Anmeldung bis zum <strong>11.01.<\/strong><\/p>\t\t\t\t\t\t<\/div>\n\t\t\t\t<\/div>\n\t\t\t\t<div class=\"elementor-element elementor-element-381dd6b elementor-widget elementor-widget-image\" data-id=\"381dd6b\" data-element_type=\"widget\" data-widget_type=\"image.default\">\n\t\t\t\t<div class=\"elementor-widget-container\">\n\t\t\t\t\t\t\t\t\t\t\t\t\t<img decoding=\"async\" width=\"86\" height=\"100\" src=\"https:\/\/www.kwu-entsorgung.de\/wp-content\/uploads\/2022\/04\/Biotonne_Abruf-1.png\" class=\"attachment-full size-full wp-image-8194\" alt=\"\" \/>\t\t\t\t\t\t\t\t\t\t\t\t\t<\/div>\n\t\t\t\t<\/div>\n\t\t\t\t\t<\/div>\n\t\t<\/div>\n\t\t\t\t\t<\/div>\n\t\t<\/section>\n\t\t\t\t\t<\/div>\n\t\t<\/div>\n\t\t\t\t\t<\/div>\n\t\t<\/section>\n\t\t\t\t<section class=\"elementor-section elementor-top-section elementor-element elementor-element-970607d elementor-section-boxed elementor-section-height-default elementor-section-height-default\" data-id=\"970607d\" data-element_type=\"section\">\n\t\t\t\t\t\t<div class=\"elementor-container elementor-column-gap-default\">\n\t\t\t\t\t<div class=\"elementor-column elementor-col-100 elementor-top-column elementor-element elementor-element-d0598d2\" data-id=\"d0598d2\" data-element_type=\"column\">\n\t\t\t<div class=\"elementor-widget-wrap elementor-element-populated\">\n\t\t\t\t\t\t<section class=\"elementor-section elementor-inner-section elementor-element elementor-element-25e2d1b elementor-section-boxed elementor-section-height-default elementor-section-height-default\" data-id=\"25e2d1b\" data-element_type=\"section\">\n\t\t\t\t\t\t<div class=\"elementor-container elementor-column-gap-default\">\n\t\t\t\t\t<div class=\"elementor-column elementor-col-50 elementor-inner-column elementor-element elementor-element-a5f7925\" data-id=\"a5f7925\" data-element_type=\"column\">\n\t\t\t<div class=\"elementor-widget-wrap elementor-element-populated\">\n\t\t\t\t\t\t<div class=\"elementor-element elementor-element-8486ff6 elementor-widget elementor-widget-text-editor\" data-id=\"8486ff6\" data-element_type=\"widget\" data-widget_type=\"text-editor.default\">\n\t\t\t\t<div class=\"elementor-widget-container\">\n\t\t\t\t\t\t\t<p><strong>Folgende M\u00f6glichkeiten k\u00f6nnen Sie daf\u00fcr nutzen:<\/strong><\/p><ul><li>Buchung des Entsorgungstermins <strong>\u00fcber den indivi\u00adduellen QR-Code<\/strong> von Ihrem Entsorgungskalender,<\/li><li><strong>telefonisch<\/strong>\u00a0 03361 7743 -64, -65 <br \/>beim B\u00fcrgerservice des KWU-Entsorgung;<br \/>jedoch nur zu den Sprechzeiten,<\/li><li><strong>per E-Mail<\/strong>\u00a0 biosammlung@kwu-entsorgung.de<strong><br \/><\/strong><\/li><\/ul>\t\t\t\t\t\t<\/div>\n\t\t\t\t<\/div>\n\t\t\t\t\t<\/div>\n\t\t<\/div>\n\t\t\t\t<div class=\"elementor-column elementor-col-50 elementor-inner-column elementor-element elementor-element-17ee120\" data-id=\"17ee120\" data-element_type=\"column\">\n\t\t\t<div class=\"elementor-widget-wrap elementor-element-populated\">\n\t\t\t\t\t\t<div class=\"elementor-element elementor-element-b0f1d85 elementor-widget elementor-widget-image\" data-id=\"b0f1d85\" data-element_type=\"widget\" data-widget_type=\"image.default\">\n\t\t\t\t<div class=\"elementor-widget-container\">\n\t\t\t\t\t\t\t\t\t\t\t\t\t<img decoding=\"async\" width=\"409\" height=\"391\" src=\"https:\/\/www.kwu-entsorgung.de\/wp-content\/uploads\/2022\/04\/Kal.png\" class=\"attachment-large size-large wp-image-8196\" alt=\"\" srcset=\"https:\/\/www.kwu-entsorgung.de\/wp-content\/uploads\/2022\/04\/Kal.png 409w, https:\/\/www.kwu-entsorgung.de\/wp-content\/uploads\/2022\/04\/Kal-300x287.png 300w\" sizes=\"(max-width: 409px) 100vw, 409px\" \/>\t\t\t\t\t\t\t\t\t\t\t\t\t<\/div>\n\t\t\t\t<\/div>\n\t\t\t\t\t<\/div>\n\t\t<\/div>\n\t\t\t\t\t<\/div>\n\t\t<\/section>\n\t\t\t\t\t<\/div>\n\t\t<\/div>\n\t\t\t\t\t<\/div>\n\t\t<\/section>\n\t\t\t\t<section class=\"elementor-section elementor-top-section elementor-element elementor-element-6ff3f43 elementor-section-boxed elementor-section-height-default elementor-section-height-default\" data-id=\"6ff3f43\" data-element_type=\"section\">\n\t\t\t\t\t\t<div class=\"elementor-container elementor-column-gap-default\">\n\t\t\t\t\t<div class=\"elementor-column elementor-col-100 elementor-top-column elementor-element elementor-element-c7b0f1e\" data-id=\"c7b0f1e\" data-element_type=\"column\">\n\t\t\t<div class=\"elementor-widget-wrap elementor-element-populated\">\n\t\t\t\t\t\t<div class=\"elementor-element elementor-element-383f94f elementor-widget elementor-widget-text-editor\" data-id=\"383f94f\" data-element_type=\"widget\" data-widget_type=\"text-editor.default\">\n\t\t\t\t<div class=\"elementor-widget-container\">\n\t\t\t\t\t\t\t<p>oder \u00fcber die folgende Eingabemaske:<\/p>\t\t\t\t\t\t<\/div>\n\t\t\t\t<\/div>\n\t\t\t\t<div class=\"elementor-element elementor-element-12ea49d elementor-widget elementor-widget-text-editor\" data-id=\"12ea49d\" data-element_type=\"widget\" data-widget_type=\"text-editor.default\">\n\t\t\t\t<div class=\"elementor-widget-container\">\n\t\t\t\t\t\t\t<p>\n<div class=\"wpcf7 no-js\" id=\"wpcf7-f2408-o1\" lang=\"de-DE\" dir=\"ltr\">\n<div class=\"screen-reader-response\"><p role=\"status\" aria-live=\"polite\" aria-atomic=\"true\"><\/p> <ul><\/ul><\/div>\n<form action=\"\/index.php?rest_route=%2Fwp%2Fv2%2Fpages%2F4566#wpcf7-f2408-o1\" method=\"post\" class=\"wpcf7-form init\" aria-label=\"Kontaktformular\" novalidate=\"novalidate\" data-status=\"init\">\n<div style=\"display: none;\">\n<input type=\"hidden\" name=\"_wpcf7\" value=\"2408\" \/>\n<input type=\"hidden\" name=\"_wpcf7_version\" value=\"5.9.8\" \/>\n<input type=\"hidden\" name=\"_wpcf7_locale\" value=\"de_DE\" \/>\n<input type=\"hidden\" name=\"_wpcf7_unit_tag\" value=\"wpcf7-f2408-o1\" \/>\n<input type=\"hidden\" name=\"_wpcf7_container_post\" value=\"0\" \/>\n<input type=\"hidden\" name=\"_wpcf7_posted_data_hash\" value=\"\" \/>\n<input type=\"hidden\" name=\"_wpcf7_recaptcha_response\" value=\"\" \/>\n<\/div>\n<p>Objekt-Nr.\n<\/p>\n<p><span class=\"wpcf7-form-control-wrap\" data-name=\"Objektnummer\"><input size=\"40\" maxlength=\"400\" class=\"wpcf7-form-control wpcf7-text\" aria-invalid=\"false\" value=\"\" type=\"text\" name=\"Objektnummer\" \/><\/span>\n<\/p>\n<div class=\"form_half\">\n\t<p>Ihr Name*<br \/>\n<span class=\"wpcf7-form-control-wrap\" data-name=\"Name\"><input size=\"40\" maxlength=\"400\" class=\"wpcf7-form-control wpcf7-text wpcf7-validates-as-required\" aria-required=\"true\" aria-invalid=\"false\" value=\"\" type=\"text\" name=\"Name\" \/><\/span>\n\t<\/p>\n<\/div>\n<div class=\"form_half form_half_last\">\n\t<p>Ihr Vorname<br \/>\n<span class=\"wpcf7-form-control-wrap\" data-name=\"Vorname\"><input size=\"40\" maxlength=\"400\" class=\"wpcf7-form-control wpcf7-text\" aria-invalid=\"false\" value=\"\" type=\"text\" name=\"Vorname\" \/><\/span>\n\t<\/p>\n<\/div>\n<div class=\"form_half\">\n\t<p>Stra\u00dfe*<br \/>\n<span class=\"wpcf7-form-control-wrap\" data-name=\"Strae\"><input size=\"40\" maxlength=\"400\" class=\"wpcf7-form-control wpcf7-text wpcf7-validates-as-required\" aria-required=\"true\" aria-invalid=\"false\" value=\"\" type=\"text\" name=\"Strae\" \/><\/span>\n\t<\/p>\n<\/div>\n<div class=\"form_half form_half_last\">\n\t<p>Hausnummer*<br \/>\n<span class=\"wpcf7-form-control-wrap\" data-name=\"Hausnummer\"><input size=\"40\" maxlength=\"400\" class=\"wpcf7-form-control wpcf7-text wpcf7-validates-as-required\" aria-required=\"true\" aria-invalid=\"false\" value=\"\" type=\"text\" name=\"Hausnummer\" \/><\/span>\n\t<\/p>\n<\/div>\n<div class=\"form_half\">\n\t<p>Ort*<br \/>\n<span class=\"wpcf7-form-control-wrap\" data-name=\"Ort\"><input size=\"40\" maxlength=\"400\" class=\"wpcf7-form-control wpcf7-text wpcf7-validates-as-required\" aria-required=\"true\" aria-invalid=\"false\" value=\"\" type=\"text\" name=\"Ort\" \/><\/span>\n\t<\/p>\n<\/div>\n<div class=\"form_half form_half_last\">\n\t<p>Ortsteil<br \/>\n<span class=\"wpcf7-form-control-wrap\" data-name=\"Ortsteil\"><input size=\"40\" maxlength=\"400\" class=\"wpcf7-form-control wpcf7-text\" aria-invalid=\"false\" value=\"\" type=\"text\" name=\"Ortsteil\" \/><\/span>\n\t<\/p>\n<\/div>\n<div class=\"form_half\">\n\t<p>E-Mail*<br \/>\n<span class=\"wpcf7-form-control-wrap\" data-name=\"E-Mail\"><input size=\"40\" maxlength=\"400\" class=\"wpcf7-form-control wpcf7-email wpcf7-validates-as-required wpcf7-text wpcf7-validates-as-email\" aria-required=\"true\" aria-invalid=\"false\" value=\"\" type=\"email\" name=\"E-Mail\" \/><\/span>\n\t<\/p>\n<\/div>\n<div class=\"form_half form_half_last\">\n\t<p>telefonisch erreichbar unter<br \/>\n<span class=\"wpcf7-form-control-wrap\" data-name=\"Telefon\"><input size=\"40\" maxlength=\"400\" class=\"wpcf7-form-control wpcf7-tel wpcf7-text wpcf7-validates-as-tel\" aria-invalid=\"false\" value=\"\" type=\"tel\" name=\"Telefon\" \/><\/span>\n\t<\/p>\n<\/div>\n<p>Bitte geben Sie im unteren Feld Ihren n\u00e4chsten Abholtermin ein (mind. 2 Werktage vorher).*<br \/>\n<span class=\"wpcf7-form-control-wrap\" data-name=\"text-503\"><input size=\"40\" maxlength=\"400\" class=\"wpcf7-form-control wpcf7-text wpcf7-validates-as-required\" aria-required=\"true\" aria-invalid=\"false\" value=\"\" type=\"text\" name=\"text-503\" \/><\/span>\n<\/p>\n<p><span class=\"wpcf7-form-control-wrap\" data-name=\"Ja\"><span class=\"wpcf7-form-control wpcf7-acceptance\"><span class=\"wpcf7-list-item\"><input type=\"checkbox\" name=\"Ja\" value=\"1\" aria-invalid=\"false\" \/><\/span><\/span><\/span> Ich habe die <a href=\"https:\/\/www.kwu-entsorgung.de\/?page_id=104\">Datenschutzerkl\u00e4rung<\/a> gelesen und stimme der Speicherung meiner Daten zu*.<br \/>\n<span class=\"wpcf7-form-control-wrap\" data-name=\"JaEmail\"><span class=\"wpcf7-form-control wpcf7-acceptance\"><span class=\"wpcf7-list-item\"><input type=\"checkbox\" name=\"JaEmail\" value=\"1\" aria-invalid=\"false\" \/><\/span><\/span><\/span> Ich erkl\u00e4re mich damit einverstanden, dass mein Anliegen gegebenenfalls per E-Mail beantwortet wird*.\n<\/p>\n<p><input class=\"wpcf7-form-control wpcf7-submit has-spinner\" type=\"submit\" value=\"Absenden\" \/><br \/>\n<span class=\"wpcf7-form-control-wrap recaptcha\" data-name=\"recaptcha\"><span data-sitekey=\"6Lc4pLkfAAAAAG0i9TnFNBLiZLwsgy5lkZ_QIEAB\" class=\"wpcf7-form-control wpcf7-recaptcha g-recaptcha\"><\/span>\r\n<noscript>\r\n\t<div class=\"grecaptcha-noscript\">\r\n\t\t<iframe src=\"https:\/\/www.google.com\/recaptcha\/api\/fallback?k=6Lc4pLkfAAAAAG0i9TnFNBLiZLwsgy5lkZ_QIEAB\" frameborder=\"0\" scrolling=\"no\" width=\"310\" height=\"430\">\r\n\t\t<\/iframe>\r\n\t\t<textarea name=\"g-recaptcha-response\" rows=\"3\" cols=\"40\" placeholder=\"reCaptcha Response Here\">\r\n\t\t<\/textarea>\r\n\t<\/div>\r\n<\/noscript>\r\n<\/span>\n<\/p><p style=\"display: none !important;\" class=\"akismet-fields-container\" data-prefix=\"_wpcf7_ak_\"><label>&#916;<textarea name=\"_wpcf7_ak_hp_textarea\" cols=\"45\" rows=\"8\" maxlength=\"100\"><\/textarea><\/label><input type=\"hidden\" id=\"ak_js_1\" name=\"_wpcf7_ak_js\" value=\"236\"\/><script>document.getElementById( \"ak_js_1\" ).setAttribute( \"value\", ( new Date() ).getTime() );<\/script><\/p><div class=\"wpcf7-response-output\" aria-hidden=\"true\"><\/div>\n<\/form>\n<\/div>\n<\/p>\t\t\t\t\t\t<\/div>\n\t\t\t\t<\/div>\n\t\t\t\t\t<\/div>\n\t\t<\/div>\n\t\t\t\t\t<\/div>\n\t\t<\/section>\n\t\t\t\t<section class=\"elementor-section elementor-top-section elementor-element elementor-element-7387abf elementor-section-boxed elementor-section-height-default elementor-section-height-default\" data-id=\"7387abf\" data-element_type=\"section\">\n\t\t\t\t\t\t<div class=\"elementor-container elementor-column-gap-default\">\n\t\t\t\t\t<div class=\"elementor-column elementor-col-100 elementor-top-column elementor-element elementor-element-5e624e0\" data-id=\"5e624e0\" data-element_type=\"column\">\n\t\t\t<div class=\"elementor-widget-wrap elementor-element-populated\">\n\t\t\t\t\t\t<div class=\"elementor-element elementor-element-f1d457c elementor-widget elementor-widget-text-editor\" data-id=\"f1d457c\" data-element_type=\"widget\" data-widget_type=\"text-editor.default\">\n\t\t\t\t<div class=\"elementor-widget-container\">\n\t\t\t\t\t\t\t<p><a href=\"https:\/\/www.kwu-entsorgung.de\/wp-content\/uploads\/2024\/08\/Infoblatt_Abrufkunde_neue-Version.pdf\">Infoblatt &#8222;Funktionsweise des Abrufsystems&#8220; (PDF)<\/a> <\/p><p><strong>Beachten Sie bitte, \u2026<\/strong><\/p><ul><li>dass die Anfahrt zu Ihrem Grundst\u00fcck mit der Anmeldung zur Leerung <strong>verbindlich wird<\/strong>!<\/li><li>dass Sie auch gleich f\u00fcr mehrere Termine die Leerung bestellen k\u00f6nnen.<\/li><li>wenn die Anmeldung nicht rechtzeitig erfolgt, ist die Leerung erst zum darauffolgenden Abruftermin m\u00f6glich.<\/li><\/ul>\t\t\t\t\t\t<\/div>\n\t\t\t\t<\/div>\n\t\t\t\t\t<\/div>\n\t\t<\/div>\n\t\t\t\t\t<\/div>\n\t\t<\/section>\n\t\t\t\t<section class=\"elementor-section elementor-top-section elementor-element elementor-element-ab5bb9f elementor-section-boxed elementor-section-height-default elementor-section-height-default\" data-id=\"ab5bb9f\" data-element_type=\"section\">\n\t\t\t\t\t\t<div class=\"elementor-container elementor-column-gap-default\">\n\t\t\t\t\t<div class=\"elementor-column elementor-col-100 elementor-top-column elementor-element elementor-element-6306b0c\" data-id=\"6306b0c\" data-element_type=\"column\">\n\t\t\t<div class=\"elementor-widget-wrap elementor-element-populated\">\n\t\t\t\t\t\t<div class=\"elementor-element elementor-element-b931625 elementor-widget elementor-widget-html\" data-id=\"b931625\" data-element_type=\"widget\" data-widget_type=\"html.default\">\n\t\t\t\t<div class=\"elementor-widget-container\">\n\t\t\t<html>\n  <head>\n    <title>reCAPTCHA demo: Simple page<\/title>\n    <script src=\"https:\/\/www.google.com\/recaptcha\/api.js\" async defer><\/script>\n  <\/head>\n  <body>\n    <form action=\"?\" method=\"POST\">\n      \n      <br\/>\n\n    <\/form>\n  <\/body>\n<\/html>\n\t\t<\/div>\n\t\t\t\t<\/div>\n\t\t\t\t\t<\/div>\n\t\t<\/div>\n\t\t\t\t\t<\/div>\n\t\t<\/section>\n\t\t\t\t<\/div>\n\t\t","protected":false},"excerpt":{"rendered":"<p>Funktionsweise des Abrufsystems Wenn Sie in einem der nachfolgenden Orte wohnen und eine Biotonne besitzen, erfolgt die Leerung der Biotonnen im Abrufsystem nach vorheriger Bedarfsmeldung. Bad Saarow OT Petersdorf\u00a0 Beeskow OT Bornow, Kohlsdorf, Kr\u00fcgersdorf, Oegeln Schneeberg Berkenbr\u00fcck Briesen OT Alt Madlitz, Biegen, Falkenberg, Wilmersdorf Diensdorf-Radlow Eisenh\u00fcttenstadt OT Diehlo \u2013 Alleeweg, Am Birkenwald, Birkenring, Dorfstra\u00dfe, Feldweg,&#8230;<\/p>\n","protected":false},"author":2,"featured_media":4671,"parent":0,"menu_order":0,"comment_status":"closed","ping_status":"closed","template":"","meta":{"footnotes":""},"publishpress_future_action":{"enabled":false,"date":"2026-04-21 23:38:04","action":"change-status","newStatus":"draft","terms":[],"taxonomy":""},"_links":{"self":[{"href":"https:\/\/www.kwu-entsorgung.de\/index.php?rest_route=\/wp\/v2\/pages\/4566"}],"collection":[{"href":"https:\/\/www.kwu-entsorgung.de\/index.php?rest_route=\/wp\/v2\/pages"}],"about":[{"href":"https:\/\/www.kwu-entsorgung.de\/index.php?rest_route=\/wp\/v2\/types\/page"}],"author":[{"embeddable":true,"href":"https:\/\/www.kwu-entsorgung.de\/index.php?rest_route=\/wp\/v2\/users\/2"}],"replies":[{"embeddable":true,"href":"https:\/\/www.kwu-entsorgung.de\/index.php?rest_route=%2Fwp%2Fv2%2Fcomments&post=4566"}],"version-history":[{"count":66,"href":"https:\/\/www.kwu-entsorgung.de\/index.php?rest_route=\/wp\/v2\/pages\/4566\/revisions"}],"predecessor-version":[{"id":65320,"href":"https:\/\/www.kwu-entsorgung.de\/index.php?rest_route=\/wp\/v2\/pages\/4566\/revisions\/65320"}],"wp:featuredmedia":[{"embeddable":true,"href":"https:\/\/www.kwu-entsorgung.de\/index.php?rest_route=\/wp\/v2\/media\/4671"}],"wp:attachment":[{"href":"https:\/\/www.kwu-entsorgung.de\/index.php?rest_route=%2Fwp%2Fv2%2Fmedia&parent=4566"}],"curies":[{"name":"wp","href":"https:\/\/api.w.org\/{rel}","templated":true}]}}