{"id":3096,"date":"2019-12-19T13:51:20","date_gmt":"2019-12-19T12:51:20","guid":{"rendered":"http:\/\/debian-015.kwu.lokal\/wordpress\/?page_id=3096"},"modified":"2026-01-05T09:47:08","modified_gmt":"2026-01-05T08:47:08","slug":"benutzungsordnungen","status":"publish","type":"page","link":"https:\/\/www.kwu-entsorgung.de\/?page_id=3096","title":{"rendered":"Benutzungsordnungen"},"content":{"rendered":"\t\t<div data-elementor-type=\"wp-page\" data-elementor-id=\"3096\" class=\"elementor elementor-3096\">\n\t\t\t\t\t\t<section class=\"elementor-section elementor-top-section elementor-element elementor-element-0cac480 elementor-section-boxed elementor-section-height-default elementor-section-height-default\" data-id=\"0cac480\" data-element_type=\"section\">\n\t\t\t\t\t\t<div class=\"elementor-container elementor-column-gap-default\">\n\t\t\t\t\t<div class=\"elementor-column elementor-col-100 elementor-top-column elementor-element elementor-element-67be54c\" data-id=\"67be54c\" data-element_type=\"column\">\n\t\t\t<div class=\"elementor-widget-wrap elementor-element-populated\">\n\t\t\t\t\t\t<div class=\"elementor-element elementor-element-2966c13 elementor-widget elementor-widget-text-editor\" data-id=\"2966c13\" data-element_type=\"widget\" data-widget_type=\"text-editor.default\">\n\t\t\t\t<div class=\"elementor-widget-container\">\n\t\t\t\t\t\t\t<p>Das Kommunale Wirtschaftsunternehmen Entsorgung hat f\u00fcr die Entsorgungsanlagen entsprechende Benutzungsordnungen erlassen.<\/p>\t\t\t\t\t\t<\/div>\n\t\t\t\t<\/div>\n\t\t\t\t\t<\/div>\n\t\t<\/div>\n\t\t\t\t\t<\/div>\n\t\t<\/section>\n\t\t\t\t<section class=\"elementor-section elementor-top-section elementor-element elementor-element-3a7ea5d elementor-section-boxed elementor-section-height-default elementor-section-height-default\" data-id=\"3a7ea5d\" data-element_type=\"section\">\n\t\t\t\t\t\t<div class=\"elementor-container elementor-column-gap-default\">\n\t\t\t\t\t<div class=\"elementor-column elementor-col-100 elementor-top-column elementor-element elementor-element-0861a5e\" data-id=\"0861a5e\" data-element_type=\"column\">\n\t\t\t<div class=\"elementor-widget-wrap elementor-element-populated\">\n\t\t\t\t\t\t<div class=\"elementor-element elementor-element-dfc160a elementor-icon-list--layout-traditional elementor-list-item-link-full_width elementor-widget elementor-widget-icon-list\" data-id=\"dfc160a\" data-element_type=\"widget\" data-widget_type=\"icon-list.default\">\n\t\t\t\t<div class=\"elementor-widget-container\">\n\t\t\t\t\t<ul class=\"elementor-icon-list-items\">\n\t\t\t\t\t\t\t<li class=\"elementor-icon-list-item\">\n\t\t\t\t\t\t\t\t\t\t\t<a href=\"https:\/\/www.kwu-entsorgung.de\/wp-content\/uploads\/2026\/01\/Benutzungsordnung-AZ-2026_neu.pdf\">\n\n\t\t\t\t\t\t\t\t\t\t\t\t<span class=\"elementor-icon-list-icon\">\n\t\t\t\t\t\t\t<i aria-hidden=\"true\" class=\"fas fa-download\"><\/i>\t\t\t\t\t\t<\/span>\n\t\t\t\t\t\t\t\t\t\t<span class=\"elementor-icon-list-text\">Benutzungsordnung f\u00fcr das Betriebsgel\u00e4nde \"Alte Ziegelei\", Alt-Golm (PDF)<\/span>\n\t\t\t\t\t\t\t\t\t\t\t<\/a>\n\t\t\t\t\t\t\t\t\t<\/li>\n\t\t\t\t\t\t\t\t<li class=\"elementor-icon-list-item\">\n\t\t\t\t\t\t\t\t\t\t\t<a href=\"https:\/\/www.kwu-entsorgung.de\/wp-content\/uploads\/2026\/01\/Benutzungsordnung-Beeskow-2026_neu.pdf\">\n\n\t\t\t\t\t\t\t\t\t\t\t\t<span class=\"elementor-icon-list-icon\">\n\t\t\t\t\t\t\t<i aria-hidden=\"true\" class=\"fas fa-download\"><\/i>\t\t\t\t\t\t<\/span>\n\t\t\t\t\t\t\t\t\t\t<span class=\"elementor-icon-list-text\">Benutzungsordnung f\u00fcr den  Wertstoffhof Beeskow (PDF)<\/span>\n\t\t\t\t\t\t\t\t\t\t\t<\/a>\n\t\t\t\t\t\t\t\t\t<\/li>\n\t\t\t\t\t\t\t\t<li class=\"elementor-icon-list-item\">\n\t\t\t\t\t\t\t\t\t\t\t<a href=\"https:\/\/www.kwu-entsorgung.de\/wp-content\/uploads\/2026\/01\/Benutzungsordnung-EHS-2026_neu.pdf\">\n\n\t\t\t\t\t\t\t\t\t\t\t\t<span class=\"elementor-icon-list-icon\">\n\t\t\t\t\t\t\t<i aria-hidden=\"true\" class=\"fas fa-download\"><\/i>\t\t\t\t\t\t<\/span>\n\t\t\t\t\t\t\t\t\t\t<span class=\"elementor-icon-list-text\">Benutzungsordnung f\u00fcr den Wertstoffhof Eisenh\u00fcttenstadt (PDF)<\/span>\n\t\t\t\t\t\t\t\t\t\t\t<\/a>\n\t\t\t\t\t\t\t\t\t<\/li>\n\t\t\t\t\t\t\t\t<li class=\"elementor-icon-list-item\">\n\t\t\t\t\t\t\t\t\t\t\t<a href=\"https:\/\/www.kwu-entsorgung.de\/wp-content\/uploads\/2026\/01\/Benutzungsordnung-Freienbrink-2026_neu.pdf\">\n\n\t\t\t\t\t\t\t\t\t\t\t\t<span class=\"elementor-icon-list-icon\">\n\t\t\t\t\t\t\t<i aria-hidden=\"true\" class=\"fas fa-download\"><\/i>\t\t\t\t\t\t<\/span>\n\t\t\t\t\t\t\t\t\t\t<span class=\"elementor-icon-list-text\">Benutzungsordnung f\u00fcr das Betriebsgel\u00e4nde Freienbrink (PDF)<\/span>\n\t\t\t\t\t\t\t\t\t\t\t<\/a>\n\t\t\t\t\t\t\t\t\t<\/li>\n\t\t\t\t\t\t<\/ul>\n\t\t\t\t<\/div>\n\t\t\t\t<\/div>\n\t\t\t\t\t<\/div>\n\t\t<\/div>\n\t\t\t\t\t<\/div>\n\t\t<\/section>\n\t\t\t\t<\/div>\n\t\t","protected":false},"excerpt":{"rendered":"<p>Das Kommunale Wirtschaftsunternehmen Entsorgung hat f\u00fcr die Entsorgungsanlagen entsprechende Benutzungsordnungen erlassen. Benutzungsordnung f\u00fcr das Betriebsgel\u00e4nde &#8222;Alte Ziegelei&#8220;, Alt-Golm (PDF) Benutzungsordnung f\u00fcr den Wertstoffhof Beeskow (PDF) Benutzungsordnung f\u00fcr den Wertstoffhof Eisenh\u00fcttenstadt (PDF) Benutzungsordnung f\u00fcr das Betriebsgel\u00e4nde Freienbrink (PDF)<\/p>\n","protected":false},"author":2,"featured_media":0,"parent":0,"menu_order":0,"comment_status":"closed","ping_status":"closed","template":"","meta":{"footnotes":""},"publishpress_future_action":{"enabled":false,"date":"2026-05-08 21:22:44","action":"change-status","newStatus":"draft","terms":[],"taxonomy":""},"_links":{"self":[{"href":"https:\/\/www.kwu-entsorgung.de\/index.php?rest_route=\/wp\/v2\/pages\/3096"}],"collection":[{"href":"https:\/\/www.kwu-entsorgung.de\/index.php?rest_route=\/wp\/v2\/pages"}],"about":[{"href":"https:\/\/www.kwu-entsorgung.de\/index.php?rest_route=\/wp\/v2\/types\/page"}],"author":[{"embeddable":true,"href":"https:\/\/www.kwu-entsorgung.de\/index.php?rest_route=\/wp\/v2\/users\/2"}],"replies":[{"embeddable":true,"href":"https:\/\/www.kwu-entsorgung.de\/index.php?rest_route=%2Fwp%2Fv2%2Fcomments&post=3096"}],"version-history":[{"count":61,"href":"https:\/\/www.kwu-entsorgung.de\/index.php?rest_route=\/wp\/v2\/pages\/3096\/revisions"}],"predecessor-version":[{"id":69250,"href":"https:\/\/www.kwu-entsorgung.de\/index.php?rest_route=\/wp\/v2\/pages\/3096\/revisions\/69250"}],"wp:attachment":[{"href":"https:\/\/www.kwu-entsorgung.de\/index.php?rest_route=%2Fwp%2Fv2%2Fmedia&parent=3096"}],"curies":[{"name":"wp","href":"https:\/\/api.w.org\/{rel}","templated":true}]}}