{"id":3061,"date":"2019-12-17T15:15:28","date_gmt":"2019-12-17T14:15:28","guid":{"rendered":"http:\/\/debian-015.kwu.lokal\/wordpress\/?page_id=3061"},"modified":"2025-01-24T13:54:11","modified_gmt":"2025-01-24T12:54:11","slug":"efre","status":"publish","type":"page","link":"https:\/\/www.kwu-entsorgung.de\/?page_id=3061","title":{"rendered":"EFRE"},"content":{"rendered":"\t\t<div data-elementor-type=\"wp-post\" data-elementor-id=\"3061\" class=\"elementor elementor-3061\">\n\t\t\t\t\t\t<section class=\"elementor-section elementor-top-section elementor-element elementor-element-8a43c0b elementor-section-boxed elementor-section-height-default elementor-section-height-default\" data-id=\"8a43c0b\" data-element_type=\"section\">\n\t\t\t\t\t\t<div class=\"elementor-container elementor-column-gap-default\">\n\t\t\t\t\t<div class=\"elementor-column elementor-col-100 elementor-top-column elementor-element elementor-element-187c30e\" data-id=\"187c30e\" data-element_type=\"column\">\n\t\t\t<div class=\"elementor-widget-wrap elementor-element-populated\">\n\t\t\t\t\t\t<div class=\"elementor-element elementor-element-ee32a5f elementor-widget elementor-widget-text-editor\" data-id=\"ee32a5f\" data-element_type=\"widget\" data-widget_type=\"text-editor.default\">\n\t\t\t\t<div class=\"elementor-widget-container\">\n\t\t\t\t\t\t\t<h3 class=\"csc-frame-frame2 csc-frame-frame1\">Endabdeckung Deponie &#8222;Alte Ziegelei&#8220; in Alt Golm<\/h3><p>Das KWU-Entsorgung erhielt f\u00fcr die Errichtung eines endg\u00fcltigen Oberfl\u00e4chenabdichtungssystems auf der Deponie &#8222;Alte Ziegelei&#8220;\u00a0 F\u00f6rdermittel in H\u00f6he von rund 3,2 Millionen Euro aus dem <a href=\"https:\/\/efre.brandenburg.de\/efre\/de\/\">Europ\u00e4ischen Fonds f\u00fcr regionale Entwicklung (EFRE)<\/a>. Den Zuwendungsbescheid \u00fcbergab am 01. August 2019 Dr. Ulrich Stock, Leiter der Abteilung Technischer Umweltschutz 1 beim Brandenburger Landesamt f\u00fcr Umwelt, an das KWU-Entsorgung.<\/p><p><b>Ziel der gef\u00f6rderten Ma\u00dfnahme:<\/b> Die Abdichtung der Deponieoberfl\u00e4che hat vorrangig den Zweck, die Freisetzung und Ausbreitung von CO2 und anderen Treibhausgasen dauerhaft zu unterbinden.<\/p><h3 class=\"csc-frame-frame2 csc-frame-frame1\">Tausch der Verdichter- und Fackelanlage auf der Deponie &#8222;Alte Ziegelei&#8220;<\/h3><p>Das KWU-Entsorgung erhielt f\u00fcr den Tausch der Verdichter- und Fackelanlage auf der Deponie &#8222;Alte Ziegelei&#8220; F\u00f6rdermittel in H\u00f6he von 196.753,83 Euro aus dem <a href=\"https:\/\/efre.brandenburg.de\/efre\/de\/\">Europ\u00e4ischen Fonds f\u00fcr regionale Entwicklung (EFRE)<\/a>.<\/p><p><b>Ziel der Ma\u00dfnahme:<\/b> Reduzierung von CO2 und anderen Treibhausgasen<\/p><p><b>Grundlagen der zweckgebundenen F\u00f6rderung:<\/b> Die zweckgebundene F\u00f6rderung wird gew\u00e4hrt auf der Grundlage der Richtlinie des Ministeriums f\u00fcr L\u00e4ndliche Entwicklung, Umwelt und Landwirtschaft zur F\u00f6rderung von Ma\u00dfnahmen zur Reduzierung von CO2 und anderen Treibhausgasen auf Deponien vom 13.06.2017 und \u00a7\u00a7 23 und 44 der Landeshaushaltsordnung des Landes Brandenburg sowie der dazugeh\u00f6rigen Verwaltungsvorschriften.<\/p><div class=\"indent\"><h3>Oberfl\u00e4chenabdichtung und sieben Gasbrunnen Buchwaldstra\u00dfe-Eisenh\u00fcttenstadt<\/h3><ul><li><b>3. Bauabschnitt 2018:<\/b> Hierbei handelt es sich um ein Projekt, das mit F\u00f6rdermitteln in H\u00f6he von 1,2 Millionen Euro aus dem <a href=\"https:\/\/efre.brandenburg.de\/efre\/de\/\"><b>Europ\u00e4ischen Fonds f\u00fcr regionale Entwicklung (EFRE)<\/b><\/a> kofinanziert wird.<\/li><\/ul><\/div><ul><li><b>Ma\u00dfnahme:<\/b> 6,5 ha Oberfl\u00e4chenabdichtung und sieben Gasbrunnen<\/li><li><b>Ziel der Ma\u00dfnahme:<\/b> Reduzierung von Treibhausgasemissionen auf der Altdeponie, gesch\u00e4tzte j\u00e4hrliche Einsparung der Treibhausgasemissionen: rund 1.000 Tonnen pro Jahr.<\/li><li><b>Grundlagen der zweckgebundenen Zuwendung: <\/b>Richtlinie des Brandenburger Ministeriums f\u00fcr L\u00e4ndliche Entwicklung, Umwelt und Landwirtschaft zur &#8222;F\u00f6rderung von Ma\u00dfnahmen zur Reduzierung von CO2 und anderen Treibhausgasen auf Deponien&#8220; vom 26.04.2017 und \u00a7\u00a7 23 und 44 der Landeshaushaltsordnung des Landes Brandenburg sowie der dazugeh\u00f6rigen Verwaltungsvorschriften.<\/li><\/ul><p>Nach Fertigstellung des 3. und 4. Bauabschnitts:<\/p><ul><li>insgesamt 18 Gasbrunnen<\/li><li>zwei Gassammelstationen<\/li><li>Verdichterstation mit Gasfackel<\/li><\/ul><p><b>Historie<\/b><\/p><p>Beendigung der Ablagerungsphase: 31.05.2005<\/p><p>Gesamtfl\u00e4che: ca. 13,7 ha<\/p><p>Beginn der Sicherung und Rekultivierung ab 2007 in vier Bauabschnitten:<\/p><ul><li>1. Bauabschnitt 2007\/2008: 3,3 ha Oberfl\u00e4chenabdichtung und f\u00fcnf Gasbrunnen<\/li><li>2. Bauabschnitt 2013\/2014: 5,16 ha Oberfl\u00e4chenabdichtung und Bau der Fackelanlage<\/li><\/ul><p>(Diese beiden Bauabschnitte wurden mit EU-F\u00f6rdermitteln teilweise kofinanziert.)<\/p>\t\t\t\t\t\t<\/div>\n\t\t\t\t<\/div>\n\t\t\t\t\t<\/div>\n\t\t<\/div>\n\t\t\t\t\t<\/div>\n\t\t<\/section>\n\t\t\t\t<\/div>\n\t\t","protected":false},"excerpt":{"rendered":"<p>Endabdeckung Deponie &#8222;Alte Ziegelei&#8220; in Alt Golm Das KWU-Entsorgung erhielt f\u00fcr die Errichtung eines endg\u00fcltigen Oberfl\u00e4chenabdichtungssystems auf der Deponie &#8222;Alte Ziegelei&#8220;\u00a0 F\u00f6rdermittel in H\u00f6he von rund 3,2 Millionen Euro aus dem Europ\u00e4ischen Fonds f\u00fcr regionale Entwicklung (EFRE). Den Zuwendungsbescheid \u00fcbergab am 01. August 2019 Dr. Ulrich Stock, Leiter der Abteilung Technischer Umweltschutz 1 beim Brandenburger&#8230;<\/p>\n","protected":false},"author":2,"featured_media":0,"parent":0,"menu_order":0,"comment_status":"closed","ping_status":"closed","template":"","meta":{"footnotes":""},"publishpress_future_action":{"enabled":false,"date":"2026-05-09 01:31:56","action":"change-status","newStatus":"draft","terms":[],"taxonomy":""},"_links":{"self":[{"href":"https:\/\/www.kwu-entsorgung.de\/index.php?rest_route=\/wp\/v2\/pages\/3061"}],"collection":[{"href":"https:\/\/www.kwu-entsorgung.de\/index.php?rest_route=\/wp\/v2\/pages"}],"about":[{"href":"https:\/\/www.kwu-entsorgung.de\/index.php?rest_route=\/wp\/v2\/types\/page"}],"author":[{"embeddable":true,"href":"https:\/\/www.kwu-entsorgung.de\/index.php?rest_route=\/wp\/v2\/users\/2"}],"replies":[{"embeddable":true,"href":"https:\/\/www.kwu-entsorgung.de\/index.php?rest_route=%2Fwp%2Fv2%2Fcomments&post=3061"}],"version-history":[{"count":18,"href":"https:\/\/www.kwu-entsorgung.de\/index.php?rest_route=\/wp\/v2\/pages\/3061\/revisions"}],"predecessor-version":[{"id":66559,"href":"https:\/\/www.kwu-entsorgung.de\/index.php?rest_route=\/wp\/v2\/pages\/3061\/revisions\/66559"}],"wp:attachment":[{"href":"https:\/\/www.kwu-entsorgung.de\/index.php?rest_route=%2Fwp%2Fv2%2Fmedia&parent=3061"}],"curies":[{"name":"wp","href":"https:\/\/api.w.org\/{rel}","templated":true}]}}