{"id":2994,"date":"2019-12-17T09:05:47","date_gmt":"2019-12-17T08:05:47","guid":{"rendered":"http:\/\/debian-015.kwu.lokal\/wordpress\/?page_id=2994"},"modified":"2026-03-02T13:17:21","modified_gmt":"2026-03-02T12:17:21","slug":"schadstoffe","status":"publish","type":"page","link":"https:\/\/www.kwu-entsorgung.de\/?page_id=2994","title":{"rendered":"Schadstoffe"},"content":{"rendered":"\t\t<div data-elementor-type=\"wp-post\" data-elementor-id=\"2994\" class=\"elementor elementor-2994\">\n\t\t\t\t\t\t<section class=\"elementor-section elementor-top-section elementor-element elementor-element-e3d1950 elementor-section-boxed elementor-section-height-default elementor-section-height-default\" data-id=\"e3d1950\" data-element_type=\"section\">\n\t\t\t\t\t\t<div class=\"elementor-container elementor-column-gap-default\">\n\t\t\t\t\t<div class=\"elementor-column elementor-col-100 elementor-top-column elementor-element elementor-element-f209d6c\" data-id=\"f209d6c\" data-element_type=\"column\">\n\t\t\t<div class=\"elementor-widget-wrap elementor-element-populated\">\n\t\t\t\t\t\t<div class=\"elementor-element elementor-element-a8a02c0 elementor-position-left elementor-vertical-align-top elementor-widget elementor-widget-image-box\" data-id=\"a8a02c0\" data-element_type=\"widget\" data-widget_type=\"image-box.default\">\n\t\t\t\t<div class=\"elementor-widget-container\">\n\t\t\t<div class=\"elementor-image-box-wrapper\"><figure class=\"elementor-image-box-img\"><img decoding=\"async\" width=\"150\" height=\"150\" src=\"https:\/\/www.kwu-entsorgung.de\/wp-content\/uploads\/2019\/12\/csm_Schadstoffannahme_c796efbe3a-150x150.png\" class=\"attachment-thumbnail size-thumbnail wp-image-3004\" alt=\"Schadstoffsammlung\" \/><\/figure><div class=\"elementor-image-box-content\"><h4 class=\"elementor-image-box-title\">Entsorgung von Schadstoffen<\/h4><p class=\"elementor-image-box-description\">Schadstoffe, auch als gef\u00e4hrliche Stoffe bezeichnet, kommen keineswegs nur in Betrieben vor - es gibt sie in jedem Haushalt. F\u00fcr diese Abf\u00e4lle gilt besonders, was auch f\u00fcr alle anderen Abf\u00e4lle von gr\u00f6\u00dfter Bedeutung ist, in erster Linie vermeiden und alles Unvermeidbare verantwortungsbewusst entsorgen lassen.\n\nSchadstoffe geh\u00f6ren wegen ihrer physikalischen und\/oder chemischen Wirkung weder in die Restabfallbeh\u00e4lter noch in die Wertstoffbeh\u00e4lter und schon gar nicht in die Kanalisation.<\/p><\/div><\/div>\t\t<\/div>\n\t\t\t\t<\/div>\n\t\t\t\t\t<\/div>\n\t\t<\/div>\n\t\t\t\t\t<\/div>\n\t\t<\/section>\n\t\t\t\t<section class=\"elementor-section elementor-top-section elementor-element elementor-element-6bda732 elementor-section-boxed elementor-section-height-default elementor-section-height-default\" data-id=\"6bda732\" data-element_type=\"section\">\n\t\t\t\t\t\t<div class=\"elementor-container elementor-column-gap-default\">\n\t\t\t\t\t<div class=\"elementor-column elementor-col-100 elementor-top-column elementor-element elementor-element-43a8a8f\" data-id=\"43a8a8f\" data-element_type=\"column\">\n\t\t\t<div class=\"elementor-widget-wrap elementor-element-populated\">\n\t\t\t\t\t\t<div class=\"elementor-element elementor-element-485a9a2 elementor-position-left elementor-vertical-align-top elementor-widget elementor-widget-image-box\" data-id=\"485a9a2\" data-element_type=\"widget\" data-widget_type=\"image-box.default\">\n\t\t\t\t<div class=\"elementor-widget-container\">\n\t\t\t<div class=\"elementor-image-box-wrapper\"><figure class=\"elementor-image-box-img\"><a href=\"https:\/\/www.kwu-entsorgung.de\/?page_id=65429\" tabindex=\"-1\"><img decoding=\"async\" width=\"150\" height=\"150\" src=\"https:\/\/www.kwu-entsorgung.de\/wp-content\/uploads\/2026\/02\/Foto-Remondis-Schadstoffmobil-150x150.jpg\" class=\"attachment-thumbnail size-thumbnail wp-image-69590\" alt=\"\" \/><\/a><\/figure><div class=\"elementor-image-box-content\"><h4 class=\"elementor-image-box-title\"><a href=\"https:\/\/www.kwu-entsorgung.de\/?page_id=65429\">Schadstoffmobil<\/a><\/h4><p class=\"elementor-image-box-description\">Um die umweltgerechte Entsorgung dieser Abf\u00e4lle sicher zu stellen, macht das Schadstoffmobil im Fr\u00fchjahr und im Herbst in vielen Ortschaften des Landkreises Oder-Spree Station. Dort k\u00f6nnen Sie alle schadstoffhaltigen Abf\u00e4lle, die im Haushalt anfallen, unter Aufsicht des Fachpersonals abgeben. Die genauen Termine und Haltepunkte finden Sie mit einem Klick auf das Bild.<\/p><\/div><\/div>\t\t<\/div>\n\t\t\t\t<\/div>\n\t\t\t\t\t<\/div>\n\t\t<\/div>\n\t\t\t\t\t<\/div>\n\t\t<\/section>\n\t\t\t\t<section class=\"elementor-section elementor-top-section elementor-element elementor-element-cb04878 elementor-section-boxed elementor-section-height-default elementor-section-height-default\" data-id=\"cb04878\" data-element_type=\"section\">\n\t\t\t\t\t\t<div class=\"elementor-container elementor-column-gap-default\">\n\t\t\t\t\t<div class=\"elementor-column elementor-col-100 elementor-top-column elementor-element elementor-element-95b1364\" data-id=\"95b1364\" data-element_type=\"column\">\n\t\t\t<div class=\"elementor-widget-wrap elementor-element-populated\">\n\t\t\t\t\t\t<div class=\"elementor-element elementor-element-9812bb3 elementor-position-left elementor-vertical-align-top elementor-widget elementor-widget-image-box\" data-id=\"9812bb3\" data-element_type=\"widget\" data-widget_type=\"image-box.default\">\n\t\t\t\t<div class=\"elementor-widget-container\">\n\t\t\t<div class=\"elementor-image-box-wrapper\"><figure class=\"elementor-image-box-img\"><img decoding=\"async\" width=\"150\" height=\"150\" src=\"https:\/\/www.kwu-entsorgung.de\/wp-content\/uploads\/2019\/12\/csm_Schadstoffannahmestelle_a21d9b4df7-150x150.png\" class=\"attachment-thumbnail size-thumbnail wp-image-3008\" alt=\"station\u00e4re Schadstoffannahme auf dem Wertstoffhof Alt Golm\" \/><\/figure><div class=\"elementor-image-box-content\"><h4 class=\"elementor-image-box-title\">Station\u00e4re Schadstoffannahmestellen<\/h4><p class=\"elementor-image-box-description\">Schadstoffhaltige Abf\u00e4lle in haushalts\u00fcblichen Mengen k\u00f6nnen jeden Mittwoch von 9.00 bis 12.00 Uhr sowie jeden 2. und 4. Sonnabend im Monat von 9.00 bis 12.00 Uhr an der station\u00e4ren Schadstoffannahmestelle auf dem <b>Wertstoffhof \"Alte Ziegelei\"<\/b> oder jeden Donnerstag von 09:00 bis 12:00 Uhr sowie jeden 1. und 3. Sonnabend im Monat von 09:00 bis 12:00 Uhr an der station\u00e4ren Schadstoffannahmestelle auf dem <b>Wertstoffhof Freienbrink<\/b> abgegeben werden.\n\n<br><u><b>Wichtiger Hinweis f\u00fcr Gewerbetreibende:<\/b><\/u>\n\n<br>Gr\u00f6\u00dfere Mengen an schadstoffhaltigen Abf\u00e4llen von Gewerbetreibenden sind bitte vorab per E-Mail (post@kwu-entsorgung.de) mit dem Formular \"Anmeldung \/ Best\u00e4tigung \u00fcber die Entsorgung von gef\u00e4hrlichen Abf\u00e4llen\" (siehe B\u00fcrgerservice >>> Formulare) anzumelden. \n<br>Derartige Anlieferungen sind <u><b>nur mit Terminvergabe<\/b><\/u> m\u00f6glich.\n<\/p><\/div><\/div>\t\t<\/div>\n\t\t\t\t<\/div>\n\t\t\t\t\t<\/div>\n\t\t<\/div>\n\t\t\t\t\t<\/div>\n\t\t<\/section>\n\t\t\t\t<\/div>\n\t\t","protected":false},"excerpt":{"rendered":"<p>Entsorgung von Schadstoffen Schadstoffe, auch als gef\u00e4hrliche Stoffe bezeichnet, kommen keineswegs nur in Betrieben vor &#8211; es gibt sie in jedem Haushalt. F\u00fcr diese Abf\u00e4lle gilt besonders, was auch f\u00fcr alle anderen Abf\u00e4lle von gr\u00f6\u00dfter Bedeutung ist, in erster Linie vermeiden und alles Unvermeidbare verantwortungsbewusst entsorgen lassen. Schadstoffe geh\u00f6ren wegen ihrer physikalischen und\/oder chemischen Wirkung&#8230;<\/p>\n","protected":false},"author":2,"featured_media":0,"parent":0,"menu_order":0,"comment_status":"closed","ping_status":"closed","template":"","meta":{"footnotes":""},"publishpress_future_action":{"enabled":false,"date":"2026-04-23 02:00:12","action":"change-status","newStatus":"draft","terms":[],"taxonomy":""},"_links":{"self":[{"href":"https:\/\/www.kwu-entsorgung.de\/index.php?rest_route=\/wp\/v2\/pages\/2994"}],"collection":[{"href":"https:\/\/www.kwu-entsorgung.de\/index.php?rest_route=\/wp\/v2\/pages"}],"about":[{"href":"https:\/\/www.kwu-entsorgung.de\/index.php?rest_route=\/wp\/v2\/types\/page"}],"author":[{"embeddable":true,"href":"https:\/\/www.kwu-entsorgung.de\/index.php?rest_route=\/wp\/v2\/users\/2"}],"replies":[{"embeddable":true,"href":"https:\/\/www.kwu-entsorgung.de\/index.php?rest_route=%2Fwp%2Fv2%2Fcomments&post=2994"}],"version-history":[{"count":71,"href":"https:\/\/www.kwu-entsorgung.de\/index.php?rest_route=\/wp\/v2\/pages\/2994\/revisions"}],"predecessor-version":[{"id":69642,"href":"https:\/\/www.kwu-entsorgung.de\/index.php?rest_route=\/wp\/v2\/pages\/2994\/revisions\/69642"}],"wp:attachment":[{"href":"https:\/\/www.kwu-entsorgung.de\/index.php?rest_route=%2Fwp%2Fv2%2Fmedia&parent=2994"}],"curies":[{"name":"wp","href":"https:\/\/api.w.org\/{rel}","templated":true}]}}