{"id":2982,"date":"2019-12-16T08:59:52","date_gmt":"2019-12-16T07:59:52","guid":{"rendered":"http:\/\/debian-015.kwu.lokal\/wordpress\/?page_id=2982"},"modified":"2024-04-25T08:15:33","modified_gmt":"2024-04-25T06:15:33","slug":"elektronische-kommunikation","status":"publish","type":"page","link":"https:\/\/www.kwu-entsorgung.de\/?page_id=2982","title":{"rendered":"Elektronische Kommunikation"},"content":{"rendered":"\t\t<div data-elementor-type=\"wp-post\" data-elementor-id=\"2982\" class=\"elementor elementor-2982\">\n\t\t\t\t\t\t<section class=\"elementor-section elementor-top-section elementor-element elementor-element-9e71e21 elementor-section-boxed elementor-section-height-default elementor-section-height-default\" data-id=\"9e71e21\" data-element_type=\"section\">\n\t\t\t\t\t\t<div class=\"elementor-container elementor-column-gap-default\">\n\t\t\t\t\t<div class=\"elementor-column elementor-col-100 elementor-top-column elementor-element elementor-element-34ca608\" data-id=\"34ca608\" data-element_type=\"column\">\n\t\t\t<div class=\"elementor-widget-wrap elementor-element-populated\">\n\t\t\t\t\t\t<div class=\"elementor-element elementor-element-ab31ee5 elementor-widget elementor-widget-text-editor\" data-id=\"ab31ee5\" data-element_type=\"widget\" data-widget_type=\"text-editor.default\">\n\t\t\t\t<div class=\"elementor-widget-container\">\n\t\t\t\t\t\t\t<p><strong>Hinweise zur elektronischen Kommunikation<\/strong><\/p><p><strong>1. Zugangser\u00f6ffnung f\u00fcr die elektronische Kommunikation<\/strong><\/p><p>Der elektronische Zugang zum Kommunalen Wirtschaftsunternehmen Entsorgung &#8211; Eigenbetrieb des Landkreises Oder-Spree &#8211; (im Folgenden KWU-Entsorgung) insbesondere die \u00dcbermittlung elektronischer Dokumente f\u00fcr eine rechtsverbindliche elektronische Kommunikation zwischen B\u00fcrgern und B\u00fcrgerinnen, juristischen Personen des privaten und \u00f6ffentlichen Rechts und der Verwaltung im Sinne des \u00a7\u00a0 3 a Abs. 1 Verwaltungsverfahrensgesetz (VwVfG) i.V.m. <br \/>\u00a7 1 Abs. 1 Satz 1 Verwaltungsverfahrensgesetz f\u00fcr das Land Brandenburg (VwVfGBbg), wird hiermit nach Ma\u00dfgabe der im Folgenden aufgef\u00fchrten Rahmenbedingungen er\u00f6ffnet.<\/p><p>Eine durch Rechtsvorschrift angeordnete Schriftform kann, soweit nicht durch Rechtsvorschrift etwas anderes bestimmt ist, durch die elektronische Form ersetzt werden. Die elektronische Form entwickelt die gleiche Rechtswirkung wie die unterschriebene Papierform (Schriftform). Die f\u00fcr viele Beh\u00f6rdenvorg\u00e4nge ben\u00f6tigte eigenh\u00e4ndige Unterschrift wird hierbei durch die qualifizierte elektronische Signatur ersetzt (zum Signaturverfahren und zum Schriftformerfordernis siehe unter &#8222;Signatur&#8220;).<\/p><p>Das KWU-Entsorgung er\u00f6ffnet den elektronischen Verwaltungszugang unter den folgenden Bedingungen:<\/p><p>Das KWU-Entsorgung stellt f\u00fcr E-Mails mit qualifiziert elektronisch signierten Dokumenten folgende E-Mail-Adresse zur Verf\u00fcgung:<\/p><p><a href=\"mailto:esignatur@kwu-entsorgung.de\">esignatur@kwu-entsorgung.de<\/a><\/p><p>Bitte geben Sie in Ihrer E-Mail Ihre postalische Adresse sowie Ihre Debitorennummer so genau wie m\u00f6glich an. Ihre E-Mail kann mit diesen Angaben schneller weitergeleitet werden.<\/p><p>Signierte Dokumente k\u00f6nnen beim KWU-Entsorgung nur unter dieser E-Mail-Adresse verarbeitet werden. Wenn Sie einen Antrag stellen wollen oder ein Verwaltungsverfahren abwickeln m\u00f6chten, benutzen Sie bitte f\u00fcr die gesamte Verfahrenskorrespondenz die oben genannte E-Mail-Adresse. Alle anderen bekannten E-Mail-Adressen des KWU-Entsorgung oder Adressen von Mitarbeiterinnen und Mitarbeitern der Verwaltung und E-Mail-Kontaktformulare stellen keinen Zugang f\u00fcr die rechtsverbindliche elektronische Kommunikation mit dem KWU-Entsorgung dar. Dies gilt auch dann, wenn Sie im Laufe einer Verfahrensabwicklung eine elektronische Nachricht aus dem pers\u00f6nlichen Postfach einer Mitarbeiterin oder eines Mitarbeiters der Verwaltung erhalten. Andere E-Mail-Adressen als die oben genannte und sonstige elektronische Zug\u00e4nge zum KWU-Entsorgung stehen ausschlie\u00dflich f\u00fcr unverbindliche Anfragen und Ausk\u00fcnfte zur Verf\u00fcgung.<\/p><p>Verschl\u00fcsselte Mails k\u00f6nnen nicht bearbeitet werden.<\/p><p>F\u00fcr Vorg\u00e4nge oder Anfragen, die keiner eigenh\u00e4ndigen Unterschrift bed\u00fcrfen, ist keine digitale Signatur n\u00f6tig. Sie k\u00f6nnen weiterhin einfach per E-Mail an alle auf www.kwu-entsorgung.de oder Briefk\u00f6pfen genannte E-Mail-Adressen geschickt werden.<\/p><p><strong>2. Signatur<\/strong><\/p><p>Eine durch Rechtsvorschrift angeordnete Schriftform kann in vielen F\u00e4llen durch die so genannte &#8222;elektronische Form&#8220; ersetzt werden. Dies bedeutet, dass ein Dokument mit einer qualifizierten elektronischen Signatur nach dem Signaturgesetz versehen sein muss.<\/p><p>Jedes Dokument ist separat zu signieren.<\/p><p>Das KWU-Entsorgung unterst\u00fctzt derzeit nur akkreditierte Signaturverfahren. Eine vollst\u00e4ndige Liste der akkreditierten Zertifizierungsdiensteanbieter finden Sie auf folgender Seite:<\/p><p><a href=\"https:\/\/eidas.ec.europa.eu\/efda\/tl-browser\/#\/screen\/home\">https:\/\/eidas.ec.europa.eu\/efda\/tl-browser\/#\/screen\/home<\/a><\/p><p>Die \u00dcbersicht zeigt alle derzeit akkreditierten Zertifizierungsdiensteanbieter f\u00fcr qualifizierte Signaturen.<\/p><p>Wir bitten um Verst\u00e4ndnis, dass wir derzeit Signaturen anderer Anbieter nicht zulassen k\u00f6nnen. Sofern Sie andere Signaturen als die vorstehend genannten verwenden, wird die Schriftform dadurch nicht ersetzt!<\/p><p>\u00a0Sollten Sie noch nicht die Technik der elektronischen Kommunikation nutzen k\u00f6nnen, bitten wir Sie &#8211; wie bisher &#8211; auf die papiergebundene Kommunikation zu nutzen.\u00a0<\/p><p><strong>3. Verschl\u00fcsselung<\/strong><\/p><p>Verschl\u00fcsselte E-Mails nimmt das KWU-Entsorgung aus technischen und organisatorischen Gr\u00fcnden nicht entgegen.<\/p><p><strong>4. Dateiformate<\/strong><\/p><p>M\u00f6chten Sie E-Mails mit Dateianh\u00e4ngen an die Verwaltung versenden, so beachten Sie bitte, dass das KWU-Entsorgung nicht alle auf dem Markt g\u00e4ngigen Dateiformate und Anwendungen unterst\u00fctzen kann.<\/p><p>F\u00fcr die \u00dcbermittlung von Dateien verwenden Sie bitte ausschlie\u00dflich folgendes Format:<\/p><ul><li>Portable Document Format (.pdf, PDF\/A)<\/li><\/ul><p>Bei Verwendung anderer Dateiformate ist die Bearbeitung Ihrer Angelegenheit nicht gesichert oder kann sich verz\u00f6gern.<\/p><p>In allen Dateianh\u00e4ngen d\u00fcrfen kein ausf\u00fchrbarer Code, automatisierte Abl\u00e4ufe, Programmierungen (Makros) oder ein Kennwortschutz verwendet werden.<\/p><p>Dateien, die als selbstextrahierende *.exe Dateien umgewandelt wurden oder die automatisierte Abl\u00e4ufe oder Programmierungen (zum Beispiel Makros, *.bat) enthalten, werden vom KWU-Entsorgung nicht angenommen.<\/p><p>E-Mails, die einen Virus enthalten, werden nicht angenommen. Hier\u00fcber erhalten Sie keine Information.<\/p><p>Ist Ihre E-Mail nicht zu verarbeiten, werden Sie schnellstm\u00f6glich dar\u00fcber informiert. Dieser Fall kann z.B. durch Computerviren, allgemeine technische Probleme oder Abweichungen von den vorstehenden technischen Rahmenbedingungen ausgel\u00f6st werden.<\/p><p>Die vorgenannten Hinweise gelten nur f\u00fcr die Kommunikation mit dem KWU-Entsorgung und gelten nicht f\u00fcr Verweise auf Angebote von Dritten.\u00a0<\/p><p><strong>5. Fragen und Probleme mit der elektronischen Kommunikation<\/strong><\/p><p>F\u00fcr Fragen zu den Rahmenbedingungen steht Ihnen das Sekretariat der Werkleitung des KWU-Entsorgung unter Telefon: 03361 \/ 7743-22 zur Verf\u00fcgung.<\/p><p><strong>6. Antwort per E-Mail<\/strong><\/p><p>Bitte beachten Sie: Bescheide und andere Mitteilungen, die einem rechtlichen Schriftformerfordernis unterliegen, werden vom KWU-Entsorgung bis auf weiteres in Papierform versandt.\u00a0\u00a0<\/p><p><strong>Rechtliche Hinweise<\/strong><\/p><p>Das KWU-Entsorgung \u00fcbernimmt keine Gew\u00e4hr daf\u00fcr, dass das System zur Entgegennahme der von Ihnen \u00fcbermittelten E-Mails technisch stets zur Verf\u00fcgung steht. Schadensersatzanspr\u00fcche gegen die Kreisverwaltung sind ausgeschlossen, es sei denn, es liegt Vorsatz oder grobe Fahrl\u00e4ssigkeit vor. F\u00fcr die Verarbeitung Ihrer personenbezogenen Daten gelten die allgemeinen datenschutzrechtlichen Bestimmungen.<\/p><p>S\u00f6lve Drawe<br \/>Werkleiterin<\/p>\t\t\t\t\t\t<\/div>\n\t\t\t\t<\/div>\n\t\t\t\t\t<\/div>\n\t\t<\/div>\n\t\t\t\t\t<\/div>\n\t\t<\/section>\n\t\t\t\t<\/div>\n\t\t","protected":false},"excerpt":{"rendered":"<p>Hinweise zur elektronischen Kommunikation 1. Zugangser\u00f6ffnung f\u00fcr die elektronische Kommunikation Der elektronische Zugang zum Kommunalen Wirtschaftsunternehmen Entsorgung &#8211; Eigenbetrieb des Landkreises Oder-Spree &#8211; (im Folgenden KWU-Entsorgung) insbesondere die \u00dcbermittlung elektronischer Dokumente f\u00fcr eine rechtsverbindliche elektronische Kommunikation zwischen B\u00fcrgern und B\u00fcrgerinnen, juristischen Personen des privaten und \u00f6ffentlichen Rechts und der Verwaltung im Sinne des \u00a7\u00a0 3&#8230;<\/p>\n","protected":false},"author":2,"featured_media":0,"parent":0,"menu_order":0,"comment_status":"closed","ping_status":"closed","template":"","meta":{"footnotes":""},"publishpress_future_action":{"enabled":false,"date":"2026-05-16 07:25:23","action":"change-status","newStatus":"draft","terms":[],"taxonomy":""},"_links":{"self":[{"href":"https:\/\/www.kwu-entsorgung.de\/index.php?rest_route=\/wp\/v2\/pages\/2982"}],"collection":[{"href":"https:\/\/www.kwu-entsorgung.de\/index.php?rest_route=\/wp\/v2\/pages"}],"about":[{"href":"https:\/\/www.kwu-entsorgung.de\/index.php?rest_route=\/wp\/v2\/types\/page"}],"author":[{"embeddable":true,"href":"https:\/\/www.kwu-entsorgung.de\/index.php?rest_route=\/wp\/v2\/users\/2"}],"replies":[{"embeddable":true,"href":"https:\/\/www.kwu-entsorgung.de\/index.php?rest_route=%2Fwp%2Fv2%2Fcomments&post=2982"}],"version-history":[{"count":7,"href":"https:\/\/www.kwu-entsorgung.de\/index.php?rest_route=\/wp\/v2\/pages\/2982\/revisions"}],"predecessor-version":[{"id":14406,"href":"https:\/\/www.kwu-entsorgung.de\/index.php?rest_route=\/wp\/v2\/pages\/2982\/revisions\/14406"}],"wp:attachment":[{"href":"https:\/\/www.kwu-entsorgung.de\/index.php?rest_route=%2Fwp%2Fv2%2Fmedia&parent=2982"}],"curies":[{"name":"wp","href":"https:\/\/api.w.org\/{rel}","templated":true}]}}