{"id":168,"date":"2019-05-14T13:06:29","date_gmt":"2019-05-14T11:06:29","guid":{"rendered":"http:\/\/debian-015.kwu.lokal\/wordpress\/?page_id=168"},"modified":"2025-01-24T13:35:01","modified_gmt":"2025-01-24T12:35:01","slug":"papierabfall","status":"publish","type":"page","link":"https:\/\/www.kwu-entsorgung.de\/?page_id=168","title":{"rendered":"Papierabfall"},"content":{"rendered":"\t\t<div data-elementor-type=\"wp-post\" data-elementor-id=\"168\" class=\"elementor elementor-168\">\n\t\t\t\t\t\t<section class=\"elementor-section elementor-top-section elementor-element elementor-element-9b53c1a elementor-section-boxed elementor-section-height-default elementor-section-height-default\" data-id=\"9b53c1a\" data-element_type=\"section\">\n\t\t\t\t\t\t<div class=\"elementor-container elementor-column-gap-default\">\n\t\t\t\t\t<div class=\"elementor-column elementor-col-100 elementor-top-column elementor-element elementor-element-4094d96\" data-id=\"4094d96\" data-element_type=\"column\">\n\t\t\t<div class=\"elementor-widget-wrap elementor-element-populated\">\n\t\t\t\t\t\t<div class=\"elementor-element elementor-element-6b9a441 elementor-widget elementor-widget-image\" data-id=\"6b9a441\" data-element_type=\"widget\" data-widget_type=\"image.default\">\n\t\t\t\t<div class=\"elementor-widget-container\">\n\t\t\t\t\t\t\t\t\t\t\t\t\t<img fetchpriority=\"high\" decoding=\"async\" width=\"640\" height=\"367\" src=\"https:\/\/www.kwu-entsorgung.de\/wp-content\/uploads\/2020\/10\/Papierm\u00fcll.jpg\" class=\"attachment-large size-large wp-image-4880\" alt=\"\" srcset=\"https:\/\/www.kwu-entsorgung.de\/wp-content\/uploads\/2020\/10\/Papierm\u00fcll.jpg 767w, https:\/\/www.kwu-entsorgung.de\/wp-content\/uploads\/2020\/10\/Papierm\u00fcll-300x172.jpg 300w\" sizes=\"(max-width: 640px) 100vw, 640px\" \/>\t\t\t\t\t\t\t\t\t\t\t\t\t<\/div>\n\t\t\t\t<\/div>\n\t\t\t\t\t<\/div>\n\t\t<\/div>\n\t\t\t\t\t<\/div>\n\t\t<\/section>\n\t\t\t\t<section class=\"elementor-section elementor-top-section elementor-element elementor-element-f23c39e elementor-section-boxed elementor-section-height-default elementor-section-height-default\" data-id=\"f23c39e\" data-element_type=\"section\">\n\t\t\t\t\t\t<div class=\"elementor-container elementor-column-gap-default\">\n\t\t\t\t\t<div class=\"elementor-column elementor-col-100 elementor-top-column elementor-element elementor-element-2342986\" data-id=\"2342986\" data-element_type=\"column\">\n\t\t\t<div class=\"elementor-widget-wrap elementor-element-populated\">\n\t\t\t\t\t\t<div class=\"elementor-element elementor-element-0426a43 elementor-widget elementor-widget-text-editor\" data-id=\"0426a43\" data-element_type=\"widget\" data-widget_type=\"text-editor.default\">\n\t\t\t\t<div class=\"elementor-widget-container\">\n\t\t\t\t\t\t\t<p><strong>Bitte beachten Sie:<\/strong> Au\u00dferhalb des Beh\u00e4lters ab\u00adgelegte Kartonagen und Pa\u00adpierb\u00fcndel werden nicht mit\u00adentsorgt. F\u00fcr den Fall, dass in Ih\u00adrem Haushalt einmalig gr\u00f6\u00dfere Mengen Altpapier und\/oder Kartonagen anfal\u00adlen, kontak\u00adtieren Sie uns bitte unbedingt vor\u00adab. Siehe dazu auch unsere <b>&#8222;N\u00fctzlichen Tipps zur Entsorgung von Altpapier, Pappe und Kartons&#8220;<\/b> (bitte nach unten scrollen).<\/p>\t\t\t\t\t\t<\/div>\n\t\t\t\t<\/div>\n\t\t\t\t\t<\/div>\n\t\t<\/div>\n\t\t\t\t\t<\/div>\n\t\t<\/section>\n\t\t\t\t<section class=\"elementor-section elementor-top-section elementor-element elementor-element-dba8231 elementor-section-boxed elementor-section-height-default elementor-section-height-default\" data-id=\"dba8231\" data-element_type=\"section\">\n\t\t\t\t\t\t<div class=\"elementor-container elementor-column-gap-default\">\n\t\t\t\t\t<div class=\"elementor-column elementor-col-100 elementor-top-column elementor-element elementor-element-46ec478\" data-id=\"46ec478\" data-element_type=\"column\">\n\t\t\t<div class=\"elementor-widget-wrap elementor-element-populated\">\n\t\t\t\t\t\t<div class=\"elementor-element elementor-element-5c21e1e elementor-widget elementor-widget-accordion\" data-id=\"5c21e1e\" data-element_type=\"widget\" data-widget_type=\"accordion.default\">\n\t\t\t\t<div class=\"elementor-widget-container\">\n\t\t\t\t\t<div class=\"elementor-accordion\">\n\t\t\t\t\t\t\t<div class=\"elementor-accordion-item\">\n\t\t\t\t\t<div id=\"elementor-tab-title-9661\" class=\"elementor-tab-title\" data-tab=\"1\" role=\"button\" aria-controls=\"elementor-tab-content-9661\" aria-expanded=\"false\">\n\t\t\t\t\t\t\t\t\t\t\t\t\t<span class=\"elementor-accordion-icon elementor-accordion-icon-left\" aria-hidden=\"true\">\n\t\t\t\t\t\t\t\t\t\t\t\t\t\t\t<span class=\"elementor-accordion-icon-closed\"><i class=\"fas fa-chevron-right\"><\/i><\/span>\n\t\t\t\t\t\t\t\t<span class=\"elementor-accordion-icon-opened\"><i class=\"fas fa-chevron-down\"><\/i><\/span>\n\t\t\t\t\t\t\t\t\t\t\t\t\t\t<\/span>\n\t\t\t\t\t\t\t\t\t\t\t\t<a class=\"elementor-accordion-title\" tabindex=\"0\">Was darf in die Papiertonne?<\/a>\n\t\t\t\t\t<\/div>\n\t\t\t\t\t<div id=\"elementor-tab-content-9661\" class=\"elementor-tab-content elementor-clearfix\" data-tab=\"1\" role=\"region\" aria-labelledby=\"elementor-tab-title-9661\"><ul><li>Briefumschl\u00e4ge<\/li><li>B\u00fccher<\/li><li>B\u00fcropapier<\/li><li>Eierverpackungen (Pappe)<\/li><li>Geschenkpapier<\/li><li>Prospekte<\/li><li>Schulhefte<\/li><li>Zeitungen<\/li><li>Brosch\u00fcren<\/li><li>Einschlagpapier<\/li><li>Schreibpapier<\/li><li>Zeitschriften<\/li><li>Verpackungen aus Papier und Pappe<\/li><\/ul><\/div>\n\t\t\t\t<\/div>\n\t\t\t\t\t\t\t<div class=\"elementor-accordion-item\">\n\t\t\t\t\t<div id=\"elementor-tab-title-9662\" class=\"elementor-tab-title\" data-tab=\"2\" role=\"button\" aria-controls=\"elementor-tab-content-9662\" aria-expanded=\"false\">\n\t\t\t\t\t\t\t\t\t\t\t\t\t<span class=\"elementor-accordion-icon elementor-accordion-icon-left\" aria-hidden=\"true\">\n\t\t\t\t\t\t\t\t\t\t\t\t\t\t\t<span class=\"elementor-accordion-icon-closed\"><i class=\"fas fa-chevron-right\"><\/i><\/span>\n\t\t\t\t\t\t\t\t<span class=\"elementor-accordion-icon-opened\"><i class=\"fas fa-chevron-down\"><\/i><\/span>\n\t\t\t\t\t\t\t\t\t\t\t\t\t\t<\/span>\n\t\t\t\t\t\t\t\t\t\t\t\t<a class=\"elementor-accordion-title\" tabindex=\"0\">Was darf nicht in die Papiertonne?<\/a>\n\t\t\t\t\t<\/div>\n\t\t\t\t\t<div id=\"elementor-tab-content-9662\" class=\"elementor-tab-content elementor-clearfix\" data-tab=\"2\" role=\"region\" aria-labelledby=\"elementor-tab-title-9662\"><ul><li>Hygienepapier<\/li><li>Kohle- und Durchschreibpapier<\/li><li>Pergamentpapier<\/li><li>Spezialpapier, z. B. Fotopapier<\/li><li>verunreinigtes Papier<\/li><li>Tapeten (Reste und abgel\u00f6ste Tapete)<\/li><li>Verbundstoffe, z. B. Tetra Paks<\/li><li>beschichtete Verpackungen<\/li><\/ul><\/div>\n\t\t\t\t<\/div>\n\t\t\t\t\t\t\t<div class=\"elementor-accordion-item\">\n\t\t\t\t\t<div id=\"elementor-tab-title-9663\" class=\"elementor-tab-title\" data-tab=\"3\" role=\"button\" aria-controls=\"elementor-tab-content-9663\" aria-expanded=\"false\">\n\t\t\t\t\t\t\t\t\t\t\t\t\t<span class=\"elementor-accordion-icon elementor-accordion-icon-left\" aria-hidden=\"true\">\n\t\t\t\t\t\t\t\t\t\t\t\t\t\t\t<span class=\"elementor-accordion-icon-closed\"><i class=\"fas fa-chevron-right\"><\/i><\/span>\n\t\t\t\t\t\t\t\t<span class=\"elementor-accordion-icon-opened\"><i class=\"fas fa-chevron-down\"><\/i><\/span>\n\t\t\t\t\t\t\t\t\t\t\t\t\t\t<\/span>\n\t\t\t\t\t\t\t\t\t\t\t\t<a class=\"elementor-accordion-title\" tabindex=\"0\">N\u00fctzliche Tipps zur Entsorgung von Altpapier, Pappe und Kartons<\/a>\n\t\t\t\t\t<\/div>\n\t\t\t\t\t<div id=\"elementor-tab-content-9663\" class=\"elementor-tab-content elementor-clearfix\" data-tab=\"3\" role=\"region\" aria-labelledby=\"elementor-tab-title-9663\"><p><strong>N\u00fctzliche Tipps zur Entsorgung von Altpapier, Pappe und Kartons<\/strong><\/p><ul><li>Bitte beachten Sie: Au\u00dferhalb der Papiertonne abgelegte Kartonagen\/Papierb\u00fcndel werden nicht mitentsorgt.<\/li><li>Nutzen Sie bitte das Volumen der Papiertonne optimal aus, indem Sie alle Kartonagen flach zusammenfalten.<\/li><li>Kein feuchtes Papier einwerfen. Den Deckel der Papiertonne bitte immer geschlossen halten, damit der Papierabfall nicht nass wird.<\/li><li>Zerkleinern Sie gro\u00dfe Pappen soweit, dass diese in die Papiertonne passen. Die Pappen d\u00fcrfen nicht im Beh\u00e4lter festklemmen, weil damit der Leerungsvorgang erschwert wird bzw. die Leerung nicht erfolgen kann.<\/li><li>Falls in Ihrem Haushalt <strong>einmalig<\/strong> gr\u00f6\u00dfere Mengen Papier, Pappe und\/oder Kartonagen anfallen, kontaktieren Sie uns bitte unbedingt <strong>vorab<\/strong> unter <strong>03361 \/ 7743-64\/65<\/strong>.\u00a0 Nur nach vorheriger Anmeldung werden Pappen oder Kartonagen, die nicht mehr in die Papiertonne passen, mitgenommen. Aufgrund der sicheren Handhabung f\u00fcr die M\u00fcllwerker und der Einhaltung von Arbeitsschutzbestimmungen d\u00fcrfen die zus\u00e4tzlich bereitgestellten Pappen oder Kartonagen die <strong>Gr\u00f6\u00dfe von Umzugskartons<\/strong> nicht \u00fcberschreiten. <strong>Menge: maximal drei.<\/strong><\/li><li>F\u00fcr gr\u00f6\u00dfere Mengen Papierabf\u00e4lle halten wir f\u00fcr Sie auf allen <strong><a href=\"https:\/\/www.kwu-entsorgung.de\/?page_id=126\">Wertstoffh\u00f6fen<\/a><\/strong> entsprechend gro\u00dfe Papiercontainer bereit. F\u00fcr die Selbstanlieferung dieser Papierabf\u00e4lle wird keine zus\u00e4tzliche Geb\u00fchr erhoben.<\/li><li>Sollte Ihre Papiertonne dauerhaft nicht ausreichen, k\u00f6nnen Sie kostenfrei weitere Beh\u00e4lter beantragen. Nutzen Sie daf\u00fcr bitte das Formular <a href=\"https:\/\/www.kwu-entsorgung.de\/wp-content\/uploads\/2025\/01\/AE_Meldung_Beh.pdf\"><strong>&#8222;\u00c4nderungsmeldung Beh\u00e4lter&#8220;<\/strong><\/a>.<\/li><\/ul><p><strong>Und hier noch einige wichtige Hinweise zur richtigen Bef\u00fcllung: <\/strong><\/p><p>Bitte im Sinne einer ressourcenschonenden Entsorgung keine fast leeren Papiertonnen bereitstellen! Die Papiertonne sollte mindestens <strong>halbvoll<\/strong> sein.<\/p><p><strong>F<\/strong><b>ehlbef\u00fcllte Papiertonnen st\u00f6ren den Recyclingprozess<\/b><\/p><p>W\u00e4hrend des Sch\u00fcttvorgangs am Sammelfahrzeug fallen unseren M\u00fcllwerkern immer wieder St\u00f6rstoffe auf, die in der Mitte des Abfallbeh\u00e4lters liegen. Von Bauschutt und Textilien \u00fcber Schadstoffe und Plastikverpackungen bis hin zu Fleischabf\u00e4llen und Elektroger\u00e4ten, es war schon alles dabei.<\/p><div class=\"wp-block-image\"><img decoding=\"async\" class=\"wpa-warning wpa-image-missing-alt size-medium wp-image-64990 alignright\" src=\"https:\/\/www.kwu-entsorgung.de\/wp-content\/uploads\/2024\/10\/Beitrag-Papiertonne_Fehlbefuellung-300x225.jpg\" alt=\"\" width=\"300\" height=\"225\" data-warning=\"Missing alt text\" srcset=\"https:\/\/www.kwu-entsorgung.de\/wp-content\/uploads\/2024\/10\/Beitrag-Papiertonne_Fehlbefuellung-300x225.jpg 300w, https:\/\/www.kwu-entsorgung.de\/wp-content\/uploads\/2024\/10\/Beitrag-Papiertonne_Fehlbefuellung-1024x766.jpg 1024w, https:\/\/www.kwu-entsorgung.de\/wp-content\/uploads\/2024\/10\/Beitrag-Papiertonne_Fehlbefuellung-768x575.jpg 768w, https:\/\/www.kwu-entsorgung.de\/wp-content\/uploads\/2024\/10\/Beitrag-Papiertonne_Fehlbefuellung.jpg 1141w\" sizes=\"(max-width: 300px) 100vw, 300px\" \/><\/div><p>Fehlbef\u00fcllte Papiertonnen haben enorme Auswirkungen auf den Recyclingprozess. Beim Sortieren von Papierabf\u00e4llen m\u00fcssen die Fremdstoffe m\u00fchsam entfernt werden, was zus\u00e4tzliche Ressourcen und Kosten erfordert. Manche St\u00f6rstoffe f\u00fchren zu einer kompletten Verschmutzung der gesamten Abfallcharge, sodass das gesammelte Altpapier nicht mehr recycelt werden kann.<\/p><p>Bitte achten Sie daher immer auf etwaige Fehlw\u00fcrfe in Ihrer Papiertonne.<\/p><div class=\"wp-block-image\">\u00a0<\/div><\/div>\n\t\t\t\t<\/div>\n\t\t\t\t\t\t\t\t<\/div>\n\t\t\t\t<\/div>\n\t\t\t\t<\/div>\n\t\t\t\t\t<\/div>\n\t\t<\/div>\n\t\t\t\t\t<\/div>\n\t\t<\/section>\n\t\t\t\t<\/div>\n\t\t","protected":false},"excerpt":{"rendered":"<p>Bitte beachten Sie: Au\u00dferhalb des Beh\u00e4lters ab\u00adgelegte Kartonagen und Pa\u00adpierb\u00fcndel werden nicht mit\u00adentsorgt. F\u00fcr den Fall, dass in Ih\u00adrem Haushalt einmalig gr\u00f6\u00dfere Mengen Altpapier und\/oder Kartonagen anfal\u00adlen, kontak\u00adtieren Sie uns bitte unbedingt vor\u00adab. Siehe dazu auch unsere &#8222;N\u00fctzlichen Tipps zur Entsorgung von Altpapier, Pappe und Kartons&#8220; (bitte nach unten scrollen). Was darf in die Papiertonne?&#8230;<\/p>\n","protected":false},"author":2,"featured_media":389,"parent":0,"menu_order":0,"comment_status":"closed","ping_status":"closed","template":"","meta":{"footnotes":""},"publishpress_future_action":{"enabled":false,"date":"2026-04-22 01:22:04","action":"change-status","newStatus":"draft","terms":[],"taxonomy":""},"_links":{"self":[{"href":"https:\/\/www.kwu-entsorgung.de\/index.php?rest_route=\/wp\/v2\/pages\/168"}],"collection":[{"href":"https:\/\/www.kwu-entsorgung.de\/index.php?rest_route=\/wp\/v2\/pages"}],"about":[{"href":"https:\/\/www.kwu-entsorgung.de\/index.php?rest_route=\/wp\/v2\/types\/page"}],"author":[{"embeddable":true,"href":"https:\/\/www.kwu-entsorgung.de\/index.php?rest_route=\/wp\/v2\/users\/2"}],"replies":[{"embeddable":true,"href":"https:\/\/www.kwu-entsorgung.de\/index.php?rest_route=%2Fwp%2Fv2%2Fcomments&post=168"}],"version-history":[{"count":22,"href":"https:\/\/www.kwu-entsorgung.de\/index.php?rest_route=\/wp\/v2\/pages\/168\/revisions"}],"predecessor-version":[{"id":66543,"href":"https:\/\/www.kwu-entsorgung.de\/index.php?rest_route=\/wp\/v2\/pages\/168\/revisions\/66543"}],"wp:featuredmedia":[{"embeddable":true,"href":"https:\/\/www.kwu-entsorgung.de\/index.php?rest_route=\/wp\/v2\/media\/389"}],"wp:attachment":[{"href":"https:\/\/www.kwu-entsorgung.de\/index.php?rest_route=%2Fwp%2Fv2%2Fmedia&parent=168"}],"curies":[{"name":"wp","href":"https:\/\/api.w.org\/{rel}","templated":true}]}}