{"id":164,"date":"2019-05-14T13:05:57","date_gmt":"2019-05-14T11:05:57","guid":{"rendered":"http:\/\/debian-015.kwu.lokal\/wordpress\/?page_id=164"},"modified":"2025-11-24T11:24:32","modified_gmt":"2025-11-24T10:24:32","slug":"restabfall","status":"publish","type":"page","link":"https:\/\/www.kwu-entsorgung.de\/?page_id=164","title":{"rendered":"Restabfall"},"content":{"rendered":"\t\t<div data-elementor-type=\"wp-page\" data-elementor-id=\"164\" class=\"elementor elementor-164\">\n\t\t\t\t\t\t<section class=\"elementor-section elementor-top-section elementor-element elementor-element-90e2080 elementor-section-boxed elementor-section-height-default elementor-section-height-default\" data-id=\"90e2080\" data-element_type=\"section\">\n\t\t\t\t\t\t<div class=\"elementor-container elementor-column-gap-default\">\n\t\t\t\t\t<div class=\"elementor-column elementor-col-100 elementor-top-column elementor-element elementor-element-982e231\" data-id=\"982e231\" data-element_type=\"column\">\n\t\t\t<div class=\"elementor-widget-wrap elementor-element-populated\">\n\t\t\t\t\t\t<div class=\"elementor-element elementor-element-528beec elementor-widget elementor-widget-image\" data-id=\"528beec\" data-element_type=\"widget\" data-widget_type=\"image.default\">\n\t\t\t\t<div class=\"elementor-widget-container\">\n\t\t\t\t\t\t\t\t\t\t\t\t\t<img fetchpriority=\"high\" decoding=\"async\" width=\"640\" height=\"367\" src=\"https:\/\/www.kwu-entsorgung.de\/wp-content\/uploads\/2020\/10\/Restm\u00fcll.jpg\" class=\"attachment-medium_large size-medium_large wp-image-4879\" alt=\"\" srcset=\"https:\/\/www.kwu-entsorgung.de\/wp-content\/uploads\/2020\/10\/Restm\u00fcll.jpg 767w, https:\/\/www.kwu-entsorgung.de\/wp-content\/uploads\/2020\/10\/Restm\u00fcll-300x172.jpg 300w\" sizes=\"(max-width: 640px) 100vw, 640px\" \/>\t\t\t\t\t\t\t\t\t\t\t\t\t<\/div>\n\t\t\t\t<\/div>\n\t\t\t\t<div class=\"elementor-element elementor-element-8ba2a71 elementor-widget elementor-widget-text-editor\" data-id=\"8ba2a71\" data-element_type=\"widget\" data-widget_type=\"text-editor.default\">\n\t\t\t\t<div class=\"elementor-widget-container\">\n\t\t\t\t\t\t\t<p>Die hier aufgef\u00fchrten Beispiele sind nur eine kleine Auswahl. Weitere Beispiele finden Sie in unserem <a href=\"https:\/\/www.kwu-entsorgung.de\/?page_id=68359\">Abfall-ABC<\/a>.<\/p>\t\t\t\t\t\t<\/div>\n\t\t\t\t<\/div>\n\t\t\t\t\t<\/div>\n\t\t<\/div>\n\t\t\t\t\t<\/div>\n\t\t<\/section>\n\t\t\t\t<section class=\"elementor-section elementor-top-section elementor-element elementor-element-041a4c5 elementor-section-boxed elementor-section-height-default elementor-section-height-default\" data-id=\"041a4c5\" data-element_type=\"section\">\n\t\t\t\t\t\t<div class=\"elementor-container elementor-column-gap-default\">\n\t\t\t\t\t<div class=\"elementor-column elementor-col-100 elementor-top-column elementor-element elementor-element-6c92c3c\" data-id=\"6c92c3c\" data-element_type=\"column\">\n\t\t\t<div class=\"elementor-widget-wrap elementor-element-populated\">\n\t\t\t\t\t\t<div class=\"elementor-element elementor-element-b9bcef3 elementor-widget elementor-widget-accordion\" data-id=\"b9bcef3\" data-element_type=\"widget\" data-widget_type=\"accordion.default\">\n\t\t\t\t<div class=\"elementor-widget-container\">\n\t\t\t\t\t<div class=\"elementor-accordion\">\n\t\t\t\t\t\t\t<div class=\"elementor-accordion-item\">\n\t\t\t\t\t<div id=\"elementor-tab-title-1941\" class=\"elementor-tab-title\" data-tab=\"1\" role=\"button\" aria-controls=\"elementor-tab-content-1941\" aria-expanded=\"false\">\n\t\t\t\t\t\t\t\t\t\t\t\t\t<span class=\"elementor-accordion-icon elementor-accordion-icon-left\" aria-hidden=\"true\">\n\t\t\t\t\t\t\t\t\t\t\t\t\t\t\t<span class=\"elementor-accordion-icon-closed\"><i class=\"fas fa-chevron-right\"><\/i><\/span>\n\t\t\t\t\t\t\t\t<span class=\"elementor-accordion-icon-opened\"><i class=\"fas fa-chevron-down\"><\/i><\/span>\n\t\t\t\t\t\t\t\t\t\t\t\t\t\t<\/span>\n\t\t\t\t\t\t\t\t\t\t\t\t<a class=\"elementor-accordion-title\" tabindex=\"0\">Was darf in den Restabfall?<\/a>\n\t\t\t\t\t<\/div>\n\t\t\t\t\t<div id=\"elementor-tab-content-1941\" class=\"elementor-tab-content elementor-clearfix\" data-tab=\"1\" role=\"region\" aria-labelledby=\"elementor-tab-title-1941\"><div class=\"form_half\"><label>Asche (kalt!)<br \/><\/label><\/div>\n<div class=\"form_half form_half_last\"><label>Wertstoffe, die stark verschmutzt sind<\/label><\/div>\n<div class=\"form_half\"><label>beschichtetes Papier<\/label><\/div>\n<div class=\"form_half form_half_last\"><label>Zahnb\u00fcrsten (keine elektrischen!)<\/label><\/div>\n<div class=\"form_half\"><label>Bioabf\u00e4lle (K\u00fcche- und Garten)<\/label><\/div>\n<div class=\"form_half form_half_last\"><label>Filzstifte (ausgetrocknet)<\/label><\/div>\n<div class=\"form_half\"><label>Dispersionsfarbe (eingetrocknet)<\/label><\/div>\n<div class=\"form_half form_half_last\"><label>Fotos, Dias, Negative<\/label><\/div>\n<div class=\"form_half\"><label>Gl\u00fchbirnen<\/label><\/div>\n<div class=\"form_half form_half_last\"><label>Durchschreibpapier<\/label><\/div>\n<div class=\"form_half\"><label>Gr\u00fcnabf\u00e4lle (kleine Mengen)<\/label><\/div>\n<div class=\"form_half form_half_last\"><label>Haus- und Stra\u00dfenkehricht<\/label><\/div>\n<div class=\"form_half\"><label>Hitzebest\u00e4ndige sowie optische Gl\u00e4ser<\/label><\/div>\n<div class=\"form_half form_half_last\"><label>kaputtes Spielzeug (kein elektrisches!)<\/label><\/div>\n<div class=\"form_half\"><label>kleine Kunststoffgegenst\u00e4nde<\/label><\/div>\n<div class=\"form_half form_half_last\"><label>Kleintierstreu (Hamster, Katzen)<\/label><\/div>\n<div class=\"form_half\"><label>Kosmetikt\u00fccher<\/label><\/div>\n<div class=\"form_half form_half_last\"><label>Kugelschreiber und -minen<\/label><\/div>\n<div class=\"form_half\"><label>K\u00fcchenabf\u00e4lle (Essens- und Speisereste)<\/label><\/div>\n<div class=\"form_half form_half_last\"><label>Leder- und Gummireste<\/label><\/div>\n<div class=\"form_half\"><label>Lumpen, Putzlappen und Putzt\u00fccher (ohne \u00d6l!)<\/label><\/div>\n<div class=\"form_half form_half_last\"><label>Musik- und Videokassetten<\/label><\/div>\n<div class=\"form_half\"><label>Porzellan und Keramik<\/label><\/div>\n<div class=\"form_half form_half_last\"><label>Spiegel, Glasscherben<\/label><\/div>\n<div class=\"form_half\"><label>Staubsaugerbeutel<\/label><\/div>\n<div class=\"form_half form_half_last\"><label>Tapeten und Teppichbodenreste, -fliesen<\/label><\/div>\n<div class=\"form_half\"><label>Verbandsmaterial<\/label><\/div>\n<div class=\"form_half form_half_last\"><label>Windeln und Hygieneartikel<\/label><\/div>\n<div class=\"form_half\"><label>Zigarettenkippen, -asche, usw.<\/label><\/div>\n<div>Textilien, die stark verschmutzt sind<\/div>\n<div>Schuhe (kaputt, nicht mehr tragbar)<\/div>\n<div class=\"form_half form_half_last\">\u00a0<\/div><\/div>\n\t\t\t\t<\/div>\n\t\t\t\t\t\t\t<div class=\"elementor-accordion-item\">\n\t\t\t\t\t<div id=\"elementor-tab-title-1942\" class=\"elementor-tab-title\" data-tab=\"2\" role=\"button\" aria-controls=\"elementor-tab-content-1942\" aria-expanded=\"false\">\n\t\t\t\t\t\t\t\t\t\t\t\t\t<span class=\"elementor-accordion-icon elementor-accordion-icon-left\" aria-hidden=\"true\">\n\t\t\t\t\t\t\t\t\t\t\t\t\t\t\t<span class=\"elementor-accordion-icon-closed\"><i class=\"fas fa-chevron-right\"><\/i><\/span>\n\t\t\t\t\t\t\t\t<span class=\"elementor-accordion-icon-opened\"><i class=\"fas fa-chevron-down\"><\/i><\/span>\n\t\t\t\t\t\t\t\t\t\t\t\t\t\t<\/span>\n\t\t\t\t\t\t\t\t\t\t\t\t<a class=\"elementor-accordion-title\" tabindex=\"0\">Asche von Holz oder Kohle richtig entsorgen<\/a>\n\t\t\t\t\t<\/div>\n\t\t\t\t\t<div id=\"elementor-tab-content-1942\" class=\"elementor-tab-content elementor-clearfix\" data-tab=\"2\" role=\"region\" aria-labelledby=\"elementor-tab-title-1942\"><div>\n<p>Die <strong>erkaltete<\/strong> Asche von Holz oder Kohle geh\u00f6rt in den <strong>Restabfallbeh\u00e4lter<\/strong>, <strong>nicht <\/strong>in die Biotonne!<\/p>\n<ul>\n<li>F\u00fcr schuldhaft verbrannte Beh\u00e4lter muss der Nutzer kostenpflichtig aufkommen. Daher lagern Sie bitte die Asche, bis sie erkaltet ist, am besten in einem feuerfesten Gef\u00e4\u00df. Das kann etwa ein alter Eimer aus Metall sein. Dieses Gef\u00e4\u00df sollte gut abgedeckt werden, damit der Aschestaub nicht wegweht.<\/li>\n<li>Die Asche sollte je nach Menge rund 48 Stunden lagern. Erst dann k\u00f6nnen Sie sicher sein, dass sich keine entz\u00fcndlichen oder hei\u00dfe Bestandteile mehr darin befinden. Auch wenn keine Glut mehr zu sehen ist, kann der Restabfallbeh\u00e4lter noch Stunden sp\u00e4ter Feuer fangen.<\/li>\n<li><strong>Wichtig!<\/strong> Werfen Sie die erkaltete Asche bitte nicht einfach so in den Restabfallbeh\u00e4lter (wegen der Verklumpung und Verschmutzung im Beh\u00e4lter). Nehmen Sie stattdessen einen M\u00fcllbeutel und f\u00fcllen Sie die kalte Asche hinein. Geben Sie dann den verknoteten oder zugebundenen M\u00fcllbeutel mit der Asche in den Restabfallbeh\u00e4lter. So verhindern Sie, dass die Asche beim Leeren des Beh\u00e4lters festklebt oder sich beim \u00d6ffnen des Beh\u00e4lterdeckels in der Umgebung verteilt.<\/li>\n<\/ul>\n<p>\u00a0<\/p>\n<p>\u00a0<\/p>\n<p>\u00a0<\/p>\n<\/div>\n<div class=\"form_half form_half_last\">\u00a0<\/div><\/div>\n\t\t\t\t<\/div>\n\t\t\t\t\t\t\t<div class=\"elementor-accordion-item\">\n\t\t\t\t\t<div id=\"elementor-tab-title-1943\" class=\"elementor-tab-title\" data-tab=\"3\" role=\"button\" aria-controls=\"elementor-tab-content-1943\" aria-expanded=\"false\">\n\t\t\t\t\t\t\t\t\t\t\t\t\t<span class=\"elementor-accordion-icon elementor-accordion-icon-left\" aria-hidden=\"true\">\n\t\t\t\t\t\t\t\t\t\t\t\t\t\t\t<span class=\"elementor-accordion-icon-closed\"><i class=\"fas fa-chevron-right\"><\/i><\/span>\n\t\t\t\t\t\t\t\t<span class=\"elementor-accordion-icon-opened\"><i class=\"fas fa-chevron-down\"><\/i><\/span>\n\t\t\t\t\t\t\t\t\t\t\t\t\t\t<\/span>\n\t\t\t\t\t\t\t\t\t\t\t\t<a class=\"elementor-accordion-title\" tabindex=\"0\">Was darf nicht in den Restabfall?<\/a>\n\t\t\t\t\t<\/div>\n\t\t\t\t\t<div id=\"elementor-tab-content-1943\" class=\"elementor-tab-content elementor-clearfix\" data-tab=\"3\" role=\"region\" aria-labelledby=\"elementor-tab-title-1943\"><ul>\n<li>Batterien<\/li>\n<li>Elektro-Altger\u00e4te<\/li>\n<li>Energiesparlampen<\/li>\n<li>Fieberthermometer<\/li>\n<li>Gefahrstoffe<\/li>\n<li>Sonderabf\u00e4lle<\/li>\n<li>Leuchtstoffr\u00f6hren<\/li>\n<\/ul>\n<p><strong>Bringen Sie die Sonderabf\u00e4lle (Gefahrstoffe) bitte zum <a href=\"https:\/\/www.kwu-entsorgung.de\/?page_id=65429\">Schadstoffmobil<\/a>. Batterien kann man auch in den Gesch\u00e4ften zur\u00fcckgeben, die Batterien verkaufen.<\/strong><\/p><\/div>\n\t\t\t\t<\/div>\n\t\t\t\t\t\t\t<div class=\"elementor-accordion-item\">\n\t\t\t\t\t<div id=\"elementor-tab-title-1944\" class=\"elementor-tab-title\" data-tab=\"4\" role=\"button\" aria-controls=\"elementor-tab-content-1944\" aria-expanded=\"false\">\n\t\t\t\t\t\t\t\t\t\t\t\t\t<span class=\"elementor-accordion-icon elementor-accordion-icon-left\" aria-hidden=\"true\">\n\t\t\t\t\t\t\t\t\t\t\t\t\t\t\t<span class=\"elementor-accordion-icon-closed\"><i class=\"fas fa-chevron-right\"><\/i><\/span>\n\t\t\t\t\t\t\t\t<span class=\"elementor-accordion-icon-opened\"><i class=\"fas fa-chevron-down\"><\/i><\/span>\n\t\t\t\t\t\t\t\t\t\t\t\t\t\t<\/span>\n\t\t\t\t\t\t\t\t\t\t\t\t<a class=\"elementor-accordion-title\" tabindex=\"0\">Notl\u00f6sung Abfallsack - Verkaufsstellen im \u00dcberblick<\/a>\n\t\t\t\t\t<\/div>\n\t\t\t\t\t<div id=\"elementor-tab-content-1944\" class=\"elementor-tab-content elementor-clearfix\" data-tab=\"4\" role=\"region\" aria-labelledby=\"elementor-tab-title-1944\"><p><!-- \/wp:heading --><!-- wp:paragraph --><\/p>\n<p>Sollte der Restabfallbeh\u00e4lter einmalig nicht ausreichen, so k\u00f6nnen Sie einen 90 Liter-Abfallsack gegen Entrichtung einer Geb\u00fchr erwerben.<\/p>\n<p><!-- \/wp:paragraph --><!-- wp:paragraph --><\/p>\n<p>Mit dem Kauf des Abfallsackes ist die Entsorgung bereits bezahlt. Sie stellen den Sack am gewohnten Entsorgungstermin einfach neben den Restabfallbeh\u00e4lter.<\/p>\n<p><!-- \/wp:paragraph --><!-- wp:paragraph --><\/p>\n<p><strong>Der Abfallsack hat ein Fassungsverm\u00f6gen von 90 Litern und sollte nicht schwerer als 20 kg sein.<\/strong><\/p>\n<p>\u00a0<\/p>\n<h3>Verkaufsstellen im \u00dcberblick<\/h3>\n<table class=\"wp-block-table\">\n<tbody>\n<tr>\n<td><strong>Bad Saarow<\/strong><\/td>\n<td>Amt Scharm\u00fctzelsee<br \/>Forsthausstra\u00dfe 4<\/td>\n<\/tr>\n<tr>\n<td><strong>Beeskow<\/strong><\/td>\n<td>Stadtverwaltung<br \/>Berliner Stra\u00dfe 30<\/td>\n<\/tr>\n<tr>\n<td><strong>Beeskow<\/strong><\/td>\n<td>Wertstoffhof<br \/>Charlottenhof 19<\/td>\n<\/tr>\n<tr>\n<td><strong>Briesen (Mark)<\/strong><\/td>\n<td>Amt Odervorland<br \/>Bahnhofstra\u00dfe 3<\/td>\n<\/tr>\n<tr>\n<td><strong>Brieskow-Finkenheerd<\/strong><\/td>\n<td>Amt Brieskow-Finkenheerd<br \/>August-Bebel-Stra\u00dfe 18a<\/td>\n<\/tr>\n<tr>\n<td><strong>Eisenh\u00fcttenstadt<\/strong><\/td>\n<td>Wertstoffhof<br \/>Oderlandstra\u00dfe 14<\/td>\n<\/tr>\n<tr>\n<td><strong>Eisenh\u00fcttenstadt<\/strong><\/td>\n<td>Stadtverwaltung Eisenh\u00fcttenstadt<br \/>Zentraler Platz 1<\/td>\n<\/tr>\n<tr>\n<td><strong>Erkner <span style=\"color: red;\"><br \/><\/span><\/strong><\/td>\n<td>Stadtverwaltung<br \/>Friedrichstra\u00dfe 6-8<\/td>\n<\/tr>\n<tr>\n<td><strong>Friedland<\/strong><\/td>\n<td>Stadtverwaltung Friedland<br \/>Lindenstra\u00dfe 13<\/td>\n<\/tr>\n<tr>\n<td><strong>F\u00fcrstenwalde<\/strong><\/td>\n<td>KWU-Entsorgung\/Verwaltung<br \/>Frankfurter Stra\u00dfe 81<\/td>\n<\/tr>\n<tr>\n<td><strong>Gr\u00fcnheide (Mark)<\/strong><\/td>\n<td>Gemeinde Gr\u00fcnheide\/Rathaus<br \/>Am Marktplatz 1<\/td>\n<\/tr>\n<tr>\n<td><strong>Gr\u00fcnheide (Mark)<\/strong><\/td>\n<td>Wertstoffhof Freienbrink<br \/>Heidestra\u00dfe 4<\/td>\n<\/tr>\n<tr>\n<td><strong>M\u00fcllrose<\/strong><\/td>\n<td>Amt Schlaubetal<br \/>Bahnhofstra\u00dfe 40<\/td>\n<\/tr>\n<tr>\n<td><strong>Neuzelle<\/strong><\/td>\n<td>Amtsverwaltung Neuzelle<br \/>Lindenpark 6<\/td>\n<\/tr>\n<tr>\n<td><strong>Neuzelle<\/strong><\/td>\n<td>Besucherinformation Neuzelle<br \/>Bahnhofstra\u00dfe 22<\/td>\n<\/tr>\n<tr>\n<td><strong>Rietz-Neuendorf<\/strong><\/td>\n<td>Gemeinde Rietz-Neuendorf<br \/>F\u00fcrstenwalder Stra\u00dfe 1<\/td>\n<\/tr>\n<tr>\n<td><strong>Rietz-Neuendorf<\/strong><br \/>OT Alt Golm<\/td>\n<td>Wertstoffhof &#8222;Alte Ziegelei&#8220;<br \/>Alt Golmer Chaussee 1<\/td>\n<\/tr>\n<tr>\n<td><strong>Sch\u00f6neiche bei Berlin<\/strong><\/td>\n<td>Gemeinde Sch\u00f6neiche bei Berlin<br \/>Dorfaue 1<\/td>\n<\/tr>\n<tr>\n<td><strong>Spreenhagen<\/strong><\/td>\n<td>Amt Spreenhagen<br \/>Hauptstra\u00dfe 13<\/td>\n<\/tr>\n<tr>\n<td><strong>Steinh\u00f6fel<\/strong><\/td>\n<td>Gemeinde Steinh\u00f6fel<br \/>Demnitzer Stra\u00dfe 7<\/td>\n<\/tr>\n<tr>\n<td><strong>Storkow (Mark)<\/strong><\/td>\n<td>Stadtverwaltung Storkow (Mark)<br \/>Rudolf-Breitscheid-Stra\u00dfe 74<\/td>\n<\/tr>\n<tr>\n<td><strong>Tauche<\/strong><\/td>\n<td>Gemeinde Tauche<br \/>Beeskower Chaussee 70<\/td>\n<\/tr>\n<tr>\n<td><strong>Woltersdorf<\/strong><\/td>\n<td>Gemeinde Woltersdorf<br \/>Rudolf-Breitscheid-Stra\u00dfe 23<\/td>\n<\/tr>\n<\/tbody>\n<\/table><\/div>\n\t\t\t\t<\/div>\n\t\t\t\t\t\t\t\t<\/div>\n\t\t\t\t<\/div>\n\t\t\t\t<\/div>\n\t\t\t\t\t<\/div>\n\t\t<\/div>\n\t\t\t\t\t<\/div>\n\t\t<\/section>\n\t\t\t\t<section class=\"elementor-section elementor-top-section elementor-element elementor-element-7cb6402 elementor-section-boxed elementor-section-height-default elementor-section-height-default\" data-id=\"7cb6402\" data-element_type=\"section\">\n\t\t\t\t\t\t<div class=\"elementor-container elementor-column-gap-default\">\n\t\t\t\t\t<div class=\"elementor-column elementor-col-100 elementor-top-column elementor-element elementor-element-e2e3df5\" data-id=\"e2e3df5\" data-element_type=\"column\">\n\t\t\t<div class=\"elementor-widget-wrap\">\n\t\t\t\t\t\t\t<\/div>\n\t\t<\/div>\n\t\t\t\t\t<\/div>\n\t\t<\/section>\n\t\t\t\t<\/div>\n\t\t","protected":false},"excerpt":{"rendered":"<p>Die hier aufgef\u00fchrten Beispiele sind nur eine kleine Auswahl. Weitere Beispiele finden Sie in unserem Abfall-ABC. Was darf in den Restabfall? Asche (kalt!) Wertstoffe, die stark verschmutzt sind beschichtetes Papier Zahnb\u00fcrsten (keine elektrischen!) Bioabf\u00e4lle (K\u00fcche- und Garten) Filzstifte (ausgetrocknet) Dispersionsfarbe (eingetrocknet) Fotos, Dias, Negative Gl\u00fchbirnen Durchschreibpapier Gr\u00fcnabf\u00e4lle (kleine Mengen) Haus- und Stra\u00dfenkehricht Hitzebest\u00e4ndige sowie optische&#8230;<\/p>\n","protected":false},"author":2,"featured_media":176,"parent":0,"menu_order":0,"comment_status":"closed","ping_status":"closed","template":"","meta":{"footnotes":""},"publishpress_future_action":{"enabled":false,"date":"2026-05-11 12:23:31","action":"change-status","newStatus":"draft","terms":[],"taxonomy":""},"_links":{"self":[{"href":"https:\/\/www.kwu-entsorgung.de\/index.php?rest_route=\/wp\/v2\/pages\/164"}],"collection":[{"href":"https:\/\/www.kwu-entsorgung.de\/index.php?rest_route=\/wp\/v2\/pages"}],"about":[{"href":"https:\/\/www.kwu-entsorgung.de\/index.php?rest_route=\/wp\/v2\/types\/page"}],"author":[{"embeddable":true,"href":"https:\/\/www.kwu-entsorgung.de\/index.php?rest_route=\/wp\/v2\/users\/2"}],"replies":[{"embeddable":true,"href":"https:\/\/www.kwu-entsorgung.de\/index.php?rest_route=%2Fwp%2Fv2%2Fcomments&post=164"}],"version-history":[{"count":104,"href":"https:\/\/www.kwu-entsorgung.de\/index.php?rest_route=\/wp\/v2\/pages\/164\/revisions"}],"predecessor-version":[{"id":68382,"href":"https:\/\/www.kwu-entsorgung.de\/index.php?rest_route=\/wp\/v2\/pages\/164\/revisions\/68382"}],"wp:featuredmedia":[{"embeddable":true,"href":"https:\/\/www.kwu-entsorgung.de\/index.php?rest_route=\/wp\/v2\/media\/176"}],"wp:attachment":[{"href":"https:\/\/www.kwu-entsorgung.de\/index.php?rest_route=%2Fwp%2Fv2%2Fmedia&parent=164"}],"curies":[{"name":"wp","href":"https:\/\/api.w.org\/{rel}","templated":true}]}}