{"id":147,"date":"2019-05-14T13:02:52","date_gmt":"2019-05-14T11:02:52","guid":{"rendered":"http:\/\/debian-015.kwu.lokal\/wordpress\/?page_id=147"},"modified":"2026-04-14T16:29:36","modified_gmt":"2026-04-14T14:29:36","slug":"info-center-2","status":"publish","type":"page","link":"https:\/\/www.kwu-entsorgung.de\/?page_id=147","title":{"rendered":"Infocenter"},"content":{"rendered":"\t\t<div data-elementor-type=\"wp-post\" data-elementor-id=\"147\" class=\"elementor elementor-147\">\n\t\t\t\t\t\t<section class=\"elementor-section elementor-top-section elementor-element elementor-element-ac23f86 elementor-section-boxed elementor-section-height-default elementor-section-height-default\" data-id=\"ac23f86\" data-element_type=\"section\">\n\t\t\t\t\t\t<div class=\"elementor-container elementor-column-gap-default\">\n\t\t\t\t\t<div class=\"elementor-column elementor-col-100 elementor-top-column elementor-element elementor-element-823ddc8\" data-id=\"823ddc8\" data-element_type=\"column\">\n\t\t\t<div class=\"elementor-widget-wrap elementor-element-populated\">\n\t\t\t\t\t\t<div class=\"elementor-element elementor-element-ac6b17f elementor-position-left elementor-vertical-align-top elementor-widget elementor-widget-image-box\" data-id=\"ac6b17f\" data-element_type=\"widget\" data-widget_type=\"image-box.default\">\n\t\t\t\t<div class=\"elementor-widget-container\">\n\t\t\t<div class=\"elementor-image-box-wrapper\"><figure class=\"elementor-image-box-img\"><a href=\"https:\/\/www.kwu-entsorgung.de\/?page_id=68359\" tabindex=\"-1\"><img decoding=\"async\" width=\"150\" height=\"150\" src=\"https:\/\/www.kwu-entsorgung.de\/wp-content\/uploads\/2019\/05\/tile-abc-150x150.jpg\" class=\"attachment-thumbnail size-thumbnail wp-image-545\" alt=\"Link zu Abfall-ABC\" \/><\/a><\/figure><div class=\"elementor-image-box-content\"><h4 class=\"elementor-image-box-title\"><a href=\"https:\/\/www.kwu-entsorgung.de\/?page_id=68359\">Abfall-ABC<\/a><\/h4><p class=\"elementor-image-box-description\">Von Abbeizmittel bis Zweikomponentenkleber\n\n... wir zeigen Ihnen, wie Sie im Haushalt anfallende Abf\u00e4lle ordnungsgem\u00e4\u00df entsorgen.<\/p><\/div><\/div>\t\t<\/div>\n\t\t\t\t<\/div>\n\t\t\t\t\t<\/div>\n\t\t<\/div>\n\t\t\t\t\t<\/div>\n\t\t<\/section>\n\t\t\t\t<section class=\"elementor-section elementor-top-section elementor-element elementor-element-c3dc2b6 elementor-section-boxed elementor-section-height-default elementor-section-height-default\" data-id=\"c3dc2b6\" data-element_type=\"section\">\n\t\t\t\t\t\t<div class=\"elementor-container elementor-column-gap-default\">\n\t\t\t\t\t<div class=\"elementor-column elementor-col-100 elementor-top-column elementor-element elementor-element-076d7d7\" data-id=\"076d7d7\" data-element_type=\"column\">\n\t\t\t<div class=\"elementor-widget-wrap elementor-element-populated\">\n\t\t\t\t\t\t<div class=\"elementor-element elementor-element-80ee7e9 elementor-position-left elementor-vertical-align-top elementor-widget elementor-widget-image-box\" data-id=\"80ee7e9\" data-element_type=\"widget\" data-widget_type=\"image-box.default\">\n\t\t\t\t<div class=\"elementor-widget-container\">\n\t\t\t<div class=\"elementor-image-box-wrapper\"><figure class=\"elementor-image-box-img\"><a href=\"https:\/\/www.kwu-entsorgung.de\/?page_id=1061\" tabindex=\"-1\"><img decoding=\"async\" width=\"150\" height=\"150\" src=\"https:\/\/www.kwu-entsorgung.de\/wp-content\/uploads\/2019\/05\/website-icon-150x150.jpg\" class=\"attachment-thumbnail size-thumbnail wp-image-77\" alt=\"Logo des KWU Entsorgung - Eigenbetrieb des Landkreises Oder-Spree\" srcset=\"https:\/\/www.kwu-entsorgung.de\/wp-content\/uploads\/2019\/05\/website-icon-150x150.jpg 150w, https:\/\/www.kwu-entsorgung.de\/wp-content\/uploads\/2019\/05\/website-icon-300x300.jpg 300w, https:\/\/www.kwu-entsorgung.de\/wp-content\/uploads\/2019\/05\/website-icon.jpg 512w\" sizes=\"(max-width: 150px) 100vw, 150px\" \/><\/a><\/figure><div class=\"elementor-image-box-content\"><h4 class=\"elementor-image-box-title\"><a href=\"https:\/\/www.kwu-entsorgung.de\/?page_id=1061\">Abfallgeb\u00fchren <\/a><\/h4><p class=\"elementor-image-box-description\">Die aktuellen Abfallgeb\u00fchren f\u00fcr das Jahr 2024.<\/p><\/div><\/div>\t\t<\/div>\n\t\t\t\t<\/div>\n\t\t\t\t\t<\/div>\n\t\t<\/div>\n\t\t\t\t\t<\/div>\n\t\t<\/section>\n\t\t\t\t<section class=\"elementor-section elementor-top-section elementor-element elementor-element-6c736cf elementor-section-boxed elementor-section-height-default elementor-section-height-default\" data-id=\"6c736cf\" data-element_type=\"section\">\n\t\t\t\t\t\t<div class=\"elementor-container elementor-column-gap-default\">\n\t\t\t\t\t<div class=\"elementor-column elementor-col-100 elementor-top-column elementor-element elementor-element-9c3d4ae\" data-id=\"9c3d4ae\" data-element_type=\"column\">\n\t\t\t<div class=\"elementor-widget-wrap elementor-element-populated\">\n\t\t\t\t\t\t<div class=\"elementor-element elementor-element-b0bb91a elementor-position-left elementor-vertical-align-top elementor-widget elementor-widget-image-box\" data-id=\"b0bb91a\" data-element_type=\"widget\" data-widget_type=\"image-box.default\">\n\t\t\t\t<div class=\"elementor-widget-container\">\n\t\t\t<div class=\"elementor-image-box-wrapper\"><figure class=\"elementor-image-box-img\"><a href=\"https:\/\/www.kwu-entsorgung.de\/?page_id=3542\" tabindex=\"-1\"><img decoding=\"async\" width=\"150\" height=\"150\" src=\"https:\/\/www.kwu-entsorgung.de\/wp-content\/uploads\/2019\/05\/P4100099-150x150.jpg\" class=\"attachment-thumbnail size-thumbnail wp-image-517\" alt=\"Wertstoffhof Alt Golm Annahme\" \/><\/a><\/figure><div class=\"elementor-image-box-content\"><h4 class=\"elementor-image-box-title\"><a href=\"https:\/\/www.kwu-entsorgung.de\/?page_id=3542\">Benutzungsgeb\u00fchren <\/a><\/h4><p class=\"elementor-image-box-description\">Die aktuellen Geb\u00fchrens\u00e4tze f\u00fcr die Annahme von Abf\u00e4llen an den Entsorgungsanlagen des KWU-Entsorgung.<\/p><\/div><\/div>\t\t<\/div>\n\t\t\t\t<\/div>\n\t\t\t\t\t<\/div>\n\t\t<\/div>\n\t\t\t\t\t<\/div>\n\t\t<\/section>\n\t\t\t\t<section class=\"elementor-section elementor-top-section elementor-element elementor-element-2128d0f elementor-section-boxed elementor-section-height-default elementor-section-height-default\" data-id=\"2128d0f\" data-element_type=\"section\">\n\t\t\t\t\t\t<div class=\"elementor-container elementor-column-gap-default\">\n\t\t\t\t\t<div class=\"elementor-column elementor-col-100 elementor-top-column elementor-element elementor-element-3f12c57\" data-id=\"3f12c57\" data-element_type=\"column\">\n\t\t\t<div class=\"elementor-widget-wrap elementor-element-populated\">\n\t\t\t\t\t\t<div class=\"elementor-element elementor-element-a5d173b elementor-position-left elementor-vertical-align-top elementor-widget elementor-widget-image-box\" data-id=\"a5d173b\" data-element_type=\"widget\" data-widget_type=\"image-box.default\">\n\t\t\t\t<div class=\"elementor-widget-container\">\n\t\t\t<div class=\"elementor-image-box-wrapper\"><figure class=\"elementor-image-box-img\"><a href=\"https:\/\/www.kwu-entsorgung.de\/?page_id=151\" tabindex=\"-1\"><img loading=\"lazy\" decoding=\"async\" width=\"150\" height=\"150\" src=\"https:\/\/www.kwu-entsorgung.de\/wp-content\/uploads\/2021\/02\/road-sign-63983_1920-150x150.jpg\" class=\"attachment-thumbnail size-thumbnail wp-image-5903\" alt=\"\" \/><\/a><\/figure><div class=\"elementor-image-box-content\"><h4 class=\"elementor-image-box-title\"><a href=\"https:\/\/www.kwu-entsorgung.de\/?page_id=151\">H\u00e4ufige Fragen<\/a><\/h4><p class=\"elementor-image-box-description\">Hier finden Sie eine Sammlung h\u00e4ufig gestellter Fragen zum Thema Geb\u00fchrenbescheid.<\/p><\/div><\/div>\t\t<\/div>\n\t\t\t\t<\/div>\n\t\t\t\t\t<\/div>\n\t\t<\/div>\n\t\t\t\t\t<\/div>\n\t\t<\/section>\n\t\t\t\t<section class=\"elementor-section elementor-top-section elementor-element elementor-element-d50a262 elementor-section-boxed elementor-section-height-default elementor-section-height-default\" data-id=\"d50a262\" data-element_type=\"section\">\n\t\t\t\t\t\t<div class=\"elementor-container elementor-column-gap-default\">\n\t\t\t\t\t<div class=\"elementor-column elementor-col-100 elementor-top-column elementor-element elementor-element-5250604\" data-id=\"5250604\" data-element_type=\"column\">\n\t\t\t<div class=\"elementor-widget-wrap elementor-element-populated\">\n\t\t\t\t\t\t<div class=\"elementor-element elementor-element-cb55e35 elementor-position-left elementor-vertical-align-top elementor-widget elementor-widget-image-box\" data-id=\"cb55e35\" data-element_type=\"widget\" data-widget_type=\"image-box.default\">\n\t\t\t\t<div class=\"elementor-widget-container\">\n\t\t\t<div class=\"elementor-image-box-wrapper\"><figure class=\"elementor-image-box-img\"><a href=\"https:\/\/www.kwu-entsorgung.de\/?page_id=151\" tabindex=\"-1\"><img loading=\"lazy\" decoding=\"async\" width=\"150\" height=\"150\" src=\"https:\/\/www.kwu-entsorgung.de\/wp-content\/uploads\/2019\/06\/books-691980__340-150x150.jpg\" class=\"attachment-thumbnail size-thumbnail wp-image-841\" alt=\"B\u00fccherregal\" \/><\/a><\/figure><div class=\"elementor-image-box-content\"><h4 class=\"elementor-image-box-title\"><a href=\"https:\/\/www.kwu-entsorgung.de\/?page_id=151\">Publikationen<\/a><\/h4><p class=\"elementor-image-box-description\">Hier finden Sie Infomaterial und diverse Brosch\u00fcren rund um die Abfallwirtschaft im Landkreis Oder-Spree.<\/p><\/div><\/div>\t\t<\/div>\n\t\t\t\t<\/div>\n\t\t\t\t\t<\/div>\n\t\t<\/div>\n\t\t\t\t\t<\/div>\n\t\t<\/section>\n\t\t\t\t<section class=\"elementor-section elementor-top-section elementor-element elementor-element-7d5f87d elementor-section-boxed elementor-section-height-default elementor-section-height-default\" data-id=\"7d5f87d\" data-element_type=\"section\">\n\t\t\t\t\t\t<div class=\"elementor-container elementor-column-gap-default\">\n\t\t\t\t\t<div class=\"elementor-column elementor-col-100 elementor-top-column elementor-element elementor-element-55d88ca\" data-id=\"55d88ca\" data-element_type=\"column\">\n\t\t\t<div class=\"elementor-widget-wrap elementor-element-populated\">\n\t\t\t\t\t\t<div class=\"elementor-element elementor-element-101e5e2 elementor-position-left elementor-vertical-align-top elementor-widget elementor-widget-image-box\" data-id=\"101e5e2\" data-element_type=\"widget\" data-widget_type=\"image-box.default\">\n\t\t\t\t<div class=\"elementor-widget-container\">\n\t\t\t<div class=\"elementor-image-box-wrapper\"><figure class=\"elementor-image-box-img\"><a href=\"https:\/\/www.kwu-entsorgung.de\/?page_id=710\" tabindex=\"-1\"><img loading=\"lazy\" decoding=\"async\" width=\"150\" height=\"150\" src=\"https:\/\/www.kwu-entsorgung.de\/wp-content\/uploads\/2019\/06\/Papierschoepfen-150x150.png\" class=\"attachment-thumbnail size-thumbnail wp-image-771\" alt=\"Kinder sch\u00f6pfen Papier\" \/><\/a><\/figure><div class=\"elementor-image-box-content\"><h4 class=\"elementor-image-box-title\"><a href=\"https:\/\/www.kwu-entsorgung.de\/?page_id=710\">Umweltp\u00e4dagogik<\/a><\/h4><p class=\"elementor-image-box-description\">Die Abfallberatung des KWU-Entsorgung bietet f\u00fcr Kinderg\u00e4rten, Grundschulen und Horteinrichtungen umfangreiche Informationen und Aktionen zu den Themen Abfallvermeidung, Verwertung und Kompostierung an.<\/p><\/div><\/div>\t\t<\/div>\n\t\t\t\t<\/div>\n\t\t\t\t\t<\/div>\n\t\t<\/div>\n\t\t\t\t\t<\/div>\n\t\t<\/section>\n\t\t\t\t<section class=\"elementor-section elementor-top-section elementor-element elementor-element-83dbd25 elementor-section-boxed elementor-section-height-default elementor-section-height-default\" data-id=\"83dbd25\" data-element_type=\"section\">\n\t\t\t\t\t\t<div class=\"elementor-container elementor-column-gap-default\">\n\t\t\t\t\t<div class=\"elementor-column elementor-col-100 elementor-top-column elementor-element elementor-element-7dc0d00\" data-id=\"7dc0d00\" data-element_type=\"column\">\n\t\t\t<div class=\"elementor-widget-wrap elementor-element-populated\">\n\t\t\t\t\t\t<div class=\"elementor-element elementor-element-d025518 elementor-position-left elementor-vertical-align-top elementor-widget elementor-widget-image-box\" data-id=\"d025518\" data-element_type=\"widget\" data-widget_type=\"image-box.default\">\n\t\t\t\t<div class=\"elementor-widget-container\">\n\t\t\t<div class=\"elementor-image-box-wrapper\"><figure class=\"elementor-image-box-img\"><a href=\"https:\/\/www.kwu-entsorgung.de\/?page_id=6190\" tabindex=\"-1\"><img loading=\"lazy\" decoding=\"async\" width=\"150\" height=\"150\" src=\"https:\/\/www.kwu-entsorgung.de\/wp-content\/uploads\/2021\/04\/Schmetterling_Lisa-150x150.jpg\" class=\"attachment-thumbnail size-thumbnail wp-image-6285\" alt=\"\" \/><\/a><\/figure><div class=\"elementor-image-box-content\"><h4 class=\"elementor-image-box-title\"><a href=\"https:\/\/www.kwu-entsorgung.de\/?page_id=6190\">Tipps f\u00fcr Kids<\/a><\/h4><p class=\"elementor-image-box-description\">Wie kann man aus alten Dingen neue Sachen machen? Was verbirgt sich hinter den f\u00fcnf Stufen der Abfallpyramide? Wo stehen Fakten zum Thema M\u00fcll kinderleicht erkl\u00e4rt? Mehr dazu erf\u00e4hrst du auf unserer Seite Tipps f\u00fcr Kids.<\/p><\/div><\/div>\t\t<\/div>\n\t\t\t\t<\/div>\n\t\t\t\t\t<\/div>\n\t\t<\/div>\n\t\t\t\t\t<\/div>\n\t\t<\/section>\n\t\t\t\t<section class=\"elementor-section elementor-top-section elementor-element elementor-element-82563d5 elementor-section-boxed elementor-section-height-default elementor-section-height-default\" data-id=\"82563d5\" data-element_type=\"section\">\n\t\t\t\t\t\t<div class=\"elementor-container elementor-column-gap-default\">\n\t\t\t\t\t<div class=\"elementor-column elementor-col-100 elementor-top-column elementor-element elementor-element-086744b\" data-id=\"086744b\" data-element_type=\"column\">\n\t\t\t<div class=\"elementor-widget-wrap elementor-element-populated\">\n\t\t\t\t\t\t<div class=\"elementor-element elementor-element-eb30545 elementor-position-left elementor-vertical-align-top elementor-widget elementor-widget-image-box\" data-id=\"eb30545\" data-element_type=\"widget\" data-widget_type=\"image-box.default\">\n\t\t\t\t<div class=\"elementor-widget-container\">\n\t\t\t<div class=\"elementor-image-box-wrapper\"><figure class=\"elementor-image-box-img\"><a href=\"https:\/\/www.kwu-entsorgung.de\/?page_id=155\" tabindex=\"-1\"><img loading=\"lazy\" decoding=\"async\" width=\"150\" height=\"150\" src=\"https:\/\/www.kwu-entsorgung.de\/wp-content\/uploads\/2019\/11\/newspapers-444447_960_720-150x150.jpg\" class=\"attachment-thumbnail size-thumbnail wp-image-2786\" alt=\"Zeitung auf einem Tisch\" \/><\/a><\/figure><div class=\"elementor-image-box-content\"><h4 class=\"elementor-image-box-title\"><a href=\"https:\/\/www.kwu-entsorgung.de\/?page_id=155\">Pressemeldungen<\/a><\/h4><p class=\"elementor-image-box-description\">Pressemitteilungen des KWU-Entsorgung.<\/p><\/div><\/div>\t\t<\/div>\n\t\t\t\t<\/div>\n\t\t\t\t\t<\/div>\n\t\t<\/div>\n\t\t\t\t\t<\/div>\n\t\t<\/section>\n\t\t\t\t<section class=\"elementor-section elementor-top-section elementor-element elementor-element-2fd45fe8 elementor-section-boxed elementor-section-height-default elementor-section-height-default\" data-id=\"2fd45fe8\" data-element_type=\"section\">\n\t\t\t\t\t\t<div class=\"elementor-container elementor-column-gap-default\">\n\t\t\t\t\t<div class=\"elementor-column elementor-col-100 elementor-top-column elementor-element elementor-element-651b5dd5\" data-id=\"651b5dd5\" data-element_type=\"column\">\n\t\t\t<div class=\"elementor-widget-wrap\">\n\t\t\t\t\t\t\t<\/div>\n\t\t<\/div>\n\t\t\t\t\t<\/div>\n\t\t<\/section>\n\t\t\t\t<section class=\"elementor-section elementor-top-section elementor-element elementor-element-db3a96e elementor-section-boxed elementor-section-height-default elementor-section-height-default\" data-id=\"db3a96e\" data-element_type=\"section\">\n\t\t\t\t\t\t<div class=\"elementor-container elementor-column-gap-default\">\n\t\t\t\t\t<div class=\"elementor-column elementor-col-100 elementor-top-column elementor-element elementor-element-efef287\" data-id=\"efef287\" data-element_type=\"column\">\n\t\t\t<div class=\"elementor-widget-wrap elementor-element-populated\">\n\t\t\t\t\t\t<div class=\"elementor-element elementor-element-c1ad754 elementor-position-left elementor-vertical-align-top elementor-widget elementor-widget-image-box\" data-id=\"c1ad754\" data-element_type=\"widget\" data-widget_type=\"image-box.default\">\n\t\t\t\t<div class=\"elementor-widget-container\">\n\t\t\t<div class=\"elementor-image-box-wrapper\"><figure class=\"elementor-image-box-img\"><a href=\"https:\/\/www.kwu-entsorgung.de\/?page_id=2577\" tabindex=\"-1\"><img loading=\"lazy\" decoding=\"async\" width=\"150\" height=\"150\" src=\"https:\/\/www.kwu-entsorgung.de\/wp-content\/uploads\/2020\/10\/Satzungen-150x150.jpg\" class=\"attachment-thumbnail size-thumbnail wp-image-4862\" alt=\"Satzungen: Wappen des Landkreises Oder-Spree vor B\u00fccherregal\" \/><\/a><\/figure><div class=\"elementor-image-box-content\"><h4 class=\"elementor-image-box-title\"><a href=\"https:\/\/www.kwu-entsorgung.de\/?page_id=2577\">Rechtliches<\/a><\/h4><p class=\"elementor-image-box-description\">Satzungen, Benutzungsordnungen und Rechtsgrundlagen auf Landes- und Bundesebene. Hier werden Sie f\u00fcndig.<\/p><\/div><\/div>\t\t<\/div>\n\t\t\t\t<\/div>\n\t\t\t\t<div class=\"elementor-element elementor-element-3f793f14 elementor-position-left elementor-vertical-align-top elementor-widget elementor-widget-image-box\" data-id=\"3f793f14\" data-element_type=\"widget\" data-widget_type=\"image-box.default\">\n\t\t\t\t<div class=\"elementor-widget-container\">\n\t\t\t<div class=\"elementor-image-box-wrapper\"><figure class=\"elementor-image-box-img\"><a href=\"https:\/\/www.kwu-entsorgung.de\/?page_id=6890\" tabindex=\"-1\"><img loading=\"lazy\" decoding=\"async\" width=\"150\" height=\"150\" src=\"https:\/\/www.kwu-entsorgung.de\/wp-content\/uploads\/2019\/12\/Stellenanzeige-150x150.png\" class=\"attachment-thumbnail size-thumbnail wp-image-2858\" alt=\"Symbolbild Stellenanzeige KWU\" \/><\/a><\/figure><div class=\"elementor-image-box-content\"><h4 class=\"elementor-image-box-title\"><a href=\"https:\/\/www.kwu-entsorgung.de\/?page_id=6890\">Stellenanzeigen<\/a><\/h4><p class=\"elementor-image-box-description\">Derzeit sind alle Stellen besetzt.\n\n \n<\/p><\/div><\/div>\t\t<\/div>\n\t\t\t\t<\/div>\n\t\t\t\t\t<\/div>\n\t\t<\/div>\n\t\t\t\t\t<\/div>\n\t\t<\/section>\n\t\t\t\t<\/div>\n\t\t","protected":false},"excerpt":{"rendered":"<p>Abfall-ABC Von Abbeizmittel bis Zweikomponentenkleber &#8230; wir zeigen Ihnen, wie Sie im Haushalt anfallende Abf\u00e4lle ordnungsgem\u00e4\u00df entsorgen. Abfallgeb\u00fchren Die aktuellen Abfallgeb\u00fchren f\u00fcr das Jahr 2024. Benutzungsgeb\u00fchren Die aktuellen Geb\u00fchrens\u00e4tze f\u00fcr die Annahme von Abf\u00e4llen an den Entsorgungsanlagen des KWU-Entsorgung. H\u00e4ufige Fragen Hier finden Sie eine Sammlung h\u00e4ufig gestellter Fragen zum Thema Geb\u00fchrenbescheid. Publikationen Hier finden&#8230;<\/p>\n","protected":false},"author":2,"featured_media":0,"parent":0,"menu_order":0,"comment_status":"closed","ping_status":"closed","template":"","meta":{"footnotes":""},"publishpress_future_action":{"enabled":false,"date":"2026-04-24 11:08:47","action":"change-status","newStatus":"draft","terms":[],"taxonomy":""},"_links":{"self":[{"href":"https:\/\/www.kwu-entsorgung.de\/index.php?rest_route=\/wp\/v2\/pages\/147"}],"collection":[{"href":"https:\/\/www.kwu-entsorgung.de\/index.php?rest_route=\/wp\/v2\/pages"}],"about":[{"href":"https:\/\/www.kwu-entsorgung.de\/index.php?rest_route=\/wp\/v2\/types\/page"}],"author":[{"embeddable":true,"href":"https:\/\/www.kwu-entsorgung.de\/index.php?rest_route=\/wp\/v2\/users\/2"}],"replies":[{"embeddable":true,"href":"https:\/\/www.kwu-entsorgung.de\/index.php?rest_route=%2Fwp%2Fv2%2Fcomments&post=147"}],"version-history":[{"count":348,"href":"https:\/\/www.kwu-entsorgung.de\/index.php?rest_route=\/wp\/v2\/pages\/147\/revisions"}],"predecessor-version":[{"id":69948,"href":"https:\/\/www.kwu-entsorgung.de\/index.php?rest_route=\/wp\/v2\/pages\/147\/revisions\/69948"}],"wp:attachment":[{"href":"https:\/\/www.kwu-entsorgung.de\/index.php?rest_route=%2Fwp%2Fv2%2Fmedia&parent=147"}],"curies":[{"name":"wp","href":"https:\/\/api.w.org\/{rel}","templated":true}]}}