{"id":1321,"date":"2019-10-24T11:26:19","date_gmt":"2019-10-24T09:26:19","guid":{"rendered":"http:\/\/debian-015.kwu.lokal\/wordpress\/?page_id=1321"},"modified":"2026-01-19T09:41:21","modified_gmt":"2026-01-19T08:41:21","slug":"e-mail-erinnerungsservice","status":"publish","type":"page","link":"https:\/\/www.kwu-entsorgung.de\/?page_id=1321","title":{"rendered":"E-Mail-Erinnerungsservice"},"content":{"rendered":"\t\t<div data-elementor-type=\"wp-post\" data-elementor-id=\"1321\" class=\"elementor elementor-1321\">\n\t\t\t\t\t\t<section class=\"elementor-section elementor-top-section elementor-element elementor-element-f8dd931 elementor-section-boxed elementor-section-height-default elementor-section-height-default\" data-id=\"f8dd931\" data-element_type=\"section\">\n\t\t\t\t\t\t<div class=\"elementor-container elementor-column-gap-default\">\n\t\t\t\t\t<div class=\"elementor-column elementor-col-100 elementor-top-column elementor-element elementor-element-638cd9f\" data-id=\"638cd9f\" data-element_type=\"column\">\n\t\t\t<div class=\"elementor-widget-wrap elementor-element-populated\">\n\t\t\t\t\t\t<div class=\"elementor-element elementor-element-a33773f elementor-widget elementor-widget-image\" data-id=\"a33773f\" data-element_type=\"widget\" data-widget_type=\"image.default\">\n\t\t\t\t<div class=\"elementor-widget-container\">\n\t\t\t\t\t\t\t\t\t\t\t\t\t<img fetchpriority=\"high\" decoding=\"async\" width=\"640\" height=\"427\" src=\"https:\/\/www.kwu-entsorgung.de\/wp-content\/uploads\/2019\/07\/children-593313_960_720.jpg\" class=\"attachment-large size-large wp-image-1220\" alt=\"Email-Erinnerungsservice\" srcset=\"https:\/\/www.kwu-entsorgung.de\/wp-content\/uploads\/2019\/07\/children-593313_960_720.jpg 960w, https:\/\/www.kwu-entsorgung.de\/wp-content\/uploads\/2019\/07\/children-593313_960_720-300x200.jpg 300w, https:\/\/www.kwu-entsorgung.de\/wp-content\/uploads\/2019\/07\/children-593313_960_720-768x512.jpg 768w\" sizes=\"(max-width: 640px) 100vw, 640px\" \/>\t\t\t\t\t\t\t\t\t\t\t\t\t<\/div>\n\t\t\t\t<\/div>\n\t\t\t\t\t<\/div>\n\t\t<\/div>\n\t\t\t\t\t<\/div>\n\t\t<\/section>\n\t\t\t\t<section class=\"elementor-section elementor-top-section elementor-element elementor-element-5157ff8 elementor-section-boxed elementor-section-height-default elementor-section-height-default\" data-id=\"5157ff8\" data-element_type=\"section\">\n\t\t\t\t\t\t<div class=\"elementor-container elementor-column-gap-default\">\n\t\t\t\t\t<div class=\"elementor-column elementor-col-100 elementor-top-column elementor-element elementor-element-6ba7cd0\" data-id=\"6ba7cd0\" data-element_type=\"column\">\n\t\t\t<div class=\"elementor-widget-wrap elementor-element-populated\">\n\t\t\t\t\t\t<div class=\"elementor-element elementor-element-dad5185 elementor-widget elementor-widget-text-editor\" data-id=\"dad5185\" data-element_type=\"widget\" data-widget_type=\"text-editor.default\">\n\t\t\t\t<div class=\"elementor-widget-container\">\n\t\t\t\t\t\t\t<div class=\"csc-textpic-text\"><p><b>Sie m\u00f6chten Ihre Entsorgungstermine nicht mehr verpassen?<\/b><br \/>Der E-Mail-Erinnerungsservice des KWU-Entsorgung hilft Ihnen dabei. Sie m\u00fcssen uns nur mitteilen, wann wir Sie jeweils erinnern sollen und f\u00fcr welche Abfallart. Bitte nutzen Sie daf\u00fcr dieses Anmeldeformular. Wir freuen uns auf Ihre E-Mail und werden Sie umgehend in unseren Erinnerungsservice aufnehmen.<\/p><p>Ihre E-Mail-Adresse, Ihren Namen,die Anschrift des Entsorgungsgrundst\u00fccks und Objektnummer (z.B. im letzten Geb\u00fchrenbescheid oder auf dem Entsorgungskalender) ben\u00f6tigen wir, um den Erinnerungsservice f\u00fcr Sie zu aktivieren. Sie dienen ausschlie\u00dflich zur Registrierung f\u00fcr diesen personalisierten Dienst. Es findet keine Weitergabe an sonstige Dritte statt.<\/p><p><span style=\"color: #ff0000;\">Eine einmalige Anmeldung gen\u00fcgt. Eine Neuanmeldung f\u00fcr das folgende Jahr ist demzufolge <strong>nicht erforderlich<\/strong>.<\/span><\/p><p>Die mit * gekennzeichneten Felder sind Pflichtfelder!<\/p><\/div>\t\t\t\t\t\t<\/div>\n\t\t\t\t<\/div>\n\t\t\t\t\t<\/div>\n\t\t<\/div>\n\t\t\t\t\t<\/div>\n\t\t<\/section>\n\t\t\t\t<section class=\"elementor-section elementor-top-section elementor-element elementor-element-cc178cc elementor-section-boxed elementor-section-height-default elementor-section-height-default\" data-id=\"cc178cc\" data-element_type=\"section\">\n\t\t\t\t\t\t<div class=\"elementor-container elementor-column-gap-default\">\n\t\t\t\t\t<div class=\"elementor-column elementor-col-100 elementor-top-column elementor-element elementor-element-0899537\" data-id=\"0899537\" data-element_type=\"column\">\n\t\t\t<div class=\"elementor-widget-wrap elementor-element-populated\">\n\t\t\t\t\t\t<div class=\"elementor-element elementor-element-9eabb8b elementor-widget elementor-widget-toggle\" data-id=\"9eabb8b\" data-element_type=\"widget\" data-widget_type=\"toggle.default\">\n\t\t\t\t<div class=\"elementor-widget-container\">\n\t\t\t\t\t<div class=\"elementor-toggle\">\n\t\t\t\t\t\t\t<div class=\"elementor-toggle-item\">\n\t\t\t\t\t<div id=\"elementor-tab-title-1661\" class=\"elementor-tab-title\" data-tab=\"1\" role=\"button\" aria-controls=\"elementor-tab-content-1661\" aria-expanded=\"false\">\n\t\t\t\t\t\t\t\t\t\t\t\t<span class=\"elementor-toggle-icon elementor-toggle-icon-left\" aria-hidden=\"true\">\n\t\t\t\t\t\t\t\t\t\t\t\t\t\t\t<span class=\"elementor-toggle-icon-closed\"><i class=\"fas fa-caret-right\"><\/i><\/span>\n\t\t\t\t\t\t\t\t<span class=\"elementor-toggle-icon-opened\"><i class=\"elementor-toggle-icon-opened fas fa-caret-up\"><\/i><\/span>\n\t\t\t\t\t\t\t\t\t\t\t\t\t<\/span>\n\t\t\t\t\t\t\t\t\t\t\t\t<a class=\"elementor-toggle-title\" tabindex=\"0\">Datenschutzhinweis<\/a>\n\t\t\t\t\t<\/div>\n\n\t\t\t\t\t<div id=\"elementor-tab-content-1661\" class=\"elementor-tab-content elementor-clearfix\" data-tab=\"1\" role=\"region\" aria-labelledby=\"elementor-tab-title-1661\"><p>Die von Ihnen in das unten stehende Formular eingetragenen Daten werden mit dem Absenden auf elektronischem Weg an uns \u00fcbermittelt und in unserem Datenverarbeitungssystem gespeichert. Diese Speicherung ist notwendig, damit wir Ihren Auftrag ausf\u00fchren k\u00f6nnen. Wir bitten Sie deshalb, vor dem Absenden des Auftrages unsere <a class=\"internal-link\" title=\"\u00d6ffnet internen Link im aktuellen Fenster\" href=\"https:\/\/www.kwu-entsorgung.de\/?page_id=104\">Datenschutzerkl\u00e4rung<\/a> zu lesen und uns dies durch Setzen des entsprechenden H\u00e4kchens zu best\u00e4tigen.<\/p><p>Wenn Sie mit der Speicherung Ihrer Daten nicht einverstanden sind, k\u00f6nnen wir den Auftrag auf diesem Weg leider nicht annehmen.<\/p><\/div>\n\t\t\t\t<\/div>\n\t\t\t\t\t\t\t\t<\/div>\n\t\t\t\t<\/div>\n\t\t\t\t<\/div>\n\t\t\t\t\t<\/div>\n\t\t<\/div>\n\t\t\t\t\t<\/div>\n\t\t<\/section>\n\t\t\t\t<section class=\"elementor-section elementor-top-section elementor-element elementor-element-a51dda3 elementor-section-boxed elementor-section-height-default elementor-section-height-default\" data-id=\"a51dda3\" data-element_type=\"section\">\n\t\t\t\t\t\t<div class=\"elementor-container elementor-column-gap-default\">\n\t\t\t\t\t<div class=\"elementor-column elementor-col-100 elementor-top-column elementor-element elementor-element-0445d87\" data-id=\"0445d87\" data-element_type=\"column\">\n\t\t\t<div class=\"elementor-widget-wrap elementor-element-populated\">\n\t\t\t\t\t\t<div class=\"elementor-element elementor-element-3d86c08 elementor-widget elementor-widget-text-editor\" data-id=\"3d86c08\" data-element_type=\"widget\" data-widget_type=\"text-editor.default\">\n\t\t\t\t<div class=\"elementor-widget-container\">\n\t\t\t\t\t\t\t\t\t\t\t\t\t<\/div>\n\t\t\t\t<\/div>\n\t\t\t\t\t<\/div>\n\t\t<\/div>\n\t\t\t\t\t<\/div>\n\t\t<\/section>\n\t\t\t\t<section class=\"elementor-section elementor-top-section elementor-element elementor-element-2cb75c4 elementor-section-boxed elementor-section-height-default elementor-section-height-default\" data-id=\"2cb75c4\" data-element_type=\"section\">\n\t\t\t\t\t\t<div class=\"elementor-container elementor-column-gap-default\">\n\t\t\t\t\t<div class=\"elementor-column elementor-col-100 elementor-top-column elementor-element elementor-element-074f44d\" data-id=\"074f44d\" data-element_type=\"column\">\n\t\t\t<div class=\"elementor-widget-wrap elementor-element-populated\">\n\t\t\t\t\t\t<div class=\"elementor-element elementor-element-b91bec9 elementor-widget elementor-widget-text-editor\" data-id=\"b91bec9\" data-element_type=\"widget\" data-widget_type=\"text-editor.default\">\n\t\t\t\t<div class=\"elementor-widget-container\">\n\t\t\t\t\t\t\t\n<div class=\"wpcf7 no-js\" id=\"wpcf7-f1387-o1\" lang=\"de-DE\" dir=\"ltr\">\n<div class=\"screen-reader-response\"><p role=\"status\" aria-live=\"polite\" aria-atomic=\"true\"><\/p> <ul><\/ul><\/div>\n<form action=\"\/index.php?rest_route=%2Fwp%2Fv2%2Fpages%2F1321#wpcf7-f1387-o1\" method=\"post\" class=\"wpcf7-form init\" aria-label=\"Kontaktformular\" novalidate=\"novalidate\" data-status=\"init\">\n<div style=\"display: none;\">\n<input type=\"hidden\" name=\"_wpcf7\" value=\"1387\" \/>\n<input type=\"hidden\" name=\"_wpcf7_version\" value=\"5.9.8\" \/>\n<input type=\"hidden\" name=\"_wpcf7_locale\" value=\"de_DE\" \/>\n<input type=\"hidden\" name=\"_wpcf7_unit_tag\" value=\"wpcf7-f1387-o1\" \/>\n<input type=\"hidden\" name=\"_wpcf7_container_post\" value=\"0\" \/>\n<input type=\"hidden\" name=\"_wpcf7_posted_data_hash\" value=\"\" \/>\n<input type=\"hidden\" name=\"_wpcf7_recaptcha_response\" value=\"\" \/>\n<\/div>\n<p>Objekt-Nr.*<br \/>\n<span class=\"wpcf7-form-control-wrap\" data-name=\"Objektnummer\"><input size=\"40\" maxlength=\"400\" class=\"wpcf7-form-control wpcf7-text wpcf7-validates-as-required\" aria-required=\"true\" aria-invalid=\"false\" placeholder=\"Bitte geben Sie Ihre 9-stellige Objektnummer an\" value=\"\" type=\"text\" name=\"Objektnummer\" \/><\/span>\n<\/p>\n<div class=\"form_half\">\n\t<p>Ihr Name*<br \/>\n<span class=\"wpcf7-form-control-wrap\" data-name=\"Name\"><input size=\"40\" maxlength=\"400\" class=\"wpcf7-form-control wpcf7-text wpcf7-validates-as-required\" aria-required=\"true\" aria-invalid=\"false\" value=\"\" type=\"text\" name=\"Name\" \/><\/span>\n\t<\/p>\n<\/div>\n<div class=\"form_half form_half_last\">\n\t<p>Ihr Vorname<br \/>\n<span class=\"wpcf7-form-control-wrap\" data-name=\"Vorname\"><input size=\"40\" maxlength=\"400\" class=\"wpcf7-form-control wpcf7-text\" aria-invalid=\"false\" value=\"\" type=\"text\" name=\"Vorname\" \/><\/span>\n\t<\/p>\n<\/div>\n<div class=\"form_half\">\n\t<p>Stra\u00dfe*<br \/>\n<span class=\"wpcf7-form-control-wrap\" data-name=\"Strae\"><input size=\"40\" maxlength=\"400\" class=\"wpcf7-form-control wpcf7-text wpcf7-validates-as-required\" aria-required=\"true\" aria-invalid=\"false\" value=\"\" type=\"text\" name=\"Strae\" \/><\/span>\n\t<\/p>\n<\/div>\n<div class=\"form_half form_half_last\">\n\t<p>Hausnummer*<br \/>\n<span class=\"wpcf7-form-control-wrap\" data-name=\"Hausnummer\"><input size=\"40\" maxlength=\"400\" class=\"wpcf7-form-control wpcf7-text wpcf7-validates-as-required\" aria-required=\"true\" aria-invalid=\"false\" value=\"\" type=\"text\" name=\"Hausnummer\" \/><\/span>\n\t<\/p>\n<\/div>\n<div class=\"form_half\">\n\t<p>Postleitzahl<br \/>\n<span class=\"wpcf7-form-control-wrap\" data-name=\"PLZ\"><input class=\"wpcf7-form-control wpcf7-number wpcf7-validates-as-number\" aria-invalid=\"false\" value=\"\" type=\"number\" name=\"PLZ\" \/><\/span>\n\t<\/p>\n<\/div>\n<div class=\"form_half form_half_last\">\n\t<p>Ort*<br \/>\n<span class=\"wpcf7-form-control-wrap\" data-name=\"Ort\"><input size=\"40\" maxlength=\"400\" class=\"wpcf7-form-control wpcf7-text wpcf7-validates-as-required\" aria-required=\"true\" aria-invalid=\"false\" value=\"\" type=\"text\" name=\"Ort\" \/><\/span>\n\t<\/p>\n<\/div>\n<p>E-Mail*<br \/>\n<span class=\"wpcf7-form-control-wrap\" data-name=\"E-Mail\"><input size=\"40\" maxlength=\"400\" class=\"wpcf7-form-control wpcf7-email wpcf7-validates-as-required wpcf7-text wpcf7-validates-as-email\" aria-required=\"true\" aria-invalid=\"false\" value=\"\" type=\"email\" name=\"E-Mail\" \/><\/span>\n<\/p>\n<p>Bitte geben Sie bei der gew\u00fcnschten Abfallart an, bis zu wieviel Kalendertagen vor dem Entsorgungstermin Sie daran erinnert werden wollen. (-1 f\u00fcr keine Erinnerung)\n<\/p>\n<div class=\"form_half\">\n\t<p><label>Restabfall<\/label><br \/>\n<span class=\"wpcf7-form-control-wrap\" data-name=\"Rest\"><input class=\"wpcf7-form-control wpcf7-number wpcf7-validates-as-required wpcf7-validates-as-number\" aria-required=\"true\" aria-invalid=\"false\" value=\"\" type=\"number\" name=\"Rest\" \/><\/span>\n\t<\/p>\n<\/div>\n<div class=\"form_half form_half_last\">\n\t<p><label>Papier<\/label><br \/>\n<span class=\"wpcf7-form-control-wrap\" data-name=\"Papier\"><input class=\"wpcf7-form-control wpcf7-number wpcf7-validates-as-number\" aria-invalid=\"false\" value=\"\" type=\"number\" name=\"Papier\" \/><\/span>\n\t<\/p>\n<\/div>\n<div class=\"form_half\">\n\t<p><label>Gelber Sack<\/label><br \/>\n<span class=\"wpcf7-form-control-wrap\" data-name=\"GelberSack\"><input class=\"wpcf7-form-control wpcf7-number wpcf7-validates-as-number\" aria-invalid=\"false\" value=\"\" type=\"number\" name=\"GelberSack\" \/><\/span>\n\t<\/p>\n<\/div>\n<div class=\"form_half form_half_last\">\n\t<p><label>Biotonne<\/label><br \/>\n<span class=\"wpcf7-form-control-wrap\" data-name=\"Bio\"><input class=\"wpcf7-form-control wpcf7-number wpcf7-validates-as-number\" aria-invalid=\"false\" value=\"\" type=\"number\" name=\"Bio\" \/><\/span>\n\t<\/p>\n<\/div>\n<p><span class=\"wpcf7-form-control-wrap\" data-name=\"Ja\"><span class=\"wpcf7-form-control wpcf7-acceptance\"><span class=\"wpcf7-list-item\"><input type=\"checkbox\" name=\"Ja\" value=\"1\" aria-invalid=\"false\" \/><\/span><\/span><\/span> Ich habe die <a href=\"https:\/\/www.kwu-entsorgung.de\/?page_id=104\">Datenschutzerkl\u00e4rung<\/a> gelesen und stimme der Speicherung meiner Daten zu*.\n<\/p>\n<p>Ich m\u00f6chte mich vom Erinnerungsservice abmelden: <span class=\"wpcf7-form-control-wrap\" data-name=\"Abmeldung\"><input size=\"40\" maxlength=\"400\" class=\"wpcf7-form-control wpcf7-text\" aria-invalid=\"false\" value=\"Nein\" type=\"text\" name=\"Abmeldung\" \/><\/span><br \/>\nSie k\u00f6nnen jederzeit diesen Service ohne Einhaltung besonderer Fristen und Formalien k\u00fcndigen. F\u00fcllen Sie bitte dazu die Pflichtfelder (*) aus und tragen beim Formularfeld Erinnerungsservice abmelden ein JA ein. Der Erinnerungsservice wird umgehend deaktiviert.\n<\/p>\n<p><input class=\"wpcf7-form-control wpcf7-submit has-spinner\" type=\"submit\" value=\"Absenden\" \/><br \/>\n<span class=\"wpcf7-form-control-wrap recaptcha\" data-name=\"recaptcha\"><span data-sitekey=\"6Lc4pLkfAAAAAG0i9TnFNBLiZLwsgy5lkZ_QIEAB\" class=\"wpcf7-form-control wpcf7-recaptcha g-recaptcha\"><\/span>\r\n<noscript>\r\n\t<div class=\"grecaptcha-noscript\">\r\n\t\t<iframe src=\"https:\/\/www.google.com\/recaptcha\/api\/fallback?k=6Lc4pLkfAAAAAG0i9TnFNBLiZLwsgy5lkZ_QIEAB\" frameborder=\"0\" scrolling=\"no\" width=\"310\" height=\"430\">\r\n\t\t<\/iframe>\r\n\t\t<textarea name=\"g-recaptcha-response\" rows=\"3\" cols=\"40\" placeholder=\"reCaptcha Response Here\">\r\n\t\t<\/textarea>\r\n\t<\/div>\r\n<\/noscript>\r\n<\/span>\n<\/p><p style=\"display: none !important;\" class=\"akismet-fields-container\" data-prefix=\"_wpcf7_ak_\"><label>&#916;<textarea name=\"_wpcf7_ak_hp_textarea\" cols=\"45\" rows=\"8\" maxlength=\"100\"><\/textarea><\/label><input type=\"hidden\" id=\"ak_js_1\" name=\"_wpcf7_ak_js\" value=\"1\"\/><script>document.getElementById( \"ak_js_1\" ).setAttribute( \"value\", ( new Date() ).getTime() );<\/script><\/p><div class=\"wpcf7-response-output\" aria-hidden=\"true\"><\/div>\n<\/form>\n<\/div>\n\t\t\t\t\t\t<\/div>\n\t\t\t\t<\/div>\n\t\t\t\t\t<\/div>\n\t\t<\/div>\n\t\t\t\t\t<\/div>\n\t\t<\/section>\n\t\t\t\t<section class=\"elementor-section elementor-top-section elementor-element elementor-element-0032cd2 elementor-section-boxed elementor-section-height-default elementor-section-height-default\" data-id=\"0032cd2\" data-element_type=\"section\">\n\t\t\t\t\t\t<div class=\"elementor-container elementor-column-gap-default\">\n\t\t\t\t\t<div class=\"elementor-column elementor-col-100 elementor-top-column elementor-element elementor-element-1dde364\" data-id=\"1dde364\" data-element_type=\"column\">\n\t\t\t<div class=\"elementor-widget-wrap elementor-element-populated\">\n\t\t\t\t\t\t<div class=\"elementor-element elementor-element-49727c8 elementor-widget elementor-widget-html\" data-id=\"49727c8\" data-element_type=\"widget\" data-widget_type=\"html.default\">\n\t\t\t\t<div class=\"elementor-widget-container\">\n\t\t\t<html>\n  <head>\n    <title>reCAPTCHA demo: Simple page<\/title>\n    <script src=\"https:\/\/www.google.com\/recaptcha\/api.js\" async defer><\/script>\n  <\/head>\n  <body>\n    <form action=\"?\" method=\"POST\">\n      \n      <br\/>\n\n    <\/form>\n  <\/body>\n<\/html>\n\t\t<\/div>\n\t\t\t\t<\/div>\n\t\t\t\t\t<\/div>\n\t\t<\/div>\n\t\t\t\t\t<\/div>\n\t\t<\/section>\n\t\t\t\t<\/div>\n\t\t","protected":false},"excerpt":{"rendered":"<p>Sie m\u00f6chten Ihre Entsorgungstermine nicht mehr verpassen?Der E-Mail-Erinnerungsservice des KWU-Entsorgung hilft Ihnen dabei. Sie m\u00fcssen uns nur mitteilen, wann wir Sie jeweils erinnern sollen und f\u00fcr welche Abfallart. Bitte nutzen Sie daf\u00fcr dieses Anmeldeformular. Wir freuen uns auf Ihre E-Mail und werden Sie umgehend in unseren Erinnerungsservice aufnehmen. Ihre E-Mail-Adresse, Ihren Namen,die Anschrift des Entsorgungsgrundst\u00fccks&#8230;<\/p>\n","protected":false},"author":2,"featured_media":0,"parent":0,"menu_order":0,"comment_status":"closed","ping_status":"closed","template":"","meta":{"footnotes":""},"publishpress_future_action":{"enabled":false,"date":"2026-05-12 15:39:42","action":"change-status","newStatus":"draft","terms":[],"taxonomy":""},"_links":{"self":[{"href":"https:\/\/www.kwu-entsorgung.de\/index.php?rest_route=\/wp\/v2\/pages\/1321"}],"collection":[{"href":"https:\/\/www.kwu-entsorgung.de\/index.php?rest_route=\/wp\/v2\/pages"}],"about":[{"href":"https:\/\/www.kwu-entsorgung.de\/index.php?rest_route=\/wp\/v2\/types\/page"}],"author":[{"embeddable":true,"href":"https:\/\/www.kwu-entsorgung.de\/index.php?rest_route=\/wp\/v2\/users\/2"}],"replies":[{"embeddable":true,"href":"https:\/\/www.kwu-entsorgung.de\/index.php?rest_route=%2Fwp%2Fv2%2Fcomments&post=1321"}],"version-history":[{"count":18,"href":"https:\/\/www.kwu-entsorgung.de\/index.php?rest_route=\/wp\/v2\/pages\/1321\/revisions"}],"predecessor-version":[{"id":69406,"href":"https:\/\/www.kwu-entsorgung.de\/index.php?rest_route=\/wp\/v2\/pages\/1321\/revisions\/69406"}],"wp:attachment":[{"href":"https:\/\/www.kwu-entsorgung.de\/index.php?rest_route=%2Fwp%2Fv2%2Fmedia&parent=1321"}],"curies":[{"name":"wp","href":"https:\/\/api.w.org\/{rel}","templated":true}]}}