{"id":128,"date":"2019-05-14T12:57:25","date_gmt":"2019-05-14T10:57:25","guid":{"rendered":"http:\/\/debian-015.kwu.lokal\/wordpress\/?page_id=128"},"modified":"2020-11-25T11:35:43","modified_gmt":"2020-11-25T10:35:43","slug":"deponien","status":"publish","type":"page","link":"https:\/\/www.kwu-entsorgung.de\/?page_id=128","title":{"rendered":"Deponien"},"content":{"rendered":"\t\t<div data-elementor-type=\"wp-post\" data-elementor-id=\"128\" class=\"elementor elementor-128\">\n\t\t\t\t\t\t<section class=\"elementor-section elementor-top-section elementor-element elementor-element-e2e4119 elementor-section-boxed elementor-section-height-default elementor-section-height-default\" data-id=\"e2e4119\" data-element_type=\"section\">\n\t\t\t\t\t\t<div class=\"elementor-container elementor-column-gap-default\">\n\t\t\t\t\t<div class=\"elementor-column elementor-col-100 elementor-top-column elementor-element elementor-element-0adabce\" data-id=\"0adabce\" data-element_type=\"column\">\n\t\t\t<div class=\"elementor-widget-wrap elementor-element-populated\">\n\t\t\t\t\t\t<div class=\"elementor-element elementor-element-7092d49 elementor-widget elementor-widget-heading\" data-id=\"7092d49\" data-element_type=\"widget\" data-widget_type=\"heading.default\">\n\t\t\t\t<div class=\"elementor-widget-container\">\n\t\t\t<h3 class=\"elementor-heading-title elementor-size-default\">Die f\u00fcnf landkreiseigenen Abfalldeponien\u200b<\/h3>\t\t<\/div>\n\t\t\t\t<\/div>\n\t\t\t\t\t<\/div>\n\t\t<\/div>\n\t\t\t\t\t<\/div>\n\t\t<\/section>\n\t\t\t\t<section class=\"elementor-section elementor-top-section elementor-element elementor-element-c70b711 elementor-section-boxed elementor-section-height-default elementor-section-height-default\" data-id=\"c70b711\" data-element_type=\"section\">\n\t\t\t\t\t\t<div class=\"elementor-container elementor-column-gap-default\">\n\t\t\t\t\t<div class=\"elementor-column elementor-col-100 elementor-top-column elementor-element elementor-element-cb9c3bd\" data-id=\"cb9c3bd\" data-element_type=\"column\">\n\t\t\t<div class=\"elementor-widget-wrap elementor-element-populated\">\n\t\t\t\t\t\t<div class=\"elementor-element elementor-element-791dab0 elementor-widget elementor-widget-accordion\" data-id=\"791dab0\" data-element_type=\"widget\" data-widget_type=\"accordion.default\">\n\t\t\t\t<div class=\"elementor-widget-container\">\n\t\t\t\t\t<div class=\"elementor-accordion\">\n\t\t\t\t\t\t\t<div class=\"elementor-accordion-item\">\n\t\t\t\t\t<div id=\"elementor-tab-title-1261\" class=\"elementor-tab-title\" data-tab=\"1\" role=\"button\" aria-controls=\"elementor-tab-content-1261\" aria-expanded=\"false\">\n\t\t\t\t\t\t\t\t\t\t\t\t\t<span class=\"elementor-accordion-icon elementor-accordion-icon-left\" aria-hidden=\"true\">\n\t\t\t\t\t\t\t\t\t\t\t\t\t\t\t<span class=\"elementor-accordion-icon-closed\"><i class=\"fas fa-chevron-right\"><\/i><\/span>\n\t\t\t\t\t\t\t\t<span class=\"elementor-accordion-icon-opened\"><i class=\"fas fa-chevron-down\"><\/i><\/span>\n\t\t\t\t\t\t\t\t\t\t\t\t\t\t<\/span>\n\t\t\t\t\t\t\t\t\t\t\t\t<a class=\"elementor-accordion-title\" tabindex=\"0\">\"Alte Ziegelei\" - Alt Golm<\/a>\n\t\t\t\t\t<\/div>\n\t\t\t\t\t<div id=\"elementor-tab-content-1261\" class=\"elementor-tab-content elementor-clearfix\" data-tab=\"1\" role=\"region\" aria-labelledby=\"elementor-tab-title-1261\"><p class=\"align-left\">Auf der Deponie &#8222;Alte Ziegelei&#8220; ist am 01.07.2017 ein Teilbereich wiederer\u00f6ffnet worden.<\/p><p class=\"align-left\">Abfallablagerungen sollen hier mit einem Volumen von ca. 212.000 m\u00b3 in dem <b>neu <\/b>errichteten Deponieabschnitt mit 1,53 ha Basisabdichtung erfolgen.<\/p><p class=\"align-left\"><b>Sollten Sie Interesse an der Einlagerung Ihrer Abf\u00e4lle auf der Deponie &#8222;Alte Ziegelei&#8220; haben, nehmen Sie bitte <a title=\"\u00d6ffnet internen Link im aktuellen Fenster\" href=\"https:\/\/www.kwu-entsorgung.de\/?page_id=444\">Kontakt<\/a> mit uns auf.<\/b><\/p><p><img fetchpriority=\"high\" decoding=\"async\" class=\"alignleft wp-image-2555 size-medium\" src=\"http:\/\/www.kwu-entsorgung.net\/wp-content\/uploads\/2019\/11\/AZ-300x225.jpg\" alt=\"Luftaufnahme der Deponie \" width=\"300\" height=\"225\" srcset=\"https:\/\/www.kwu-entsorgung.de\/wp-content\/uploads\/2019\/11\/AZ-300x225.jpg 300w, https:\/\/www.kwu-entsorgung.de\/wp-content\/uploads\/2019\/11\/AZ-768x576.jpg 768w, https:\/\/www.kwu-entsorgung.de\/wp-content\/uploads\/2019\/11\/AZ-1024x768.jpg 1024w\" sizes=\"(max-width: 300px) 100vw, 300px\" \/><\/p><h6>\u00a0<\/h6><h6><b>Steckbrief der Deponie<\/b><\/h6><p>Gesamtfl\u00e4che der Deponie mit neuem Deponieabschnitt: 13,6 ha<\/p><p><b>Entgasungsanlage:<\/b><\/p><ul><li>30 Gasbrunnen<\/li><li>vier Gassammelstationen<\/li><li>eine Gasf\u00f6rderanlage mit Gasfackel<\/li><\/ul><p><b>Sickerwassererfassung:<\/b><\/p><ul><li>\u00fcber vier Sickerwassersammler mit einem Einzugsbereich von 5,53 ha<\/li><li>ein Sickerwasserbecken<\/li><li>Sickerwasserr\u00fcckf\u00fchrung mit 36 Infiltrationsbrunnen<\/li><\/ul><p>Hierbei handelt es sich um ein Projekt, das mit F\u00f6rdermitteln aus dem <b>Europ\u00e4ischen Fonds f\u00fcr regionale Entwicklung (EFRE)<\/b> kofinanziert wurde.<\/p><p><a href=\"https:\/\/efre.brandenburg.de\/cms\/detail.php\/bb1.c.152414.de\"><img decoding=\"async\" class=\"alignnone wp-image-3063 size-medium\" src=\"http:\/\/www.kwu-entsorgung.net\/wp-content\/uploads\/2019\/12\/RTEmagicC_EFRE_Logo_01-300x55.jpg\" alt=\"Logo EFRE F\u00f6rderung\" width=\"300\" height=\"55\" \/><\/a><\/p><\/div>\n\t\t\t\t<\/div>\n\t\t\t\t\t\t\t<div class=\"elementor-accordion-item\">\n\t\t\t\t\t<div id=\"elementor-tab-title-1262\" class=\"elementor-tab-title\" data-tab=\"2\" role=\"button\" aria-controls=\"elementor-tab-content-1262\" aria-expanded=\"false\">\n\t\t\t\t\t\t\t\t\t\t\t\t\t<span class=\"elementor-accordion-icon elementor-accordion-icon-left\" aria-hidden=\"true\">\n\t\t\t\t\t\t\t\t\t\t\t\t\t\t\t<span class=\"elementor-accordion-icon-closed\"><i class=\"fas fa-chevron-right\"><\/i><\/span>\n\t\t\t\t\t\t\t\t<span class=\"elementor-accordion-icon-opened\"><i class=\"fas fa-chevron-down\"><\/i><\/span>\n\t\t\t\t\t\t\t\t\t\t\t\t\t\t<\/span>\n\t\t\t\t\t\t\t\t\t\t\t\t<a class=\"elementor-accordion-title\" tabindex=\"0\">Buchwaldstra\u00dfe (Eisenh\u00fcttenstadt) - in Nachsorge<\/a>\n\t\t\t\t\t<\/div>\n\t\t\t\t\t<div id=\"elementor-tab-content-1262\" class=\"elementor-tab-content elementor-clearfix\" data-tab=\"2\" role=\"region\" aria-labelledby=\"elementor-tab-title-1262\"><div class=\"indent\"><p><b><img decoding=\"async\" class=\"alignnone wp-image-2561 size-medium\" src=\"http:\/\/www.kwu-entsorgung.net\/wp-content\/uploads\/2019\/11\/BWS-300x225.jpg\" alt=\"Deponie Buchwaldstrasse\" width=\"300\" height=\"225\" srcset=\"https:\/\/www.kwu-entsorgung.de\/wp-content\/uploads\/2019\/11\/BWS-300x225.jpg 300w, https:\/\/www.kwu-entsorgung.de\/wp-content\/uploads\/2019\/11\/BWS-768x576.jpg 768w, https:\/\/www.kwu-entsorgung.de\/wp-content\/uploads\/2019\/11\/BWS-1024x768.jpg 1024w\" sizes=\"(max-width: 300px) 100vw, 300px\" \/><\/b><\/p><\/div><h6><b>Steckbrief der Deponie<\/b><\/h6><div class=\"indent\">\u00a0<\/div><p>Nach Fertigstellung des 3. und 4. Bauabschnitts:<\/p><ul><li>insgesamt 18 Gasbrunnen<\/li><li>zwei Gassammelstationen<\/li><li>Verdichterstation mit Gasfackel<\/li><\/ul><p><b>Historie<\/b><\/p><p>Beendigung der Ablagerungsphase: 31.05.2005<\/p><p>Gesamtfl\u00e4che: ca. 13,7 ha<\/p><p>Beginn der Sicherung und Rekultivierung ab 2007 in vier Bauabschnitten:<\/p><ul><li>1. Bauabschnitt 2007\/2008: 3,3 ha Oberfl\u00e4chenabdichtung und f\u00fcnf Gasbrunnen<\/li><li>2. Bauabschnitt 2013\/2014: 5,16 ha Oberfl\u00e4chenabdichtung und Bau der Fackelanlage<\/li><\/ul><p>(Diese beiden Bauabschnitte wurden mit EU-F\u00f6rdermitteln teilweise kofinanziert.)<\/p><p>Hierbei handelt es sich um ein Projekt, das mit F\u00f6rdermitteln in H\u00f6he von 1,2 Millionen Euro aus dem <b>Europ\u00e4ischen Fonds f\u00fcr regionale Entwicklung (EFRE)<\/b> kofinanziert wurde.<\/p><div class=\"indent\"><p><img loading=\"lazy\" decoding=\"async\" class=\"alignnone size-medium wp-image-3063\" src=\"https:\/\/www.kwu-entsorgung.de\/wp-content\/uploads\/2019\/12\/RTEmagicC_EFRE_Logo_01-300x55.jpg\" alt=\"Logo EFRE F\u00f6rderung\" width=\"300\" height=\"55\" \/><\/p><\/div><\/div>\n\t\t\t\t<\/div>\n\t\t\t\t\t\t\t<div class=\"elementor-accordion-item\">\n\t\t\t\t\t<div id=\"elementor-tab-title-1263\" class=\"elementor-tab-title\" data-tab=\"3\" role=\"button\" aria-controls=\"elementor-tab-content-1263\" aria-expanded=\"false\">\n\t\t\t\t\t\t\t\t\t\t\t\t\t<span class=\"elementor-accordion-icon elementor-accordion-icon-left\" aria-hidden=\"true\">\n\t\t\t\t\t\t\t\t\t\t\t\t\t\t\t<span class=\"elementor-accordion-icon-closed\"><i class=\"fas fa-chevron-right\"><\/i><\/span>\n\t\t\t\t\t\t\t\t<span class=\"elementor-accordion-icon-opened\"><i class=\"fas fa-chevron-down\"><\/i><\/span>\n\t\t\t\t\t\t\t\t\t\t\t\t\t\t<\/span>\n\t\t\t\t\t\t\t\t\t\t\t\t<a class=\"elementor-accordion-title\" tabindex=\"0\">Friedl\u00e4nder Berg (bei Beeskow) - in Nachsorge<\/a>\n\t\t\t\t\t<\/div>\n\t\t\t\t\t<div id=\"elementor-tab-content-1263\" class=\"elementor-tab-content elementor-clearfix\" data-tab=\"3\" role=\"region\" aria-labelledby=\"elementor-tab-title-1263\"><h3><b><img loading=\"lazy\" decoding=\"async\" class=\"alignnone wp-image-2564 size-medium\" src=\"http:\/\/www.kwu-entsorgung.net\/wp-content\/uploads\/2019\/11\/FB_22-232x300.jpg\" alt=\"Deponie Friedl\u00e4nder Berg\" width=\"232\" height=\"300\" srcset=\"https:\/\/www.kwu-entsorgung.de\/wp-content\/uploads\/2019\/11\/FB_22-232x300.jpg 232w, https:\/\/www.kwu-entsorgung.de\/wp-content\/uploads\/2019\/11\/FB_22-768x993.jpg 768w, https:\/\/www.kwu-entsorgung.de\/wp-content\/uploads\/2019\/11\/FB_22-792x1024.jpg 792w, https:\/\/www.kwu-entsorgung.de\/wp-content\/uploads\/2019\/11\/FB_22.jpg 1520w\" sizes=\"(max-width: 232px) 100vw, 232px\" \/><\/b><\/h3><h6><b>Steckbrief der Deponie<\/b><\/h6><ul><li>Beendigung der Ablagerungsphase: 31.05.2005<\/li><li>Beendigung der Sicherung und Rekultivierung: 31.12.2007<\/li><li>Beginn der Nachsorgephase: 01.01.2008<\/li><li>Deponiegr\u00f6\u00dfe: 9,47 ha<\/li><li>Ablagerungsfl\u00e4che Altk\u00f6rper: 1,4 ha<\/li><li>Ablagerungsfl\u00e4che Neuk\u00f6rper: 4,8 ha<\/li><li>Kunststoffabdichtung auf dem Neuk\u00f6rper (Doppel-Kunststoffdichtungsbahnen 2,5 mm\/1,5 mm)<\/li><\/ul><p><b>aktive Entgasung:<\/b><\/p><ul><li>zw\u00f6lf Gasbrunnen<\/li><li>eine Gasdrainage<\/li><li>zwei Gassammelstationen<\/li><li>eine Gasstation (Gasfackel, Verdichterstation)<\/li><\/ul><\/div>\n\t\t\t\t<\/div>\n\t\t\t\t\t\t\t<div class=\"elementor-accordion-item\">\n\t\t\t\t\t<div id=\"elementor-tab-title-1264\" class=\"elementor-tab-title\" data-tab=\"4\" role=\"button\" aria-controls=\"elementor-tab-content-1264\" aria-expanded=\"false\">\n\t\t\t\t\t\t\t\t\t\t\t\t\t<span class=\"elementor-accordion-icon elementor-accordion-icon-left\" aria-hidden=\"true\">\n\t\t\t\t\t\t\t\t\t\t\t\t\t\t\t<span class=\"elementor-accordion-icon-closed\"><i class=\"fas fa-chevron-right\"><\/i><\/span>\n\t\t\t\t\t\t\t\t<span class=\"elementor-accordion-icon-opened\"><i class=\"fas fa-chevron-down\"><\/i><\/span>\n\t\t\t\t\t\t\t\t\t\t\t\t\t\t<\/span>\n\t\t\t\t\t\t\t\t\t\t\t\t<a class=\"elementor-accordion-title\" tabindex=\"0\">Selchow - in Nachsorge<\/a>\n\t\t\t\t\t<\/div>\n\t\t\t\t\t<div id=\"elementor-tab-content-1264\" class=\"elementor-tab-content elementor-clearfix\" data-tab=\"4\" role=\"region\" aria-labelledby=\"elementor-tab-title-1264\"><h3><b><img loading=\"lazy\" decoding=\"async\" class=\"alignnone size-medium wp-image-4241\" src=\"https:\/\/www.kwu-entsorgung.de\/wp-content\/uploads\/2020\/05\/Selchow_klein-300x200.jpg\" alt=\"Deponie Selchow\" width=\"300\" height=\"200\" srcset=\"https:\/\/www.kwu-entsorgung.de\/wp-content\/uploads\/2020\/05\/Selchow_klein-300x200.jpg 300w, https:\/\/www.kwu-entsorgung.de\/wp-content\/uploads\/2020\/05\/Selchow_klein-1024x682.jpg 1024w, https:\/\/www.kwu-entsorgung.de\/wp-content\/uploads\/2020\/05\/Selchow_klein-768x512.jpg 768w, https:\/\/www.kwu-entsorgung.de\/wp-content\/uploads\/2020\/05\/Selchow_klein-1536x1023.jpg 1536w, https:\/\/www.kwu-entsorgung.de\/wp-content\/uploads\/2020\/05\/Selchow_klein-2048x1364.jpg 2048w, https:\/\/www.kwu-entsorgung.de\/wp-content\/uploads\/2020\/05\/Selchow_klein-380x252.jpg 380w\" sizes=\"(max-width: 300px) 100vw, 300px\" \/><\/b><\/h3><h6><b>Steckbrief der Deponie<\/b><\/h6><ul><li>Beendigung der Ablagerungsphase: 30.06.2001<\/li><li>Beendigung der Sicherung und Rekultivierung: 25.03.2004<\/li><li>Beginn der Nachsorgephase: 26.03.2004<\/li><li>Deponiegr\u00f6\u00dfe: 5,3 ha<\/li><li>Ablagerungsfl\u00e4che: 2,25 ha<\/li><li>Kunststoffabdichtung auf der gesamten Fl\u00e4che (Kunststoffdichtungsbahnen 2,5 mm)<\/li><\/ul><p><b>passive Entgasung:<\/b><\/p><ul><li>vier Gasbrunnen<\/li><li>elf Gasdrainagerohre<\/li><li>sechs Bodenluftpegel<\/li><\/ul><\/div>\n\t\t\t\t<\/div>\n\t\t\t\t\t\t\t<div class=\"elementor-accordion-item\">\n\t\t\t\t\t<div id=\"elementor-tab-title-1265\" class=\"elementor-tab-title\" data-tab=\"5\" role=\"button\" aria-controls=\"elementor-tab-content-1265\" aria-expanded=\"false\">\n\t\t\t\t\t\t\t\t\t\t\t\t\t<span class=\"elementor-accordion-icon elementor-accordion-icon-left\" aria-hidden=\"true\">\n\t\t\t\t\t\t\t\t\t\t\t\t\t\t\t<span class=\"elementor-accordion-icon-closed\"><i class=\"fas fa-chevron-right\"><\/i><\/span>\n\t\t\t\t\t\t\t\t<span class=\"elementor-accordion-icon-opened\"><i class=\"fas fa-chevron-down\"><\/i><\/span>\n\t\t\t\t\t\t\t\t\t\t\t\t\t\t<\/span>\n\t\t\t\t\t\t\t\t\t\t\t\t<a class=\"elementor-accordion-title\" tabindex=\"0\">Petersdorf - in Nachsorge<\/a>\n\t\t\t\t\t<\/div>\n\t\t\t\t\t<div id=\"elementor-tab-content-1265\" class=\"elementor-tab-content elementor-clearfix\" data-tab=\"5\" role=\"region\" aria-labelledby=\"elementor-tab-title-1265\"><h3><img loading=\"lazy\" decoding=\"async\" class=\"alignnone size-medium wp-image-4243\" src=\"https:\/\/www.kwu-entsorgung.de\/wp-content\/uploads\/2020\/05\/Petersdorf_klein-300x200.jpg\" alt=\"Deponie Petersdorf\" width=\"300\" height=\"200\" srcset=\"https:\/\/www.kwu-entsorgung.de\/wp-content\/uploads\/2020\/05\/Petersdorf_klein-300x200.jpg 300w, https:\/\/www.kwu-entsorgung.de\/wp-content\/uploads\/2020\/05\/Petersdorf_klein-1024x682.jpg 1024w, https:\/\/www.kwu-entsorgung.de\/wp-content\/uploads\/2020\/05\/Petersdorf_klein-768x512.jpg 768w, https:\/\/www.kwu-entsorgung.de\/wp-content\/uploads\/2020\/05\/Petersdorf_klein-1536x1023.jpg 1536w, https:\/\/www.kwu-entsorgung.de\/wp-content\/uploads\/2020\/05\/Petersdorf_klein-2048x1364.jpg 2048w, https:\/\/www.kwu-entsorgung.de\/wp-content\/uploads\/2020\/05\/Petersdorf_klein-380x252.jpg 380w\" sizes=\"(max-width: 300px) 100vw, 300px\" \/><\/h3><h6><b>St<\/b><b>eckbrief der Deponie<\/b><\/h6><ul><li>Beendigung der Ablagerungsphase: 15.07.2009<\/li><li>Beendigung der Sicherung und Rekultivierung: 13.07.2012<\/li><li>Beginn der Nachsorgephase: 14.07.2012<\/li><li>Deponiegr\u00f6\u00dfe: 4,24 ha<\/li><li>Ablagerungsfl\u00e4che: 2,67 ha<\/li><\/ul><\/div>\n\t\t\t\t<\/div>\n\t\t\t\t\t\t\t\t<\/div>\n\t\t\t\t<\/div>\n\t\t\t\t<\/div>\n\t\t\t\t\t<\/div>\n\t\t<\/div>\n\t\t\t\t\t<\/div>\n\t\t<\/section>\n\t\t\t\t<\/div>\n\t\t","protected":false},"excerpt":{"rendered":"<p>Die f\u00fcnf landkreiseigenen Abfalldeponien\u200b &#8222;Alte Ziegelei&#8220; &#8211; Alt Golm Auf der Deponie &#8222;Alte Ziegelei&#8220; ist am 01.07.2017 ein Teilbereich wiederer\u00f6ffnet worden. Abfallablagerungen sollen hier mit einem Volumen von ca. 212.000 m\u00b3 in dem neu errichteten Deponieabschnitt mit 1,53 ha Basisabdichtung erfolgen. Sollten Sie Interesse an der Einlagerung Ihrer Abf\u00e4lle auf der Deponie &#8222;Alte Ziegelei&#8220; haben,&#8230;<\/p>\n","protected":false},"author":2,"featured_media":0,"parent":0,"menu_order":0,"comment_status":"closed","ping_status":"closed","template":"","meta":{"footnotes":""},"publishpress_future_action":{"enabled":false,"date":"2026-05-21 00:23:29","action":"change-status","newStatus":"draft","terms":[],"taxonomy":""},"_links":{"self":[{"href":"https:\/\/www.kwu-entsorgung.de\/index.php?rest_route=\/wp\/v2\/pages\/128"}],"collection":[{"href":"https:\/\/www.kwu-entsorgung.de\/index.php?rest_route=\/wp\/v2\/pages"}],"about":[{"href":"https:\/\/www.kwu-entsorgung.de\/index.php?rest_route=\/wp\/v2\/types\/page"}],"author":[{"embeddable":true,"href":"https:\/\/www.kwu-entsorgung.de\/index.php?rest_route=\/wp\/v2\/users\/2"}],"replies":[{"embeddable":true,"href":"https:\/\/www.kwu-entsorgung.de\/index.php?rest_route=%2Fwp%2Fv2%2Fcomments&post=128"}],"version-history":[{"count":57,"href":"https:\/\/www.kwu-entsorgung.de\/index.php?rest_route=\/wp\/v2\/pages\/128\/revisions"}],"predecessor-version":[{"id":5043,"href":"https:\/\/www.kwu-entsorgung.de\/index.php?rest_route=\/wp\/v2\/pages\/128\/revisions\/5043"}],"wp:attachment":[{"href":"https:\/\/www.kwu-entsorgung.de\/index.php?rest_route=%2Fwp%2Fv2%2Fmedia&parent=128"}],"curies":[{"name":"wp","href":"https:\/\/api.w.org\/{rel}","templated":true}]}}