{"id":124,"date":"2019-05-14T12:56:29","date_gmt":"2019-05-14T10:56:29","guid":{"rendered":"http:\/\/debian-015.kwu.lokal\/wordpress\/?page_id=124"},"modified":"2022-09-14T10:46:41","modified_gmt":"2022-09-14T08:46:41","slug":"fuhrhof","status":"publish","type":"page","link":"https:\/\/www.kwu-entsorgung.de\/?page_id=124","title":{"rendered":"Fuhrhof"},"content":{"rendered":"\t\t<div data-elementor-type=\"wp-post\" data-elementor-id=\"124\" class=\"elementor elementor-124\">\n\t\t\t\t\t\t<section class=\"elementor-section elementor-top-section elementor-element elementor-element-36de4a0f elementor-section-boxed elementor-section-height-default elementor-section-height-default\" data-id=\"36de4a0f\" data-element_type=\"section\">\n\t\t\t\t\t\t<div class=\"elementor-container elementor-column-gap-default\">\n\t\t\t\t\t<div class=\"elementor-column elementor-col-100 elementor-top-column elementor-element elementor-element-5ccc97ff\" data-id=\"5ccc97ff\" data-element_type=\"column\">\n\t\t\t<div class=\"elementor-widget-wrap elementor-element-populated\">\n\t\t\t\t\t\t<div class=\"elementor-element elementor-element-805ed40 elementor-widget elementor-widget-text-editor\" data-id=\"805ed40\" data-element_type=\"widget\" data-widget_type=\"text-editor.default\">\n\t\t\t\t<div class=\"elementor-widget-container\">\n\t\t\t\t\t\t\t<!-- wp:image {\"id\":2670} -->\n<figure class=\"wp-block-image\"><img fetchpriority=\"high\" decoding=\"async\" class=\"alignnone wp-image-2670 size-medium\" src=\"http:\/\/www.kwu-entsorgung.net\/wp-content\/uploads\/2019\/11\/Fuhrhof-300x200.png\" alt=\"Fuhrhof KWU mit Abfallfahrzeugen\" width=\"300\" height=\"200\" srcset=\"https:\/\/www.kwu-entsorgung.de\/wp-content\/uploads\/2019\/11\/Fuhrhof-300x200.png 300w, https:\/\/www.kwu-entsorgung.de\/wp-content\/uploads\/2019\/11\/Fuhrhof-768x512.png 768w, https:\/\/www.kwu-entsorgung.de\/wp-content\/uploads\/2019\/11\/Fuhrhof-380x252.png 380w, https:\/\/www.kwu-entsorgung.de\/wp-content\/uploads\/2019\/11\/Fuhrhof.png 1000w\" sizes=\"(max-width: 300px) 100vw, 300px\" \/><\/figure>\n<!-- \/wp:image --><!-- wp:heading --><!-- \/wp:heading --><!-- wp:paragraph -->\n<p>Unser Fuhrhof befindet sich in F\u00fcrstenwalde und hat dar\u00fcber hinaus noch eine Au\u00dfenstelle in Eisenh\u00fcttenstadt. Dadurch sind wir im gesamten Landkreis fl\u00e4chendeckend vertreten.<\/p>\n<!-- \/wp:paragraph --><!-- wp:paragraph -->\n<p>K\u00fcrzere Wege bedeuten einen geringeren logistischen Aufwand, schnellere Reaktionszeiten, geringere Emissionen und g\u00fcnstigere Entsorgungskonditionen &#8211; alles zum Vorteil aller B\u00fcrgerinnen und B\u00fcrger in unserem Landkreis.<\/p>\n<!-- \/wp:paragraph --><!-- wp:paragraph -->\n<p><strong>Unser Fahrzeugpark<\/strong><\/p>\n<!-- \/wp:paragraph --><!-- wp:paragraph -->\n<p>Im Laufe der Jahre ist unser Fahrzeugpark stetig moderner geworden und hat sich den Bed\u00fcrfnissen einer modernen Abfallwirtschaft angepasst. Mittlerweile verf\u00fcgen wir \u00fcber:<\/p>\n<!-- \/wp:paragraph --><!-- wp:paragraph -->\n<p>24 Sammelfahrzeuge f\u00fcr Restabfall, Papier, Bioabf\u00e4lle und Sperrm\u00fcll<\/p>\n<!-- \/wp:paragraph --><!-- wp:paragraph -->\n<p>7 Hakenliftfahrzeuge und 5 H\u00e4nger, 5 Radlader, 4 LKW mit Ladebordwand, 2 Transporter<\/p>\n<!-- \/wp:paragraph --><!-- wp:paragraph -->\n<p>Unser Fahrzeugpark bewegt sich auf h\u00f6chstem Qualit\u00e4ts- und Sicherheitsniveau. In vielen Fahrzeugen befinden sich Abbiege- und Bremsassistenten.\u00a0<\/p>\n<!-- \/wp:paragraph --><!-- wp:paragraph -->\n<p>Dank der betriebseigenen Werkstatt am Standort F\u00fcrstenwalde unterliegt er einer regelm\u00e4\u00dfigen Wartung und Pr\u00fcfung.<\/p>\n<!-- \/wp:paragraph --><!-- wp:paragraph -->\n<p>Ein deutliches Signal f\u00fcr die \u00f6kologische Orientierung setzen wir mit dem weiteren Ausbau eines emissionsoptimierten Fahrzeugparkes. Bereits 22 Sammelfahrzeuge erf\u00fcllen die Euro-6-Norm.<\/p>\n<!-- \/wp:paragraph --><!-- wp:paragraph -->\n<p>\u00a0<\/p>\n<!-- \/wp:paragraph -->\t\t\t\t\t\t<\/div>\n\t\t\t\t<\/div>\n\t\t\t\t\t<\/div>\n\t\t<\/div>\n\t\t\t\t\t<\/div>\n\t\t<\/section>\n\t\t\t\t<\/div>\n\t\t","protected":false},"excerpt":{"rendered":"<p>Unser Fuhrhof befindet sich in F\u00fcrstenwalde und hat dar\u00fcber hinaus noch eine Au\u00dfenstelle in Eisenh\u00fcttenstadt. Dadurch sind wir im gesamten Landkreis fl\u00e4chendeckend vertreten. K\u00fcrzere Wege bedeuten einen geringeren logistischen Aufwand, schnellere Reaktionszeiten, geringere Emissionen und g\u00fcnstigere Entsorgungskonditionen &#8211; alles zum Vorteil aller B\u00fcrgerinnen und B\u00fcrger in unserem Landkreis. Unser Fahrzeugpark Im Laufe der Jahre ist&#8230;<\/p>\n","protected":false},"author":2,"featured_media":0,"parent":0,"menu_order":0,"comment_status":"closed","ping_status":"closed","template":"","meta":{"footnotes":""},"publishpress_future_action":{"enabled":false,"date":"2026-05-18 03:52:57","action":"change-status","newStatus":"draft","terms":[],"taxonomy":""},"_links":{"self":[{"href":"https:\/\/www.kwu-entsorgung.de\/index.php?rest_route=\/wp\/v2\/pages\/124"}],"collection":[{"href":"https:\/\/www.kwu-entsorgung.de\/index.php?rest_route=\/wp\/v2\/pages"}],"about":[{"href":"https:\/\/www.kwu-entsorgung.de\/index.php?rest_route=\/wp\/v2\/types\/page"}],"author":[{"embeddable":true,"href":"https:\/\/www.kwu-entsorgung.de\/index.php?rest_route=\/wp\/v2\/users\/2"}],"replies":[{"embeddable":true,"href":"https:\/\/www.kwu-entsorgung.de\/index.php?rest_route=%2Fwp%2Fv2%2Fcomments&post=124"}],"version-history":[{"count":18,"href":"https:\/\/www.kwu-entsorgung.de\/index.php?rest_route=\/wp\/v2\/pages\/124\/revisions"}],"predecessor-version":[{"id":9302,"href":"https:\/\/www.kwu-entsorgung.de\/index.php?rest_route=\/wp\/v2\/pages\/124\/revisions\/9302"}],"wp:attachment":[{"href":"https:\/\/www.kwu-entsorgung.de\/index.php?rest_route=%2Fwp%2Fv2%2Fmedia&parent=124"}],"curies":[{"name":"wp","href":"https:\/\/api.w.org\/{rel}","templated":true}]}}