{"id":1078,"date":"2019-06-20T14:44:34","date_gmt":"2019-06-20T12:44:34","guid":{"rendered":"http:\/\/debian-015.kwu.lokal\/wordpress\/?page_id=1078"},"modified":"2026-02-24T17:02:08","modified_gmt":"2026-02-24T16:02:08","slug":"werksausschuss","status":"publish","type":"page","link":"https:\/\/www.kwu-entsorgung.de\/?page_id=1078","title":{"rendered":"Werksausschuss"},"content":{"rendered":"\t\t<div data-elementor-type=\"wp-post\" data-elementor-id=\"1078\" class=\"elementor elementor-1078\">\n\t\t\t\t\t\t<section class=\"elementor-section elementor-top-section elementor-element elementor-element-84947d2 elementor-section-boxed elementor-section-height-default elementor-section-height-default\" data-id=\"84947d2\" data-element_type=\"section\">\n\t\t\t\t\t\t<div class=\"elementor-container elementor-column-gap-default\">\n\t\t\t\t\t<div class=\"elementor-column elementor-col-100 elementor-top-column elementor-element elementor-element-107345d\" data-id=\"107345d\" data-element_type=\"column\">\n\t\t\t<div class=\"elementor-widget-wrap elementor-element-populated\">\n\t\t\t\t\t\t<div class=\"elementor-element elementor-element-1da064e elementor-widget elementor-widget-text-editor\" data-id=\"1da064e\" data-element_type=\"widget\" data-widget_type=\"text-editor.default\">\n\t\t\t\t<div class=\"elementor-widget-container\">\n\t\t\t\t\t\t\t<header class=\"csc-header csc-header-n1\"><p class=\"csc-firstHeader\">Kommunale Entsorger stehen in einer ganz besonderen Verantwortung gegen\u00fcber den B\u00fcrgern, den Unternehmen ihrer Region und der Umwelt. Klare Organisationsstrukturen sowie ein verantwortungsvoller und transparenter Umgang der finanziellen Ressourcen tragen nicht nur dazu bei, dieser Verantwortung gerecht zu werden, sondern auch Vertrauen zu schaffen.<\/p><\/header><div class=\"csc-textpic csc-textpic-intext-right\"><div class=\"csc-textpic-text\"><p>Der Kreistag hat f\u00fcr den Eigenbetrieb einen Werksausschuss gem\u00e4\u00df<br \/>\u00a7 5 Abs. 1 EigVO (Eigenbetriebsverordnung) gebildet.<\/p><p>Der Werksausschuss entscheidet im Rahmen der Beschl\u00fcsse des Kreistages \u00fcber die grunds\u00e4tzlichen Angelegenheiten des Eigenbetriebes, insbesondere \u00fcber die Grunds\u00e4tze f\u00fcr die Wirtschaftsf\u00fchrung, Verm\u00f6gensverwaltung und Rechnungslegung.<\/p><p>Der Werksausschuss ber\u00e4t auch in Angelegenheiten, die vom Kreistag zu entscheiden sind. Dazu z\u00e4hlen auch die Satzungen und die Vergaben.<\/p><p>Zu den Ausschussmitgliedern geh\u00f6ren:<\/p><p><b>Fraktion Die Linke \/ Tierschutzpartei<\/b><br \/>Adrian Bendix<\/p><p><b>Fraktion SPD\u00a0 und B\u00fcndnis 90\/Gr\u00fcne<\/b><br \/>Claudia Laue<\/p><p><b>Fraktion CDU<\/b><br \/>Dipl.-Ing. G\u00fcnter Luhn (Ausschussvorsitzender)<\/p><p><b>Fraktion AFD Oder-Spree<\/b><br \/>Matthias Natusch<\/p><p><b>Fraktion SPD und B\u00fcndnis 90\/Gr\u00fcne (Piraten\/\u00d6DP)<\/b><br \/>Tanja Schipporeit<\/p><p><b>Fraktion BVB\/Freie W\u00e4hler<\/b><br \/>Tobias Thieme<\/p><p><b>Fraktion AFD Oder-Spree<\/b><br \/>Steven Wei\u00dfheimer<\/p><p><b>Besch\u00e4ftigtenvertreter des Eigenbetriebes<\/b><br \/>Stefan Filensky<br \/>Yvonne Kreklau<br \/>Nico Richter<\/p><p><b>Sachkundige Einwohner<\/b><br \/>Sebastian Rausch (Fraktion SPD und B\u00fcndnis 90\/Gr\u00fcne)<br \/>Siegfried Aulich (Fraktion AFD Oder-Spree)<br \/>Robert Paschke (Fraktion CDU)<\/p><h4><strong>Geplante Termine der Werksausschuss-Sitzungen f\u00fcr 2026<\/strong><\/h4><p>12.05.2026<\/p><p>25.08.2026<\/p><p>13.10.2026<\/p><\/div><\/div>\t\t\t\t\t\t<\/div>\n\t\t\t\t<\/div>\n\t\t\t\t\t<\/div>\n\t\t<\/div>\n\t\t\t\t\t<\/div>\n\t\t<\/section>\n\t\t\t\t<\/div>\n\t\t","protected":false},"excerpt":{"rendered":"<p>Kommunale Entsorger stehen in einer ganz besonderen Verantwortung gegen\u00fcber den B\u00fcrgern, den Unternehmen ihrer Region und der Umwelt. Klare Organisationsstrukturen sowie ein verantwortungsvoller und transparenter Umgang der finanziellen Ressourcen tragen nicht nur dazu bei, dieser Verantwortung gerecht zu werden, sondern auch Vertrauen zu schaffen. Der Kreistag hat f\u00fcr den Eigenbetrieb einen Werksausschuss gem\u00e4\u00df\u00a7 5 Abs&#8230;.<\/p>\n","protected":false},"author":2,"featured_media":0,"parent":0,"menu_order":0,"comment_status":"closed","ping_status":"closed","template":"","meta":{"footnotes":""},"publishpress_future_action":{"enabled":false,"date":"2026-04-24 01:50:30","action":"change-status","newStatus":"draft","terms":[],"taxonomy":""},"_links":{"self":[{"href":"https:\/\/www.kwu-entsorgung.de\/index.php?rest_route=\/wp\/v2\/pages\/1078"}],"collection":[{"href":"https:\/\/www.kwu-entsorgung.de\/index.php?rest_route=\/wp\/v2\/pages"}],"about":[{"href":"https:\/\/www.kwu-entsorgung.de\/index.php?rest_route=\/wp\/v2\/types\/page"}],"author":[{"embeddable":true,"href":"https:\/\/www.kwu-entsorgung.de\/index.php?rest_route=\/wp\/v2\/users\/2"}],"replies":[{"embeddable":true,"href":"https:\/\/www.kwu-entsorgung.de\/index.php?rest_route=%2Fwp%2Fv2%2Fcomments&post=1078"}],"version-history":[{"count":147,"href":"https:\/\/www.kwu-entsorgung.de\/index.php?rest_route=\/wp\/v2\/pages\/1078\/revisions"}],"predecessor-version":[{"id":69611,"href":"https:\/\/www.kwu-entsorgung.de\/index.php?rest_route=\/wp\/v2\/pages\/1078\/revisions\/69611"}],"wp:attachment":[{"href":"https:\/\/www.kwu-entsorgung.de\/index.php?rest_route=%2Fwp%2Fv2%2Fmedia&parent=1078"}],"curies":[{"name":"wp","href":"https:\/\/api.w.org\/{rel}","templated":true}]}}