{"id":1061,"date":"2019-06-20T13:58:12","date_gmt":"2019-06-20T11:58:12","guid":{"rendered":"http:\/\/debian-015.kwu.lokal\/wordpress\/?page_id=1061"},"modified":"2026-01-20T11:16:56","modified_gmt":"2026-01-20T10:16:56","slug":"abfallgebuehren-2019","status":"publish","type":"page","link":"https:\/\/www.kwu-entsorgung.de\/?page_id=1061","title":{"rendered":"Abfallgeb\u00fchren"},"content":{"rendered":"\t\t<div data-elementor-type=\"wp-post\" data-elementor-id=\"1061\" class=\"elementor elementor-1061\">\n\t\t\t\t\t\t<section class=\"elementor-section elementor-top-section elementor-element elementor-element-a71ac1c elementor-section-boxed elementor-section-height-default elementor-section-height-default\" data-id=\"a71ac1c\" data-element_type=\"section\">\n\t\t\t\t\t\t<div class=\"elementor-container elementor-column-gap-default\">\n\t\t\t\t\t<div class=\"elementor-column elementor-col-100 elementor-top-column elementor-element elementor-element-14ea1554\" data-id=\"14ea1554\" data-element_type=\"column\">\n\t\t\t<div class=\"elementor-widget-wrap elementor-element-populated\">\n\t\t\t\t\t\t<div class=\"elementor-element elementor-element-19c1c50 elementor-widget elementor-widget-html\" data-id=\"19c1c50\" data-element_type=\"widget\" data-widget_type=\"html.default\">\n\t\t\t\t<div class=\"elementor-widget-container\">\n\t\t\t<p><!-- wp:table --><\/p>\n<p><strong>Abfallgeb\u00fchren 2026<\/strong><\/p>\n<p><strong>Festgeb\u00fchr f\u00fcr Wohngrundst\u00fccke<\/strong><\/p>\n<table class=\"wp-block-table\">\n<tbody>\n<tr>\n<td>je amtlich gemeldeter Person und Monat<\/td>\n<td>\n<div align=\"right\">2,44 EUR<\/div>\n<\/td>\n<\/tr>\n<tr>\n<td>bezogen auf ein Jahr<\/td>\n<td>\n<div align=\"right\">29,28 EUR<\/div>\n<\/td>\n<\/tr>\n<tr>\n<td>je Ferienwohnung und Monat<\/td>\n<td>\n<div align=\"right\">2,44 EUR<\/div>\n<\/td>\n<\/tr>\n<tr>\n<td>bezogen auf ein Jahr<\/td>\n<td>\n<div align=\"right\">29,28 EUR<\/div>\n<\/td>\n<\/tr>\n<\/tbody>\n<\/table>\n<p><!-- \/wp:table --><\/p>\n<p><!-- wp:table --><\/p>\n<p><strong>Festgeb\u00fchr f\u00fcr Erholungs-\/Gartengrundst\u00fccke<\/strong><\/p>\n<table class=\"wp-block-table\" style=\"height: 248px;\" width=\"582\">\n<tbody>\n<tr>\n<td>je saisonales Erholungsgrundst\u00fcck und Monat<\/td>\n<td>\n<div align=\"right\">1,22 EUR<\/div>\n<\/td>\n<\/tr>\n<tr>\n<td>bezogen auf ein Jahr<\/td>\n<td>\n<div align=\"right\">14,64 EUR<\/div>\n<\/td>\n<\/tr>\n<tr>\n<td>je ganzj\u00e4hriges Erholungsgrundst\u00fcck und Monat<\/td>\n<td>\n<div align=\"right\">2,44 EUR<\/div>\n<\/td>\n<\/tr>\n<tr>\n<td>bezogen auf ein Jahr<\/td>\n<td>\n<div align=\"right\">29,28 EUR<\/div>\n<\/td>\n<\/tr>\n<tr>\n<td>je Gartengrundst\u00fcck nach BKleingG<\/td>\n<td>\n<div align=\"right\">0,73 EUR<\/div>\n<\/td>\n<\/tr>\n<tr>\n<td>bezogen auf ein Jahr<\/td>\n<td>\n<div align=\"right\">8,76 EUR<\/div>\n<\/td>\n<\/tr>\n<\/tbody>\n<\/table>\n<p><!-- \/wp:table --><\/p>\n<p><!-- wp:table --><\/p>\n<p><strong>Festgeb\u00fchr f\u00fcr Gewerbegrundst\u00fccke<\/strong><\/p>\n<table class=\"wp-block-table\">\n<tbody>\n<tr>\n<td>je selbstst\u00e4ndige Gewerbeeinheit und Monat<\/td>\n<td>\n<div align=\"right\">3,56 EUR<\/div>\n<\/td>\n<\/tr>\n<tr>\n<td>bezogen auf ein Jahr<\/td>\n<td>\n<div align=\"right\">42,72 EUR<\/div>\n<\/td>\n<\/tr>\n<\/tbody>\n<\/table>\n<p><!-- \/wp:table --><\/p>\n\n<p><!-- wp:table --><\/p>\n<p><strong>Leerungsgeb\u00fchr - Regelleerung<\/strong><\/p>\n<table class=\"wp-block-table\">\n<tbody>\n<tr>\n<td>4 w\u00f6chentlich je 120-l-Restabfallbeh\u00e4lter<\/td>\n<td>\n<div align=\"right\">3,39 EUR<\/div>\n<\/td>\n<\/tr>\n<tr>\n<td>4-w\u00f6chentlich je 240-l-Restabfallbeh\u00e4lter<\/td>\n<td>\n<div align=\"right\">6,78 EUR<\/div>\n<\/td>\n<\/tr>\n<tr>\n<td>w\u00f6chentlich je 1.100-l-Restabfallbeh\u00e4lter<\/td>\n<td>\n<div align=\"right\">28,13 EUR<\/div>\n<\/td>\n<\/tr>\n<tr>\n<td>je 90-l-Abfallsack<\/td>\n<td>\n<div align=\"right\">3,00 EUR<\/div>\n<\/td>\n<\/tr>\n<tr>\n<td>2-w\u00f6chentlich je 120-l-Biotonne<\/td>\n<td>\n<div align=\"right\">3,00 EUR<\/div>\n<\/td>\n<\/tr>\n<tr>\n<td>4-w\u00f6chentlich je 240-l-Papiertonne<\/td>\n<td>\n<div align=\"right\">0,00 EUR<\/div>\n<\/td>\n<\/tr>\n<tr>\n<td>4-w\u00f6chentlich je 1.100-l-Papiertonne<\/td>\n<td>\n<div align=\"right\">0,00 EUR<\/div>\n<\/td>\n<\/tr>\n<\/tbody>\n<\/table>\n<p><!-- \/wp:table --><\/p>\n<p><!-- wp:table --><\/p>\n<p><strong>Leerungsgeb\u00fchr - Sonderleerung<\/strong><\/p>\n<table class=\"wp-block-table\">\n<tbody>\n<tr>\n<td>w\u00f6chentlich je 1.100-l-Restabfallbeh\u00e4lter<\/td>\n<td>\n<div align=\"right\">40,19 EUR<\/div>\n<\/td>\n<\/tr><tr>\n<td>4-w\u00f6chentlich je 120-l-Papierabfallbeh\u00e4lter*<\/td>\n<td>\n<div align=\"right\">1,71 EUR<\/div>\n<\/td>\n<\/tr>\n<tr>\n<td>4-w\u00f6chentlich je 240-l-Papierabfallbeh\u00e4lter*<\/td>\n<td>\n<div align=\"right\">2,94 EUR<\/div>\n<\/td>\n<\/tr>\n<tr>\n<td>4-w\u00f6chentlich je 1.100-l-Papierabfallbeh\u00e4lter*<\/td>\n<td>\n<div align=\"right\">11,67 EUR<\/div>\n<\/td>\n<\/tr>\n<tr><td>*gilt nur f\u00fcr Bestandskunden<\/td><\/tr>\n<\/tbody>\n<\/table>\n<p><!-- \/wp:table --><\/p>\n<p><!-- wp:table --><\/p>\n<p><strong>Leerungsgeb\u00fchr - Bonussystem<\/strong><\/p>\n<table class=\"wp-block-table\">\n<tbody>\n<tr>\n<td>2-w\u00f6chentlich je 1.100-l-Restabfallbeh\u00e4lter<\/td>\n<td>\n<div align=\"right\">24,93 EUR<\/div>\n<\/td>\n<\/tr>\n<tr>\n<td>4-w\u00f6chentlich je 1.100-l-Restabfallbeh\u00e4lter<\/td>\n<td>\n<div align=\"right\">23,62 EUR<\/div>\n<\/td>\n<\/tr>\n<\/tbody>\n<\/table>\n<p><!-- \/wp:table --><\/p>\n<p><!-- wp:table --><\/p>\n<p><strong>Holgeb\u00fchr f\u00fcr Restabfall, Papier und Bio - Monatspauschale<\/strong><\/p>\n<table class=\"wp-block-table\">\n<tbody>\n<tr>\n<td>4-w\u00f6chentlich je 120-l\/240 l-Abfallbeh\u00e4lter<\/td>\n<td>\n<div align=\"right\">3,75 EUR<\/div>\n<\/td>\n<\/tr>\n<tr>\n<td>2-w\u00f6chentlich je 120-l\/240-l-Abfallbeh\u00e4lter<\/td>\n<td>\n<div align=\"right\">7,50 EUR<\/div>\n<\/td>\n<\/tr>\n<tr>\n<td>w\u00f6chentliche Leerung je 1.100-l-Abfallbeh\u00e4lter<\/td>\n<td>\n<div align=\"right\">19,64 EUR<\/div>\n<\/td>\n<\/tr>\n<tr>\n<td>2-w\u00f6chentliche Leerung je 1.100-l-Abfallbeh\u00e4lter<\/td>\n<td>\n<div align=\"right\">9,82 EUR<\/div>\n<\/td>\n<\/tr>\n<tr>\n<td>4-w\u00f6chentliche Leerung je 1.100-l-Abfallbeh\u00e4lter<\/td>\n<td>\n<div align=\"right\">4,91 EUR<\/div>\n<\/td>\n<\/tr>\n<tr>\n<td>2-w\u00f6chentlich je 120-l-Biotonne<\/td>\n<td>\n<div align=\"right\">7,50 EUR<\/div>\n<\/td>\n<\/tr>\n<\/tbody>\n<\/table>\n<p><!-- \/wp:table --><\/p>\n<p><!-- wp:table --><\/p>\n<p><strong>Servicegeb\u00fchr je Einmalentsorgung<\/strong><\/p>\n<table class=\"wp-block-table\">\n<tbody>\n<tr>\n<td>je 120-l-Restabfallbeh\u00e4lter<\/td>\n<td>\n<div align=\"right\">7,62 EUR<\/div>\n<\/td>\n<\/tr>\n<tr>\n<td>je 240-l-Restabfallbeh\u00e4lter<\/td>\n<td>\n<div align=\"right\">15,24 EUR<\/div>\n<\/td>\n<\/tr>\n<tr>\n<td>je 1.100-l-Restabfallbeh\u00e4lter<\/td>\n<td>\n<div align=\"right\">46,89 EUR<\/div>\n<\/td>\n<\/tr>\n<\/tbody>\n<\/table>\n<p><!-- \/wp:table --><\/p>\n<p><!-- wp:table --><\/p>\n<p><strong>Beh\u00e4lterwechselgeb\u00fchr<\/strong><\/p>\n<table class=\"wp-block-table\" style=\"height: 148px;\" width=\"599\">\n<tbody>\n<tr>\n<td>\n<p>je 120-l-Abfallbeh\u00e4lter f\u00fcr Restabfall, Papier, Bio<\/p>\n<\/td>\n<td>\n<div align=\"right\">3,91 EUR<\/div>\n<\/td>\n<\/tr>\n<tr>\n<td>je 240-l-Abfallbeh\u00e4lter f\u00fcr Restabfall, Papier<\/td>\n<td>\n<div align=\"right\">5,87 EUR<\/div>\n<\/td>\n<\/tr>\n<tr>\n<td>je 1.100-l-Abfallbeh\u00e4lter f\u00fcr Restabfall, Papier<\/td>\n<td>\n<div align=\"right\">23,49 EUR<\/div>\n<\/td>\n<\/tr>\n<\/tbody>\n<\/table>\n\n<p><!-- wp:table --><\/p>\n<p><strong>Filterdeckelgeb\u00fchr<\/strong><\/p>\n<table class=\"wp-block-table\" style=\"height: 148px;\" width=\"599\">\n<tbody>\n<tr>\n<td>\n<p>Monatsgeb\u00fchr f\u00fcr die Biotonne mit Filterdeckel**<br>**Die Filterdeckelgeb\u00fchr deckt die Aufstellung eines Bioabfallbeh\u00e4lters mit Filterdeckel (Erstaufstellung oder Austausch eines bereits vorhandenen Bioabfallbeh\u00e4lters gegen einen Beh\u00e4lter mit Filterdeckel), die Zusendung von Filterersatzmaterial in jedem zweiten Kalenderjahr und auf Wunsch den Austausch gegen einen Bioabfallbeh\u00e4lter ohne Filterdeckel ab.<\/p>\n<\/td>\n<td>\n<div align=\"right\">1,29 EUR<\/div>\n\n<\/td>\n<\/tr>\n<\/tbody>\n<\/table>\n<p><!-- \/wp:table --><\/p>\n\n\t\t<\/div>\n\t\t\t\t<\/div>\n\t\t\t\t\t<\/div>\n\t\t<\/div>\n\t\t\t\t\t<\/div>\n\t\t<\/section>\n\t\t\t\t<\/div>\n\t\t","protected":false},"excerpt":{"rendered":"<p>Abfallgeb\u00fchren 2026 Festgeb\u00fchr f\u00fcr Wohngrundst\u00fccke je amtlich gemeldeter Person und Monat 2,44 EUR bezogen auf ein Jahr 29,28 EUR je Ferienwohnung und Monat 2,44 EUR bezogen auf ein Jahr 29,28 EUR Festgeb\u00fchr f\u00fcr Erholungs-\/Gartengrundst\u00fccke je saisonales Erholungsgrundst\u00fcck und Monat 1,22 EUR bezogen auf ein Jahr 14,64 EUR je ganzj\u00e4hriges Erholungsgrundst\u00fcck und Monat 2,44 EUR bezogen&#8230;<\/p>\n","protected":false},"author":2,"featured_media":0,"parent":0,"menu_order":0,"comment_status":"closed","ping_status":"closed","template":"","meta":{"footnotes":""},"publishpress_future_action":{"enabled":false,"date":"2026-05-03 08:54:53","action":"change-status","newStatus":"draft","terms":[],"taxonomy":""},"_links":{"self":[{"href":"https:\/\/www.kwu-entsorgung.de\/index.php?rest_route=\/wp\/v2\/pages\/1061"}],"collection":[{"href":"https:\/\/www.kwu-entsorgung.de\/index.php?rest_route=\/wp\/v2\/pages"}],"about":[{"href":"https:\/\/www.kwu-entsorgung.de\/index.php?rest_route=\/wp\/v2\/types\/page"}],"author":[{"embeddable":true,"href":"https:\/\/www.kwu-entsorgung.de\/index.php?rest_route=\/wp\/v2\/users\/2"}],"replies":[{"embeddable":true,"href":"https:\/\/www.kwu-entsorgung.de\/index.php?rest_route=%2Fwp%2Fv2%2Fcomments&post=1061"}],"version-history":[{"count":72,"href":"https:\/\/www.kwu-entsorgung.de\/index.php?rest_route=\/wp\/v2\/pages\/1061\/revisions"}],"predecessor-version":[{"id":69435,"href":"https:\/\/www.kwu-entsorgung.de\/index.php?rest_route=\/wp\/v2\/pages\/1061\/revisions\/69435"}],"wp:attachment":[{"href":"https:\/\/www.kwu-entsorgung.de\/index.php?rest_route=%2Fwp%2Fv2%2Fmedia&parent=1061"}],"curies":[{"name":"wp","href":"https:\/\/api.w.org\/{rel}","templated":true}]}}