{"id":104,"date":"2019-05-14T11:43:02","date_gmt":"2019-05-14T09:43:02","guid":{"rendered":"http:\/\/debian-015.kwu.lokal\/wordpress\/?page_id=104"},"modified":"2025-04-01T13:30:21","modified_gmt":"2025-04-01T11:30:21","slug":"datenschutz","status":"publish","type":"page","link":"https:\/\/www.kwu-entsorgung.de\/?page_id=104","title":{"rendered":"Datenschutz"},"content":{"rendered":"\t\t<div data-elementor-type=\"wp-page\" data-elementor-id=\"104\" class=\"elementor elementor-104\">\n\t\t\t\t\t\t<section class=\"elementor-section elementor-top-section elementor-element elementor-element-274e3bd3 elementor-section-boxed elementor-section-height-default elementor-section-height-default\" data-id=\"274e3bd3\" data-element_type=\"section\">\n\t\t\t\t\t\t<div class=\"elementor-container elementor-column-gap-default\">\n\t\t\t\t\t<div class=\"elementor-column elementor-col-100 elementor-top-column elementor-element elementor-element-666aa1df\" data-id=\"666aa1df\" data-element_type=\"column\">\n\t\t\t<div class=\"elementor-widget-wrap elementor-element-populated\">\n\t\t\t\t\t\t<div class=\"elementor-element elementor-element-c2bf60b elementor-widget elementor-widget-text-editor\" data-id=\"c2bf60b\" data-element_type=\"widget\" data-widget_type=\"text-editor.default\">\n\t\t\t\t<div class=\"elementor-widget-container\">\n\t\t\t\t\t\t\t<!-- wp:paragraph -->\n<p><strong>Anbieter und verantwortliche Stelle im Sinne des Datenschutzgesetzes<\/strong>\n<\/p>\n<!-- \/wp:paragraph -->\n\n<!-- wp:paragraph -->\n<p><a href=\"https:\/\/www.kwu-entsorgung.de\/wp-content\/uploads\/2021\/02\/Datenschutzerklaerung.pdf\"> Information zum Datenschutz gem\u00e4\u00df Artikel 13 DS-GVO (PDF)<\/a><\/p>\n<!-- \/wp:paragraph -->\n\n<!-- wp:paragraph -->\n<p>Kommunales Wirtschaftsunternehmen Entsorgung &#8211; Eigenbetrieb des<br>Landkreises Oder-Spree<br>Werkleiterin S\u00f6lve Drawe<br>Frankfurter Stra\u00dfe 81<br>15517\u00a0F\u00fcrstenwalde\/Spree<br>Telefon: 03361 7743-0<br>E-Mail: post@kwu-entsorgung.de <\/p>\n<!-- \/wp:paragraph -->\n\n<!-- wp:paragraph -->\n<p><strong>Datenschutzbeauftragte<\/strong>\n<\/p>\n<!-- \/wp:paragraph -->\n\n<!-- wp:paragraph -->\n<p>Datenschutzbeauftragte des Landkreises Oder-Spree <br>Frau Herrmann <br>Breitscheidstra\u00dfe 7 <br>15848 Beeskow <br>Telefon: 03366 35-1026<br>E-Mail:datenschutz@l-os.de <\/p>\n<!-- \/wp:paragraph -->\n\n<!-- wp:paragraph -->\n<p><strong>Geltungsbereich<\/strong>\n<\/p>\n<!-- \/wp:paragraph -->\n\n<!-- wp:paragraph -->\n<p>Nutzer erhalten mit dieser Datenschutzerkl\u00e4rung Information \u00fcber die \nArt, den Umfang und den Zweck der Erhebung und Verwendung ihrer Daten, \ndie durch den verantwortlichen Anbieter erhoben und verwendet werden.\n<\/p>\n<!-- \/wp:paragraph -->\n\n<!-- wp:paragraph -->\n<p>Den rechtlichen Rahmen f\u00fcr den Datenschutz bilden die Europ\u00e4ische \nDatenschutzgrundverordnung (DS-GVO), das Bundesdatenschutzgesetz \n(BDSG-neu) und das Telemediengesetz (TMG).\n<\/p>\n<!-- \/wp:paragraph -->\n\n<!-- wp:paragraph -->\n<p><strong>Erfassung allgemeiner Informationen<\/strong>\n<\/p>\n<!-- \/wp:paragraph -->\n\n<!-- wp:paragraph -->\n<p>Mit jedem Zugriff auf dieses Angebot werden durch uns bzw. den \nWebspace-Provider automatisch Informationen erfasst. Diese \nInformationen, auch als Server-Logfiles bezeichnet, sind allgemeiner \nNatur und erlauben keine R\u00fcckschl\u00fcsse auf Ihre Person.\n<\/p>\n<!-- \/wp:paragraph -->\n\n<!-- wp:paragraph -->\n<p>Erfasst werden unter anderem: Name der Webseite, Datei, Datum, \nDatenmenge, Webbrowser und Webbrowser-Version, Betriebssystem, der \nDomainname Ihres Internet-Providers, die sogenannte Referrer-URL (jene \nSeite, von der aus Sie auf unser Angebot zugegriffen haben) und die \nIP-Adresse.\n<\/p>\n<!-- \/wp:paragraph -->\n\n<!-- wp:paragraph -->\n<p>Ohne diese Daten w\u00e4re es technisch teils nicht m\u00f6glich, die Inhalte \nder Webseite auszuliefern und darzustellen. Insofern ist die Erfassung \nder Daten zwingend notwendig. Dar\u00fcber hinaus verwenden wir die anonymen \nInformationen f\u00fcr statistische Zwecke. Sie helfen uns bei der \nOptimierung des Angebots und der Technik. Wir behalten uns zudem das \nRecht vor, die Log-Files bei Verdacht auf eine rechtswidrige Nutzung \nunseres Angebotes nachtr\u00e4glich zu kontrollieren.\n<\/p>\n<!-- \/wp:paragraph -->\n\n<!-- wp:paragraph -->\n<p><strong>Kontaktformulare<\/strong>\n<\/p>\n<!-- \/wp:paragraph -->\n\n<!-- wp:paragraph -->\n<p>Wenn Sie uns \u00fcber die Onlineformulare oder per E-Mail kontaktieren, \nspeichern wir die von Ihnen gemachten Angaben, um Ihre Anfrage \nbeantworten, Ihre Auftr\u00e4ge auszuf\u00fchren und m\u00f6gliche Anschlussfragen \nstellen zu k\u00f6nnen. F\u00fcr den Fall, dass wir nicht zust\u00e4ndig sind, leiten \nwir Ihre E-Mail an entsprechende Ansprechpartner weiter.\n<\/p>\n<!-- \/wp:paragraph -->\n<!-- wp:paragraph -->\n<p><strong>Newsletter<\/strong><\/p>\n<p>Unser kostenloser Newsletter informiert Sie regelm\u00e4\u00dfig per E-Mail \u00fcber aktuelle Themen und Neuigkeiten. Ihre hier eingegebenen Daten werden lediglich zur Personalisierung des Newsletters verwendet und nicht an Dritte weitergegeben. \nSie k\u00f6nnen sich jederzeit aus dem Newsletter heraus abmelden oder Ihre Einwilligung jederzeit per E-Mail an oeffarbeit@kwu-entsorgung.de widerrufen. Ihre Daten werden nach Beendigung des Newsletter-Empfangs innerhalb von einem Monat gel\u00f6scht, sofern der L\u00f6schung keine gesetzlichen Aufbewahrungspflichten entgegenstehen. \nDurch Absenden der von Ihnen eingegebenen Daten willigen Sie in die Datenverarbeitung ein und best\u00e4tigen unsere Datenschutzerkl\u00e4rung.<\/p>\n<!-- \/wp:paragraph -->\n<!-- wp:paragraph -->\n<p><strong>Einbindung von Diensten und Inhalten Dritter<\/strong>\n<\/p>\n<!-- \/wp:paragraph -->\n\n<!-- wp:paragraph -->\n<p>Unser Angebot umfasst mitunter Inhalte, Dienste und Leistungen \nanderer Anbieter. Das sind zum Beispiel Karten, die von OpenStreetMap \nzur Verf\u00fcgung gestellt werden sowie Inhalte anderer Webseiten. Damit \ndiese Daten im Browser des Nutzers aufgerufen und dargestellt werden \nk\u00f6nnen, ist die \u00dcbermittlung der IP-Adresse zwingend notwendig. Die \nAnbieter (im Folgenden als \u201eDritt-Anbieter\u201c bezeichnet) nehmen also die \nIP-Adresse des jeweiligen Nutzers wahr.\n<\/p>\n<!-- \/wp:paragraph -->\n\n<!-- wp:paragraph -->\n<p>Auch wenn wir bem\u00fcht sind, ausschlie\u00dflich Dritt-Anbieter zu nutzen, \nwelche die IP-Adresse nur ben\u00f6tigen, um Inhalte ausliefern zu k\u00f6nnen, \nhaben wir keinen Einfluss darauf, ob die IP-Adresse m\u00f6glicherweise \ngespeichert wird. Dieser Vorgang dient in dem Fall unter anderem \nstatistischen Zwecken. Sofern wir Kenntnis davon haben, dass die \nIP-Adresse gespeichert wird, weisen wir unsere Nutzer darauf hin.\n<\/p>\n<!-- \/wp:paragraph -->\n\n<!-- wp:paragraph -->\n<p><strong>Datensparsamkeit<\/strong>\n<\/p>\n<!-- \/wp:paragraph -->\n\n<!-- wp:paragraph -->\n<p>Personenbezogene Daten speichern wir gem\u00e4\u00df den Grunds\u00e4tzen der \nDatenvermeidung und Datensparsamkeit nur so lange, wie es erforderlich \nist oder vom Gesetzgeber her vorgeschrieben wird (gesetzliche \nSpeicherfrist). Entf\u00e4llt der Zweck der erhobenen Informationen oder \nendet die Speicherfrist, sperren oder l\u00f6schen wir die Daten.\n<\/p>\n<!-- \/wp:paragraph -->\n\n<!-- wp:paragraph -->\n<p><strong>Verwendung von Cookies<br><\/strong>\n<\/p>\n<!-- \/wp:paragraph -->\n\n<!-- wp:paragraph -->\n<p>Cookies sind kleine Textdateien,  die Informationen enthalten, um \nwiederkehrende Besucher ausschlie\u00dflich  f\u00fcr die Dauer des Besuches auf \nunserer Website zu identifizieren. Mit  Hilfe dieser Cookies kann das KWU-Entsorgung\n analysieren, wie die  Website genutzt werden. Die Inhalte einzelner \nSites k\u00f6nnen somit  optimiert und auf die Bed\u00fcrfnisse unserer Nutzer \nabgestimmt werden.  Cookies werden auf der Festplatte Ihres Computers \nabgespeichert und  richten dort keinen Schaden an. Die Cookies unserer \nWebsites enthalten  keinerlei pers\u00f6nliche Daten \u00fcber Sie. Um \nfestzustellen, ob von Ihrem  Computer bereits eine Kommunikation zu \nunseren Seiten bestanden hat,  wird lediglich das Cookie auf Ihrem \nComputer identifiziert.  \n<\/p>\n<!-- \/wp:paragraph -->\n\n<!-- wp:paragraph -->\n<p>In keinem Fall werden jedoch von uns personenbezogene Daten generiert\n oder  weitergegeben oder eine Verkn\u00fcpfung mit personenbezogenen Daten  \nhergestellt. \n<\/p>\n<!-- \/wp:paragraph -->\n\n<!-- wp:paragraph -->\n<p>Nat\u00fcrlich k\u00f6nnen Sie unsere Website grunds\u00e4tzlich auch ohne Cookies  \nbetrachten. Wenn Sie es w\u00fcnschen, k\u00f6nnen Sie die Verwendung von Cookies \n jederzeit \u00fcber die Einstellungen Ihres Browsers deaktivieren. Bitte  \nverwenden Sie die Hilfefunktionen Ihres Internetbrowsers, um zu  \nerfahren, wie Sie diese Einstellungen \u00e4ndern k\u00f6nnen. Bitte beachten Sie,\n  dass einzelne Funktionen unserer Website m\u00f6glicherweise nicht  \nfunktionieren, wenn Sie die Verwendung von Cookies deaktiviert haben. \n<\/p>\n<!-- \/wp:paragraph -->\n\n<!-- wp:paragraph -->\n<p><strong>Ihre Rechte auf Auskunft, Berichtigung, Sperre, L\u00f6schung und Widerspruch<\/strong>\n<\/p>\n<!-- \/wp:paragraph -->\n\n<!-- wp:paragraph -->\n<p>Sie haben das Recht, auf Antrag unentgeltlich eine Auskunft, \u00fcber die\n bei uns gespeicherten personenbezogenen Daten, anzufordern und\/oder \neine Berichtigung, Sperrung oder L\u00f6schung zu verlangen. Ausnahmen: Es \nhandelt sich um die vorgeschriebene Datenspeicherung zur \nGesch\u00e4ftsabwicklung oder die Daten unterliegen der gesetzlichen \nAufbewahrungspflicht.\n<\/p>\n<!-- \/wp:paragraph -->\n\n<!-- wp:paragraph -->\n<p>F\u00fcr diese Zwecke kontaktieren Sie bitte unsere Datenschutzbeauftragte (Kontaktdaten: am Anfang der Datenschutzerkl\u00e4rung).\n<\/p>\n<!-- \/wp:paragraph -->\n\n<!-- wp:paragraph -->\n<p>Um eine Datensperre jederzeit ber\u00fccksichtigen zu k\u00f6nnen, ist es \nerforderlich, die Daten f\u00fcr Kontrollzwecke in einer Sperrdatei \nvorzuhalten. Besteht keine gesetzliche Archivierungspflicht, k\u00f6nnen Sie \nauch die L\u00f6schung der Daten verlangen. Anderenfalls sperren wir die \nDaten, sofern Sie dies w\u00fcnschen.\n<\/p>\n<!-- \/wp:paragraph -->\n\n<!-- wp:paragraph -->\n<p><strong>\u00c4nderung unserer Datenschutzerkl\u00e4rung<\/strong>\n<\/p>\n<!-- \/wp:paragraph -->\n\n<!-- wp:paragraph -->\n<p>Um zu gew\u00e4hrleisten, dass unsere Datenschutzerkl\u00e4rung stets den \naktuellen gesetzlichen Vorgaben entspricht, behalten wir uns jederzeit \n\u00c4nderungen vor. Das gilt auch f\u00fcr den Fall, dass die \nDatenschutzerkl\u00e4rung aufgrund neuer oder \u00fcberarbeiteter Leistungen, zum \nBeispiel neuer Serviceleistungen, angepasst werden muss. Die neue \nDatenschutzerkl\u00e4rung greift dann bei Ihrem n\u00e4chsten Besuch auf unserem \nAngebot.\n<\/p>\n<!-- \/wp:paragraph -->\t\t\t\t\t\t<\/div>\n\t\t\t\t<\/div>\n\t\t\t\t\t<\/div>\n\t\t<\/div>\n\t\t\t\t\t<\/div>\n\t\t<\/section>\n\t\t\t\t<\/div>\n\t\t","protected":false},"excerpt":{"rendered":"<p>Anbieter und verantwortliche Stelle im Sinne des Datenschutzgesetzes Information zum Datenschutz gem\u00e4\u00df Artikel 13 DS-GVO (PDF) Kommunales Wirtschaftsunternehmen Entsorgung &#8211; Eigenbetrieb desLandkreises Oder-SpreeWerkleiterin S\u00f6lve DraweFrankfurter Stra\u00dfe 8115517\u00a0F\u00fcrstenwalde\/SpreeTelefon: 03361 7743-0E-Mail: post@kwu-entsorgung.de Datenschutzbeauftragte Datenschutzbeauftragte des Landkreises Oder-Spree Frau Herrmann Breitscheidstra\u00dfe 7 15848 Beeskow Telefon: 03366 35-1026E-Mail:datenschutz@l-os.de Geltungsbereich Nutzer erhalten mit dieser Datenschutzerkl\u00e4rung Information \u00fcber die Art, den&#8230;<\/p>\n","protected":false},"author":2,"featured_media":0,"parent":0,"menu_order":0,"comment_status":"closed","ping_status":"closed","template":"","meta":{"footnotes":""},"publishpress_future_action":{"enabled":false,"date":"2026-05-09 17:30:30","action":"change-status","newStatus":"draft","terms":[],"taxonomy":""},"_links":{"self":[{"href":"https:\/\/www.kwu-entsorgung.de\/index.php?rest_route=\/wp\/v2\/pages\/104"}],"collection":[{"href":"https:\/\/www.kwu-entsorgung.de\/index.php?rest_route=\/wp\/v2\/pages"}],"about":[{"href":"https:\/\/www.kwu-entsorgung.de\/index.php?rest_route=\/wp\/v2\/types\/page"}],"author":[{"embeddable":true,"href":"https:\/\/www.kwu-entsorgung.de\/index.php?rest_route=\/wp\/v2\/users\/2"}],"replies":[{"embeddable":true,"href":"https:\/\/www.kwu-entsorgung.de\/index.php?rest_route=%2Fwp%2Fv2%2Fcomments&post=104"}],"version-history":[{"count":18,"href":"https:\/\/www.kwu-entsorgung.de\/index.php?rest_route=\/wp\/v2\/pages\/104\/revisions"}],"predecessor-version":[{"id":67004,"href":"https:\/\/www.kwu-entsorgung.de\/index.php?rest_route=\/wp\/v2\/pages\/104\/revisions\/67004"}],"wp:attachment":[{"href":"https:\/\/www.kwu-entsorgung.de\/index.php?rest_route=%2Fwp%2Fv2%2Fmedia&parent=104"}],"curies":[{"name":"wp","href":"https:\/\/api.w.org\/{rel}","templated":true}]}}